{"id":11726,"date":"2023-04-27T13:38:02","date_gmt":"2023-04-27T11:38:02","guid":{"rendered":"https:\/\/www.campinglesnobis.com\/nearby\/"},"modified":"2025-04-30T11:24:19","modified_gmt":"2025-04-30T09:24:19","slug":"camping-nearby-activities","status":"publish","type":"page","link":"https:\/\/www.campinglesnobis.com\/en\/camping-nearby-activities\/","title":{"rendered":"Nearby"},"content":{"rendered":"<section id=\"ls-section-block_6d8d7242393787b378aa7e96c414052a\" class=\"ls-section  page-chapeau has-p-b p-b-0\" >\r\n        <div class=\"container \">\r\n        \n\n<h1 class=\"ls__heading wp-block-heading has-text-align-center\">Activities during your holidays in Pays de la Loire<\/h1>\n\n\r\n    <\/div>\r\n<\/section>\n\n<section id=\"ls-section-block_9983c2750021762cf14b0e4b7001f8c7\" class=\"ls-section  page-one\" >\r\n        <div class=\"container container--wide\">\r\n        \n\n<div class=\"wp-block-columns is-layout-flex wp-container-core-columns-is-layout-9d6595d7 wp-block-columns-is-layout-flex\">\n<div class=\"wp-block-column is-layout-flow wp-block-column-is-layout-flow\" style=\"flex-basis:70%\">\n<figure class=\"wp-block-image size-full animated fadeIn slow deco-chateau blanc right\"><img decoding=\"async\" width=\"800\" height=\"533\" src=\"https:\/\/www.campinglesnobis.com\/wp-content\/uploads\/2023\/04\/Chateau_de_Breze-cMathieu_GENON-6450-AnjouTourisme-1920px_resultat.webp\" alt=\"Chateau de Breze family walk in Anjou\" class=\"wp-image-9536\" title=\"page-one\" srcset=\"https:\/\/www.campinglesnobis.com\/wp-content\/uploads\/2023\/04\/Chateau_de_Breze-cMathieu_GENON-6450-AnjouTourisme-1920px_resultat.webp 800w, https:\/\/www.campinglesnobis.com\/wp-content\/uploads\/2023\/04\/Chateau_de_Breze-cMathieu_GENON-6450-AnjouTourisme-1920px_resultat-300x200.webp 300w, https:\/\/www.campinglesnobis.com\/wp-content\/uploads\/2023\/04\/Chateau_de_Breze-cMathieu_GENON-6450-AnjouTourisme-1920px_resultat-768x512.webp 768w\" sizes=\"(max-width: 800px) 100vw, 800px\" \/><figcaption class=\"wp-element-caption\">(c) Mathieu GENO<\/figcaption><\/figure>\n<\/div>\n\n\n\n<div class=\"wp-block-column is-vertically-aligned-center is-layout-flow wp-block-column-is-layout-flow\" style=\"flex-basis:30%\">\n<h2 class=\"ls__heading wp-block-heading\">The best activities to do during your holidays in the Loire Valley<\/h2>\n\n\n\n<p class=\"ls-paragraph\">Sports or cultural holidays, relaxing or family stays&#8230; to <strong>each his holiday desires<\/strong> ! From Monday to Friday, the <a href=\"https:\/\/www.campinglesnobis.com\/en\/\">Saumur campsite<\/a> offers leisure activities and cultural visits at the best price to fill up on emotions and discoveries!<\/p>\n\n\n\n<p class=\"ls-paragraph\">&#8221; <strong>Culture &amp; Heritage<\/strong> &#8221; holidays: from Anjou to Touraine via Poitou!<\/p>\n\n\n\n<p class=\"ls-paragraph\">Take advantage of your holidays near Saumur to <strong>discover the local traditions and history of the region<\/strong> through exciting tourist circuits!<\/p>\n\n\n\n<p class=\"ls-paragraph\">Visit the <a href=\"https:\/\/www.campinglesnobis.com\/en\/camping-loire-castle\/\">castles of the Loire Valley,<\/a> at the crossroads of the provinces of Anjou and Touraine. <\/p>\n\n\n\n<p class=\"ls-paragraph\">Montreuil-Bellay, Br\u00e9z\u00e9, Saumur, Montsoreau, Montsabert, Gizeux, Langeais, Villandry, Azay-le-Rideau, Angers, Chenonceau, Brissac, <a href=\"https:\/\/www.campinglesnobis.com\/blog\/le-chateau-royal-damboise\/\">Amboise<\/a>, Chambord, Blois, Cheverny among the most famous, but <strong>hundreds of kilometers to travel and as many castles to discover<\/strong> !<\/p>\n<\/div>\n<\/div>\n\n\r\n    <\/div>\r\n<\/section>\n\n<section id=\"ls-section-block_7f6188352789c39dca7519e78d2255e0\" class=\"ls-section  page-two deco-gris has-p-b p-b-14\" >\r\n        <div class=\"container container--wide\">\r\n        \n\n<div class=\"wp-block-columns first is-layout-flex wp-container-core-columns-is-layout-9d6595d7 wp-block-columns-is-layout-flex\">\n<div class=\"wp-block-column is-vertically-aligned-center left is-layout-flow wp-block-column-is-layout-flow\">\n<h2 class=\"ls__heading wp-block-heading\">DISCOVERING THE TOURIST SITES<\/h2>\n\n\n\n<p class=\"ls-paragraph\">Discover troglodyte villages: unique and original sites in the triangle Saumur \u2013 Dou\u00e9-la-Fontaine \u2013 Angers!<\/p>\n\n\n\n<p class=\"ls-paragraph\">Rochemenier, Forges, Turquant, Le puy-Notre-Dame, Ch\u00eanehutte-Tr\u00e8ves-Cunault, Dou\u00e9-la-fontaine, D\u00e9nez\u00e9-sous-dou\u00e9&#8230; Amazing and mysterious atmospheres, monumental troglodyte cellars, <strong>dwellings<\/strong> dug into the tufa by the hand of man, very long <strong>underground galleries<\/strong>, <strong>carved characters<\/strong>, <strong>mushroom cellars and wine cellars<\/strong> with tastings <strong><\/strong><\/p>\n<\/div>\n\n\n\n<div class=\"wp-block-column is-vertically-aligned-center right is-layout-flow wp-block-column-is-layout-flow\">\n<figure class=\"wp-block-image size-full animated fadeInRight delay-100ms slow\"><a href=\"https:\/\/www.campinglesnobis.com\/wp-content\/uploads\/2023\/04\/La_Mine_Bleue-cMathieu_GENON-6579-AnjouTourisme-1920px_resultat.webp\"><img decoding=\"async\" width=\"800\" height=\"533\" src=\"https:\/\/www.campinglesnobis.com\/wp-content\/uploads\/2023\/04\/La_Mine_Bleue-cMathieu_GENON-6579-AnjouTourisme-1920px_resultat.webp\" alt=\"Walk in the blue mine, two children observe a huge cave Pays de la Loire\" class=\"wp-image-9547\" srcset=\"https:\/\/www.campinglesnobis.com\/wp-content\/uploads\/2023\/04\/La_Mine_Bleue-cMathieu_GENON-6579-AnjouTourisme-1920px_resultat.webp 800w, https:\/\/www.campinglesnobis.com\/wp-content\/uploads\/2023\/04\/La_Mine_Bleue-cMathieu_GENON-6579-AnjouTourisme-1920px_resultat-300x200.webp 300w, https:\/\/www.campinglesnobis.com\/wp-content\/uploads\/2023\/04\/La_Mine_Bleue-cMathieu_GENON-6579-AnjouTourisme-1920px_resultat-768x512.webp 768w\" sizes=\"(max-width: 800px) 100vw, 800px\" \/><\/a><figcaption class=\"wp-element-caption\">(c) Mathieu GENON<\/figcaption><\/figure>\n<\/div>\n<\/div>\n\n\n\n<div class=\"wp-block-columns second is-layout-flex wp-container-core-columns-is-layout-9d6595d7 wp-block-columns-is-layout-flex\">\n<div class=\"wp-block-column is-vertically-aligned-center left is-layout-flow wp-block-column-is-layout-flow\">\n<figure class=\"wp-block-image size-full animated fadeInLeft delay-200ms slow\"><a href=\"https:\/\/www.campinglesnobis.com\/wp-content\/uploads\/2023\/04\/Chasseurs_de_Tornades_-_Plateforme_avec_visiteurs_resultat.webp\"><img decoding=\"async\" width=\"709\" height=\"600\" src=\"https:\/\/www.campinglesnobis.com\/wp-content\/uploads\/2023\/04\/Chasseurs_de_Tornades_-_Plateforme_avec_visiteurs_resultat.webp\" alt=\"Tornado Hunters Platform with Visitors Results\" class=\"wp-image-9551\" srcset=\"https:\/\/www.campinglesnobis.com\/wp-content\/uploads\/2023\/04\/Chasseurs_de_Tornades_-_Plateforme_avec_visiteurs_resultat.webp 709w, https:\/\/www.campinglesnobis.com\/wp-content\/uploads\/2023\/04\/Chasseurs_de_Tornades_-_Plateforme_avec_visiteurs_resultat-300x254.webp 300w\" sizes=\"(max-width: 709px) 100vw, 709px\" \/><\/a><\/figure>\n<\/div>\n\n\n\n<div class=\"wp-block-column is-vertically-aligned-center right is-layout-flow wp-block-column-is-layout-flow\">\n<h2 class=\"ls__heading wp-block-heading\">THE 10 BEST AMUSEMENT PARKS IN PAYS DE LA LOIRE<\/h2>\n\n\n\n<p class=\"ls-paragraph\">During your <strong>tourist stay in the Pays de la Loire<\/strong>, you will inevitably pass by the famous amusement parks, whether you are with friends, couple or family.<br>We list below the <strong>10 best amusement parks in the Pays de la Loire<\/strong> :<\/p>\n<\/div>\n<\/div>\n\n\n\n<figure class=\"wp-block-image size-full image-deco\"><img decoding=\"async\" width=\"375\" height=\"225\" src=\"https:\/\/www.campinglesnobis.com\/wp-content\/uploads\/2023\/03\/rose-des-ventsicones.png\" alt=\"Rose of the Ventsicones\" class=\"wp-image-8218\" srcset=\"https:\/\/www.campinglesnobis.com\/wp-content\/uploads\/2023\/03\/rose-des-ventsicones.png 375w, https:\/\/www.campinglesnobis.com\/wp-content\/uploads\/2023\/03\/rose-des-ventsicones-300x180.png 300w\" sizes=\"(max-width: 375px) 100vw, 375px\" \/><\/figure>\n\n\r\n    <\/div>\r\n<\/section>\n\n<section id=\"ls-section-block_9cf0616cf73f1d2a10430142af946e3f\" class=\"ls-section  page-parallax has-background-image has-parallax\" >\r\n    <div class=\"ls-section__background-image opacity-100\"><img decoding=\"async\" src=\"https:\/\/www.campinglesnobis.com\/wp-content\/uploads\/2023\/04\/Chateau_de_la_Tourlandry-cLes_Conteurs-1885-AnjouTourisme-1920px_resultat.webp\" alt=\"Chateau de la Tourlandry\"><\/div>    <div class=\"container \">\r\n        \n\n<p class=\"ls-paragraph\"><\/p>\n\n\r\n    <\/div>\r\n<\/section>\n\n<section id=\"ls-section-block_755e7e4e065f94fc0d8046df3289edc7\" class=\"ls-section  page-three\" >\r\n        <div class=\"container container--wide\">\r\n        \n\n<div class=\"wp-block-columns is-layout-flex wp-container-core-columns-is-layout-9d6595d7 wp-block-columns-is-layout-flex\">\n<div class=\"wp-block-column has-color-white-background-color has-background is-layout-flow wp-block-column-is-layout-flow\">\n<h2 class=\"ls__heading wp-block-heading has-text-align-center\">SPORTS AND RELAXATION HOLIDAYS<\/h2>\n\n\n\n<p class=\"ls-paragraph has-text-align-center\">Want to work out or get back in shape! From the campsite, discover many <strong>outdoor activities<\/strong> and enjoy an exceptional <strong>natural heritage<\/strong> !\/co<\/p>\n\n\n\n<ul class=\"ls-list ls-list-undefined wp-block-list\">\n<li><strong>Water sports and water games:<\/strong><br>Campers will be able to learn to <strong>sail<\/strong> with the P\u00f4le Nautique de Saumur, discover the Thouet Valley by <strong>canoe<\/strong> kayak with the Montreuil-Bellay club (possible stages at the Vieux-Moulin and Lenay), not to mention the Aqua Mundo of the Center Parcs, a unique aquatic complex in a tropical atmosphere!<\/li>\n\n\n\n<li><strong>Horse riding<\/strong><br>Horseback <strong>riding and pony<\/strong> rides in Saumur with the equestrian center Haras du Bois Marie. Ideal for an experience in the middle of nature and in complete safety, accompanied by a state-certified instructor.<\/li>\n\n\n\n<li><strong>Hiking<\/strong><br>From the campsite, take the circuit &#8220;Montreuil-Bellay \u2013 Cizay-la-Madeleine&#8221; in the heart of the forest of Brossay (14 km). If you have enough time, explore the other marked hiking trails of the Loire Valley at your own pace and discover Saumur and its region on foot or mountain bike.<\/li>\n\n\n\n<li><strong>Hiking and cycling<\/strong><br>From the campsite, discover Saumur and its surroundings by crisscrossing <a href=\"https:\/\/www.campinglesnobis.com\/en\/the-velo-francette\/\" target=\"_blank\" rel=\"noreferrer noopener\">La V\u00e9lo Francette<\/a> &amp; Le Thouet by bike. <br>+ info on the cycle routes around the campsite<\/li>\n<\/ul>\n<\/div>\n<\/div>\n\n\r\n    <\/div>\r\n<\/section>\n\n<section id=\"ls-section-block_2168a34d97050f13a34cb0cb5fff67a6\" class=\"ls-section  page-maillage has-p-t p-t-14 has-p-b p-b-14\" >\r\n        <div class=\"container container--wide\">\r\n        \n\n<div id=\"ls-heading ls-titre-div-block_02da97b78e636bf50d646624d9168b4e\" class=\"ls-titre-div aligncenter h2-like\" >\n    Discover the Puy du Fou, the futuroscope and the castles of the Loire!<\/div>\n\n\n<div id=\"ls-maillage-block_b067515b0e5e1dc73290c4d39d878448\" class=\"ls-maillage cta-style-normal\" data-rows=\"3\">\r\n    <div class=\"wp-block-columns\"><div class=\"wp-block-column\">\n\n<a href=\"https:\/\/www.campinglesnobis.com\/en\/campsite-puy-du-fou\/\" target=\"\" rel=\"noopener\" class=\"ls-cta__link\">\n\n\t<div class=\"ls-cta__image\"><img decoding=\"async\" src=\"https:\/\/www.campinglesnobis.com\/wp-content\/uploads\/2023\/04\/puy-du-fou-2023-ebillet-non-date-grand-parc-768x581.jpg\" alt=\"puy du fou  ebillet non date grand parc\"><\/div>\n\t<div class=\"ls-cta__title\">\n\t\tThe Puy du Fou\t<\/div>\n\n\t\n<\/a>\n<\/div><div class=\"wp-block-column\">\n\n<a href=\"https:\/\/www.campinglesnobis.com\/en\/camping-loire-castle\/\" target=\"\" rel=\"noopener\" class=\"ls-cta__link\">\n\n\t<div class=\"ls-cta__image\"><img decoding=\"async\" src=\"https:\/\/www.campinglesnobis.com\/wp-content\/uploads\/2023\/03\/chateau-cheverny-cc-commons-768x576.webp\" alt=\"chateau cheverny cc commons\"><\/div>\n\t<div class=\"ls-cta__title\">\n\t\t<span>Discover the<\/span> <\/br> Castles of the Loire\t<\/div>\n\n\t\n<\/a>\n<\/div><div class=\"wp-block-column\">\n\n<a href=\"https:\/\/www.campinglesnobis.com\/en\/campsite-futuroscope\/\" target=\"\" rel=\"noopener\" class=\"ls-cta__link\">\n\n\t<div class=\"ls-cta__image\"><img decoding=\"async\" src=\"https:\/\/www.campinglesnobis.com\/wp-content\/uploads\/2023\/03\/futuroscope-geode.webp\" alt=\"futuroscope geode\"><\/div>\n\t<div class=\"ls-cta__title\">\n\t\t<span>Discover the<\/span> <\/br> Futuroscope\t<\/div>\n\n\t\n<\/a>\n<\/div><\/div><\/div>\n\r\n    <\/div>\r\n<\/section>","protected":false},"excerpt":{"rendered":"","protected":false},"author":1,"featured_media":9570,"parent":0,"menu_order":0,"comment_status":"closed","ping_status":"closed","template":"","meta":{"_acf_changed":false,"inline_featured_image":false,"footnotes":""},"sujet":[],"class_list":["post-11726","page","type-page","status-publish","has-post-thumbnail","hentry"],"acf":[],"yoast_head":"<!-- This site is optimized with the Yoast SEO plugin v25.3 - https:\/\/yoast.com\/wordpress\/plugins\/seo\/ -->\n<title>Activities Pays de la Loire: leisure activities, cultural visits<\/title>\n<meta name=\"description\" content=\"All Pays de la Loire activities: before your stay at the campsite, discover all the possible activities around the campsite near Saumur.\" \/>\n<meta name=\"robots\" content=\"index, follow, max-snippet:-1, max-image-preview:large, max-video-preview:-1\" \/>\n<link rel=\"canonical\" href=\"https:\/\/www.campinglesnobis.com\/en\/camping-nearby-activities\/\" \/>\n<meta property=\"og:locale\" content=\"en_US\" \/>\n<meta property=\"og:type\" content=\"article\" \/>\n<meta property=\"og:title\" content=\"Activities Pays de la Loire: leisure activities, cultural visits\" \/>\n<meta property=\"og:description\" content=\"All Pays de la Loire activities: before your stay at the campsite, discover all the possible activities around the campsite near Saumur.\" \/>\n<meta property=\"og:url\" content=\"https:\/\/www.campinglesnobis.com\/en\/camping-nearby-activities\/\" \/>\n<meta property=\"og:site_name\" content=\"Camping les Nobis d&#039;Anjou\" \/>\n<meta property=\"article:modified_time\" content=\"2025-04-30T09:24:19+00:00\" \/>\n<meta property=\"og:image\" content=\"https:\/\/www.campinglesnobis.com\/wp-content\/uploads\/2023\/04\/Cale_de_la_Savatte_a_Angers-cSebastien_GAUDARD-AnjouTourisme-1920px_resultat.webp\" \/>\n\t<meta property=\"og:image:width\" content=\"1800\" \/>\n\t<meta property=\"og:image:height\" content=\"1200\" \/>\n\t<meta property=\"og:image:type\" content=\"image\/webp\" \/>\n<meta name=\"twitter:card\" content=\"summary_large_image\" \/>\n<meta name=\"twitter:label1\" content=\"Est. reading time\" \/>\n\t<meta name=\"twitter:data1\" content=\"4 minutes\" \/>\n<script type=\"application\/ld+json\" class=\"yoast-schema-graph\">{\"@context\":\"https:\/\/schema.org\",\"@graph\":[{\"@type\":\"WebPage\",\"@id\":\"https:\/\/www.campinglesnobis.com\/en\/camping-nearby-activities\/\",\"url\":\"https:\/\/www.campinglesnobis.com\/en\/camping-nearby-activities\/\",\"name\":\"Activities Pays de la Loire: leisure activities, cultural visits\",\"isPartOf\":{\"@id\":\"https:\/\/www.campinglesnobis.com\/en\/#website\"},\"primaryImageOfPage\":{\"@id\":\"https:\/\/www.campinglesnobis.com\/en\/camping-nearby-activities\/#primaryimage\"},\"image\":{\"@id\":\"https:\/\/www.campinglesnobis.com\/en\/camping-nearby-activities\/#primaryimage\"},\"thumbnailUrl\":\"https:\/\/www.campinglesnobis.com\/wp-content\/uploads\/2023\/04\/Cale_de_la_Savatte_a_Angers-cSebastien_GAUDARD-AnjouTourisme-1920px_resultat.webp\",\"datePublished\":\"2023-04-27T11:38:02+00:00\",\"dateModified\":\"2025-04-30T09:24:19+00:00\",\"description\":\"All Pays de la Loire activities: before your stay at the campsite, discover all the possible activities around the campsite near Saumur.\",\"breadcrumb\":{\"@id\":\"https:\/\/www.campinglesnobis.com\/en\/camping-nearby-activities\/#breadcrumb\"},\"inLanguage\":\"en-US\",\"potentialAction\":[{\"@type\":\"ReadAction\",\"target\":[\"https:\/\/www.campinglesnobis.com\/en\/camping-nearby-activities\/\"]}]},{\"@type\":\"ImageObject\",\"inLanguage\":\"en-US\",\"@id\":\"https:\/\/www.campinglesnobis.com\/en\/camping-nearby-activities\/#primaryimage\",\"url\":\"https:\/\/www.campinglesnobis.com\/wp-content\/uploads\/2023\/04\/Cale_de_la_Savatte_a_Angers-cSebastien_GAUDARD-AnjouTourisme-1920px_resultat.webp\",\"contentUrl\":\"https:\/\/www.campinglesnobis.com\/wp-content\/uploads\/2023\/04\/Cale_de_la_Savatte_a_Angers-cSebastien_GAUDARD-AnjouTourisme-1920px_resultat.webp\",\"width\":1800,\"height\":1200,\"caption\":\"Sebastien GAUDARD AnjouTourisme\"},{\"@type\":\"BreadcrumbList\",\"@id\":\"https:\/\/www.campinglesnobis.com\/en\/camping-nearby-activities\/#breadcrumb\",\"itemListElement\":[{\"@type\":\"ListItem\",\"position\":1,\"name\":\"camping Saumur\",\"item\":\"https:\/\/www.campinglesnobis.com\/en\/\"},{\"@type\":\"ListItem\",\"position\":2,\"name\":\"Tourist activities Pays de la Loire\"}]},{\"@type\":\"WebSite\",\"@id\":\"https:\/\/www.campinglesnobis.com\/en\/#website\",\"url\":\"https:\/\/www.campinglesnobis.com\/en\/\",\"name\":\"Camping les Nobis d'Anjou\",\"description\":\"\",\"publisher\":{\"@id\":\"https:\/\/www.campinglesnobis.com\/en\/#organization\"},\"alternateName\":\"Les Nobis d'Anjou\",\"potentialAction\":[{\"@type\":\"SearchAction\",\"target\":{\"@type\":\"EntryPoint\",\"urlTemplate\":\"https:\/\/www.campinglesnobis.com\/en\/?s={search_term_string}\"},\"query-input\":{\"@type\":\"PropertyValueSpecification\",\"valueRequired\":true,\"valueName\":\"search_term_string\"}}],\"inLanguage\":\"en-US\"},{\"@type\":\"Organization\",\"@id\":\"https:\/\/www.campinglesnobis.com\/en\/#organization\",\"name\":\"Camping les Nobis d'Anjou\",\"url\":\"https:\/\/www.campinglesnobis.com\/en\/\",\"logo\":{\"@type\":\"ImageObject\",\"inLanguage\":\"en-US\",\"@id\":\"https:\/\/www.campinglesnobis.com\/en\/#\/schema\/logo\/image\/\",\"url\":\"https:\/\/www.campinglesnobis.com\/wp-content\/uploads\/2023\/02\/logo-paradis-nobis.webp\",\"contentUrl\":\"https:\/\/www.campinglesnobis.com\/wp-content\/uploads\/2023\/02\/logo-paradis-nobis.webp\",\"width\":200,\"height\":200,\"caption\":\"Camping les Nobis d'Anjou\"},\"image\":{\"@id\":\"https:\/\/www.campinglesnobis.com\/en\/#\/schema\/logo\/image\/\"}}]}<\/script>\n<!-- \/ Yoast SEO plugin. -->","yoast_head_json":{"title":"Activities Pays de la Loire: leisure activities, cultural visits","description":"All Pays de la Loire activities: before your stay at the campsite, discover all the possible activities around the campsite near Saumur.","robots":{"index":"index","follow":"follow","max-snippet":"max-snippet:-1","max-image-preview":"max-image-preview:large","max-video-preview":"max-video-preview:-1"},"canonical":"https:\/\/www.campinglesnobis.com\/en\/camping-nearby-activities\/","og_locale":"en_US","og_type":"article","og_title":"Activities Pays de la Loire: leisure activities, cultural visits","og_description":"All Pays de la Loire activities: before your stay at the campsite, discover all the possible activities around the campsite near Saumur.","og_url":"https:\/\/www.campinglesnobis.com\/en\/camping-nearby-activities\/","og_site_name":"Camping les Nobis d&#039;Anjou","article_modified_time":"2025-04-30T09:24:19+00:00","og_image":[{"width":1800,"height":1200,"url":"https:\/\/www.campinglesnobis.com\/wp-content\/uploads\/2023\/04\/Cale_de_la_Savatte_a_Angers-cSebastien_GAUDARD-AnjouTourisme-1920px_resultat.webp","type":"image\/webp"}],"twitter_card":"summary_large_image","twitter_misc":{"Est. reading time":"4 minutes"},"schema":{"@context":"https:\/\/schema.org","@graph":[{"@type":"WebPage","@id":"https:\/\/www.campinglesnobis.com\/en\/camping-nearby-activities\/","url":"https:\/\/www.campinglesnobis.com\/en\/camping-nearby-activities\/","name":"Activities Pays de la Loire: leisure activities, cultural visits","isPartOf":{"@id":"https:\/\/www.campinglesnobis.com\/en\/#website"},"primaryImageOfPage":{"@id":"https:\/\/www.campinglesnobis.com\/en\/camping-nearby-activities\/#primaryimage"},"image":{"@id":"https:\/\/www.campinglesnobis.com\/en\/camping-nearby-activities\/#primaryimage"},"thumbnailUrl":"https:\/\/www.campinglesnobis.com\/wp-content\/uploads\/2023\/04\/Cale_de_la_Savatte_a_Angers-cSebastien_GAUDARD-AnjouTourisme-1920px_resultat.webp","datePublished":"2023-04-27T11:38:02+00:00","dateModified":"2025-04-30T09:24:19+00:00","description":"All Pays de la Loire activities: before your stay at the campsite, discover all the possible activities around the campsite near Saumur.","breadcrumb":{"@id":"https:\/\/www.campinglesnobis.com\/en\/camping-nearby-activities\/#breadcrumb"},"inLanguage":"en-US","potentialAction":[{"@type":"ReadAction","target":["https:\/\/www.campinglesnobis.com\/en\/camping-nearby-activities\/"]}]},{"@type":"ImageObject","inLanguage":"en-US","@id":"https:\/\/www.campinglesnobis.com\/en\/camping-nearby-activities\/#primaryimage","url":"https:\/\/www.campinglesnobis.com\/wp-content\/uploads\/2023\/04\/Cale_de_la_Savatte_a_Angers-cSebastien_GAUDARD-AnjouTourisme-1920px_resultat.webp","contentUrl":"https:\/\/www.campinglesnobis.com\/wp-content\/uploads\/2023\/04\/Cale_de_la_Savatte_a_Angers-cSebastien_GAUDARD-AnjouTourisme-1920px_resultat.webp","width":1800,"height":1200,"caption":"Sebastien GAUDARD AnjouTourisme"},{"@type":"BreadcrumbList","@id":"https:\/\/www.campinglesnobis.com\/en\/camping-nearby-activities\/#breadcrumb","itemListElement":[{"@type":"ListItem","position":1,"name":"camping Saumur","item":"https:\/\/www.campinglesnobis.com\/en\/"},{"@type":"ListItem","position":2,"name":"Tourist activities Pays de la Loire"}]},{"@type":"WebSite","@id":"https:\/\/www.campinglesnobis.com\/en\/#website","url":"https:\/\/www.campinglesnobis.com\/en\/","name":"Camping les Nobis d'Anjou","description":"","publisher":{"@id":"https:\/\/www.campinglesnobis.com\/en\/#organization"},"alternateName":"Les Nobis d'Anjou","potentialAction":[{"@type":"SearchAction","target":{"@type":"EntryPoint","urlTemplate":"https:\/\/www.campinglesnobis.com\/en\/?s={search_term_string}"},"query-input":{"@type":"PropertyValueSpecification","valueRequired":true,"valueName":"search_term_string"}}],"inLanguage":"en-US"},{"@type":"Organization","@id":"https:\/\/www.campinglesnobis.com\/en\/#organization","name":"Camping les Nobis d'Anjou","url":"https:\/\/www.campinglesnobis.com\/en\/","logo":{"@type":"ImageObject","inLanguage":"en-US","@id":"https:\/\/www.campinglesnobis.com\/en\/#\/schema\/logo\/image\/","url":"https:\/\/www.campinglesnobis.com\/wp-content\/uploads\/2023\/02\/logo-paradis-nobis.webp","contentUrl":"https:\/\/www.campinglesnobis.com\/wp-content\/uploads\/2023\/02\/logo-paradis-nobis.webp","width":200,"height":200,"caption":"Camping les Nobis d'Anjou"},"image":{"@id":"https:\/\/www.campinglesnobis.com\/en\/#\/schema\/logo\/image\/"}}]}},"_links":{"self":[{"href":"https:\/\/www.campinglesnobis.com\/en\/wp-json\/wp\/v2\/pages\/11726","targetHints":{"allow":["GET"]}}],"collection":[{"href":"https:\/\/www.campinglesnobis.com\/en\/wp-json\/wp\/v2\/pages"}],"about":[{"href":"https:\/\/www.campinglesnobis.com\/en\/wp-json\/wp\/v2\/types\/page"}],"author":[{"embeddable":true,"href":"https:\/\/www.campinglesnobis.com\/en\/wp-json\/wp\/v2\/users\/1"}],"replies":[{"embeddable":true,"href":"https:\/\/www.campinglesnobis.com\/en\/wp-json\/wp\/v2\/comments?post=11726"}],"version-history":[{"count":10,"href":"https:\/\/www.campinglesnobis.com\/en\/wp-json\/wp\/v2\/pages\/11726\/revisions"}],"predecessor-version":[{"id":15692,"href":"https:\/\/www.campinglesnobis.com\/en\/wp-json\/wp\/v2\/pages\/11726\/revisions\/15692"}],"wp:featuredmedia":[{"embeddable":true,"href":"https:\/\/www.campinglesnobis.com\/en\/wp-json\/wp\/v2\/media\/9570"}],"wp:attachment":[{"href":"https:\/\/www.campinglesnobis.com\/en\/wp-json\/wp\/v2\/media?parent=11726"}],"wp:term":[{"taxonomy":"sujet","embeddable":true,"href":"https:\/\/www.campinglesnobis.com\/en\/wp-json\/wp\/v2\/sujet?post=11726"}],"curies":[{"name":"wp","href":"https:\/\/api.w.org\/{rel}","templated":true}]}}