{"id":11770,"date":"2023-02-20T12:03:00","date_gmt":"2023-02-20T11:03:00","guid":{"rendered":"https:\/\/www.campinglesnobis.com\/puy-du-fou\/"},"modified":"2023-05-30T09:45:36","modified_gmt":"2023-05-30T07:45:36","slug":"campsite-puy-du-fou","status":"publish","type":"page","link":"https:\/\/www.campinglesnobis.com\/en\/campsite-puy-du-fou\/","title":{"rendered":"Puy du Fou"},"content":{"rendered":"<section id=\"ls-section-block_1ad51955529d28fdd19c56ea15daf9dc\" class=\"ls-section  page-chapeau has-p-b p-b-0\" >\r\n        <div class=\"container \">\r\n        \n\n<h1 class=\"ls__heading wp-block-heading has-text-align-center\">Your camping holiday 1 hour from Puy du Fou<\/h1>\n\n\r\n    <\/div>\r\n<\/section>\n\n<section id=\"ls-section-block_731c72caf6b6d34fa17033bcd78b3fc3\" class=\"ls-section  page-one\" >\r\n        <div class=\"container container--wide\">\r\n        \n\n<div class=\"wp-block-columns is-layout-flex wp-container-core-columns-is-layout-9d6595d7 wp-block-columns-is-layout-flex\">\n<div class=\"wp-block-column is-layout-flow wp-block-column-is-layout-flow\" style=\"flex-basis:70%\">\n<figure class=\"wp-block-image size-large animated fadeIn slow deco-chateau blanc right\"><a href=\"https:\/\/www.campinglesnobis.com\/wp-content\/uploads\/2023\/04\/signe_triomphe_51_SAUDRAN-scaled_1800_1200_1800_1200.webp\"><img decoding=\"async\" width=\"1024\" height=\"683\" src=\"https:\/\/www.campinglesnobis.com\/wp-content\/uploads\/2023\/04\/signe_triomphe_51_SAUDRAN-scaled_1800_1200_1800_1200-1024x683.webp\" alt=\"sign triumph 51 SAUDRAN scaled 1800 1200 1800 1200\" class=\"wp-image-10325\" title=\"page-one\" srcset=\"https:\/\/www.campinglesnobis.com\/wp-content\/uploads\/2023\/04\/signe_triomphe_51_SAUDRAN-scaled_1800_1200_1800_1200-1024x683.webp 1024w, https:\/\/www.campinglesnobis.com\/wp-content\/uploads\/2023\/04\/signe_triomphe_51_SAUDRAN-scaled_1800_1200_1800_1200-300x200.webp 300w, https:\/\/www.campinglesnobis.com\/wp-content\/uploads\/2023\/04\/signe_triomphe_51_SAUDRAN-scaled_1800_1200_1800_1200-768x512.webp 768w, https:\/\/www.campinglesnobis.com\/wp-content\/uploads\/2023\/04\/signe_triomphe_51_SAUDRAN-scaled_1800_1200_1800_1200-1536x1024.webp 1536w, https:\/\/www.campinglesnobis.com\/wp-content\/uploads\/2023\/04\/signe_triomphe_51_SAUDRAN-scaled_1800_1200_1800_1200.webp 1800w\" sizes=\"(max-width: 1024px) 100vw, 1024px\" \/><\/a><\/figure>\n<\/div>\n\n\n\n<div class=\"wp-block-column is-vertically-aligned-center is-layout-flow wp-block-column-is-layout-flow\" style=\"flex-basis:30%\">\n<h2 class=\"ls__heading wp-block-heading\">The Puy du Fou park: voted the best park in the world<\/h2>\n\n\n\n<p class=\"ls-paragraph\"><strong>Ideally located in Montreuil-Bellay<\/strong>, our campsite is an hour and a quarter from the famous <a href=\"https:\/\/www.puydufou.com\/france\/fr\" target=\"_blank\" rel=\"noreferrer noopener\">Puy du Fou park<\/a>. Two routes, via Cholet or via Maul\u00e9on, allow you to access Les Epesses, the Vend\u00e9e commune that houses the theme park.  <strong>Located in the south-east of Maine-et-Loire<\/strong>, at the crossroads of Touraine, Anjou and Poitou, <a href=\"https:\/\/www.campinglesnobis.com\/en\/\">the Nobis d&#8217;anjou campsite<\/a> in Montreuil-Bellay <strong>enjoys a privileged location near major tourist sites.<\/strong> The Saumurois is often chosen as a pied-\u00e0-terre by tourists wishing to visit the Puy du Fou: its rich heritage, the number of its castles and the importance of equestrian culture allow them to make <strong>stays around historical themes<\/strong>.<\/p>\n<\/div>\n<\/div>\n\n\r\n    <\/div>\r\n<\/section>\n\n<section id=\"ls-section-block_43c594cae1372325e5f50186eb9329cd\" class=\"ls-section  page-two deco-gris has-p-b p-b-14\" >\r\n        <div class=\"container container--wide\">\r\n        \n\n<div class=\"wp-block-columns first is-layout-flex wp-container-core-columns-is-layout-9d6595d7 wp-block-columns-is-layout-flex\">\n<div class=\"wp-block-column is-vertically-aligned-center left is-layout-flow wp-block-column-is-layout-flow\">\n<h2 class=\"ls__heading wp-block-heading\">Don&#8217;t miss the 6 must-see shows at Puy du Fou<\/h2>\n\n\n\n<p class=\"ls-paragraph\">To discover the Puy du Fou, Camping Paradis les Nobis is only 1 hour away.<\/p>\n\n\n\n<p class=\"ls-paragraph\">Near Le Puy, you will find for example in Anjou a number of visits, games for children and animations around the  <strong>Medieval know-how and traditions<\/strong>  : the medieval festivals of Brain sur Allonnes, Turquant or Saint Sylvain d&#8217;Anjou, the tournament of the Order of Saint Michael at the Ch\u00e2teau du Plessis-Bourr\u00e9, or the medieval market of Ponts-de-C\u00e9. Montreuil-Bellay also organized on the occasion of the <strong>Medieval Days<\/strong>. A few kilometers away, jousting battles bring together on one or the other of the two sites the castle of <a href=\"https:\/\/www.campinglesnobis.com\/en\/castle-of-breze\/\">Br\u00e9z\u00e9 and the castle of<\/a> Rivau.  <\/p>\n\n\n\n<p class=\"ls-paragraph\">The campsite around Puy du Fou, with its mobile home rentals and games for children, is therefore a  <strong>Ideal destination to immerse yourself in the atmosphere of historical re-enactments<\/strong>  ! Also visit Les Herbiers or Chantonnay near Puy du Fou in Vend\u00e9e but also Les Sables d&#8217;Olonne in the heart of the Vend\u00e9e!<\/p>\n\n\n\n<p class=\"ls-paragraph addReadMore showlesscontent\">Embark on an unforgettable journey back in time by camping near Puy du Fou in the Vend\u00e9e. The Vend\u00e9e leisure center offers <strong>a multitude of grandiose shows<\/strong> such as the ball of ghost birds or fire organs and epic adventures <strong>to discover with family or friends<\/strong>.<\/p>\n<\/div>\n\n\n\n<div class=\"wp-block-column is-vertically-aligned-center right is-layout-flow wp-block-column-is-layout-flow\">\n<figure class=\"wp-block-gallery has-nested-images columns-2 is-cropped wp-block-gallery-1 is-layout-flex wp-block-gallery-is-layout-flex\">\n<figure class=\"wp-block-image size-large\"><a href=\"https:\/\/www.campinglesnobis.com\/wp-content\/uploads\/2023\/04\/Puy-du-Fou-Les-Vikings_1803_1200_resultat.webp\"><img decoding=\"async\" width=\"800\" height=\"532\" data-id=\"10330\" src=\"https:\/\/www.campinglesnobis.com\/wp-content\/uploads\/2023\/04\/Puy-du-Fou-Les-Vikings_1803_1200_resultat.webp\" alt=\"Puy du Fou The Vikings 1803 1200 result\" class=\"wp-image-10330\" srcset=\"https:\/\/www.campinglesnobis.com\/wp-content\/uploads\/2023\/04\/Puy-du-Fou-Les-Vikings_1803_1200_resultat.webp 800w, https:\/\/www.campinglesnobis.com\/wp-content\/uploads\/2023\/04\/Puy-du-Fou-Les-Vikings_1803_1200_resultat-300x200.webp 300w, https:\/\/www.campinglesnobis.com\/wp-content\/uploads\/2023\/04\/Puy-du-Fou-Les-Vikings_1803_1200_resultat-768x511.webp 768w\" sizes=\"(max-width: 800px) 100vw, 800px\" \/><\/a><\/figure>\n\n\n\n<figure class=\"wp-block-image size-large\"><a href=\"https:\/\/www.campinglesnobis.com\/wp-content\/uploads\/2023\/04\/Raveleijn-Lisa-scaled_1804_1200_resultat.webp\"><img decoding=\"async\" width=\"800\" height=\"532\" data-id=\"10333\" src=\"https:\/\/www.campinglesnobis.com\/wp-content\/uploads\/2023\/04\/Raveleijn-Lisa-scaled_1804_1200_resultat.webp\" alt=\"Raveleijn Lisa scaled 1804 1200 result\" class=\"wp-image-10333\" srcset=\"https:\/\/www.campinglesnobis.com\/wp-content\/uploads\/2023\/04\/Raveleijn-Lisa-scaled_1804_1200_resultat.webp 800w, https:\/\/www.campinglesnobis.com\/wp-content\/uploads\/2023\/04\/Raveleijn-Lisa-scaled_1804_1200_resultat-300x200.webp 300w, https:\/\/www.campinglesnobis.com\/wp-content\/uploads\/2023\/04\/Raveleijn-Lisa-scaled_1804_1200_resultat-768x511.webp 768w\" sizes=\"(max-width: 800px) 100vw, 800px\" \/><\/a><\/figure>\n\n\n\n<figure class=\"wp-block-image size-large\"><a href=\"https:\/\/www.campinglesnobis.com\/wp-content\/uploads\/2023\/04\/puydufou-10_1813_1200_resultat.webp\"><img decoding=\"async\" width=\"800\" height=\"530\" data-id=\"10336\" src=\"https:\/\/www.campinglesnobis.com\/wp-content\/uploads\/2023\/04\/puydufou-10_1813_1200_resultat.webp\" alt=\"Puydufou 10 1813 1200 Results\" class=\"wp-image-10336\" srcset=\"https:\/\/www.campinglesnobis.com\/wp-content\/uploads\/2023\/04\/puydufou-10_1813_1200_resultat.webp 800w, https:\/\/www.campinglesnobis.com\/wp-content\/uploads\/2023\/04\/puydufou-10_1813_1200_resultat-300x199.webp 300w, https:\/\/www.campinglesnobis.com\/wp-content\/uploads\/2023\/04\/puydufou-10_1813_1200_resultat-768x509.webp 768w\" sizes=\"(max-width: 800px) 100vw, 800px\" \/><\/a><\/figure>\n<\/figure>\n<\/div>\n<\/div>\n\n\n\n<div class=\"wp-block-columns second is-layout-flex wp-container-core-columns-is-layout-9d6595d7 wp-block-columns-is-layout-flex\">\n<div class=\"wp-block-column is-vertically-aligned-center left is-layout-flow wp-block-column-is-layout-flow\">\n<figure class=\"wp-block-image size-large animated fadeInLeft delay-200ms slow\"><a href=\"https:\/\/www.campinglesnobis.com\/wp-content\/uploads\/2023\/05\/puy-du-fou-2023-ebillet-non-date-grand-parc.webp\"><img decoding=\"async\" width=\"1024\" height=\"775\" src=\"https:\/\/www.campinglesnobis.com\/wp-content\/uploads\/2023\/05\/puy-du-fou-2023-ebillet-non-date-grand-parc-1024x775.webp\" alt=\"puy du fou 2023 ebillet non date grand parc\" class=\"wp-image-13085\" srcset=\"https:\/\/www.campinglesnobis.com\/wp-content\/uploads\/2023\/05\/puy-du-fou-2023-ebillet-non-date-grand-parc-1024x775.webp 1024w, https:\/\/www.campinglesnobis.com\/wp-content\/uploads\/2023\/05\/puy-du-fou-2023-ebillet-non-date-grand-parc-300x227.webp 300w, https:\/\/www.campinglesnobis.com\/wp-content\/uploads\/2023\/05\/puy-du-fou-2023-ebillet-non-date-grand-parc-768x581.webp 768w, https:\/\/www.campinglesnobis.com\/wp-content\/uploads\/2023\/05\/puy-du-fou-2023-ebillet-non-date-grand-parc.webp 1134w\" sizes=\"(max-width: 1024px) 100vw, 1024px\" \/><\/a><\/figure>\n\n\n<div class=\"wp-block-image image-deco\">\n<figure class=\"alignleft size-full\"><img decoding=\"async\" width=\"200\" height=\"110\" src=\"https:\/\/www.campinglesnobis.com\/wp-content\/uploads\/2023\/03\/Jumelle-locationicones.png\" alt=\"Binoculars locationicones\" class=\"wp-image-8052\"\/><\/figure>\n<\/div><\/div>\n\n\n\n<div class=\"wp-block-column is-vertically-aligned-center right is-layout-flow wp-block-column-is-layout-flow\">\n<h2 class=\"ls__heading wp-block-heading\">The Puy du Fou park: schedules &amp; prices<\/h2>\n\n\n\n<p class=\"ls-paragraph\">In 2018, the leisure center offers you a <strong>naval epic<\/strong> in the footsteps of La P\u00e9rousse, ship of 1785, and takes you to Alaska via Cape Horn and Vanikoro from Brest. You will also be able to discover new original creations that will take you to Verdun in 1916 at the heart of an epistolary exchange between a soldier and his beloved.<\/p>\n\n\n\n<p class=\"ls-paragraph\">With family or friends, in July and August or in low season, come and live the experience in our campsite near Puy du Fou in the Pays de la Loire.<\/p>\n\n\n\n<p class=\"ls-paragraph\"><strong>Les Orgues de Feu<\/strong> : a nocturnal show at the Grand Parc that transports you on a magical and wonderful journey.<\/p>\n\n\n\n<p class=\"ls-paragraph\"><strong>The Sign of Triumph<\/strong> : in the stands of the Gallo-Roman Stadium, let yourself be carried away by a supercharged atmosphere.<\/p>\n\n\n\n<p class=\"ls-paragraph addReadMore showlesscontent\"><strong>La Cin\u00e9sc\u00e9nie<\/strong> : 2000 actors on a 23-hectare stage that make this renowned and unmissable show the largest night show in the world.<br><br><strong>The Vikings<\/strong> : In a deluge of special effects, the Vikings attack the Fort of the Year One Mil in the middle of gigantic flames.<br><br><strong>The Knights of the Round Table<\/strong> : immerse yourself in the fantastic world of the Arthurian legend of Puy du Fou.<br><br><strong>The Medieval City<\/strong> : you will discover all the riches of the Middle Ages and the lost know-how of craftsmen.<br><br>Other shows also await you such as the <strong>ghost bird ball<\/strong>, unmissable in July and August during your camping holiday near Le Puy in the Pays de la Loire.<br><br>Green holidaymakers staying at Nobis d&#8217;Anjou, a campsite near Puy du Fou, without a vehicle can also easily spend a day at the famous park, <strong>voted best amusement park in the world<\/strong> : at Montreuil-Bellay station, a regional train takes you to Bressuire in 35 minutes. From Bressuire, a bus will take you to Maul\u00e9on, near Puy du Fou in the Vend\u00e9e, just 18 kilometres away. A taxi will allow you to reach the park in less than 20 minutes.<\/p>\n<\/div>\n<\/div>\n\n\r\n    <\/div>\r\n<\/section>\n\n<section id=\"ls-section-block_c000162e830d6354cac5630dc0d0c5a1\" class=\"ls-section  page-maillage has-p-t p-t-14 has-p-b p-b-14\" >\r\n        <div class=\"container container--wide\">\r\n        \n\n<div id=\"ls-heading ls-titre-div-block_7687502b16f4d79925c00dea9eac0acf\" class=\"ls-titre-div aligncenter h2-like\" >\n    Discover the Loire, our activities and our rentals!<\/div>\n\n\n<div id=\"ls-maillage-block_f9ce119c7bb76e111c14938929367938\" class=\"ls-maillage cta-style-normal\" data-rows=\"3\">\r\n    <div class=\"wp-block-columns\"><div class=\"wp-block-column\">\n\n<a href=\"https:\/\/www.campinglesnobis.com\/en\/animations-camping-saumur\/\" target=\"\" rel=\"noopener\" class=\"ls-cta__link\">\n\n\t<div class=\"ls-cta__image\"><img decoding=\"async\" src=\"https:\/\/www.campinglesnobis.com\/wp-content\/uploads\/2023\/02\/animations_640_366.webp\" alt=\"ballons qui s'envolent dans le ciel\"><\/div>\n\t<div class=\"ls-cta__title\">\n\t\tLes Animations\t<\/div>\n\n\t\n<\/a>\n<\/div><div class=\"wp-block-column\">\n\n<a href=\"https:\/\/www.campinglesnobis.com\/en\/camping-loire-castle\/\" target=\"\" rel=\"noopener\" class=\"ls-cta__link\">\n\n\t<div class=\"ls-cta__image\"><img decoding=\"async\" src=\"https:\/\/www.campinglesnobis.com\/wp-content\/uploads\/2023\/03\/chateau-cheverny-cc-commons-768x576.webp\" alt=\"chateau cheverny cc commons\"><\/div>\n\t<div class=\"ls-cta__title\">\n\t\t<span>Discover the<\/span> <\/br> Castles of the Loire\t<\/div>\n\n\t\n<\/a>\n<\/div><div class=\"wp-block-column\">\n\n<a href=\"https:\/\/www.campinglesnobis.com\/en\/mobile-home-rental-saumur\/\" target=\"\" rel=\"noopener\" class=\"ls-cta__link\">\n\n\t<div class=\"ls-cta__image\"><img decoding=\"async\" src=\"https:\/\/www.campinglesnobis.com\/wp-content\/uploads\/2023\/03\/Camping_Les_Nobis-cClo_et_Clem-AnjouTourisme-1920px-768x768.webp\" alt=\"Camping Les Nobis cClo et Clem AnjouTourisme px\"><\/div>\n\t<div class=\"ls-cta__title\">\n\t\t<span>Discover<\/span> <\/br> Our Rentals\t<\/div>\n\n\t\n<\/a>\n<\/div><\/div><\/div>\n\r\n    <\/div>\r\n<\/section>","protected":false},"excerpt":{"rendered":"","protected":false},"author":1,"featured_media":13137,"parent":0,"menu_order":0,"comment_status":"closed","ping_status":"closed","template":"","meta":{"_acf_changed":false,"inline_featured_image":false,"footnotes":""},"sujet":[],"class_list":["post-11770","page","type-page","status-publish","has-post-thumbnail","hentry"],"acf":[],"yoast_head":"<!-- This site is optimized with the Yoast SEO plugin v25.3 - https:\/\/yoast.com\/wordpress\/plugins\/seo\/ -->\n<title>Campsite Puy du Fou | Camping and mobile home rental 1 hour from Puy du Fou<\/title>\n<meta name=\"description\" content=\"Opt for a cheap camping holiday near Puy du Fou, theme park one of the best parks in France for your family holidays\" \/>\n<meta name=\"robots\" content=\"index, follow, max-snippet:-1, max-image-preview:large, max-video-preview:-1\" \/>\n<link rel=\"canonical\" href=\"https:\/\/www.campinglesnobis.com\/en\/campsite-puy-du-fou\/\" \/>\n<meta property=\"og:locale\" content=\"en_US\" \/>\n<meta property=\"og:type\" content=\"article\" \/>\n<meta property=\"og:title\" content=\"Campsite Puy du Fou | Camping and mobile home rental 1 hour from Puy du Fou\" \/>\n<meta property=\"og:description\" content=\"Opt for a cheap camping holiday near Puy du Fou, theme park one of the best parks in France for your family holidays\" \/>\n<meta property=\"og:url\" content=\"https:\/\/www.campinglesnobis.com\/en\/campsite-puy-du-fou\/\" \/>\n<meta property=\"og:site_name\" content=\"Camping les Nobis d&#039;Anjou\" \/>\n<meta property=\"article:modified_time\" content=\"2023-05-30T07:45:36+00:00\" \/>\n<meta property=\"og:image\" content=\"https:\/\/www.campinglesnobis.com\/wp-content\/uploads\/2023\/04\/puy-du-fou-proche-camping-chausseliere_1920_587.webp\" \/>\n\t<meta property=\"og:image:width\" content=\"1920\" \/>\n\t<meta property=\"og:image:height\" content=\"587\" \/>\n\t<meta property=\"og:image:type\" content=\"image\/webp\" \/>\n<meta name=\"twitter:card\" content=\"summary_large_image\" \/>\n<meta name=\"twitter:label1\" content=\"Est. reading time\" \/>\n\t<meta name=\"twitter:data1\" content=\"5 minutes\" \/>\n<script type=\"application\/ld+json\" class=\"yoast-schema-graph\">{\"@context\":\"https:\/\/schema.org\",\"@graph\":[{\"@type\":\"WebPage\",\"@id\":\"https:\/\/www.campinglesnobis.com\/en\/campsite-puy-du-fou\/\",\"url\":\"https:\/\/www.campinglesnobis.com\/en\/campsite-puy-du-fou\/\",\"name\":\"Campsite Puy du Fou | Camping and mobile home rental 1 hour from Puy du Fou\",\"isPartOf\":{\"@id\":\"https:\/\/www.campinglesnobis.com\/en\/#website\"},\"primaryImageOfPage\":{\"@id\":\"https:\/\/www.campinglesnobis.com\/en\/campsite-puy-du-fou\/#primaryimage\"},\"image\":{\"@id\":\"https:\/\/www.campinglesnobis.com\/en\/campsite-puy-du-fou\/#primaryimage\"},\"thumbnailUrl\":\"https:\/\/www.campinglesnobis.com\/wp-content\/uploads\/2023\/05\/puy-du-fou-proche-camping-chausseliere_1920_587-1.webp\",\"datePublished\":\"2023-02-20T11:03:00+00:00\",\"dateModified\":\"2023-05-30T07:45:36+00:00\",\"description\":\"Opt for a cheap camping holiday near Puy du Fou, theme park one of the best parks in France for your family holidays\",\"breadcrumb\":{\"@id\":\"https:\/\/www.campinglesnobis.com\/en\/campsite-puy-du-fou\/#breadcrumb\"},\"inLanguage\":\"en-US\",\"potentialAction\":[{\"@type\":\"ReadAction\",\"target\":[\"https:\/\/www.campinglesnobis.com\/en\/campsite-puy-du-fou\/\"]}]},{\"@type\":\"ImageObject\",\"inLanguage\":\"en-US\",\"@id\":\"https:\/\/www.campinglesnobis.com\/en\/campsite-puy-du-fou\/#primaryimage\",\"url\":\"https:\/\/www.campinglesnobis.com\/wp-content\/uploads\/2023\/05\/puy-du-fou-proche-camping-chausseliere_1920_587-1.webp\",\"contentUrl\":\"https:\/\/www.campinglesnobis.com\/wp-content\/uploads\/2023\/05\/puy-du-fou-proche-camping-chausseliere_1920_587-1.webp\",\"width\":1920,\"height\":587,\"caption\":\"puy du fou proche camping nobis\"},{\"@type\":\"BreadcrumbList\",\"@id\":\"https:\/\/www.campinglesnobis.com\/en\/campsite-puy-du-fou\/#breadcrumb\",\"itemListElement\":[{\"@type\":\"ListItem\",\"position\":1,\"name\":\"camping Saumur\",\"item\":\"https:\/\/www.campinglesnobis.com\/en\/\"},{\"@type\":\"ListItem\",\"position\":2,\"name\":\"campsite around Puy du Fou\"}]},{\"@type\":\"WebSite\",\"@id\":\"https:\/\/www.campinglesnobis.com\/en\/#website\",\"url\":\"https:\/\/www.campinglesnobis.com\/en\/\",\"name\":\"Camping les Nobis d'Anjou\",\"description\":\"\",\"publisher\":{\"@id\":\"https:\/\/www.campinglesnobis.com\/en\/#organization\"},\"alternateName\":\"Les Nobis d'Anjou\",\"potentialAction\":[{\"@type\":\"SearchAction\",\"target\":{\"@type\":\"EntryPoint\",\"urlTemplate\":\"https:\/\/www.campinglesnobis.com\/en\/?s={search_term_string}\"},\"query-input\":{\"@type\":\"PropertyValueSpecification\",\"valueRequired\":true,\"valueName\":\"search_term_string\"}}],\"inLanguage\":\"en-US\"},{\"@type\":\"Organization\",\"@id\":\"https:\/\/www.campinglesnobis.com\/en\/#organization\",\"name\":\"Camping les Nobis d'Anjou\",\"url\":\"https:\/\/www.campinglesnobis.com\/en\/\",\"logo\":{\"@type\":\"ImageObject\",\"inLanguage\":\"en-US\",\"@id\":\"https:\/\/www.campinglesnobis.com\/en\/#\/schema\/logo\/image\/\",\"url\":\"https:\/\/www.campinglesnobis.com\/wp-content\/uploads\/2023\/02\/logo-paradis-nobis.webp\",\"contentUrl\":\"https:\/\/www.campinglesnobis.com\/wp-content\/uploads\/2023\/02\/logo-paradis-nobis.webp\",\"width\":200,\"height\":200,\"caption\":\"Camping les Nobis d'Anjou\"},\"image\":{\"@id\":\"https:\/\/www.campinglesnobis.com\/en\/#\/schema\/logo\/image\/\"}}]}<\/script>\n<!-- \/ Yoast SEO plugin. -->","yoast_head_json":{"title":"Campsite Puy du Fou | Camping and mobile home rental 1 hour from Puy du Fou","description":"Opt for a cheap camping holiday near Puy du Fou, theme park one of the best parks in France for your family holidays","robots":{"index":"index","follow":"follow","max-snippet":"max-snippet:-1","max-image-preview":"max-image-preview:large","max-video-preview":"max-video-preview:-1"},"canonical":"https:\/\/www.campinglesnobis.com\/en\/campsite-puy-du-fou\/","og_locale":"en_US","og_type":"article","og_title":"Campsite Puy du Fou | Camping and mobile home rental 1 hour from Puy du Fou","og_description":"Opt for a cheap camping holiday near Puy du Fou, theme park one of the best parks in France for your family holidays","og_url":"https:\/\/www.campinglesnobis.com\/en\/campsite-puy-du-fou\/","og_site_name":"Camping les Nobis d&#039;Anjou","article_modified_time":"2023-05-30T07:45:36+00:00","og_image":[{"width":1920,"height":587,"url":"https:\/\/www.campinglesnobis.com\/wp-content\/uploads\/2023\/04\/puy-du-fou-proche-camping-chausseliere_1920_587.webp","type":"image\/webp"}],"twitter_card":"summary_large_image","twitter_misc":{"Est. reading time":"5 minutes"},"schema":{"@context":"https:\/\/schema.org","@graph":[{"@type":"WebPage","@id":"https:\/\/www.campinglesnobis.com\/en\/campsite-puy-du-fou\/","url":"https:\/\/www.campinglesnobis.com\/en\/campsite-puy-du-fou\/","name":"Campsite Puy du Fou | Camping and mobile home rental 1 hour from Puy du Fou","isPartOf":{"@id":"https:\/\/www.campinglesnobis.com\/en\/#website"},"primaryImageOfPage":{"@id":"https:\/\/www.campinglesnobis.com\/en\/campsite-puy-du-fou\/#primaryimage"},"image":{"@id":"https:\/\/www.campinglesnobis.com\/en\/campsite-puy-du-fou\/#primaryimage"},"thumbnailUrl":"https:\/\/www.campinglesnobis.com\/wp-content\/uploads\/2023\/05\/puy-du-fou-proche-camping-chausseliere_1920_587-1.webp","datePublished":"2023-02-20T11:03:00+00:00","dateModified":"2023-05-30T07:45:36+00:00","description":"Opt for a cheap camping holiday near Puy du Fou, theme park one of the best parks in France for your family holidays","breadcrumb":{"@id":"https:\/\/www.campinglesnobis.com\/en\/campsite-puy-du-fou\/#breadcrumb"},"inLanguage":"en-US","potentialAction":[{"@type":"ReadAction","target":["https:\/\/www.campinglesnobis.com\/en\/campsite-puy-du-fou\/"]}]},{"@type":"ImageObject","inLanguage":"en-US","@id":"https:\/\/www.campinglesnobis.com\/en\/campsite-puy-du-fou\/#primaryimage","url":"https:\/\/www.campinglesnobis.com\/wp-content\/uploads\/2023\/05\/puy-du-fou-proche-camping-chausseliere_1920_587-1.webp","contentUrl":"https:\/\/www.campinglesnobis.com\/wp-content\/uploads\/2023\/05\/puy-du-fou-proche-camping-chausseliere_1920_587-1.webp","width":1920,"height":587,"caption":"puy du fou proche camping nobis"},{"@type":"BreadcrumbList","@id":"https:\/\/www.campinglesnobis.com\/en\/campsite-puy-du-fou\/#breadcrumb","itemListElement":[{"@type":"ListItem","position":1,"name":"camping Saumur","item":"https:\/\/www.campinglesnobis.com\/en\/"},{"@type":"ListItem","position":2,"name":"campsite around Puy du Fou"}]},{"@type":"WebSite","@id":"https:\/\/www.campinglesnobis.com\/en\/#website","url":"https:\/\/www.campinglesnobis.com\/en\/","name":"Camping les Nobis d'Anjou","description":"","publisher":{"@id":"https:\/\/www.campinglesnobis.com\/en\/#organization"},"alternateName":"Les Nobis d'Anjou","potentialAction":[{"@type":"SearchAction","target":{"@type":"EntryPoint","urlTemplate":"https:\/\/www.campinglesnobis.com\/en\/?s={search_term_string}"},"query-input":{"@type":"PropertyValueSpecification","valueRequired":true,"valueName":"search_term_string"}}],"inLanguage":"en-US"},{"@type":"Organization","@id":"https:\/\/www.campinglesnobis.com\/en\/#organization","name":"Camping les Nobis d'Anjou","url":"https:\/\/www.campinglesnobis.com\/en\/","logo":{"@type":"ImageObject","inLanguage":"en-US","@id":"https:\/\/www.campinglesnobis.com\/en\/#\/schema\/logo\/image\/","url":"https:\/\/www.campinglesnobis.com\/wp-content\/uploads\/2023\/02\/logo-paradis-nobis.webp","contentUrl":"https:\/\/www.campinglesnobis.com\/wp-content\/uploads\/2023\/02\/logo-paradis-nobis.webp","width":200,"height":200,"caption":"Camping les Nobis d'Anjou"},"image":{"@id":"https:\/\/www.campinglesnobis.com\/en\/#\/schema\/logo\/image\/"}}]}},"_links":{"self":[{"href":"https:\/\/www.campinglesnobis.com\/en\/wp-json\/wp\/v2\/pages\/11770","targetHints":{"allow":["GET"]}}],"collection":[{"href":"https:\/\/www.campinglesnobis.com\/en\/wp-json\/wp\/v2\/pages"}],"about":[{"href":"https:\/\/www.campinglesnobis.com\/en\/wp-json\/wp\/v2\/types\/page"}],"author":[{"embeddable":true,"href":"https:\/\/www.campinglesnobis.com\/en\/wp-json\/wp\/v2\/users\/1"}],"replies":[{"embeddable":true,"href":"https:\/\/www.campinglesnobis.com\/en\/wp-json\/wp\/v2\/comments?post=11770"}],"version-history":[{"count":5,"href":"https:\/\/www.campinglesnobis.com\/en\/wp-json\/wp\/v2\/pages\/11770\/revisions"}],"predecessor-version":[{"id":13087,"href":"https:\/\/www.campinglesnobis.com\/en\/wp-json\/wp\/v2\/pages\/11770\/revisions\/13087"}],"wp:featuredmedia":[{"embeddable":true,"href":"https:\/\/www.campinglesnobis.com\/en\/wp-json\/wp\/v2\/media\/13137"}],"wp:attachment":[{"href":"https:\/\/www.campinglesnobis.com\/en\/wp-json\/wp\/v2\/media?parent=11770"}],"wp:term":[{"taxonomy":"sujet","embeddable":true,"href":"https:\/\/www.campinglesnobis.com\/en\/wp-json\/wp\/v2\/sujet?post=11770"}],"curies":[{"name":"wp","href":"https:\/\/api.w.org\/{rel}","templated":true}]}}