{"id":11823,"date":"2023-02-20T11:51:36","date_gmt":"2023-02-20T10:51:36","guid":{"rendered":"https:\/\/www.campinglesnobis.com\/pays-de-loire\/"},"modified":"2023-05-30T10:47:17","modified_gmt":"2023-05-30T08:47:17","slug":"tourism-pays-de-la-loire","status":"publish","type":"page","link":"https:\/\/www.campinglesnobis.com\/en\/tourism-pays-de-la-loire\/","title":{"rendered":"Pays de Loire"},"content":{"rendered":"<section id=\"ls-section-block_e0e55548405c377e92ac97e9ac6bb3da\" class=\"ls-section  page-chapeau has-p-b p-b-0\" >\r\n        <div class=\"container container--wide\">\r\n        \n\n<h1 class=\"ls__heading wp-block-heading has-text-align-center\">Campsite Pays de la Loire 4 stars<\/h1>\n\n\n\n<p class=\"ls-paragraph has-text-align-center\">From the beaches of Loire-Atlantique and Vend\u00e9e to the circuits of the 24 hours of Le Mans, through the vineyards of Anjou or the canals of the Marais Poitevin, the Pays de la Loire is a <strong>region with many faces<\/strong>. From land to ocean, its landscapes are varied and its  <strong>Rich natural heritage<\/strong>  : the region includes  <a href=\"https:\/\/www.campinglesnobis.com\/en\/campsite-val-de-loire\/\">the Loire Valley<\/a>, classified by UNESCO, the highest point of the Mont des Avaloirs, the  <strong>Bri\u00e8re Regional Natural Park<\/strong>  and its marshes at the  <strong>Preserved biodiversity<\/strong>, the lower valleys of Angevine, the Marais Poitevin also called &#8220;Venise Verte&#8221; and  <strong>Aiguillon Bay<\/strong>  at the mouth of the S\u00e8vre Niortaise, the Marais Breton and Lake Grand-Lieu.<\/p>\n\n\r\n    <\/div>\r\n<\/section>\n\n<section id=\"ls-section-block_2fa3a6e9b8ac8bf5cbea8291670f65f1\" class=\"ls-section  page-one\" >\r\n        <div class=\"container container--wide\">\r\n        \n\n<div class=\"wp-block-columns is-layout-flex wp-container-core-columns-is-layout-9d6595d7 wp-block-columns-is-layout-flex\">\n<div class=\"wp-block-column is-layout-flow wp-block-column-is-layout-flow\" style=\"flex-basis:70%\">\n<figure class=\"wp-block-image size-full animated fadeIn slow deco-chateau blanc right\"><img decoding=\"async\" width=\"900\" height=\"600\" src=\"https:\/\/www.campinglesnobis.com\/wp-content\/uploads\/2023\/05\/le-chateaux-des-ducs-de-bretagn-au-pays-de-la-loire-1.webp\" alt=\"le chateaux des ducs de bretagn au pays de la loire\" class=\"wp-image-13171\" title=\"page-one\" srcset=\"https:\/\/www.campinglesnobis.com\/wp-content\/uploads\/2023\/05\/le-chateaux-des-ducs-de-bretagn-au-pays-de-la-loire-1.webp 900w, https:\/\/www.campinglesnobis.com\/wp-content\/uploads\/2023\/05\/le-chateaux-des-ducs-de-bretagn-au-pays-de-la-loire-1-300x200.webp 300w, https:\/\/www.campinglesnobis.com\/wp-content\/uploads\/2023\/05\/le-chateaux-des-ducs-de-bretagn-au-pays-de-la-loire-1-768x512.webp 768w\" sizes=\"(max-width: 900px) 100vw, 900px\" \/><\/figure>\n<\/div>\n\n\n\n<div class=\"wp-block-column is-vertically-aligned-center is-layout-flow wp-block-column-is-layout-flow\" style=\"flex-basis:30%\">\n<h2 class=\"ls__heading wp-block-heading\">The rich heritage of the Pays de la Loire<\/h2>\n\n\n\n<p class=\"ls-paragraph\">Between these <strong>exceptional natural spaces<\/strong>, the major cities of the region all have a <strong>rich architectural heritage<\/strong> and an exciting history. Capital of the Pays de la Loire, Nantes offers visitors a dynamic and daring soul, between its castle of the <strong>Dukes of Brittany<\/strong> and its medieval streets, its landscaped islands on the Erdre, its open-air works of art and its magical large machines inspired by the world of Jules Verne.  <\/p>\n\n\n\n<p class=\"ls-paragraph\">At the mouth of the Loire, Saint-Nazaire offers another atmosphere, more open to the ocean but turned both to the future and the past, between its submarine base, its shipyards, its museum of transatlantic liners and its <strong>Airbus workshops<\/strong>. In the Sarthe, Le Mans, famous for its circuits, also surprises with the beauty of its historic districts.  <\/p>\n\n\n\n<p class=\"ls-paragraph addReadMore showlesscontent\">The Plantagenet city, the historic heart of Le Mans, is dominated by the sublime silhouette of Saint-Julien Cathedral. In the heart of Anjou, the city of Angers was built on the left bank of the Maine, around its <strong>Saint-Maurice cathedral and its castle<\/strong>.  <br><br>Medieval and Renaissance architecture rub shoulders, mixing half-timbered buildings and buildings with the typical contrast of the whiteness of the tufa and the black of the slate. <a href=\"https:\/\/www.campinglesnobis.com\/blog\/visiter-angers-en-1-jour\/\">Visit Angers in 1 day our advice<\/a>.<\/p>\n<\/div>\n<\/div>\n\n\r\n    <\/div>\r\n<\/section>\n\n<section id=\"ls-section-block_50e5cb254ac1d84b2923d88e69eb6fa7\" class=\"ls-section  page-two deco-gris has-p-b p-b-14\" >\r\n        <div class=\"container container--wide\">\r\n        \n\n<div class=\"wp-block-columns second is-layout-flex wp-container-core-columns-is-layout-9d6595d7 wp-block-columns-is-layout-flex\">\n<div class=\"wp-block-column is-vertically-aligned-center right is-layout-flow wp-block-column-is-layout-flow\">\n<h2 class=\"ls__heading wp-block-heading\">Visit the Pays de la Loire with your family<\/h2>\n\n\n\n<p class=\"ls-paragraph\"><a href=\"https:\/\/www.enpaysdelaloire.com\/\" target=\"_blank\" rel=\"noreferrer noopener\">The Pays de la Loire<\/a> is full of <strong>historical and cultural sites to visit with your family<\/strong>. Among the most unmissable exotic sites are the Blue Mine, in Segr\u00e9, which offers you to dive 126 m underground to discover the daily life of slate miners, Escal&#8217;Atlantic in Saint-Nazaire, which recreates the  <strong>D\u00e9cor and atmosphere of transatlantic liners<\/strong>, or Les Machines de l&#8217;\u00eele, in Nantes, which includes a gallery of machines, a ride on a 12-meter elephant, a carousel of marine worlds on 3 floors, and the Heron Tree project.  <\/p>\n\n\n\n<p class=\"ls-paragraph\">In Mayenne, <strong>the Palais-mus\u00e9e Robert Tatin<\/strong> is a unique place, an &#8220;art environment&#8221; masterpiece of naive art. The largest abbey in Europe, Fontevraud is also a must-see in the region a few kilometres from Saumur.  <\/p>\n\n\n\n<p class=\"ls-paragraph addReadMore showlesscontent\">Also find nearby <a href=\"https:\/\/www.campinglesnobis.com\/nl\/\">Nobis d&#8217;Anjou<\/a> <strong>renowned theme parks<\/strong> : among them, the famous <a href=\"https:\/\/www.campinglesnobis.com\/en\/campsite-puy-du-fou\/\">Puy du Fou<\/a>, but also Terra Botanica at the gates of Angers, or the <strong>oriental park of Maul\u00e9vrier, the largest Japanese garden in Europe<\/strong>.<\/p>\n<\/div>\n\n\n\n<div class=\"wp-block-column is-vertically-aligned-center left is-layout-flow wp-block-column-is-layout-flow\">\n<figure class=\"wp-block-image size-full animated fadeInLeft delay-200ms slow\"><a href=\"https:\/\/www.campinglesnobis.com\/wp-content\/uploads\/2023\/03\/visite-terra-botanica-en-famille.webp\"><img decoding=\"async\" width=\"900\" height=\"600\" src=\"https:\/\/www.campinglesnobis.com\/wp-content\/uploads\/2023\/03\/visite-terra-botanica-en-famille.webp\" alt=\"Terra Botanica family tour\" class=\"wp-image-8617\" srcset=\"https:\/\/www.campinglesnobis.com\/wp-content\/uploads\/2023\/03\/visite-terra-botanica-en-famille.webp 900w, https:\/\/www.campinglesnobis.com\/wp-content\/uploads\/2023\/03\/visite-terra-botanica-en-famille-300x200.webp 300w, https:\/\/www.campinglesnobis.com\/wp-content\/uploads\/2023\/03\/visite-terra-botanica-en-famille-768x512.webp 768w\" sizes=\"(max-width: 900px) 100vw, 900px\" \/><\/a><figcaption class=\"wp-element-caption\">\u00a9Bertrand Bechard<\/figcaption><\/figure>\n<\/div>\n<\/div>\n\n\n\n<figure class=\"wp-block-image size-full image-deco\"><img decoding=\"async\" width=\"200\" height=\"110\" src=\"https:\/\/www.campinglesnobis.com\/wp-content\/uploads\/2023\/03\/Jumelle-locationicones.png\" alt=\"Binoculars locationicones\" class=\"wp-image-8052\"\/><\/figure>\n\n\r\n    <\/div>\r\n<\/section>\n\n<section id=\"ls-section-block_9e0e7a2d83b6570663c4d97d7a9b5d91\" class=\"ls-section  page-parallax has-background-image has-parallax\" >\r\n    <div class=\"ls-section__background-image opacity-100\"><img decoding=\"async\" src=\"https:\/\/www.campinglesnobis.com\/wp-content\/uploads\/2023\/05\/decouvrir-la-gastronomie-des-pays-de-la-loire-1.webp\" alt=\"decouvrir la gastronomie des pays de la loire\"><\/div>    <div class=\"container \">\r\n        \n\n<p class=\"ls-paragraph\"><\/p>\n\n\r\n    <\/div>\r\n<\/section>\n\n<section id=\"ls-section-block_a7a4c9b3e895455fec49012a596ccdbc\" class=\"ls-section  page-three\" >\r\n        <div class=\"container container--wide\">\r\n        \n\n<div class=\"wp-block-columns is-layout-flex wp-container-core-columns-is-layout-9d6595d7 wp-block-columns-is-layout-flex\">\n<div class=\"wp-block-column has-color-white-background-color has-background is-layout-flow wp-block-column-is-layout-flow\">\n<h2 class=\"ls__heading wp-block-heading has-text-align-center\">Sport and gastronomy in Pays de la Loire<\/h2>\n\n\n\n<p class=\"ls-paragraph has-text-align-center\">Between vineyards and seaside, the Pays de la Loire is also <strong>rich in many culinary traditions<\/strong> to discover during your visits. 40,000 hectares of vines produce renowned wines, from Saumur to Muscadet and Gros-Plant, Cabernet d&#8217;Anjou and C\u00f4teaux-du-Layon. A tour of the region allows you to taste the many gastronomic specialties and <strong>flagship products of the terroir<\/strong> : rillettes from Le Mans, mussels from bouchot, mogettes from Vend\u00e9e, potatoes from Noirmoutier, shortbread from Nantes, brioche vend\u00e9e, pommes tap\u00e9es, or fou\u00e9es or fouaces rabelaisiennes. As for aperitifs, \u00e9pine and Cointreau are also local flavors. <\/p>\n\n\n\n<p class=\"ls-paragraph has-text-align-center\">Finally, the Pays de la Loire hosts or organizes <strong>sporting and cultural events of national or international renown<\/strong> throughout the year. Alongside the unmissable Vend\u00e9e Globe and 24 hours of Le Mans or the International Jumping of France in La Baule, the region also has several theater and film festivals in Angers (Festival d&#8217;Anjou, Accroche-C\u0153urs, Premier-Plan) and many music festivals including the famous Hellfest in Clisson, the Folle Journ\u00e9e in Nantes, the Europa Jazz Festival in the Sarthe,  the Poupet Festival in Vend\u00e9e, or the Z&#8217;\u00e9clectiques in Chemill\u00e9 and Cholet.<\/p>\n<\/div>\n<\/div>\n\n\r\n    <\/div>\r\n<\/section>\n\n<section id=\"ls-section-block_76bd0d72af92491e8ab1adbe687a3909\" class=\"ls-section  page-maillage has-p-t p-t-14 has-p-b p-b-14\" >\r\n        <div class=\"container container--wide\">\r\n        \n\n<div id=\"ls-heading ls-titre-div-block_23a25ba831c462af54d67edc1f696df2\" class=\"ls-titre-div aligncenter h2-like\" >\n    Discover the Loire, the activities around!<\/div>\n\n\n<div id=\"ls-maillage-block_d197afd4810c8419bcddb65c575167bd\" class=\"ls-maillage cta-style-normal\" data-rows=\"3\">\r\n    <div class=\"wp-block-columns\"><div class=\"wp-block-column\">\n\n<a href=\"https:\/\/www.campinglesnobis.com\/en\/campsite-puy-du-fou\/\" target=\"\" rel=\"noopener\" class=\"ls-cta__link\">\n\n\t<div class=\"ls-cta__image\"><img decoding=\"async\" src=\"https:\/\/www.campinglesnobis.com\/wp-content\/uploads\/2023\/04\/puy-du-fou-2023-ebillet-non-date-grand-parc-768x581.jpg\" alt=\"puy du fou  ebillet non date grand parc\"><\/div>\n\t<div class=\"ls-cta__title\">\n\t\tThe Puy du Fou\t<\/div>\n\n\t\n<\/a>\n<\/div><div class=\"wp-block-column\">\n\n<a href=\"https:\/\/www.campinglesnobis.com\/en\/camping-loire-castle\/\" target=\"\" rel=\"noopener\" class=\"ls-cta__link\">\n\n\t<div class=\"ls-cta__image\"><img decoding=\"async\" src=\"https:\/\/www.campinglesnobis.com\/wp-content\/uploads\/2023\/03\/chateau-cheverny-cc-commons-768x576.webp\" alt=\"chateau cheverny cc commons\"><\/div>\n\t<div class=\"ls-cta__title\">\n\t\t<span>Discover the<\/span> <\/br> Castles of the Loire\t<\/div>\n\n\t\n<\/a>\n<\/div><div class=\"wp-block-column\">\n\n<a href=\"https:\/\/www.campinglesnobis.com\/en\/zoo-doue-la-fontaine\/\" target=\"\" rel=\"noopener\" class=\"ls-cta__link\">\n\n\t<div class=\"ls-cta__image\"><img decoding=\"async\" src=\"https:\/\/www.campinglesnobis.com\/wp-content\/uploads\/2023\/03\/061701916492-web-tete-768x432.jpeg\" alt=\"les girafes du zoo de boiti\u00e9\n\"><\/div>\n\t<div class=\"ls-cta__title\">\n\t\t<span>Discover the<\/span> <\/br> Zoo de Dou\u00e9\t<\/div>\n\n\t\n<\/a>\n<\/div><\/div><\/div>\n\r\n    <\/div>\r\n<\/section>","protected":false},"excerpt":{"rendered":"","protected":false},"author":1,"featured_media":13149,"parent":0,"menu_order":0,"comment_status":"closed","ping_status":"closed","template":"","meta":{"_acf_changed":false,"inline_featured_image":false,"footnotes":""},"sujet":[],"class_list":["post-11823","page","type-page","status-publish","has-post-thumbnail","hentry"],"acf":[],"yoast_head":"<!-- This site is optimized with the Yoast SEO plugin v25.3 - https:\/\/yoast.com\/wordpress\/plugins\/seo\/ -->\n<title>Campsite Pays de la Loire | Mobile home and location in Pays de la Loire<\/title>\n<meta name=\"robots\" content=\"index, follow, max-snippet:-1, max-image-preview:large, max-video-preview:-1\" \/>\n<link rel=\"canonical\" href=\"https:\/\/www.campinglesnobis.com\/en\/tourism-pays-de-la-loire\/\" \/>\n<meta property=\"og:locale\" content=\"en_US\" \/>\n<meta property=\"og:type\" content=\"article\" \/>\n<meta property=\"og:title\" content=\"Campsite Pays de la Loire | Mobile home and location in Pays de la Loire\" \/>\n<meta property=\"og:url\" content=\"https:\/\/www.campinglesnobis.com\/en\/tourism-pays-de-la-loire\/\" \/>\n<meta property=\"og:site_name\" content=\"Camping les Nobis d&#039;Anjou\" \/>\n<meta property=\"article:modified_time\" content=\"2023-05-30T08:47:17+00:00\" \/>\n<meta property=\"og:image\" content=\"https:\/\/www.campinglesnobis.com\/wp-content\/uploads\/2023\/05\/camping-nobis-danjou-aux-pays-de-la-loire-1.webp\" \/>\n\t<meta property=\"og:image:width\" content=\"1920\" \/>\n\t<meta property=\"og:image:height\" content=\"634\" \/>\n\t<meta property=\"og:image:type\" content=\"image\/webp\" \/>\n<meta name=\"twitter:card\" content=\"summary_large_image\" \/>\n<meta name=\"twitter:label1\" content=\"Est. reading time\" \/>\n\t<meta name=\"twitter:data1\" content=\"5 minutes\" \/>\n<script type=\"application\/ld+json\" class=\"yoast-schema-graph\">{\"@context\":\"https:\/\/schema.org\",\"@graph\":[{\"@type\":\"WebPage\",\"@id\":\"https:\/\/www.campinglesnobis.com\/en\/tourism-pays-de-la-loire\/\",\"url\":\"https:\/\/www.campinglesnobis.com\/en\/tourism-pays-de-la-loire\/\",\"name\":\"Campsite Pays de la Loire | Mobile home and location in Pays de la Loire\",\"isPartOf\":{\"@id\":\"https:\/\/www.campinglesnobis.com\/en\/#website\"},\"primaryImageOfPage\":{\"@id\":\"https:\/\/www.campinglesnobis.com\/en\/tourism-pays-de-la-loire\/#primaryimage\"},\"image\":{\"@id\":\"https:\/\/www.campinglesnobis.com\/en\/tourism-pays-de-la-loire\/#primaryimage\"},\"thumbnailUrl\":\"https:\/\/www.campinglesnobis.com\/wp-content\/uploads\/2023\/05\/camping-nobis-danjou-aux-pays-de-la-loire-1.webp\",\"datePublished\":\"2023-02-20T10:51:36+00:00\",\"dateModified\":\"2023-05-30T08:47:17+00:00\",\"breadcrumb\":{\"@id\":\"https:\/\/www.campinglesnobis.com\/en\/tourism-pays-de-la-loire\/#breadcrumb\"},\"inLanguage\":\"en-US\",\"potentialAction\":[{\"@type\":\"ReadAction\",\"target\":[\"https:\/\/www.campinglesnobis.com\/en\/tourism-pays-de-la-loire\/\"]}]},{\"@type\":\"ImageObject\",\"inLanguage\":\"en-US\",\"@id\":\"https:\/\/www.campinglesnobis.com\/en\/tourism-pays-de-la-loire\/#primaryimage\",\"url\":\"https:\/\/www.campinglesnobis.com\/wp-content\/uploads\/2023\/05\/camping-nobis-danjou-aux-pays-de-la-loire-1.webp\",\"contentUrl\":\"https:\/\/www.campinglesnobis.com\/wp-content\/uploads\/2023\/05\/camping-nobis-danjou-aux-pays-de-la-loire-1.webp\",\"width\":1920,\"height\":634,\"caption\":\"camping nobis danjou aux pays de la loire (1)\"},{\"@type\":\"BreadcrumbList\",\"@id\":\"https:\/\/www.campinglesnobis.com\/en\/tourism-pays-de-la-loire\/#breadcrumb\",\"itemListElement\":[{\"@type\":\"ListItem\",\"position\":1,\"name\":\"camping Saumur\",\"item\":\"https:\/\/www.campinglesnobis.com\/en\/\"},{\"@type\":\"ListItem\",\"position\":2,\"name\":\"Pays de la Loire\"}]},{\"@type\":\"WebSite\",\"@id\":\"https:\/\/www.campinglesnobis.com\/en\/#website\",\"url\":\"https:\/\/www.campinglesnobis.com\/en\/\",\"name\":\"Camping les Nobis d'Anjou\",\"description\":\"\",\"publisher\":{\"@id\":\"https:\/\/www.campinglesnobis.com\/en\/#organization\"},\"alternateName\":\"Les Nobis d'Anjou\",\"potentialAction\":[{\"@type\":\"SearchAction\",\"target\":{\"@type\":\"EntryPoint\",\"urlTemplate\":\"https:\/\/www.campinglesnobis.com\/en\/?s={search_term_string}\"},\"query-input\":{\"@type\":\"PropertyValueSpecification\",\"valueRequired\":true,\"valueName\":\"search_term_string\"}}],\"inLanguage\":\"en-US\"},{\"@type\":\"Organization\",\"@id\":\"https:\/\/www.campinglesnobis.com\/en\/#organization\",\"name\":\"Camping les Nobis d'Anjou\",\"url\":\"https:\/\/www.campinglesnobis.com\/en\/\",\"logo\":{\"@type\":\"ImageObject\",\"inLanguage\":\"en-US\",\"@id\":\"https:\/\/www.campinglesnobis.com\/en\/#\/schema\/logo\/image\/\",\"url\":\"https:\/\/www.campinglesnobis.com\/wp-content\/uploads\/2023\/02\/logo-paradis-nobis.webp\",\"contentUrl\":\"https:\/\/www.campinglesnobis.com\/wp-content\/uploads\/2023\/02\/logo-paradis-nobis.webp\",\"width\":200,\"height\":200,\"caption\":\"Camping les Nobis d'Anjou\"},\"image\":{\"@id\":\"https:\/\/www.campinglesnobis.com\/en\/#\/schema\/logo\/image\/\"}}]}<\/script>\n<!-- \/ Yoast SEO plugin. -->","yoast_head_json":{"title":"Campsite Pays de la Loire | Mobile home and location in Pays de la Loire","robots":{"index":"index","follow":"follow","max-snippet":"max-snippet:-1","max-image-preview":"max-image-preview:large","max-video-preview":"max-video-preview:-1"},"canonical":"https:\/\/www.campinglesnobis.com\/en\/tourism-pays-de-la-loire\/","og_locale":"en_US","og_type":"article","og_title":"Campsite Pays de la Loire | Mobile home and location in Pays de la Loire","og_url":"https:\/\/www.campinglesnobis.com\/en\/tourism-pays-de-la-loire\/","og_site_name":"Camping les Nobis d&#039;Anjou","article_modified_time":"2023-05-30T08:47:17+00:00","og_image":[{"width":1920,"height":634,"url":"https:\/\/www.campinglesnobis.com\/wp-content\/uploads\/2023\/05\/camping-nobis-danjou-aux-pays-de-la-loire-1.webp","type":"image\/webp"}],"twitter_card":"summary_large_image","twitter_misc":{"Est. reading time":"5 minutes"},"schema":{"@context":"https:\/\/schema.org","@graph":[{"@type":"WebPage","@id":"https:\/\/www.campinglesnobis.com\/en\/tourism-pays-de-la-loire\/","url":"https:\/\/www.campinglesnobis.com\/en\/tourism-pays-de-la-loire\/","name":"Campsite Pays de la Loire | Mobile home and location in Pays de la Loire","isPartOf":{"@id":"https:\/\/www.campinglesnobis.com\/en\/#website"},"primaryImageOfPage":{"@id":"https:\/\/www.campinglesnobis.com\/en\/tourism-pays-de-la-loire\/#primaryimage"},"image":{"@id":"https:\/\/www.campinglesnobis.com\/en\/tourism-pays-de-la-loire\/#primaryimage"},"thumbnailUrl":"https:\/\/www.campinglesnobis.com\/wp-content\/uploads\/2023\/05\/camping-nobis-danjou-aux-pays-de-la-loire-1.webp","datePublished":"2023-02-20T10:51:36+00:00","dateModified":"2023-05-30T08:47:17+00:00","breadcrumb":{"@id":"https:\/\/www.campinglesnobis.com\/en\/tourism-pays-de-la-loire\/#breadcrumb"},"inLanguage":"en-US","potentialAction":[{"@type":"ReadAction","target":["https:\/\/www.campinglesnobis.com\/en\/tourism-pays-de-la-loire\/"]}]},{"@type":"ImageObject","inLanguage":"en-US","@id":"https:\/\/www.campinglesnobis.com\/en\/tourism-pays-de-la-loire\/#primaryimage","url":"https:\/\/www.campinglesnobis.com\/wp-content\/uploads\/2023\/05\/camping-nobis-danjou-aux-pays-de-la-loire-1.webp","contentUrl":"https:\/\/www.campinglesnobis.com\/wp-content\/uploads\/2023\/05\/camping-nobis-danjou-aux-pays-de-la-loire-1.webp","width":1920,"height":634,"caption":"camping nobis danjou aux pays de la loire (1)"},{"@type":"BreadcrumbList","@id":"https:\/\/www.campinglesnobis.com\/en\/tourism-pays-de-la-loire\/#breadcrumb","itemListElement":[{"@type":"ListItem","position":1,"name":"camping Saumur","item":"https:\/\/www.campinglesnobis.com\/en\/"},{"@type":"ListItem","position":2,"name":"Pays de la Loire"}]},{"@type":"WebSite","@id":"https:\/\/www.campinglesnobis.com\/en\/#website","url":"https:\/\/www.campinglesnobis.com\/en\/","name":"Camping les Nobis d'Anjou","description":"","publisher":{"@id":"https:\/\/www.campinglesnobis.com\/en\/#organization"},"alternateName":"Les Nobis d'Anjou","potentialAction":[{"@type":"SearchAction","target":{"@type":"EntryPoint","urlTemplate":"https:\/\/www.campinglesnobis.com\/en\/?s={search_term_string}"},"query-input":{"@type":"PropertyValueSpecification","valueRequired":true,"valueName":"search_term_string"}}],"inLanguage":"en-US"},{"@type":"Organization","@id":"https:\/\/www.campinglesnobis.com\/en\/#organization","name":"Camping les Nobis d'Anjou","url":"https:\/\/www.campinglesnobis.com\/en\/","logo":{"@type":"ImageObject","inLanguage":"en-US","@id":"https:\/\/www.campinglesnobis.com\/en\/#\/schema\/logo\/image\/","url":"https:\/\/www.campinglesnobis.com\/wp-content\/uploads\/2023\/02\/logo-paradis-nobis.webp","contentUrl":"https:\/\/www.campinglesnobis.com\/wp-content\/uploads\/2023\/02\/logo-paradis-nobis.webp","width":200,"height":200,"caption":"Camping les Nobis d'Anjou"},"image":{"@id":"https:\/\/www.campinglesnobis.com\/en\/#\/schema\/logo\/image\/"}}]}},"_links":{"self":[{"href":"https:\/\/www.campinglesnobis.com\/en\/wp-json\/wp\/v2\/pages\/11823","targetHints":{"allow":["GET"]}}],"collection":[{"href":"https:\/\/www.campinglesnobis.com\/en\/wp-json\/wp\/v2\/pages"}],"about":[{"href":"https:\/\/www.campinglesnobis.com\/en\/wp-json\/wp\/v2\/types\/page"}],"author":[{"embeddable":true,"href":"https:\/\/www.campinglesnobis.com\/en\/wp-json\/wp\/v2\/users\/1"}],"replies":[{"embeddable":true,"href":"https:\/\/www.campinglesnobis.com\/en\/wp-json\/wp\/v2\/comments?post=11823"}],"version-history":[{"count":10,"href":"https:\/\/www.campinglesnobis.com\/en\/wp-json\/wp\/v2\/pages\/11823\/revisions"}],"predecessor-version":[{"id":13207,"href":"https:\/\/www.campinglesnobis.com\/en\/wp-json\/wp\/v2\/pages\/11823\/revisions\/13207"}],"wp:featuredmedia":[{"embeddable":true,"href":"https:\/\/www.campinglesnobis.com\/en\/wp-json\/wp\/v2\/media\/13149"}],"wp:attachment":[{"href":"https:\/\/www.campinglesnobis.com\/en\/wp-json\/wp\/v2\/media?parent=11823"}],"wp:term":[{"taxonomy":"sujet","embeddable":true,"href":"https:\/\/www.campinglesnobis.com\/en\/wp-json\/wp\/v2\/sujet?post=11823"}],"curies":[{"name":"wp","href":"https:\/\/api.w.org\/{rel}","templated":true}]}}