{"id":11852,"date":"2023-02-27T09:02:17","date_gmt":"2023-02-27T08:02:17","guid":{"rendered":"https:\/\/www.campinglesnobis.com\/troglodyte-villages\/"},"modified":"2024-07-02T10:34:36","modified_gmt":"2024-07-02T08:34:36","slug":"troglodyte-villages","status":"publish","type":"page","link":"https:\/\/www.campinglesnobis.com\/en\/troglodyte-villages\/","title":{"rendered":"Troglodyte villages"},"content":{"rendered":"<section id=\"ls-section-block_fa6fc1042782eaea0c8a4aff58e26bbd\" class=\"ls-section  page-chapeau has-p-b p-b-0\" >\r\n        <div class=\"container \">\r\n        \n\n<h1 class=\"ls__heading wp-block-heading has-text-align-center\">THE TROGLODYTE VILLAGES AROUND SAUMUR<\/h1>\n\n\r\n    <\/div>\r\n<\/section>\n\n<section id=\"ls-section-block_221794dd5ae437dbbf5091e1e7f35847\" class=\"ls-section  page-one page-one-bis\" >\r\n        <div class=\"container container--wide\">\r\n        \n\n<div class=\"wp-block-columns is-layout-flex wp-container-core-columns-is-layout-9d6595d7 wp-block-columns-is-layout-flex\">\n<div class=\"wp-block-column is-layout-flow wp-block-column-is-layout-flow\" style=\"flex-basis:70%\">\n<figure class=\"wp-block-image size-full animated fadeIn slow blanc right\"><img decoding=\"async\" width=\"800\" height=\"533\" src=\"https:\/\/www.campinglesnobis.com\/wp-content\/uploads\/2023\/04\/Le_Mystere_des_Faluns-cMathieu_GENON-6622-AnjouTourisme_resultat-1.webp\" alt=\"family course near Saumur from camping paradise Nobis anjou\" class=\"wp-image-10080\" title=\"page-one\" srcset=\"https:\/\/www.campinglesnobis.com\/wp-content\/uploads\/2023\/04\/Le_Mystere_des_Faluns-cMathieu_GENON-6622-AnjouTourisme_resultat-1.webp 800w, https:\/\/www.campinglesnobis.com\/wp-content\/uploads\/2023\/04\/Le_Mystere_des_Faluns-cMathieu_GENON-6622-AnjouTourisme_resultat-1-300x200.webp 300w, https:\/\/www.campinglesnobis.com\/wp-content\/uploads\/2023\/04\/Le_Mystere_des_Faluns-cMathieu_GENON-6622-AnjouTourisme_resultat-1-768x512.webp 768w\" sizes=\"(max-width: 800px) 100vw, 800px\" \/><\/figure>\n<\/div>\n\n\n\n<div class=\"wp-block-column is-vertically-aligned-center is-layout-flow wp-block-column-is-layout-flow\" style=\"flex-basis:30%\">\n<p class=\"ls-paragraph\">The soft tufa stone favored in <strong>Anjou<\/strong> the troglodyte habitats. The region has many underground sites to visit: underground <strong>fortress of Br\u00e9z\u00e9<\/strong>, <strong>cellars and extraction galleries<\/strong>, but also <strong>farms<\/strong> and even <strong>entire villages dug into the rock<\/strong>.<\/p>\n\n\n\n<p class=\"ls-paragraph\">20 kilometres from Camping Paradis les Nobis, <strong>the Rochemenier village museum<\/strong> is composed of a troglodyte complex comprising farms, a common room and a chapel. You will discover the daily life of the inhabitants through a documented underground route, objects and period furniture. Augmented reality animations, virtual tours of troglodytes from around the world, and projected shadow effects modernize the site. The village of Rochemenier is also home to an artistic installation on the theme of troglodyte habitat: <strong>the Troglosphere<\/strong>.<\/p>\n\n\n\n<p class=\"ls-paragraph addReadMore showlesscontent\">In D\u00e9nez\u00e9-sous-Dou\u00e9, the troglodyte houses of the Forges are also open to visitors. We discover, through a free course of about an hour, the daily life of the peasants of the 197th century. This troglodyte complex is located <strong>less than 20 km from your campsite<\/strong>.<br><a href=\"https:\/\/www.ot-saumur.fr\/en\/les-troglodytes\/\" target=\"_blank\" rel=\"noreferrer noopener\">Troglodytes<\/a><\/p>\n<\/div>\n<\/div>\n\n\r\n    <\/div>\r\n<\/section>\n\n<section id=\"ls-section-block_c99e830ebf862ab6255cbe1e6912ad34\" class=\"ls-section  page-two deco-gris has-p-b p-b-14\" >\r\n        <div class=\"container container--wide\">\r\n        \n\n<div class=\"wp-block-columns first is-layout-flex wp-container-core-columns-is-layout-9d6595d7 wp-block-columns-is-layout-flex\">\n<div class=\"wp-block-column is-vertically-aligned-center left is-layout-flow wp-block-column-is-layout-flow\">\n<h2 class=\"ls__heading wp-block-heading\">2 TROGLODYTE SITES NOT TO BE MISSED!<\/h2>\n\n\n\n<p class=\"ls-paragraph\">11 km from Montreuil-Bellay, in Dou\u00e9-en-Anjou, the Troglodyte and Sarcophagus site is classified as <strong>a Historic Monument<\/strong> : this unusual place, former sarcophagi quarry, is very complete and ideal to discover the multiple uses of troglodytes in Anjou over 1500 years. Still in Dou\u00e9-en-Anjou, a few kilometers from the Nobis campsite, the Troglos de la Sabli\u00e8re allow you to learn more about the exploitation of falun and the vocation of refuge of the underground of the region. There is also a cave dwelling and an exhibition of fossils.<\/p>\n\n\n\n<p class=\"ls-paragraph addReadMore showlesscontent\"><strong>The Goupilli\u00e8res valley<\/strong> is a little further from Montreuil-Bellay: located in Azay-le-Rideau 1 hour away, it can be visited after the castle for example. The 2-hectare site is ideal for a historic and bucolic family walk. You can walk freely between troglodyte farms, stables, wells, bread ovens and silos dug into the rock. A fun course for children allows them to visit the place at their own pace. The site also includes a medieval vegetable garden and farm animals.<\/p>\n<\/div>\n\n\n\n<div class=\"wp-block-column is-vertically-aligned-center right is-layout-flow wp-block-column-is-layout-flow\">\n<figure class=\"wp-block-image size-large animated fadeInRight delay-100ms slow\"><a href=\"https:\/\/www.campinglesnobis.com\/wp-content\/uploads\/2023\/04\/IMG_6876bis-1600x1200_resultat.webp\"><img decoding=\"async\" width=\"1024\" height=\"683\" src=\"https:\/\/www.campinglesnobis.com\/wp-content\/uploads\/2023\/04\/IMG_6876bis-1600x1200_resultat-1024x683.webp\" alt=\"troglodyte habitat vestige family visit near Saumur of camping paradise Nobis anjou\" class=\"wp-image-10084\" srcset=\"https:\/\/www.campinglesnobis.com\/wp-content\/uploads\/2023\/04\/IMG_6876bis-1600x1200_resultat-1024x683.webp 1024w, https:\/\/www.campinglesnobis.com\/wp-content\/uploads\/2023\/04\/IMG_6876bis-1600x1200_resultat-300x200.webp 300w, https:\/\/www.campinglesnobis.com\/wp-content\/uploads\/2023\/04\/IMG_6876bis-1600x1200_resultat-768x512.webp 768w, https:\/\/www.campinglesnobis.com\/wp-content\/uploads\/2023\/04\/IMG_6876bis-1600x1200_resultat.webp 1441w\" sizes=\"(max-width: 1024px) 100vw, 1024px\" \/><\/a><\/figure>\n<\/div>\n<\/div>\n\n\n\n<div class=\"wp-block-columns second is-layout-flex wp-container-core-columns-is-layout-9d6595d7 wp-block-columns-is-layout-flex\">\n<div class=\"wp-block-column is-vertically-aligned-center left is-layout-flow wp-block-column-is-layout-flow\">\n<figure class=\"wp-block-image size-full animated fadeInLeft delay-200ms slow\"><a href=\"https:\/\/www.campinglesnobis.com\/wp-content\/uploads\/2023\/04\/Le_Mystere_des_Faluns-cMathieu_GENON-6623-AnjouTourisme_resultat-1.webp\"><img decoding=\"async\" width=\"800\" height=\"533\" src=\"https:\/\/www.campinglesnobis.com\/wp-content\/uploads\/2023\/04\/Le_Mystere_des_Faluns-cMathieu_GENON-6623-AnjouTourisme_resultat-1.webp\" alt=\"troglodyte cellar with projection of videos on the walls near Saumur of camping paradise Nobis anjou\" class=\"wp-image-10090\" srcset=\"https:\/\/www.campinglesnobis.com\/wp-content\/uploads\/2023\/04\/Le_Mystere_des_Faluns-cMathieu_GENON-6623-AnjouTourisme_resultat-1.webp 800w, https:\/\/www.campinglesnobis.com\/wp-content\/uploads\/2023\/04\/Le_Mystere_des_Faluns-cMathieu_GENON-6623-AnjouTourisme_resultat-1-300x200.webp 300w, https:\/\/www.campinglesnobis.com\/wp-content\/uploads\/2023\/04\/Le_Mystere_des_Faluns-cMathieu_GENON-6623-AnjouTourisme_resultat-1-768x512.webp 768w\" sizes=\"(max-width: 800px) 100vw, 800px\" \/><\/a><\/figure>\n<\/div>\n\n\n\n<div class=\"wp-block-column is-vertically-aligned-center right is-layout-flow wp-block-column-is-layout-flow\">\n<h2 class=\"ls__heading wp-block-heading\">AN ORIGINAL UNDERGROUND TROGLODYTE SITE<\/h2>\n\n\n\n<p class=\"ls-paragraph\">Original underground site, <strong>Pierre et Lumi\u00e8re<\/strong> is located in Saint-Hilaire-Saint-Florent <strong>20 kilometers from Montreuil-Bellay<\/strong>. Park of miniatures nestled in the rock, Pierre-et-Lumi\u00e8re houses the sculptures of twenty sites in the region, villages or monuments. A tribute to the builder, the site is made magical by an artistic illumination of the works.<\/p>\n\n\n\n<p class=\"ls-paragraph addReadMore showlesscontent\">Troglodytes are one of the faces of Anjou and the Loire Valley. Some of these unusual places are home to restaurants that offer the tasting of local culinary specialties: close to your  <strong>Campsite Paradis Les Nobis<\/strong>, discover for example the troglos of apples tap\u00e9es in Turquant, the cellars of Marson where to taste fou\u00e9es, or Les Cath\u00e9drales de la Saulaie, an establishment located in a former falun quarry in Dou\u00e9-en-Anjou.<\/p>\n<\/div>\n<\/div>\n\n\n\n<figure class=\"wp-block-image size-full image-deco\"><img decoding=\"async\" width=\"200\" height=\"262\" src=\"https:\/\/www.campinglesnobis.com\/wp-content\/uploads\/2023\/03\/sac-a-dos-bckgroundicones.png\" alt=\"Backpack Bckgroundicones\" class=\"wp-image-7928\"\/><\/figure>\n\n\n\n<p class=\"ls-paragraph has-text-align-center has-small-font-size\"><em>Photo credits: Mathieu G\u00c9NON for AnjouTourisme<\/em><\/p>\n\n\r\n    <\/div>\r\n<\/section>\n\n<section id=\"ls-section-block_bd3099a9dc395f95c07730741b9d24f2\" class=\"ls-section  page-parallax has-background-image has-parallax\" >\r\n    <div class=\"ls-section__background-image opacity-100\"><img decoding=\"async\" src=\"https:\/\/www.campinglesnobis.com\/wp-content\/uploads\/2023\/04\/troglodytes-49-007_resultat-1.webp\" alt=\"cave troglodyte amenag\u00e9e proche de Saumur de du camping paradis Nobis anjou\"><\/div>    <div class=\"container \">\r\n        \n\n<p class=\"ls-paragraph\"><\/p>\n\n\r\n    <\/div>\r\n<\/section>\n\n<section id=\"ls-section-block_ac7fe396a13da55d2de57a7735df2c0f\" class=\"ls-section  page-three\" >\r\n        <div class=\"container container--wide\">\r\n        \n\n<div class=\"wp-block-columns is-layout-flex wp-container-core-columns-is-layout-9d6595d7 wp-block-columns-is-layout-flex\">\n<div class=\"wp-block-column has-color-white-background-color has-background is-layout-flow wp-block-column-is-layout-flow\">\n<h2 class=\"ls__heading wp-block-heading has-text-align-center\">THE TROGLODYTE VILLAGES OF THE LOIRE VALLEY<\/h2>\n\n\n\n<p class=\"ls-paragraph has-text-align-center\">During <a href=\"https:\/\/www.campinglesnobis.com\/en\/\">your stay at the campsite in Saumur<\/a>, discover <strong>the troglodyte villages<\/strong> of the <a href=\"https:\/\/www.campinglesnobis.com\/en\/campsite-val-de-loire\/\">Loire Valley<\/a>. A thousand kilometers of underground galleries make Saumur the largest troglodyte concentration of France.<\/p>\n\n\n\n<p class=\"ls-paragraph has-text-align-center\">Among the most impressive are:<\/p>\n\n\n\n<p class=\"ls-paragraph has-text-align-center\"><strong>The mushroom museum<\/strong> in Saint-Hilaire-Saint-Florent makes you discover the incredible world of wild and cultivated mushrooms.<br>But also the castle of <strong>Br\u00e9z\u00e9<\/strong> : a castle under a castle 16 km from the campsite, the troglodyte site DOU\u00c9-LA-FONTAINE 12 km from your holiday resort, the most complete and the most unusual, the site of the troglodyte cellars of Perri\u00e8res &#8230;<\/p>\n\n\n\n<p class=\"ls-paragraph has-text-align-center\">If you are looking for a holiday rental near the troglodyte villages of the country of Saumur, contact the <strong>campsite **** Les Nobis<\/strong> at <strong>02 41 52 33 66<\/strong> to know availability.<\/p>\n\n\n\n<figure class=\"wp-block-embed aligncenter is-type-video is-provider-youtube wp-block-embed-youtube wp-embed-aspect-16-9 wp-has-aspect-ratio\"><div class=\"wp-block-embed__wrapper\">\n<iframe title=\"Troglodytes et sarcophages - VERSION COMPL\u00c8TE\" width=\"500\" height=\"281\" src=\"https:\/\/www.youtube.com\/embed\/nMSEJMl9fyY?feature=oembed\" frameborder=\"0\" allow=\"accelerometer; autoplay; clipboard-write; encrypted-media; gyroscope; picture-in-picture; web-share\" referrerpolicy=\"strict-origin-when-cross-origin\" allowfullscreen><\/iframe>\n<\/div><\/figure>\n<\/div>\n<\/div>\n\n\r\n    <\/div>\r\n<\/section>\n\n<section id=\"ls-section-block_cdb220114c409e83e8ce1f8bdc862cc2\" class=\"ls-section  page-maillage has-p-t p-t-14 has-p-b p-b-14\" >\r\n        <div class=\"container container--wide\">\r\n        \n\n<div id=\"ls-heading ls-titre-div-block_2ca8686212eb3789f13660882ee7dcbe\" class=\"ls-titre-div aligncenter h2-like\" >\n    Discover the Francette bike, the Dou\u00e9 Zoo and the castles of the Loire<\/div>\n\n\n<div id=\"ls-maillage-block_c3aefa634692f38a126ec1d9ba48c50e\" class=\"ls-maillage cta-style-normal\" data-rows=\"3\">\r\n    <div class=\"wp-block-columns\"><div class=\"wp-block-column\">\n\n<a href=\"https:\/\/www.campinglesnobis.com\/en\/the-velo-francette\/\" target=\"\" rel=\"noopener\" class=\"ls-cta__link\">\n\n\t<div class=\"ls-cta__image\"><img decoding=\"async\" src=\"https:\/\/www.campinglesnobis.com\/wp-content\/uploads\/2023\/03\/Velo_bords_de_Loire-cClo_et_Clem-AnjouTourisme-1920px_800_533-768x512.webp\" alt=\"Velo bords de Loire\"><\/div>\n\t<div class=\"ls-cta__title\">\n\t\t<span>Discover<\/span> <\/br> Bike Francette\t<\/div>\n\n\t\n<\/a>\n<\/div><div class=\"wp-block-column\">\n\n<a href=\"https:\/\/www.campinglesnobis.com\/en\/camping-loire-castle\/\" target=\"\" rel=\"noopener\" class=\"ls-cta__link\">\n\n\t<div class=\"ls-cta__image\"><img decoding=\"async\" src=\"https:\/\/www.campinglesnobis.com\/wp-content\/uploads\/2023\/03\/chateau-cheverny-cc-commons-768x576.webp\" alt=\"chateau cheverny cc commons\"><\/div>\n\t<div class=\"ls-cta__title\">\n\t\t<span>Discover the<\/span> <\/br> Castles of the Loire\t<\/div>\n\n\t\n<\/a>\n<\/div><div class=\"wp-block-column\">\n\n<a href=\"https:\/\/www.campinglesnobis.com\/en\/zoo-doue-la-fontaine\/\" target=\"\" rel=\"noopener\" class=\"ls-cta__link\">\n\n\t<div class=\"ls-cta__image\"><img decoding=\"async\" src=\"https:\/\/www.campinglesnobis.com\/wp-content\/uploads\/2023\/03\/061701916492-web-tete-768x432.jpeg\" alt=\"les girafes du zoo de boiti\u00e9\n\"><\/div>\n\t<div class=\"ls-cta__title\">\n\t\t<span>Discover the<\/span> <\/br> Zoo de Dou\u00e9\t<\/div>\n\n\t\n<\/a>\n<\/div><\/div><\/div>\n\r\n    <\/div>\r\n<\/section>","protected":false},"excerpt":{"rendered":"","protected":false},"author":1,"featured_media":13271,"parent":0,"menu_order":0,"comment_status":"closed","ping_status":"closed","template":"","meta":{"_acf_changed":false,"inline_featured_image":false,"footnotes":""},"sujet":[],"class_list":["post-11852","page","type-page","status-publish","has-post-thumbnail","hentry"],"acf":[],"yoast_head":"<!-- This site is optimized with the Yoast SEO plugin v25.3 - https:\/\/yoast.com\/wordpress\/plugins\/seo\/ -->\n<title>Troglodyte villages near Saumur - Must-see troglodyte sites<\/title>\n<meta name=\"robots\" content=\"index, follow, max-snippet:-1, max-image-preview:large, max-video-preview:-1\" \/>\n<link rel=\"canonical\" href=\"https:\/\/www.campinglesnobis.com\/en\/troglodyte-villages\/\" \/>\n<meta property=\"og:locale\" content=\"en_US\" \/>\n<meta property=\"og:type\" content=\"article\" \/>\n<meta property=\"og:title\" content=\"Troglodyte villages near Saumur - Must-see troglodyte sites\" \/>\n<meta property=\"og:url\" content=\"https:\/\/www.campinglesnobis.com\/en\/troglodyte-villages\/\" \/>\n<meta property=\"og:site_name\" content=\"Camping les Nobis d&#039;Anjou\" \/>\n<meta property=\"article:modified_time\" content=\"2024-07-02T08:34:36+00:00\" \/>\n<meta property=\"og:image\" content=\"https:\/\/www.campinglesnobis.com\/wp-content\/uploads\/2023\/05\/Le_Mystere_des_Faluns-cMathieu_GENON-6624-AnjouTourisme_resultat-1.webp\" \/>\n\t<meta property=\"og:image:width\" content=\"1800\" \/>\n\t<meta property=\"og:image:height\" content=\"1200\" \/>\n\t<meta property=\"og:image:type\" content=\"image\/webp\" \/>\n<meta name=\"twitter:card\" content=\"summary_large_image\" \/>\n<meta name=\"twitter:label1\" content=\"Est. reading time\" \/>\n\t<meta name=\"twitter:data1\" content=\"5 minutes\" \/>\n<script type=\"application\/ld+json\" class=\"yoast-schema-graph\">{\"@context\":\"https:\/\/schema.org\",\"@graph\":[{\"@type\":\"WebPage\",\"@id\":\"https:\/\/www.campinglesnobis.com\/en\/troglodyte-villages\/\",\"url\":\"https:\/\/www.campinglesnobis.com\/en\/troglodyte-villages\/\",\"name\":\"Troglodyte villages near Saumur - Must-see troglodyte sites\",\"isPartOf\":{\"@id\":\"https:\/\/www.campinglesnobis.com\/en\/#website\"},\"primaryImageOfPage\":{\"@id\":\"https:\/\/www.campinglesnobis.com\/en\/troglodyte-villages\/#primaryimage\"},\"image\":{\"@id\":\"https:\/\/www.campinglesnobis.com\/en\/troglodyte-villages\/#primaryimage\"},\"thumbnailUrl\":\"https:\/\/www.campinglesnobis.com\/wp-content\/uploads\/2023\/05\/Le_Mystere_des_Faluns-cMathieu_GENON-6624-AnjouTourisme_resultat-1.webp\",\"datePublished\":\"2023-02-27T08:02:17+00:00\",\"dateModified\":\"2024-07-02T08:34:36+00:00\",\"breadcrumb\":{\"@id\":\"https:\/\/www.campinglesnobis.com\/en\/troglodyte-villages\/#breadcrumb\"},\"inLanguage\":\"en-US\",\"potentialAction\":[{\"@type\":\"ReadAction\",\"target\":[\"https:\/\/www.campinglesnobis.com\/en\/troglodyte-villages\/\"]}]},{\"@type\":\"ImageObject\",\"inLanguage\":\"en-US\",\"@id\":\"https:\/\/www.campinglesnobis.com\/en\/troglodyte-villages\/#primaryimage\",\"url\":\"https:\/\/www.campinglesnobis.com\/wp-content\/uploads\/2023\/05\/Le_Mystere_des_Faluns-cMathieu_GENON-6624-AnjouTourisme_resultat-1.webp\",\"contentUrl\":\"https:\/\/www.campinglesnobis.com\/wp-content\/uploads\/2023\/05\/Le_Mystere_des_Faluns-cMathieu_GENON-6624-AnjouTourisme_resultat-1.webp\",\"width\":1800,\"height\":1200,\"caption\":\"cave les mysteres de fallun en anjou\"},{\"@type\":\"BreadcrumbList\",\"@id\":\"https:\/\/www.campinglesnobis.com\/en\/troglodyte-villages\/#breadcrumb\",\"itemListElement\":[{\"@type\":\"ListItem\",\"position\":1,\"name\":\"camping Saumur\",\"item\":\"https:\/\/www.campinglesnobis.com\/en\/\"},{\"@type\":\"ListItem\",\"position\":2,\"name\":\"Cave villages\"}]},{\"@type\":\"WebSite\",\"@id\":\"https:\/\/www.campinglesnobis.com\/en\/#website\",\"url\":\"https:\/\/www.campinglesnobis.com\/en\/\",\"name\":\"Camping les Nobis d'Anjou\",\"description\":\"\",\"publisher\":{\"@id\":\"https:\/\/www.campinglesnobis.com\/en\/#organization\"},\"alternateName\":\"Les Nobis d'Anjou\",\"potentialAction\":[{\"@type\":\"SearchAction\",\"target\":{\"@type\":\"EntryPoint\",\"urlTemplate\":\"https:\/\/www.campinglesnobis.com\/en\/?s={search_term_string}\"},\"query-input\":{\"@type\":\"PropertyValueSpecification\",\"valueRequired\":true,\"valueName\":\"search_term_string\"}}],\"inLanguage\":\"en-US\"},{\"@type\":\"Organization\",\"@id\":\"https:\/\/www.campinglesnobis.com\/en\/#organization\",\"name\":\"Camping les Nobis d'Anjou\",\"url\":\"https:\/\/www.campinglesnobis.com\/en\/\",\"logo\":{\"@type\":\"ImageObject\",\"inLanguage\":\"en-US\",\"@id\":\"https:\/\/www.campinglesnobis.com\/en\/#\/schema\/logo\/image\/\",\"url\":\"https:\/\/www.campinglesnobis.com\/wp-content\/uploads\/2023\/02\/logo-paradis-nobis.webp\",\"contentUrl\":\"https:\/\/www.campinglesnobis.com\/wp-content\/uploads\/2023\/02\/logo-paradis-nobis.webp\",\"width\":200,\"height\":200,\"caption\":\"Camping les Nobis d'Anjou\"},\"image\":{\"@id\":\"https:\/\/www.campinglesnobis.com\/en\/#\/schema\/logo\/image\/\"}}]}<\/script>\n<!-- \/ Yoast SEO plugin. -->","yoast_head_json":{"title":"Troglodyte villages near Saumur - Must-see troglodyte sites","robots":{"index":"index","follow":"follow","max-snippet":"max-snippet:-1","max-image-preview":"max-image-preview:large","max-video-preview":"max-video-preview:-1"},"canonical":"https:\/\/www.campinglesnobis.com\/en\/troglodyte-villages\/","og_locale":"en_US","og_type":"article","og_title":"Troglodyte villages near Saumur - Must-see troglodyte sites","og_url":"https:\/\/www.campinglesnobis.com\/en\/troglodyte-villages\/","og_site_name":"Camping les Nobis d&#039;Anjou","article_modified_time":"2024-07-02T08:34:36+00:00","og_image":[{"width":1800,"height":1200,"url":"https:\/\/www.campinglesnobis.com\/wp-content\/uploads\/2023\/05\/Le_Mystere_des_Faluns-cMathieu_GENON-6624-AnjouTourisme_resultat-1.webp","type":"image\/webp"}],"twitter_card":"summary_large_image","twitter_misc":{"Est. reading time":"5 minutes"},"schema":{"@context":"https:\/\/schema.org","@graph":[{"@type":"WebPage","@id":"https:\/\/www.campinglesnobis.com\/en\/troglodyte-villages\/","url":"https:\/\/www.campinglesnobis.com\/en\/troglodyte-villages\/","name":"Troglodyte villages near Saumur - Must-see troglodyte sites","isPartOf":{"@id":"https:\/\/www.campinglesnobis.com\/en\/#website"},"primaryImageOfPage":{"@id":"https:\/\/www.campinglesnobis.com\/en\/troglodyte-villages\/#primaryimage"},"image":{"@id":"https:\/\/www.campinglesnobis.com\/en\/troglodyte-villages\/#primaryimage"},"thumbnailUrl":"https:\/\/www.campinglesnobis.com\/wp-content\/uploads\/2023\/05\/Le_Mystere_des_Faluns-cMathieu_GENON-6624-AnjouTourisme_resultat-1.webp","datePublished":"2023-02-27T08:02:17+00:00","dateModified":"2024-07-02T08:34:36+00:00","breadcrumb":{"@id":"https:\/\/www.campinglesnobis.com\/en\/troglodyte-villages\/#breadcrumb"},"inLanguage":"en-US","potentialAction":[{"@type":"ReadAction","target":["https:\/\/www.campinglesnobis.com\/en\/troglodyte-villages\/"]}]},{"@type":"ImageObject","inLanguage":"en-US","@id":"https:\/\/www.campinglesnobis.com\/en\/troglodyte-villages\/#primaryimage","url":"https:\/\/www.campinglesnobis.com\/wp-content\/uploads\/2023\/05\/Le_Mystere_des_Faluns-cMathieu_GENON-6624-AnjouTourisme_resultat-1.webp","contentUrl":"https:\/\/www.campinglesnobis.com\/wp-content\/uploads\/2023\/05\/Le_Mystere_des_Faluns-cMathieu_GENON-6624-AnjouTourisme_resultat-1.webp","width":1800,"height":1200,"caption":"cave les mysteres de fallun en anjou"},{"@type":"BreadcrumbList","@id":"https:\/\/www.campinglesnobis.com\/en\/troglodyte-villages\/#breadcrumb","itemListElement":[{"@type":"ListItem","position":1,"name":"camping Saumur","item":"https:\/\/www.campinglesnobis.com\/en\/"},{"@type":"ListItem","position":2,"name":"Cave villages"}]},{"@type":"WebSite","@id":"https:\/\/www.campinglesnobis.com\/en\/#website","url":"https:\/\/www.campinglesnobis.com\/en\/","name":"Camping les Nobis d'Anjou","description":"","publisher":{"@id":"https:\/\/www.campinglesnobis.com\/en\/#organization"},"alternateName":"Les Nobis d'Anjou","potentialAction":[{"@type":"SearchAction","target":{"@type":"EntryPoint","urlTemplate":"https:\/\/www.campinglesnobis.com\/en\/?s={search_term_string}"},"query-input":{"@type":"PropertyValueSpecification","valueRequired":true,"valueName":"search_term_string"}}],"inLanguage":"en-US"},{"@type":"Organization","@id":"https:\/\/www.campinglesnobis.com\/en\/#organization","name":"Camping les Nobis d'Anjou","url":"https:\/\/www.campinglesnobis.com\/en\/","logo":{"@type":"ImageObject","inLanguage":"en-US","@id":"https:\/\/www.campinglesnobis.com\/en\/#\/schema\/logo\/image\/","url":"https:\/\/www.campinglesnobis.com\/wp-content\/uploads\/2023\/02\/logo-paradis-nobis.webp","contentUrl":"https:\/\/www.campinglesnobis.com\/wp-content\/uploads\/2023\/02\/logo-paradis-nobis.webp","width":200,"height":200,"caption":"Camping les Nobis d'Anjou"},"image":{"@id":"https:\/\/www.campinglesnobis.com\/en\/#\/schema\/logo\/image\/"}}]}},"_links":{"self":[{"href":"https:\/\/www.campinglesnobis.com\/en\/wp-json\/wp\/v2\/pages\/11852","targetHints":{"allow":["GET"]}}],"collection":[{"href":"https:\/\/www.campinglesnobis.com\/en\/wp-json\/wp\/v2\/pages"}],"about":[{"href":"https:\/\/www.campinglesnobis.com\/en\/wp-json\/wp\/v2\/types\/page"}],"author":[{"embeddable":true,"href":"https:\/\/www.campinglesnobis.com\/en\/wp-json\/wp\/v2\/users\/1"}],"replies":[{"embeddable":true,"href":"https:\/\/www.campinglesnobis.com\/en\/wp-json\/wp\/v2\/comments?post=11852"}],"version-history":[{"count":6,"href":"https:\/\/www.campinglesnobis.com\/en\/wp-json\/wp\/v2\/pages\/11852\/revisions"}],"predecessor-version":[{"id":14550,"href":"https:\/\/www.campinglesnobis.com\/en\/wp-json\/wp\/v2\/pages\/11852\/revisions\/14550"}],"wp:featuredmedia":[{"embeddable":true,"href":"https:\/\/www.campinglesnobis.com\/en\/wp-json\/wp\/v2\/media\/13271"}],"wp:attachment":[{"href":"https:\/\/www.campinglesnobis.com\/en\/wp-json\/wp\/v2\/media?parent=11852"}],"wp:term":[{"taxonomy":"sujet","embeddable":true,"href":"https:\/\/www.campinglesnobis.com\/en\/wp-json\/wp\/v2\/sujet?post=11852"}],"curies":[{"name":"wp","href":"https:\/\/api.w.org\/{rel}","templated":true}]}}