{"id":11882,"date":"2023-02-20T11:46:47","date_gmt":"2023-02-20T10:46:47","guid":{"rendered":"https:\/\/www.campinglesnobis.com\/couples\/"},"modified":"2023-05-30T09:40:25","modified_gmt":"2023-05-30T07:40:25","slug":"campsite-couples-saumur","status":"publish","type":"page","link":"https:\/\/www.campinglesnobis.com\/en\/campsite-couples-saumur\/","title":{"rendered":"Couples"},"content":{"rendered":"<section id=\"ls-section-block_9069cc5ba25c3095ffc9e07bab531912\" class=\"ls-section  page-chapeau has-p-b p-b-0\" >\r\n        <div class=\"container \">\r\n        \n\n<h1 class=\"ls__heading wp-block-heading has-text-align-center\">Affordable luxury rentals for romantic stays in the Loire Valley<\/h1>\n\n\r\n    <\/div>\r\n<\/section>\n\n<section id=\"ls-section-block_f1d2c264a3ee1472941baab268334d59\" class=\"ls-section  page-one page-one-bis\" >\r\n        <div class=\"container container--wide\">\r\n        \n\n<div class=\"wp-block-columns is-layout-flex wp-container-core-columns-is-layout-9d6595d7 wp-block-columns-is-layout-flex\">\n<div class=\"wp-block-column is-layout-flow wp-block-column-is-layout-flow\" style=\"flex-basis:70%\">\n<figure class=\"wp-block-image size-large\"><a href=\"https:\/\/www.campinglesnobis.com\/wp-content\/uploads\/2023\/03\/voyagez-en-couple-au-camping-nobis-danjou.jpg\"><img decoding=\"async\" width=\"1024\" height=\"683\" src=\"https:\/\/www.campinglesnobis.com\/wp-content\/uploads\/2023\/03\/voyagez-en-couple-au-camping-nobis-danjou-1024x683.jpg\" alt=\"Travel as a couple to Nobis Danjou campsite\" class=\"wp-image-8374\" srcset=\"https:\/\/www.campinglesnobis.com\/wp-content\/uploads\/2023\/03\/voyagez-en-couple-au-camping-nobis-danjou-1024x683.jpg 1024w, https:\/\/www.campinglesnobis.com\/wp-content\/uploads\/2023\/03\/voyagez-en-couple-au-camping-nobis-danjou-300x200.jpg 300w, https:\/\/www.campinglesnobis.com\/wp-content\/uploads\/2023\/03\/voyagez-en-couple-au-camping-nobis-danjou-768x512.jpg 768w, https:\/\/www.campinglesnobis.com\/wp-content\/uploads\/2023\/03\/voyagez-en-couple-au-camping-nobis-danjou.jpg 1200w\" sizes=\"(max-width: 1024px) 100vw, 1024px\" \/><\/a><\/figure>\n<\/div>\n\n\n\n<div class=\"wp-block-column is-vertically-aligned-top is-layout-flow wp-block-column-is-layout-flow\" style=\"flex-basis:30%\">\n<p class=\"ls-paragraph\">Do you dream of<strong> visiting the castles of the Loire as a couple<\/strong> and staying in prestigious accommodation with equipped kitchen <a href=\"https:\/\/www.campinglesnobis.com\/en\/unexpensive-camping\/\">at the best price<\/a> ? The <a href=\"https:\/\/www.campinglesnobis.com\/en\/\">4-star paradise campsite Les Nobis d&#8217;Anjou near Saumur<\/a> offers special offers for cheap stays for two in Maine-et-Loire.<\/p>\n\n\n\n<p class=\"ls-paragraph\">We offer <strong>you a week of rental in our mobile home Comfort<\/strong> (1 bedroom, 20m2) <strong>at the best price!<\/strong> So you can enjoy the luxury and comfort of <a href=\"https:\/\/www.campinglesnobis.com\/en\/mobile-home-rental-saumur\/\">a mobile home<\/a> without getting upset with your wallet. Would you like a little more space while keeping your holiday budget under control?<\/p>\n\n\n\n<p class=\"ls-paragraph addReadMore showlesscontent\">Opt for the Confort <strong>2 bedroom mobile home with covered terrace<\/strong> and TV, which you can book now!.<\/p>\n\n\n<div class=\"wp-block-image image-deco\">\n<figure class=\"alignright size-full\"><img decoding=\"async\" width=\"210\" height=\"200\" src=\"https:\/\/www.campinglesnobis.com\/wp-content\/uploads\/2023\/03\/Calque-7icones.png\" alt=\"7icon layer\" class=\"wp-image-7913\"\/><\/figure>\n<\/div><\/div>\n<\/div>\n\n\r\n    <\/div>\r\n<\/section>\n\n<section id=\"ls-section-block_6d5b293ae407467ff37330e569ce7a8d\" class=\"ls-section  page-two deco-gris has-p-b p-b-14\" >\r\n        <div class=\"container container--wide\">\r\n        \n\n<div class=\"wp-block-columns first is-layout-flex wp-container-core-columns-is-layout-9d6595d7 wp-block-columns-is-layout-flex\">\n<div class=\"wp-block-column is-vertically-aligned-center left is-layout-flow wp-block-column-is-layout-flow\">\n<h2 class=\"ls__heading wp-block-heading\">An idyllic setting and premium services as a duo<\/h2>\n\n\n\n<p class=\"ls-paragraph\">At Les Nobis d&#8217;Anjou campsite, our services go far beyond the simple rental offer. For the duration of your<strong> stay as a couple in the Loire Valley<\/strong>, you can access the aquatic area free of charge. You can relax together in the <a href=\"https:\/\/www.campinglesnobis.com\/en\/camping-swimming-pool-saumur\/\">indoor heated swimming pool<\/a> after your visits, have breakfast on your private terrace or at the bar, open every day. The <strong>terrace of the bar<\/strong>, located near the pools, is ideal for a drink during the day or after dark.<\/p>\n\n\n\n<p class=\"ls-paragraph addReadMore showlesscontent\"><strong><a href=\"https:\/\/www.campinglesnobis.com\/en\/snack-montreuil-bellay\/\">Our restaurant<\/a> also welcomes you for lunch and dinner<\/strong> to enjoy specialties of the region. Located in an exceptional natural setting, near <a href=\"https:\/\/www.campinglesnobis.com\/en\/riverside\/\">the river<\/a> and shops, our establishment is also conducive to walks hand in hand in peace to share intimate moments by reconnecting with nature.<\/p>\n<\/div>\n\n\n\n<div class=\"wp-block-column right is-layout-flow wp-block-column-is-layout-flow\">\n<figure class=\"wp-block-gallery has-nested-images columns-2 is-cropped wp-block-gallery-1 is-layout-flex wp-block-gallery-is-layout-flex\">\n<figure class=\"wp-block-image size-large\"><a href=\"https:\/\/www.campinglesnobis.com\/wp-content\/uploads\/2023\/03\/sejour-en-couple-camping-avec-piscine.webp\"><img decoding=\"async\" width=\"1024\" height=\"683\" data-id=\"8383\" src=\"https:\/\/www.campinglesnobis.com\/wp-content\/uploads\/2023\/03\/sejour-en-couple-camping-avec-piscine-1024x683.webp\" alt=\"Stay as a couple campsite with swimming pool\" class=\"wp-image-8383\" srcset=\"https:\/\/www.campinglesnobis.com\/wp-content\/uploads\/2023\/03\/sejour-en-couple-camping-avec-piscine-1024x683.webp 1024w, https:\/\/www.campinglesnobis.com\/wp-content\/uploads\/2023\/03\/sejour-en-couple-camping-avec-piscine-300x200.webp 300w, https:\/\/www.campinglesnobis.com\/wp-content\/uploads\/2023\/03\/sejour-en-couple-camping-avec-piscine-768x512.webp 768w, https:\/\/www.campinglesnobis.com\/wp-content\/uploads\/2023\/03\/sejour-en-couple-camping-avec-piscine.webp 1200w\" sizes=\"(max-width: 1024px) 100vw, 1024px\" \/><\/a><\/figure>\n<\/figure>\n<\/div>\n<\/div>\n\n\r\n    <\/div>\r\n<\/section>\n\n<section id=\"ls-section-block_eeab17b6a75cd0595c8a891828b498fb\" class=\"ls-section  page-parallax has-background-image has-parallax\" >\r\n    <div class=\"ls-section__background-image opacity-100\"><img decoding=\"async\" src=\"https:\/\/www.campinglesnobis.com\/wp-content\/uploads\/2023\/05\/Abbaye_Royale_de_Fontevraud-cChristophe_MARTIN-6967-AnjouTourisme-1920px-copie-1.webp\" alt=\"Abbaye Royale de Fontevraud cChristophe MARTIN 6967 AnjouTourisme 1920px copie\"><\/div>    <div class=\"container \">\r\n        \n\n<p class=\"ls-paragraph\"><\/p>\n\n\r\n    <\/div>\r\n<\/section>\n\n<section id=\"ls-section-block_a44d52cc7a5f71e0355e743e955fd398\" class=\"ls-section  page-three\" >\r\n        <div class=\"container container--wide\">\r\n        \n\n<div class=\"wp-block-columns is-layout-flex wp-container-core-columns-is-layout-9d6595d7 wp-block-columns-is-layout-flex\">\n<div class=\"wp-block-column has-color-white-background-color has-background is-layout-flow wp-block-column-is-layout-flow\">\n<h2 class=\"ls__heading wp-block-heading has-text-align-center\">Sightseeing for two<\/h2>\n\n\n\n<p class=\"ls-paragraph has-text-align-center\">Camping Les Nobis d&#8217;Anjou enjoys a <strong>privileged geographical location<\/strong>. Less than 30 minutes by car, you can visit several castles of the Loire (Saumur, Br\u00e9z\u00e9, Chinon, Uss\u00e9, Azay-le-Rideau, Langeais), the magnificent abbey of Fontevraud and other remarkable monuments that <strong>fascinate history buffs<\/strong> and <strong>lovers of local heritage<\/strong>. The Loire Valley is also famous for its vineyards. During your <strong>stay near<\/strong> Saumur, you can combine visits to castles and cellars to taste the famous wines of the region such as Cabernet d&#8217;Anjou, Saumur Champigny and Coteaux-du-Layon.<\/p>\n\n\n\n<p class=\"ls-paragraph has-text-align-center\">Take advantage of the exceptional location of the Saumur campsite to discover the tourist activities in the surrounding area:<\/p>\n\n\n\n<ul class=\"ls-list wp-block-list\">\n<li>The <a href=\"https:\/\/www.campinglesnobis.com\/en\/campsite-puy-du-fou\/\">Puy du Fou<\/a><\/li>\n\n\n\n<li>The <a href=\"https:\/\/www.campinglesnobis.com\/en\/campsite-futuroscope\/\">Futuroscope<\/a><\/li>\n\n\n\n<li>The <a href=\"https:\/\/www.campinglesnobis.com\/en\/zoo-doue-la-fontaine\/\">zoo of Dou\u00e9<\/a><\/li>\n\n\n\n<li><a href=\"https:\/\/www.campinglesnobis.com\/en\/campsite-centers-parcs\/\">Center Parc Bois aux Daims<\/a><\/li>\n\n\n\n<li>The <a href=\"https:\/\/www.campinglesnobis.com\/en\/the-velo-francette\/\">V\u00e9lo Francette<\/a><\/li>\n\n\n\n<li>The <a href=\"https:\/\/www.campinglesnobis.com\/en\/the-black-frame\/\">Black Frame<\/a><\/li>\n\n\n\n<li><a href=\"https:\/\/www.campinglesnobis.com\/en\/troglodyte-villages\/\">Troglodyte Villages<\/a><\/li>\n\n\n\n<li>The <a href=\"https:\/\/www.campinglesnobis.com\/en\/camping-loire-castle\/\">Castles of the Loire<\/a><\/li>\n\n\n\n<li>The <a href=\"https:\/\/www.campinglesnobis.com\/en\/royal-abbey-fontevraud\/\">Abbey of Fontevraud<\/a><\/li>\n<\/ul>\n<\/div>\n<\/div>\n\n\r\n    <\/div>\r\n<\/section>\n\n<section id=\"ls-section-block_acb57a70dab3863a41fdc6286c85d901\" class=\"ls-section  page-maillage has-p-t p-t-14 has-p-b p-b-14\" >\r\n        <div class=\"container container--wide\">\r\n        \n\n<div id=\"ls-heading ls-titre-div-block_d3ff92b2ebfa6374579cdf5d55417941\" class=\"ls-titre-div aligncenter h2-like\" >\n    Discover our rentals for stays with family or friends!<\/div>\n\n\n<div id=\"ls-maillage-block_7326cb57482c8e49bfb37c9b1638e01b\" class=\"ls-maillage cta-style-normal\" data-rows=\"3\">\r\n    <div class=\"wp-block-columns\"><div class=\"wp-block-column\">\n\n<a href=\"https:\/\/www.campinglesnobis.com\/en\/mobile-home-rental-saumur\/\" target=\"\" rel=\"noopener\" class=\"ls-cta__link\">\n\n\t<div class=\"ls-cta__image\"><img decoding=\"async\" src=\"https:\/\/www.campinglesnobis.com\/wp-content\/uploads\/2023\/03\/Camping_Les_Nobis-cClo_et_Clem-AnjouTourisme-1920px-768x768.webp\" alt=\"Camping Les Nobis cClo et Clem AnjouTourisme px\"><\/div>\n\t<div class=\"ls-cta__title\">\n\t\t<span>Discover<\/span> <\/br> Our Rentals\t<\/div>\n\n\t\n<\/a>\n<\/div><div class=\"wp-block-column\">\n\n<a href=\"https:\/\/www.campinglesnobis.com\/en\/camping-family-saumur\/\" target=\"\" rel=\"noopener\" class=\"ls-cta__link\">\n\n\t<div class=\"ls-cta__image\"><img decoding=\"async\" src=\"https:\/\/www.campinglesnobis.com\/wp-content\/uploads\/2023\/03\/en-famille-3.jpg\" alt=\"famille heureuse qui joue dans l'herbe\"><\/div>\n\t<div class=\"ls-cta__title\">\n\t\tFamilies  \t<\/div>\n\n\t\n<\/a>\n<\/div><div class=\"wp-block-column\">\n\n<a href=\"https:\/\/www.campinglesnobis.com\/en\/reception-groups\/\" target=\"\" rel=\"noopener\" class=\"ls-cta__link\">\n\n\t<div class=\"ls-cta__image\"><img decoding=\"async\" src=\"https:\/\/www.campinglesnobis.com\/wp-content\/uploads\/2023\/03\/Services-des-nobis-danjou-7-768x512.webp\" alt=\"Services des nobis danjou \"><\/div>\n\t<div class=\"ls-cta__title\">\n\t\tWith friends\t<\/div>\n\n\t\n<\/a>\n<\/div><\/div><\/div>\n\r\n    <\/div>\r\n<\/section>","protected":false},"excerpt":{"rendered":"","protected":false},"author":1,"featured_media":13101,"parent":0,"menu_order":0,"comment_status":"closed","ping_status":"closed","template":"","meta":{"_acf_changed":false,"inline_featured_image":false,"footnotes":""},"sujet":[],"class_list":["post-11882","page","type-page","status-publish","has-post-thumbnail","hentry"],"acf":[],"yoast_head":"<!-- This site is optimized with the Yoast SEO plugin v25.3 - https:\/\/yoast.com\/wordpress\/plugins\/seo\/ -->\n<title>Camping for Couples: romantic stay in Pays de la Loire<\/title>\n<meta name=\"description\" content=\"Camping for couples near Saumur: discover our ideal campsite for welcoming couples on holiday in Maine et Loire\" \/>\n<meta name=\"robots\" content=\"index, follow, max-snippet:-1, max-image-preview:large, max-video-preview:-1\" \/>\n<link rel=\"canonical\" href=\"https:\/\/www.campinglesnobis.com\/en\/campsite-couples-saumur\/\" \/>\n<meta property=\"og:locale\" content=\"en_US\" \/>\n<meta property=\"og:type\" content=\"article\" \/>\n<meta property=\"og:title\" content=\"Camping for Couples: romantic stay in Pays de la Loire\" \/>\n<meta property=\"og:description\" content=\"Camping for couples near Saumur: discover our ideal campsite for welcoming couples on holiday in Maine et Loire\" \/>\n<meta property=\"og:url\" content=\"https:\/\/www.campinglesnobis.com\/en\/campsite-couples-saumur\/\" \/>\n<meta property=\"og:site_name\" content=\"Camping les Nobis d&#039;Anjou\" \/>\n<meta property=\"article:modified_time\" content=\"2023-05-30T07:40:25+00:00\" \/>\n<meta property=\"og:image\" content=\"https:\/\/www.campinglesnobis.com\/wp-content\/uploads\/2023\/03\/week-end-couple-camping-maine-et-loire.webp\" \/>\n\t<meta property=\"og:image:width\" content=\"1920\" \/>\n\t<meta property=\"og:image:height\" content=\"583\" \/>\n\t<meta property=\"og:image:type\" content=\"image\/webp\" \/>\n<meta name=\"twitter:card\" content=\"summary_large_image\" \/>\n<meta name=\"twitter:label1\" content=\"Est. reading time\" \/>\n\t<meta name=\"twitter:data1\" content=\"3 minutes\" \/>\n<script type=\"application\/ld+json\" class=\"yoast-schema-graph\">{\"@context\":\"https:\/\/schema.org\",\"@graph\":[{\"@type\":\"WebPage\",\"@id\":\"https:\/\/www.campinglesnobis.com\/en\/campsite-couples-saumur\/\",\"url\":\"https:\/\/www.campinglesnobis.com\/en\/campsite-couples-saumur\/\",\"name\":\"Camping for Couples: romantic stay in Pays de la Loire\",\"isPartOf\":{\"@id\":\"https:\/\/www.campinglesnobis.com\/en\/#website\"},\"primaryImageOfPage\":{\"@id\":\"https:\/\/www.campinglesnobis.com\/en\/campsite-couples-saumur\/#primaryimage\"},\"image\":{\"@id\":\"https:\/\/www.campinglesnobis.com\/en\/campsite-couples-saumur\/#primaryimage\"},\"thumbnailUrl\":\"https:\/\/www.campinglesnobis.com\/wp-content\/uploads\/2023\/05\/week-end-couple-camping-maine-et-loire-1.webp\",\"datePublished\":\"2023-02-20T10:46:47+00:00\",\"dateModified\":\"2023-05-30T07:40:25+00:00\",\"description\":\"Camping for couples near Saumur: discover our ideal campsite for welcoming couples on holiday in Maine et Loire\",\"breadcrumb\":{\"@id\":\"https:\/\/www.campinglesnobis.com\/en\/campsite-couples-saumur\/#breadcrumb\"},\"inLanguage\":\"en-US\",\"potentialAction\":[{\"@type\":\"ReadAction\",\"target\":[\"https:\/\/www.campinglesnobis.com\/en\/campsite-couples-saumur\/\"]}]},{\"@type\":\"ImageObject\",\"inLanguage\":\"en-US\",\"@id\":\"https:\/\/www.campinglesnobis.com\/en\/campsite-couples-saumur\/#primaryimage\",\"url\":\"https:\/\/www.campinglesnobis.com\/wp-content\/uploads\/2023\/05\/week-end-couple-camping-maine-et-loire-1.webp\",\"contentUrl\":\"https:\/\/www.campinglesnobis.com\/wp-content\/uploads\/2023\/05\/week-end-couple-camping-maine-et-loire-1.webp\",\"width\":1920,\"height\":583,\"caption\":\"week end couple camping maine et loire\"},{\"@type\":\"BreadcrumbList\",\"@id\":\"https:\/\/www.campinglesnobis.com\/en\/campsite-couples-saumur\/#breadcrumb\",\"itemListElement\":[{\"@type\":\"ListItem\",\"position\":1,\"name\":\"camping Saumur\",\"item\":\"https:\/\/www.campinglesnobis.com\/en\/\"},{\"@type\":\"ListItem\",\"position\":2,\"name\":\"Camping Saumur for couples\"}]},{\"@type\":\"WebSite\",\"@id\":\"https:\/\/www.campinglesnobis.com\/en\/#website\",\"url\":\"https:\/\/www.campinglesnobis.com\/en\/\",\"name\":\"Camping les Nobis d'Anjou\",\"description\":\"\",\"publisher\":{\"@id\":\"https:\/\/www.campinglesnobis.com\/en\/#organization\"},\"alternateName\":\"Les Nobis d'Anjou\",\"potentialAction\":[{\"@type\":\"SearchAction\",\"target\":{\"@type\":\"EntryPoint\",\"urlTemplate\":\"https:\/\/www.campinglesnobis.com\/en\/?s={search_term_string}\"},\"query-input\":{\"@type\":\"PropertyValueSpecification\",\"valueRequired\":true,\"valueName\":\"search_term_string\"}}],\"inLanguage\":\"en-US\"},{\"@type\":\"Organization\",\"@id\":\"https:\/\/www.campinglesnobis.com\/en\/#organization\",\"name\":\"Camping les Nobis d'Anjou\",\"url\":\"https:\/\/www.campinglesnobis.com\/en\/\",\"logo\":{\"@type\":\"ImageObject\",\"inLanguage\":\"en-US\",\"@id\":\"https:\/\/www.campinglesnobis.com\/en\/#\/schema\/logo\/image\/\",\"url\":\"https:\/\/www.campinglesnobis.com\/wp-content\/uploads\/2023\/02\/logo-paradis-nobis.webp\",\"contentUrl\":\"https:\/\/www.campinglesnobis.com\/wp-content\/uploads\/2023\/02\/logo-paradis-nobis.webp\",\"width\":200,\"height\":200,\"caption\":\"Camping les Nobis d'Anjou\"},\"image\":{\"@id\":\"https:\/\/www.campinglesnobis.com\/en\/#\/schema\/logo\/image\/\"}}]}<\/script>\n<!-- \/ Yoast SEO plugin. -->","yoast_head_json":{"title":"Camping for Couples: romantic stay in Pays de la Loire","description":"Camping for couples near Saumur: discover our ideal campsite for welcoming couples on holiday in Maine et Loire","robots":{"index":"index","follow":"follow","max-snippet":"max-snippet:-1","max-image-preview":"max-image-preview:large","max-video-preview":"max-video-preview:-1"},"canonical":"https:\/\/www.campinglesnobis.com\/en\/campsite-couples-saumur\/","og_locale":"en_US","og_type":"article","og_title":"Camping for Couples: romantic stay in Pays de la Loire","og_description":"Camping for couples near Saumur: discover our ideal campsite for welcoming couples on holiday in Maine et Loire","og_url":"https:\/\/www.campinglesnobis.com\/en\/campsite-couples-saumur\/","og_site_name":"Camping les Nobis d&#039;Anjou","article_modified_time":"2023-05-30T07:40:25+00:00","og_image":[{"width":1920,"height":583,"url":"https:\/\/www.campinglesnobis.com\/wp-content\/uploads\/2023\/03\/week-end-couple-camping-maine-et-loire.webp","type":"image\/webp"}],"twitter_card":"summary_large_image","twitter_misc":{"Est. reading time":"3 minutes"},"schema":{"@context":"https:\/\/schema.org","@graph":[{"@type":"WebPage","@id":"https:\/\/www.campinglesnobis.com\/en\/campsite-couples-saumur\/","url":"https:\/\/www.campinglesnobis.com\/en\/campsite-couples-saumur\/","name":"Camping for Couples: romantic stay in Pays de la Loire","isPartOf":{"@id":"https:\/\/www.campinglesnobis.com\/en\/#website"},"primaryImageOfPage":{"@id":"https:\/\/www.campinglesnobis.com\/en\/campsite-couples-saumur\/#primaryimage"},"image":{"@id":"https:\/\/www.campinglesnobis.com\/en\/campsite-couples-saumur\/#primaryimage"},"thumbnailUrl":"https:\/\/www.campinglesnobis.com\/wp-content\/uploads\/2023\/05\/week-end-couple-camping-maine-et-loire-1.webp","datePublished":"2023-02-20T10:46:47+00:00","dateModified":"2023-05-30T07:40:25+00:00","description":"Camping for couples near Saumur: discover our ideal campsite for welcoming couples on holiday in Maine et Loire","breadcrumb":{"@id":"https:\/\/www.campinglesnobis.com\/en\/campsite-couples-saumur\/#breadcrumb"},"inLanguage":"en-US","potentialAction":[{"@type":"ReadAction","target":["https:\/\/www.campinglesnobis.com\/en\/campsite-couples-saumur\/"]}]},{"@type":"ImageObject","inLanguage":"en-US","@id":"https:\/\/www.campinglesnobis.com\/en\/campsite-couples-saumur\/#primaryimage","url":"https:\/\/www.campinglesnobis.com\/wp-content\/uploads\/2023\/05\/week-end-couple-camping-maine-et-loire-1.webp","contentUrl":"https:\/\/www.campinglesnobis.com\/wp-content\/uploads\/2023\/05\/week-end-couple-camping-maine-et-loire-1.webp","width":1920,"height":583,"caption":"week end couple camping maine et loire"},{"@type":"BreadcrumbList","@id":"https:\/\/www.campinglesnobis.com\/en\/campsite-couples-saumur\/#breadcrumb","itemListElement":[{"@type":"ListItem","position":1,"name":"camping Saumur","item":"https:\/\/www.campinglesnobis.com\/en\/"},{"@type":"ListItem","position":2,"name":"Camping Saumur for couples"}]},{"@type":"WebSite","@id":"https:\/\/www.campinglesnobis.com\/en\/#website","url":"https:\/\/www.campinglesnobis.com\/en\/","name":"Camping les Nobis d'Anjou","description":"","publisher":{"@id":"https:\/\/www.campinglesnobis.com\/en\/#organization"},"alternateName":"Les Nobis d'Anjou","potentialAction":[{"@type":"SearchAction","target":{"@type":"EntryPoint","urlTemplate":"https:\/\/www.campinglesnobis.com\/en\/?s={search_term_string}"},"query-input":{"@type":"PropertyValueSpecification","valueRequired":true,"valueName":"search_term_string"}}],"inLanguage":"en-US"},{"@type":"Organization","@id":"https:\/\/www.campinglesnobis.com\/en\/#organization","name":"Camping les Nobis d'Anjou","url":"https:\/\/www.campinglesnobis.com\/en\/","logo":{"@type":"ImageObject","inLanguage":"en-US","@id":"https:\/\/www.campinglesnobis.com\/en\/#\/schema\/logo\/image\/","url":"https:\/\/www.campinglesnobis.com\/wp-content\/uploads\/2023\/02\/logo-paradis-nobis.webp","contentUrl":"https:\/\/www.campinglesnobis.com\/wp-content\/uploads\/2023\/02\/logo-paradis-nobis.webp","width":200,"height":200,"caption":"Camping les Nobis d'Anjou"},"image":{"@id":"https:\/\/www.campinglesnobis.com\/en\/#\/schema\/logo\/image\/"}}]}},"_links":{"self":[{"href":"https:\/\/www.campinglesnobis.com\/en\/wp-json\/wp\/v2\/pages\/11882","targetHints":{"allow":["GET"]}}],"collection":[{"href":"https:\/\/www.campinglesnobis.com\/en\/wp-json\/wp\/v2\/pages"}],"about":[{"href":"https:\/\/www.campinglesnobis.com\/en\/wp-json\/wp\/v2\/types\/page"}],"author":[{"embeddable":true,"href":"https:\/\/www.campinglesnobis.com\/en\/wp-json\/wp\/v2\/users\/1"}],"replies":[{"embeddable":true,"href":"https:\/\/www.campinglesnobis.com\/en\/wp-json\/wp\/v2\/comments?post=11882"}],"version-history":[{"count":10,"href":"https:\/\/www.campinglesnobis.com\/en\/wp-json\/wp\/v2\/pages\/11882\/revisions"}],"predecessor-version":[{"id":13074,"href":"https:\/\/www.campinglesnobis.com\/en\/wp-json\/wp\/v2\/pages\/11882\/revisions\/13074"}],"wp:featuredmedia":[{"embeddable":true,"href":"https:\/\/www.campinglesnobis.com\/en\/wp-json\/wp\/v2\/media\/13101"}],"wp:attachment":[{"href":"https:\/\/www.campinglesnobis.com\/en\/wp-json\/wp\/v2\/media?parent=11882"}],"wp:term":[{"taxonomy":"sujet","embeddable":true,"href":"https:\/\/www.campinglesnobis.com\/en\/wp-json\/wp\/v2\/sujet?post=11882"}],"curies":[{"name":"wp","href":"https:\/\/api.w.org\/{rel}","templated":true}]}}