{"id":11901,"date":"2023-02-20T11:47:46","date_gmt":"2023-02-20T10:47:46","guid":{"rendered":"https:\/\/www.campinglesnobis.com\/fishing\/"},"modified":"2023-05-30T10:40:36","modified_gmt":"2023-05-30T08:40:36","slug":"camping-fishing-maine-et-loire","status":"publish","type":"page","link":"https:\/\/www.campinglesnobis.com\/en\/camping-fishing-maine-et-loire\/","title":{"rendered":"Fishing"},"content":{"rendered":"<section id=\"ls-section-block_e2e79f193a5dfafd5e86d991070d0f74\" class=\"ls-section  page-chapeau has-p-b p-b-0\" >\r\n        <div class=\"container \">\r\n        \n\n<h1 class=\"ls__heading wp-block-heading has-text-align-center\">Your holiday in Saumur in a campsite with private fishing spots<\/h1>\n\n\r\n    <\/div>\r\n<\/section>\n\n<section id=\"ls-section-block_11564cd7169976f034c1a89354b21f49\" class=\"ls-section  page-one page-one-bis\" >\r\n        <div class=\"container container--wide\">\r\n        \n\n<div class=\"wp-block-columns is-layout-flex wp-container-core-columns-is-layout-9d6595d7 wp-block-columns-is-layout-flex\">\n<div class=\"wp-block-column is-layout-flow wp-block-column-is-layout-flow\" style=\"flex-basis:70%\">\n<figure class=\"wp-block-image size-large\"><a href=\"https:\/\/www.campinglesnobis.com\/wp-content\/uploads\/2023\/05\/peche-dans-la-riviere-du-thouet.webp\"><img decoding=\"async\" width=\"1024\" height=\"683\" src=\"https:\/\/www.campinglesnobis.com\/wp-content\/uploads\/2023\/05\/peche-dans-la-riviere-du-thouet-1024x683.webp\" alt=\"peche dans la riviere du thouet\" class=\"wp-image-13032\" srcset=\"https:\/\/www.campinglesnobis.com\/wp-content\/uploads\/2023\/05\/peche-dans-la-riviere-du-thouet-1024x683.webp 1024w, https:\/\/www.campinglesnobis.com\/wp-content\/uploads\/2023\/05\/peche-dans-la-riviere-du-thouet-300x200.webp 300w, https:\/\/www.campinglesnobis.com\/wp-content\/uploads\/2023\/05\/peche-dans-la-riviere-du-thouet-768x512.webp 768w, https:\/\/www.campinglesnobis.com\/wp-content\/uploads\/2023\/05\/peche-dans-la-riviere-du-thouet.webp 1200w\" sizes=\"(max-width: 1024px) 100vw, 1024px\" \/><\/a><\/figure>\n<\/div>\n\n\n\n<div class=\"wp-block-column is-vertically-aligned-top is-layout-flow wp-block-column-is-layout-flow\" style=\"flex-basis:30%\">\n<p class=\"ls-paragraph\">What would you say to a stay in the middle of nature with your feet in the water with all the family? <strong>Situated on the water&#8217;s edge<\/strong> in a green setting, our campsite offers <a href=\"https:\/\/www.campinglesnobis.com\/en\/mobile-home-rental-saumur\/\">mobile homes<\/a>, chalets and <a href=\"https:\/\/www.campinglesnobis.com\/en\/location-tent-saumur\/\">comfortable pitches.<\/a><\/p>\n\n\n\n<p class=\"ls-paragraph\">Camping Les Nobis d&#8217;Anjou is an ideal destination in Saumur to indulge in <strong>the pleasures of river fishing<\/strong> . Indeed, the campsite is located just 5 meters from the Thouet, a <strong>river full of fish<\/strong> in the Loire-Anjou-Touraine region.  <\/p>\n\n\n\n<p class=\"ls-paragraph\">Amateur or experienced fishermen will be able to practice all fishing techniques during their <a href=\"https:\/\/www.campinglesnobis.com\/en\/\">camping holidays near Saumur<\/a> !<\/p>\n\n\n<div class=\"wp-block-image image-deco\">\n<figure class=\"alignright size-full\"><img decoding=\"async\" width=\"350\" height=\"150\" src=\"https:\/\/www.campinglesnobis.com\/wp-content\/uploads\/2023\/03\/torcheicones-1.png\" alt=\"torcheicones 1\" class=\"wp-image-8223\" srcset=\"https:\/\/www.campinglesnobis.com\/wp-content\/uploads\/2023\/03\/torcheicones-1.png 350w, https:\/\/www.campinglesnobis.com\/wp-content\/uploads\/2023\/03\/torcheicones-1-300x129.png 300w\" sizes=\"(max-width: 350px) 100vw, 350px\" \/><\/figure>\n<\/div><\/div>\n<\/div>\n\n\r\n    <\/div>\r\n<\/section>\n\n<section id=\"ls-section-block_fb172b7c57734f1c63712e7688a14c19\" class=\"ls-section  page-two deco-gris has-p-b p-b-14\" >\r\n        <div class=\"container container--wide\">\r\n        \n\n<div class=\"wp-block-columns first is-layout-flex wp-container-core-columns-is-layout-9d6595d7 wp-block-columns-is-layout-flex\">\n<div class=\"wp-block-column is-vertically-aligned-center left is-layout-flow wp-block-column-is-layout-flow\">\n<h2 class=\"ls__heading wp-block-heading\">A holiday under the sign of fishing<\/h2>\n\n\n\n<p class=\"ls-paragraph\"><strong>The ideal campsite for fishing during your holidays!<\/strong><\/p>\n\n\n\n<p class=\"ls-paragraph\">The campsite has <strong>direct access to the banks of the Thouet<\/strong>. Thus, after crossing the gate (safety for children), <strong>campers-fishermen<\/strong> can start their fishing trip and hook at the end of their line beautiful<strong> Black Bass, pike, carp, pikeperch and others and white fish<\/strong> &#8230;<\/p>\n\n\n\n<p class=\"ls-paragraph\">Fishing techniques practiced in the Thouet River:<\/p>\n\n\n\n<p class=\"ls-paragraph\">You can practice shot fishing by the <a href=\"https:\/\/www.campinglesnobis.com\/en\/riverside\/\">river<\/a>, nothing like a telescopic rod to fish over more or less long distances.<\/p>\n<\/div>\n\n\n\n<div class=\"wp-block-column is-vertically-aligned-center right is-layout-flow wp-block-column-is-layout-flow\">\n<figure class=\"wp-block-gallery has-nested-images columns-2 is-cropped wp-block-gallery-1 is-layout-flex wp-block-gallery-is-layout-flex\">\n<figure class=\"wp-block-image size-full animated fadeInRight delay-100ms slow\"><a href=\"https:\/\/www.campinglesnobis.com\/wp-content\/uploads\/2023\/03\/riviere-pour-pecher-amateurs-ou-pro.webp\"><img decoding=\"async\" width=\"900\" height=\"600\" data-id=\"8498\" src=\"https:\/\/www.campinglesnobis.com\/wp-content\/uploads\/2023\/03\/riviere-pour-pecher-amateurs-ou-pro.webp\" alt=\"River for amateur or pro fishing\" class=\"wp-image-8498\" srcset=\"https:\/\/www.campinglesnobis.com\/wp-content\/uploads\/2023\/03\/riviere-pour-pecher-amateurs-ou-pro.webp 900w, https:\/\/www.campinglesnobis.com\/wp-content\/uploads\/2023\/03\/riviere-pour-pecher-amateurs-ou-pro-300x200.webp 300w, https:\/\/www.campinglesnobis.com\/wp-content\/uploads\/2023\/03\/riviere-pour-pecher-amateurs-ou-pro-768x512.webp 768w\" sizes=\"(max-width: 900px) 100vw, 900px\" \/><\/a><\/figure>\n<\/figure>\n<\/div>\n<\/div>\n\n\n\n<div class=\"wp-block-columns second is-layout-flex wp-container-core-columns-is-layout-9d6595d7 wp-block-columns-is-layout-flex\">\n<div class=\"wp-block-column is-vertically-aligned-center left is-layout-flow wp-block-column-is-layout-flow\">\n<figure class=\"wp-block-gallery aligncenter has-nested-images columns-2 is-cropped wp-block-gallery-2 is-layout-flex wp-block-gallery-is-layout-flex\">\n<figure class=\"wp-block-image size-large animated fadeInLeft delay-200ms slow\"><a href=\"https:\/\/www.campinglesnobis.com\/wp-content\/uploads\/2023\/03\/riviere-peche-du-bar.webp\"><img decoding=\"async\" width=\"1024\" height=\"683\" data-id=\"8493\" src=\"https:\/\/www.campinglesnobis.com\/wp-content\/uploads\/2023\/03\/riviere-peche-du-bar-1024x683.webp\" alt=\"River fishing pike\" class=\"wp-image-8493\" srcset=\"https:\/\/www.campinglesnobis.com\/wp-content\/uploads\/2023\/03\/riviere-peche-du-bar-1024x683.webp 1024w, https:\/\/www.campinglesnobis.com\/wp-content\/uploads\/2023\/03\/riviere-peche-du-bar-300x200.webp 300w, https:\/\/www.campinglesnobis.com\/wp-content\/uploads\/2023\/03\/riviere-peche-du-bar-768x512.webp 768w, https:\/\/www.campinglesnobis.com\/wp-content\/uploads\/2023\/03\/riviere-peche-du-bar.webp 1200w\" sizes=\"(max-width: 1024px) 100vw, 1024px\" \/><\/a><\/figure>\n<\/figure>\n<\/div>\n\n\n\n<div class=\"wp-block-column is-vertically-aligned-center right is-layout-flow wp-block-column-is-layout-flow\">\n<h2 class=\"ls__heading wp-block-heading\">Information on fishing in the river Le Thouet<\/h2>\n\n\n\n<p class=\"ls-paragraph\">The Thouet is a river in the <strong>Pays<\/strong> <strong>de<\/strong> <strong>la<\/strong> <strong>Loire<\/strong> region of France.<strong><\/strong><\/p>\n\n\n\n<p class=\"ls-paragraph\">This river allows you to practice all types of fishing, and remains a place sought after by enthusiasts.<\/p>\n\n\n\n<p class=\"ls-paragraph\">What fish can be caught in the Thouet River? :<\/p>\n\n\n\n<ul class=\"ls-list wp-block-list\">\n<li>Zander<\/li>\n\n\n\n<li>Pike<\/li>\n\n\n\n<li>Black Bass<\/li>\n\n\n\n<li>Catfish<\/li>\n\n\n\n<li>White<\/li>\n<\/ul>\n<\/div>\n<\/div>\n\n\r\n    <\/div>\r\n<\/section>\n\n<section id=\"ls-section-block_8bcef8949bbe7a276b262dc2572d3b60\" class=\"ls-section  page-parallax has-background-image has-parallax\" >\r\n    <div class=\"ls-section__background-image opacity-100\"><img decoding=\"async\" src=\"https:\/\/www.campinglesnobis.com\/wp-content\/uploads\/2023\/05\/pecheurs-en-riviere-camping-nobis-d-anjou-1.webp\" alt=\"pecheurs en riviere camping nobis d anjou\"><\/div>    <div class=\"container \">\r\n        \n\n<p class=\"ls-paragraph\"><\/p>\n\n\r\n    <\/div>\r\n<\/section>\n\n<section id=\"ls-section-block_0fd16b5cb69211b6d8b71b559569225c\" class=\"ls-section  page-three\" >\r\n        <div class=\"container container--wide\">\r\n        \n\n<div class=\"wp-block-columns is-layout-flex wp-container-core-columns-is-layout-9d6595d7 wp-block-columns-is-layout-flex\">\n<div class=\"wp-block-column has-color-white-background-color has-background is-layout-flow wp-block-column-is-layout-flow\">\n<h2 class=\"ls__heading wp-block-heading has-text-align-center\">Accessible fishing in the campsite river<\/h2>\n\n\n\n<p class=\"ls-paragraph has-text-align-center\"><strong>Services offered by Camping Les Nobis d&#8217;anjou for a stay dedicated to fishing.<\/strong><\/p>\n\n\n\n<ul class=\"ls-list wp-block-list\">\n<li>Mobile home rental with or without terrace by the week or weekend.  <\/li>\n\n\n\n<li>Campsite rental by the week or weekend.<\/li>\n\n\n\n<li>Local fishing<\/li>\n\n\n\n<li>Fridge<\/li>\n\n\n\n<li>Live tray <\/li>\n<\/ul>\n\n\n\n<p class=\"ls-paragraph has-text-align-center\"><strong>Type of public accepted to fish in our campsite<\/strong><\/p>\n\n\n\n<p class=\"ls-paragraph has-text-align-center\">Fishing accessible to all<\/p>\n\n\n\n<p class=\"ls-paragraph has-text-align-center\">Youth \/ Adults \/ Families \/ Groups<br><strong>Important<\/strong> : you must be in possession of your fishing license! (otherwise day pass: 10 \u20ac) on sale in the city.<\/p>\n<\/div>\n<\/div>\n\n\r\n    <\/div>\r\n<\/section>\n\n<section id=\"ls-section-block_50f46d15c36cefc7ca300ac61c3319bd\" class=\"ls-section  page-maillage has-p-t p-t-14 has-p-b p-b-14\" >\r\n        <div class=\"container container--wide\">\r\n        \n\n<div id=\"ls-heading ls-titre-div-block_38d774a8101afb537ea79ed9a7a65cc1\" class=\"ls-titre-div aligncenter h2-like\" >\n    Discover other aquatic activities:<\/div>\n\n\n<div id=\"ls-maillage-block_2e60933830d47dbe469a202c2c254553\" class=\"ls-maillage cta-style-normal\" data-rows=\"3\">\r\n    <div class=\"wp-block-columns\"><div class=\"wp-block-column\">\n\n<a href=\"https:\/\/www.campinglesnobis.com\/en\/campsite-centers-parcs\/\" target=\"\" rel=\"noopener\" class=\"ls-cta__link\">\n\n\t<div class=\"ls-cta__image\"><img decoding=\"async\" src=\"https:\/\/www.campinglesnobis.com\/wp-content\/uploads\/2023\/04\/AAA_112672_169-768x339.webp\" alt=\"Moment detente sous l'eau au center parks \u00e0 c\u00f4t\u00e9 des nobis d'anjou\"><\/div>\n\t<div class=\"ls-cta__title\">\n\t\t<span>Discover the<\/span> <\/br> Center Parcs\t<\/div>\n\n\t\n<\/a>\n<\/div><div class=\"wp-block-column\">\n\n<a href=\"https:\/\/www.campinglesnobis.com\/en\/riverside\/\" target=\"\" rel=\"noopener\" class=\"ls-cta__link\">\n\n\t<div class=\"ls-cta__image\"><img decoding=\"async\" src=\"https:\/\/www.campinglesnobis.com\/wp-content\/uploads\/2023\/06\/Projet_20230527_0027_resultat-768x512.webp\" alt=\"la rivi\u00e8re depuis les berges du camping les nobis d'anujou\"><\/div>\n\t<div class=\"ls-cta__title\">\n\t\triverside\t<\/div>\n\n\t\n<\/a>\n<\/div><div class=\"wp-block-column\">\n\n<a href=\"https:\/\/www.campinglesnobis.com\/en\/camping-swimming-pool-saumur\/\" target=\"\" rel=\"noopener\" class=\"ls-cta__link\">\n\n\t<div class=\"ls-cta__image\"><img decoding=\"async\" src=\"https:\/\/www.campinglesnobis.com\/wp-content\/uploads\/2023\/03\/famille-masque-plongee-dans-une-piscine-768x512.webp\" alt=\"famille masque plongee dans une piscine\"><\/div>\n\t<div class=\"ls-cta__title\">\n\t\tThe Pool\t<\/div>\n\n\t\n<\/a>\n<\/div><\/div><\/div>\n\r\n    <\/div>\r\n<\/section>","protected":false},"excerpt":{"rendered":"","protected":false},"author":1,"featured_media":13152,"parent":0,"menu_order":0,"comment_status":"closed","ping_status":"closed","template":"","meta":{"_acf_changed":false,"inline_featured_image":false,"footnotes":""},"sujet":[],"class_list":["post-11901","page","type-page","status-publish","has-post-thumbnail","hentry"],"acf":[],"yoast_head":"<!-- This site is optimized with the Yoast SEO plugin v25.3 - https:\/\/yoast.com\/wordpress\/plugins\/seo\/ -->\n<title>Fishing camping: fish in the river Le Thouet | Campsite river fishing<\/title>\n<meta name=\"description\" content=\"Your are looking for a fishing campsite near Saumur ? Enjoy the riverside to practice fishing during your holidays\" \/>\n<meta name=\"robots\" content=\"index, follow, max-snippet:-1, max-image-preview:large, max-video-preview:-1\" \/>\n<link rel=\"canonical\" href=\"https:\/\/www.campinglesnobis.com\/en\/camping-fishing-maine-et-loire\/\" \/>\n<meta property=\"og:locale\" content=\"en_US\" \/>\n<meta property=\"og:type\" content=\"article\" \/>\n<meta property=\"og:title\" content=\"Fishing camping: fish in the river Le Thouet | Campsite river fishing\" \/>\n<meta property=\"og:description\" content=\"Your are looking for a fishing campsite near Saumur ? Enjoy the riverside to practice fishing during your holidays\" \/>\n<meta property=\"og:url\" content=\"https:\/\/www.campinglesnobis.com\/en\/camping-fishing-maine-et-loire\/\" \/>\n<meta property=\"og:site_name\" content=\"Camping les Nobis d&#039;Anjou\" \/>\n<meta property=\"article:modified_time\" content=\"2023-05-30T08:40:36+00:00\" \/>\n<meta property=\"og:image\" content=\"https:\/\/www.campinglesnobis.com\/wp-content\/uploads\/2023\/05\/peche-en-riviere-pour-toute-la-famille-1.webp\" \/>\n\t<meta property=\"og:image:width\" content=\"1920\" \/>\n\t<meta property=\"og:image:height\" content=\"634\" \/>\n\t<meta property=\"og:image:type\" content=\"image\/webp\" \/>\n<meta name=\"twitter:card\" content=\"summary_large_image\" \/>\n<meta name=\"twitter:label1\" content=\"Est. reading time\" \/>\n\t<meta name=\"twitter:data1\" content=\"3 minutes\" \/>\n<script type=\"application\/ld+json\" class=\"yoast-schema-graph\">{\"@context\":\"https:\/\/schema.org\",\"@graph\":[{\"@type\":\"WebPage\",\"@id\":\"https:\/\/www.campinglesnobis.com\/en\/camping-fishing-maine-et-loire\/\",\"url\":\"https:\/\/www.campinglesnobis.com\/en\/camping-fishing-maine-et-loire\/\",\"name\":\"Fishing camping: fish in the river Le Thouet | Campsite river fishing\",\"isPartOf\":{\"@id\":\"https:\/\/www.campinglesnobis.com\/en\/#website\"},\"primaryImageOfPage\":{\"@id\":\"https:\/\/www.campinglesnobis.com\/en\/camping-fishing-maine-et-loire\/#primaryimage\"},\"image\":{\"@id\":\"https:\/\/www.campinglesnobis.com\/en\/camping-fishing-maine-et-loire\/#primaryimage\"},\"thumbnailUrl\":\"https:\/\/www.campinglesnobis.com\/wp-content\/uploads\/2023\/05\/peche-en-riviere-pour-toute-la-famille-1.webp\",\"datePublished\":\"2023-02-20T10:47:46+00:00\",\"dateModified\":\"2023-05-30T08:40:36+00:00\",\"description\":\"Your are looking for a fishing campsite near Saumur ? Enjoy the riverside to practice fishing during your holidays\",\"breadcrumb\":{\"@id\":\"https:\/\/www.campinglesnobis.com\/en\/camping-fishing-maine-et-loire\/#breadcrumb\"},\"inLanguage\":\"en-US\",\"potentialAction\":[{\"@type\":\"ReadAction\",\"target\":[\"https:\/\/www.campinglesnobis.com\/en\/camping-fishing-maine-et-loire\/\"]}]},{\"@type\":\"ImageObject\",\"inLanguage\":\"en-US\",\"@id\":\"https:\/\/www.campinglesnobis.com\/en\/camping-fishing-maine-et-loire\/#primaryimage\",\"url\":\"https:\/\/www.campinglesnobis.com\/wp-content\/uploads\/2023\/05\/peche-en-riviere-pour-toute-la-famille-1.webp\",\"contentUrl\":\"https:\/\/www.campinglesnobis.com\/wp-content\/uploads\/2023\/05\/peche-en-riviere-pour-toute-la-famille-1.webp\",\"width\":1920,\"height\":634,\"caption\":\"peche en riviere pour toute la famille\"},{\"@type\":\"BreadcrumbList\",\"@id\":\"https:\/\/www.campinglesnobis.com\/en\/camping-fishing-maine-et-loire\/#breadcrumb\",\"itemListElement\":[{\"@type\":\"ListItem\",\"position\":1,\"name\":\"camping Saumur\",\"item\":\"https:\/\/www.campinglesnobis.com\/en\/\"},{\"@type\":\"ListItem\",\"position\":2,\"name\":\"Camping for fisherman Loire\"}]},{\"@type\":\"WebSite\",\"@id\":\"https:\/\/www.campinglesnobis.com\/en\/#website\",\"url\":\"https:\/\/www.campinglesnobis.com\/en\/\",\"name\":\"Camping les Nobis d'Anjou\",\"description\":\"\",\"publisher\":{\"@id\":\"https:\/\/www.campinglesnobis.com\/en\/#organization\"},\"alternateName\":\"Les Nobis d'Anjou\",\"potentialAction\":[{\"@type\":\"SearchAction\",\"target\":{\"@type\":\"EntryPoint\",\"urlTemplate\":\"https:\/\/www.campinglesnobis.com\/en\/?s={search_term_string}\"},\"query-input\":{\"@type\":\"PropertyValueSpecification\",\"valueRequired\":true,\"valueName\":\"search_term_string\"}}],\"inLanguage\":\"en-US\"},{\"@type\":\"Organization\",\"@id\":\"https:\/\/www.campinglesnobis.com\/en\/#organization\",\"name\":\"Camping les Nobis d'Anjou\",\"url\":\"https:\/\/www.campinglesnobis.com\/en\/\",\"logo\":{\"@type\":\"ImageObject\",\"inLanguage\":\"en-US\",\"@id\":\"https:\/\/www.campinglesnobis.com\/en\/#\/schema\/logo\/image\/\",\"url\":\"https:\/\/www.campinglesnobis.com\/wp-content\/uploads\/2023\/02\/logo-paradis-nobis.webp\",\"contentUrl\":\"https:\/\/www.campinglesnobis.com\/wp-content\/uploads\/2023\/02\/logo-paradis-nobis.webp\",\"width\":200,\"height\":200,\"caption\":\"Camping les Nobis d'Anjou\"},\"image\":{\"@id\":\"https:\/\/www.campinglesnobis.com\/en\/#\/schema\/logo\/image\/\"}}]}<\/script>\n<!-- \/ Yoast SEO plugin. -->","yoast_head_json":{"title":"Fishing camping: fish in the river Le Thouet | Campsite river fishing","description":"Your are looking for a fishing campsite near Saumur ? Enjoy the riverside to practice fishing during your holidays","robots":{"index":"index","follow":"follow","max-snippet":"max-snippet:-1","max-image-preview":"max-image-preview:large","max-video-preview":"max-video-preview:-1"},"canonical":"https:\/\/www.campinglesnobis.com\/en\/camping-fishing-maine-et-loire\/","og_locale":"en_US","og_type":"article","og_title":"Fishing camping: fish in the river Le Thouet | Campsite river fishing","og_description":"Your are looking for a fishing campsite near Saumur ? Enjoy the riverside to practice fishing during your holidays","og_url":"https:\/\/www.campinglesnobis.com\/en\/camping-fishing-maine-et-loire\/","og_site_name":"Camping les Nobis d&#039;Anjou","article_modified_time":"2023-05-30T08:40:36+00:00","og_image":[{"width":1920,"height":634,"url":"https:\/\/www.campinglesnobis.com\/wp-content\/uploads\/2023\/05\/peche-en-riviere-pour-toute-la-famille-1.webp","type":"image\/webp"}],"twitter_card":"summary_large_image","twitter_misc":{"Est. reading time":"3 minutes"},"schema":{"@context":"https:\/\/schema.org","@graph":[{"@type":"WebPage","@id":"https:\/\/www.campinglesnobis.com\/en\/camping-fishing-maine-et-loire\/","url":"https:\/\/www.campinglesnobis.com\/en\/camping-fishing-maine-et-loire\/","name":"Fishing camping: fish in the river Le Thouet | Campsite river fishing","isPartOf":{"@id":"https:\/\/www.campinglesnobis.com\/en\/#website"},"primaryImageOfPage":{"@id":"https:\/\/www.campinglesnobis.com\/en\/camping-fishing-maine-et-loire\/#primaryimage"},"image":{"@id":"https:\/\/www.campinglesnobis.com\/en\/camping-fishing-maine-et-loire\/#primaryimage"},"thumbnailUrl":"https:\/\/www.campinglesnobis.com\/wp-content\/uploads\/2023\/05\/peche-en-riviere-pour-toute-la-famille-1.webp","datePublished":"2023-02-20T10:47:46+00:00","dateModified":"2023-05-30T08:40:36+00:00","description":"Your are looking for a fishing campsite near Saumur ? Enjoy the riverside to practice fishing during your holidays","breadcrumb":{"@id":"https:\/\/www.campinglesnobis.com\/en\/camping-fishing-maine-et-loire\/#breadcrumb"},"inLanguage":"en-US","potentialAction":[{"@type":"ReadAction","target":["https:\/\/www.campinglesnobis.com\/en\/camping-fishing-maine-et-loire\/"]}]},{"@type":"ImageObject","inLanguage":"en-US","@id":"https:\/\/www.campinglesnobis.com\/en\/camping-fishing-maine-et-loire\/#primaryimage","url":"https:\/\/www.campinglesnobis.com\/wp-content\/uploads\/2023\/05\/peche-en-riviere-pour-toute-la-famille-1.webp","contentUrl":"https:\/\/www.campinglesnobis.com\/wp-content\/uploads\/2023\/05\/peche-en-riviere-pour-toute-la-famille-1.webp","width":1920,"height":634,"caption":"peche en riviere pour toute la famille"},{"@type":"BreadcrumbList","@id":"https:\/\/www.campinglesnobis.com\/en\/camping-fishing-maine-et-loire\/#breadcrumb","itemListElement":[{"@type":"ListItem","position":1,"name":"camping Saumur","item":"https:\/\/www.campinglesnobis.com\/en\/"},{"@type":"ListItem","position":2,"name":"Camping for fisherman Loire"}]},{"@type":"WebSite","@id":"https:\/\/www.campinglesnobis.com\/en\/#website","url":"https:\/\/www.campinglesnobis.com\/en\/","name":"Camping les Nobis d'Anjou","description":"","publisher":{"@id":"https:\/\/www.campinglesnobis.com\/en\/#organization"},"alternateName":"Les Nobis d'Anjou","potentialAction":[{"@type":"SearchAction","target":{"@type":"EntryPoint","urlTemplate":"https:\/\/www.campinglesnobis.com\/en\/?s={search_term_string}"},"query-input":{"@type":"PropertyValueSpecification","valueRequired":true,"valueName":"search_term_string"}}],"inLanguage":"en-US"},{"@type":"Organization","@id":"https:\/\/www.campinglesnobis.com\/en\/#organization","name":"Camping les Nobis d'Anjou","url":"https:\/\/www.campinglesnobis.com\/en\/","logo":{"@type":"ImageObject","inLanguage":"en-US","@id":"https:\/\/www.campinglesnobis.com\/en\/#\/schema\/logo\/image\/","url":"https:\/\/www.campinglesnobis.com\/wp-content\/uploads\/2023\/02\/logo-paradis-nobis.webp","contentUrl":"https:\/\/www.campinglesnobis.com\/wp-content\/uploads\/2023\/02\/logo-paradis-nobis.webp","width":200,"height":200,"caption":"Camping les Nobis d'Anjou"},"image":{"@id":"https:\/\/www.campinglesnobis.com\/en\/#\/schema\/logo\/image\/"}}]}},"_links":{"self":[{"href":"https:\/\/www.campinglesnobis.com\/en\/wp-json\/wp\/v2\/pages\/11901","targetHints":{"allow":["GET"]}}],"collection":[{"href":"https:\/\/www.campinglesnobis.com\/en\/wp-json\/wp\/v2\/pages"}],"about":[{"href":"https:\/\/www.campinglesnobis.com\/en\/wp-json\/wp\/v2\/types\/page"}],"author":[{"embeddable":true,"href":"https:\/\/www.campinglesnobis.com\/en\/wp-json\/wp\/v2\/users\/1"}],"replies":[{"embeddable":true,"href":"https:\/\/www.campinglesnobis.com\/en\/wp-json\/wp\/v2\/comments?post=11901"}],"version-history":[{"count":11,"href":"https:\/\/www.campinglesnobis.com\/en\/wp-json\/wp\/v2\/pages\/11901\/revisions"}],"predecessor-version":[{"id":13188,"href":"https:\/\/www.campinglesnobis.com\/en\/wp-json\/wp\/v2\/pages\/11901\/revisions\/13188"}],"wp:featuredmedia":[{"embeddable":true,"href":"https:\/\/www.campinglesnobis.com\/en\/wp-json\/wp\/v2\/media\/13152"}],"wp:attachment":[{"href":"https:\/\/www.campinglesnobis.com\/en\/wp-json\/wp\/v2\/media?parent=11901"}],"wp:term":[{"taxonomy":"sujet","embeddable":true,"href":"https:\/\/www.campinglesnobis.com\/en\/wp-json\/wp\/v2\/sujet?post=11901"}],"curies":[{"name":"wp","href":"https:\/\/api.w.org\/{rel}","templated":true}]}}