{"id":12850,"date":"2023-05-23T16:41:24","date_gmt":"2023-05-23T14:41:24","guid":{"rendered":"https:\/\/www.campinglesnobis.com\/camping-zoo-doue-la-fontaine\/"},"modified":"2023-05-24T09:56:53","modified_gmt":"2023-05-24T07:56:53","slug":"camping-zoo-doue-la-fontaine","status":"publish","type":"page","link":"https:\/\/www.campinglesnobis.com\/en\/camping-zoo-doue-la-fontaine\/","title":{"rendered":"Campsite Zoo de Doue la fontaine"},"content":{"rendered":"<section id=\"ls-section-block_fae66dad8511cc2b453f42777d84a948\" class=\"ls-section  page-chapeau has-p-b p-b-0\" >\r\n        <div class=\"container \">\r\n        \n\n<h1 class=\"ls__heading wp-block-heading has-text-align-center\">Stay camping near the Zoo de Dou\u00e9 la Fontaine  <\/h1>\n\n\r\n    <\/div>\r\n<\/section><section id=\"ls-section-block_878e576893242778c507af41ddb8ca9f\" class=\"ls-section  page-one\" >\r\n        <div class=\"container container--wide\">\r\n        \n\n<div class=\"wp-block-columns is-layout-flex wp-container-core-columns-is-layout-9d6595d7 wp-block-columns-is-layout-flex\">\n<div class=\"wp-block-column is-layout-flow wp-block-column-is-layout-flow\" style=\"flex-basis:70%\">\n<figure class=\"wp-block-image size-large animated fadeIn slow deco-eco blanc right\"><img decoding=\"async\" src=\"https:\/\/www.campinglesnobis.com\/wp-content\/uploads\/2023\/05\/11-Grande-voliere-&#xA9;-Bioparc-P.-Chabot_resultat-1024x683.webp\" alt=\"troupe of pink flamingos in the great aviary of the zoo of doue la fontaine near the nobis of anjou\" class=\"wp-image-12801\" title=\"page-one\"\/><\/figure>\n<\/div>\n\n\n\n<div class=\"wp-block-column is-vertically-aligned-center is-layout-flow wp-block-column-is-layout-flow\" style=\"flex-basis:30%\">\n<p class=\"ls-paragraph\">If you are looking for a <strong>4-star<\/strong> campsite in the Loire Valley, look no further than our <a href=\"https:\/\/www.campinglesnobis.com\/en\/campsite-val-de-loire\/\">campsite in the Loire Valley<\/a>. Located on the banks of the river, this campsite offers breathtaking views and many activities to keep you entertained. Whether you are looking to relax or explore, camping <strong>at Zoo de Dou\u00e9 la Fontaine<\/strong> is the perfect place for your next camping holiday!<\/p>\n<\/div>\n<\/div>\n\n\r\n    <\/div>\r\n<\/section><section id=\"ls-section-block_abb0400d7d64a078d39412cd66ff11b5\" class=\"ls-section  page-two deco-gris has-p-b p-b-14\" >\r\n        <div class=\"container container--wide\">\r\n        \n\n<div class=\"wp-block-columns first is-layout-flex wp-container-core-columns-is-layout-9d6595d7 wp-block-columns-is-layout-flex\">\n<div class=\"wp-block-column is-vertically-aligned-center left is-layout-flow wp-block-column-is-layout-flow\">\n<h2 class=\"ls__heading wp-block-heading\">Enjoy a campsite near the Zoo de Dou\u00e9 la Fontaine<\/h2>\n\n\n\n<p class=\"ls-paragraph\">The <strong>campsite located near the <\/strong><a href=\"https:\/\/www.campinglesnobis.com\/en\/zoo-doue-la-fontaine\/\">\n  <strong>zoo of Dou\u00e9 la Fontaine<\/strong>\n<\/a>, offers many advantages to campers. The zoo is a great place to get to know the animals and their ecology, and it also offers the opportunity to see <strong>rare and exotic animals<\/strong> up close. It is home to a wide variety of animals, including lions, tigers, giraffes, rhinos and elephants. This <strong>Bioparc <\/strong>also features kangaroos, flamingos and gorillas, making it a favourite playground for children.  <\/p>\n\n\n\n<p class=\"ls-paragraph\">In addition<strong> to animal exhibits<\/strong>, a number of<strong> educational programs<\/strong> are on offer, perfect for campers of all ages. These programs include guided tours, workshops and presentations that allow visitors to learn about the ecology and behavior of different animals. Find all the information on the website: <a href=\"https:\/\/www.bioparc-zoo.fr\/\" target=\"_blank\" rel=\"noreferrer noopener\">https:\/\/www.bioparc-zoo.fr\/<\/a>  <\/p>\n\n\n\n<p class=\"ls-paragraph\">It&#8217;s a great place to take a break from the camping routine and explore something new.<\/p>\n<\/div>\n\n\n\n<div class=\"wp-block-column is-vertically-aligned-center right is-layout-flow wp-block-column-is-layout-flow\">\n<figure class=\"wp-block-image size-large animated fadeInRight delay-100ms slow\"><a href=\"https:\/\/www.campinglesnobis.com\/wp-content\/uploads\/2023\/05\/Bioparc-cChristophe_MARTIN-6907-AnjouTourisme_resultat.webp\"><img decoding=\"async\" width=\"1024\" height=\"683\" src=\"https:\/\/www.campinglesnobis.com\/wp-content\/uploads\/2023\/05\/Bioparc-cChristophe_MARTIN-6907-AnjouTourisme_resultat-1024x683.webp\" alt=\"Exchange child and mother who feed a giraffe at the zoo of Doue near the Nobis of Anjou\" class=\"wp-image-12813\" srcset=\"https:\/\/www.campinglesnobis.com\/wp-content\/uploads\/2023\/05\/Bioparc-cChristophe_MARTIN-6907-AnjouTourisme_resultat-1024x683.webp 1024w, https:\/\/www.campinglesnobis.com\/wp-content\/uploads\/2023\/05\/Bioparc-cChristophe_MARTIN-6907-AnjouTourisme_resultat-300x200.webp 300w, https:\/\/www.campinglesnobis.com\/wp-content\/uploads\/2023\/05\/Bioparc-cChristophe_MARTIN-6907-AnjouTourisme_resultat-768x512.webp 768w, https:\/\/www.campinglesnobis.com\/wp-content\/uploads\/2023\/05\/Bioparc-cChristophe_MARTIN-6907-AnjouTourisme_resultat-1536x1024.webp 1536w, https:\/\/www.campinglesnobis.com\/wp-content\/uploads\/2023\/05\/Bioparc-cChristophe_MARTIN-6907-AnjouTourisme_resultat.webp 1800w\" sizes=\"(max-width: 1024px) 100vw, 1024px\" \/><\/a><\/figure>\n<\/div>\n<\/div>\n\n\n\n<div class=\"wp-block-columns second is-layout-flex wp-container-core-columns-is-layout-9d6595d7 wp-block-columns-is-layout-flex\">\n<div class=\"wp-block-column is-vertically-aligned-center left is-layout-flow wp-block-column-is-layout-flow\">\n<figure class=\"wp-block-image size-large animated fadeInLeft delay-200ms slow\"><a href=\"https:\/\/www.campinglesnobis.com\/wp-content\/uploads\/2023\/05\/bioparc-parc-zoologique-hutte-observation_resultat.webp\"><img decoding=\"async\" width=\"1024\" height=\"683\" src=\"https:\/\/www.campinglesnobis.com\/wp-content\/uploads\/2023\/05\/bioparc-parc-zoologique-hutte-observation_resultat-1024x683.webp\" alt=\"Bioparc Zoological Park Hut observation result\" class=\"wp-image-12818\" srcset=\"https:\/\/www.campinglesnobis.com\/wp-content\/uploads\/2023\/05\/bioparc-parc-zoologique-hutte-observation_resultat-1024x683.webp 1024w, https:\/\/www.campinglesnobis.com\/wp-content\/uploads\/2023\/05\/bioparc-parc-zoologique-hutte-observation_resultat-300x200.webp 300w, https:\/\/www.campinglesnobis.com\/wp-content\/uploads\/2023\/05\/bioparc-parc-zoologique-hutte-observation_resultat-768x512.webp 768w, https:\/\/www.campinglesnobis.com\/wp-content\/uploads\/2023\/05\/bioparc-parc-zoologique-hutte-observation_resultat-1536x1024.webp 1536w, https:\/\/www.campinglesnobis.com\/wp-content\/uploads\/2023\/05\/bioparc-parc-zoologique-hutte-observation_resultat.webp 1800w\" sizes=\"(max-width: 1024px) 100vw, 1024px\" \/><\/a><\/figure>\n<\/div>\n\n\n\n<div class=\"wp-block-column is-vertically-aligned-center right is-layout-flow wp-block-column-is-layout-flow\">\n<h2 class=\"ls__heading wp-block-heading\">Choose the pitch or mobile home that suits your needs<\/h2>\n\n\n\n<p class=\"ls-paragraph\">In our <strong>campsite in Dou\u00e9 la Fontaine<\/strong> you have the choice between <a href=\"https:\/\/www.campinglesnobis.com\/en\/mobile-home-rental-saumur\/\">\n  <strong>renting a mobile home<\/strong>\n<\/a><strong> <\/strong>or a <a href=\"https:\/\/www.campinglesnobis.com\/en\/location-tent-saumur\/\">\n  <strong>pitch<\/strong>\n<\/a><strong> <\/strong>according to the number of people, nights or rooms you need.<\/p>\n\n\n\n<p class=\"ls-paragraph\">The mobile homes and bungalows are available in 3 ranges: premium, comfort and comfort and can accommodate from 2 to 7 people. These <strong>carefully selected camping accommodation<\/strong> offers comfort, modernity and functionality.  <\/p>\n\n\n\n<p class=\"ls-paragraph addReadMore showlesscontent\">Whether you are travelling as a family with young children, as a couple or with friends, we have the ideal rental for your group. Our accommodations are equipped with 1 to 3 bedrooms, a beautiful living room with wifi and a fully equipped kitchen, not to mention the terrace where you can relax after exploring all that the Bioparc de Dou\u00e9 la Fontaine has to offer!<br\/><br\/>For those who prefer <strong>classic camping<\/strong>, book a <strong>pitch <\/strong>among the 69 available pitches and set up tents, caravan, van or motorhome! At the <strong>edge of the river, the<\/strong> spaces are well defined in a natural setting.<\/p>\n<\/div>\n<\/div>\n\n\n\n<figure class=\"wp-block-image size-full image-deco\"><img decoding=\"async\" width=\"200\" height=\"110\" src=\"https:\/\/www.campinglesnobis.com\/wp-content\/uploads\/2023\/03\/Jumelle-locationicones.png\" alt=\"Binoculars locationicones\" class=\"wp-image-8052\"\/><\/figure>\n\n\r\n    <\/div>\r\n<\/section><section id=\"ls-section-block_25c51b8b00ec814eb0ed2630a59cd482\" class=\"ls-section  page-parallax has-background-image has-parallax\" >\r\n    <div class=\"ls-section__background-image opacity-100\"><img decoding=\"async\" src=\"https:\/\/www.campinglesnobis.com\/wp-content\/uploads\/2023\/05\/10-Ours-a-lunettes-\u00a9-Bioparc-S.Gaudard.webp\" alt=\"\"><\/div>    <div class=\"container \">\r\n        \n\n<p class=\"ls-paragraph\"><\/p>\n\n\r\n    <\/div>\r\n<\/section><section id=\"ls-section-block_7586689017d0228987fc3dc02849ea95\" class=\"ls-section  page-three\" >\r\n        <div class=\"container container--wide\">\r\n        \n\n<div class=\"wp-block-columns is-layout-flex wp-container-core-columns-is-layout-9d6595d7 wp-block-columns-is-layout-flex\">\n<div class=\"wp-block-column has-color-white-background-color has-background is-layout-flow wp-block-column-is-layout-flow\">\n<h2 class=\"ls__heading wp-block-heading has-text-align-center\">Cool off at the swimming pool or by the campsite&#8217;s river<\/h2>\n\n\n\n<p class=\"ls-paragraph has-text-align-center\">There is a lot to do in our <strong>campsite near the Zoo de Dou\u00e9 la Fontaine<\/strong> ! In addition to its starred services and infrastructure, the campsite offers several recreational areas to let off steam or relax with your family.  <\/p>\n\n\n\n<p class=\"ls-paragraph has-text-align-center addReadMore showlesscontent\">Here you will find a <a href=\"https:\/\/www.campinglesnobis.com\/en\/camping-swimming-pool-saumur\/\">\n  <strong>heated and covered swimming pool<\/strong>\n<\/a>, where you can swim whatever the weather. There are also plenty of sun loungers to relax by the pool, and a pool bar for refreshments. For the little ones, there is a shallow <strong>paddling pool <\/strong>where they can have fun safely. Whatever your age or level of swimming, there is something for everyone at the <strong>campsite pool at the Zoo de Dou\u00e9 la Fontaine<\/strong> !<br\/><br\/>Camping Les Nobis offers many activities to do near the river. You can fish, swim, canoe, and much more to enjoy the fresh water. If you prefer to relax by the <a href=\"https:\/\/www.campinglesnobis.com\/en\/riverside\/\">\n  <strong>river<\/strong>\n<\/a>, there is also a sunbathing area where you can sunbathe and enjoy the peaceful surroundings.<\/p>\n<\/div>\n<\/div>\n\n\r\n    <\/div>\r\n<\/section><section id=\"ls-section-block_878e576893242778c507af41ddb8ca9f\" class=\"ls-section  page-one\" >\r\n        <div class=\"container container--wide\">\r\n        \n\n<div class=\"wp-block-columns is-layout-flex wp-container-core-columns-is-layout-9d6595d7 wp-block-columns-is-layout-flex\">\n<div class=\"wp-block-column is-layout-flow wp-block-column-is-layout-flow\" style=\"flex-basis:70%\">\n<figure class=\"wp-block-image size-large animated fadeIn slow blanc right\"><img decoding=\"async\" src=\"https:\/\/www.campinglesnobis.com\/wp-content\/uploads\/2023\/05\/Saimiri-&#xA9;-Bioparc-P.-Chabot_resultat-1024x683.webp\" alt=\"Little monkey at the Bioparc of Doue la Fontaine\" class=\"wp-image-12796\" title=\"page-one\"\/><\/figure>\n<\/div>\n\n\n\n<div class=\"wp-block-column is-vertically-aligned-center is-layout-flow wp-block-column-is-layout-flow\" style=\"flex-basis:30%\">\n<h2 class=\"ls__heading wp-block-heading\">Visit the city of Dou\u00e9 la Fontaine and its surroundings<\/h2>\n\n\n\n<p class=\"ls-paragraph\">The <a href=\"https:\/\/www.doue-en-anjou.fr\/\" target=\"_blank\" rel=\"noreferrer noopener\">\n  <strong>town of Dou\u00e9 la Fontaine<\/strong>\n<\/a> is located in the Loire Valley and is home to its famous zoo. The town is also known for its <strong>magnificent rose gardens<\/strong> and the<strong> castle of Dou\u00e9<\/strong> located on the banks of the river. The ride can be done by bike, you can reach the market place and the center easily.  <\/p>\n\n\n\n<p class=\"ls-paragraph\">If you are looking to spend a holiday where you can relax and enjoy the scenery, Dou\u00e9 de la Fontaine is definitely worth it. For your accommodation, the<strong> campsite near Dou\u00e9 de la Fontaine<\/strong>, <a href=\"https:\/\/www.campinglesnobis.com\/en\/\">Les Nobis in Saumur<\/a> is the ideal choice for you.  <br\/><br\/>This stay will allow you to discover the surroundings and the Pays de la Loire, do not miss Saumur, Le Layon and more!<\/p>\n<\/div>\n<\/div>\n\n\r\n    <\/div>\r\n<\/section><section id=\"ls-section-block_ec075e80436f5ef8fcf5e9c747102e93\" class=\"ls-section  page-maillage has-p-t p-t-14 has-p-b p-b-14\" >\r\n        <div class=\"container container--wide\">\r\n        \n\n<div id=\"ls-heading ls-titre-div-block_c35021eaff81dc1a8449ce31607a3fdd\" class=\"ls-titre-div aligncenter h2-like\" >\n    Discover Saumur, Montreuil-Bellay and the Pays de la Loire!<\/div>\n\n\n<div id=\"ls-maillage-block_8fe77541ec78b3964410c536ae421d62\" class=\"ls-maillage cta-style-normal\" data-rows=\"3\">\r\n    <div class=\"wp-block-columns\"><div class=\"wp-block-column\">\n\n<a href=\"https:\/\/www.campinglesnobis.com\/en\/tourism-saumur\/\" target=\"\" rel=\"noopener\" class=\"ls-cta__link\">\n\n\t<div class=\"ls-cta__image\"><img decoding=\"async\" src=\"https:\/\/www.campinglesnobis.com\/wp-content\/uploads\/2023\/03\/balade-dans-la-ville-de-saumur-768x512.webp\" alt=\"balade dans la ville de saumur\"><\/div>\n\t<div class=\"ls-cta__title\">\n\t\t<span>Discover<\/span> <\/br> Saumur\t<\/div>\n\n\t\n<\/a>\n<\/div><div class=\"wp-block-column\">\n\n<a href=\"https:\/\/www.campinglesnobis.com\/en\/tourism-pays-de-la-loire\/\" target=\"\" rel=\"noopener\" class=\"ls-cta__link\">\n\n\t<div class=\"ls-cta__image\"><img decoding=\"async\" src=\"https:\/\/www.campinglesnobis.com\/wp-content\/uploads\/2023\/03\/decouvrir-la-loire-depuis-le-camping-nobis-danjou.webp\" alt=\"decouvrir la loire depuis le camping nobis danjou\"><\/div>\n\t<div class=\"ls-cta__title\">\n\t\tPays de Loire\t<\/div>\n\n\t\n<\/a>\n<\/div><div class=\"wp-block-column\">\n\n<a href=\"https:\/\/www.campinglesnobis.com\/en\/tourism-montreuil-belay\/\" target=\"\" rel=\"noopener\" class=\"ls-cta__link\">\n\n\t<div class=\"ls-cta__image\"><img decoding=\"async\" src=\"https:\/\/www.campinglesnobis.com\/wp-content\/uploads\/2023\/04\/montreuil-bellay-chateaau-famille-ballade-fortifications_resultat-1-768x519.webp\" alt=\"montreuil bellay chateaau famille ballade fortifications resultat \"><\/div>\n\t<div class=\"ls-cta__title\">\n\t\tMontreuil-Bellay\t<\/div>\n\n\t\n<\/a>\n<\/div><\/div><\/div>\n\r\n    <\/div>\r\n<\/section>","protected":false},"excerpt":{"rendered":"","protected":false},"author":1,"featured_media":12809,"parent":0,"menu_order":0,"comment_status":"closed","ping_status":"closed","template":"","meta":{"_acf_changed":false,"inline_featured_image":false,"footnotes":""},"sujet":[],"class_list":["post-12850","page","type-page","status-publish","has-post-thumbnail","hentry"],"acf":[],"yoast_head":"<!-- This site is optimized with the Yoast SEO plugin v25.3 - https:\/\/yoast.com\/wordpress\/plugins\/seo\/ -->\n<title>Camping Zoo Dou\u00e9 la Fontaine: accommodation and pool near Dou\u00e9 la Fontaine<\/title>\n<meta name=\"description\" content=\"Looking to stay near the Zoo de Dou\u00e9 la Fontaine? Discover our campsite Les Nobis 4 stars near the zoo of Dou\u00e9 la Fontaine with its accommodation and its large swimming pool\" \/>\n<meta name=\"robots\" content=\"index, follow, max-snippet:-1, max-image-preview:large, max-video-preview:-1\" \/>\n<link rel=\"canonical\" href=\"https:\/\/www.campinglesnobis.com\/en\/camping-zoo-doue-la-fontaine\/\" \/>\n<meta property=\"og:locale\" content=\"en_US\" \/>\n<meta property=\"og:type\" content=\"article\" \/>\n<meta property=\"og:title\" content=\"Camping Zoo Dou\u00e9 la Fontaine: accommodation and pool near Dou\u00e9 la Fontaine\" \/>\n<meta property=\"og:description\" content=\"Looking to stay near the Zoo de Dou\u00e9 la Fontaine? Discover our campsite Les Nobis 4 stars near the zoo of Dou\u00e9 la Fontaine with its accommodation and its large swimming pool\" \/>\n<meta property=\"og:url\" content=\"https:\/\/www.campinglesnobis.com\/en\/camping-zoo-doue-la-fontaine\/\" \/>\n<meta property=\"og:site_name\" content=\"Camping les Nobis d&#039;Anjou\" \/>\n<meta property=\"article:modified_time\" content=\"2023-05-24T07:56:53+00:00\" \/>\n<meta property=\"og:image\" content=\"https:\/\/www.campinglesnobis.com\/wp-content\/uploads\/2023\/05\/Espace-panthere-neiges-\u00a9-Bioparc-Kryzalid_resultat.webp\" \/>\n\t<meta property=\"og:image:width\" content=\"1500\" \/>\n\t<meta property=\"og:image:height\" content=\"700\" \/>\n\t<meta property=\"og:image:type\" content=\"image\/webp\" \/>\n<meta name=\"twitter:card\" content=\"summary_large_image\" \/>\n<meta name=\"twitter:label1\" content=\"Est. reading time\" \/>\n\t<meta name=\"twitter:data1\" content=\"4 minutes\" \/>\n<script type=\"application\/ld+json\" class=\"yoast-schema-graph\">{\"@context\":\"https:\/\/schema.org\",\"@graph\":[{\"@type\":\"WebPage\",\"@id\":\"https:\/\/www.campinglesnobis.com\/en\/camping-zoo-doue-la-fontaine\/\",\"url\":\"https:\/\/www.campinglesnobis.com\/en\/camping-zoo-doue-la-fontaine\/\",\"name\":\"Camping Zoo Dou\u00e9 la Fontaine: accommodation and pool near Dou\u00e9 la Fontaine\",\"isPartOf\":{\"@id\":\"https:\/\/www.campinglesnobis.com\/en\/#website\"},\"primaryImageOfPage\":{\"@id\":\"https:\/\/www.campinglesnobis.com\/en\/camping-zoo-doue-la-fontaine\/#primaryimage\"},\"image\":{\"@id\":\"https:\/\/www.campinglesnobis.com\/en\/camping-zoo-doue-la-fontaine\/#primaryimage\"},\"thumbnailUrl\":\"https:\/\/www.campinglesnobis.com\/wp-content\/uploads\/2023\/05\/Espace-panthere-neiges-\u00a9-Bioparc-Kryzalid_resultat.webp\",\"datePublished\":\"2023-05-23T14:41:24+00:00\",\"dateModified\":\"2023-05-24T07:56:53+00:00\",\"description\":\"Looking to stay near the Zoo de Dou\u00e9 la Fontaine? Discover our campsite Les Nobis 4 stars near the zoo of Dou\u00e9 la Fontaine with its accommodation and its large swimming pool\",\"breadcrumb\":{\"@id\":\"https:\/\/www.campinglesnobis.com\/en\/camping-zoo-doue-la-fontaine\/#breadcrumb\"},\"inLanguage\":\"en-US\",\"potentialAction\":[{\"@type\":\"ReadAction\",\"target\":[\"https:\/\/www.campinglesnobis.com\/en\/camping-zoo-doue-la-fontaine\/\"]}]},{\"@type\":\"ImageObject\",\"inLanguage\":\"en-US\",\"@id\":\"https:\/\/www.campinglesnobis.com\/en\/camping-zoo-doue-la-fontaine\/#primaryimage\",\"url\":\"https:\/\/www.campinglesnobis.com\/wp-content\/uploads\/2023\/05\/Espace-panthere-neiges-\u00a9-Bioparc-Kryzalid_resultat.webp\",\"contentUrl\":\"https:\/\/www.campinglesnobis.com\/wp-content\/uploads\/2023\/05\/Espace-panthere-neiges-\u00a9-Bioparc-Kryzalid_resultat.webp\",\"width\":1500,\"height\":700},{\"@type\":\"BreadcrumbList\",\"@id\":\"https:\/\/www.campinglesnobis.com\/en\/camping-zoo-doue-la-fontaine\/#breadcrumb\",\"itemListElement\":[{\"@type\":\"ListItem\",\"position\":1,\"name\":\"camping Saumur\",\"item\":\"https:\/\/www.campinglesnobis.com\/en\/\"},{\"@type\":\"ListItem\",\"position\":2,\"name\":\"Camping Zoo Dou\u00e9 la Fontaine\"}]},{\"@type\":\"WebSite\",\"@id\":\"https:\/\/www.campinglesnobis.com\/en\/#website\",\"url\":\"https:\/\/www.campinglesnobis.com\/en\/\",\"name\":\"Camping les Nobis d'Anjou\",\"description\":\"\",\"publisher\":{\"@id\":\"https:\/\/www.campinglesnobis.com\/en\/#organization\"},\"alternateName\":\"Les Nobis d'Anjou\",\"potentialAction\":[{\"@type\":\"SearchAction\",\"target\":{\"@type\":\"EntryPoint\",\"urlTemplate\":\"https:\/\/www.campinglesnobis.com\/en\/?s={search_term_string}\"},\"query-input\":{\"@type\":\"PropertyValueSpecification\",\"valueRequired\":true,\"valueName\":\"search_term_string\"}}],\"inLanguage\":\"en-US\"},{\"@type\":\"Organization\",\"@id\":\"https:\/\/www.campinglesnobis.com\/en\/#organization\",\"name\":\"Camping les Nobis d'Anjou\",\"url\":\"https:\/\/www.campinglesnobis.com\/en\/\",\"logo\":{\"@type\":\"ImageObject\",\"inLanguage\":\"en-US\",\"@id\":\"https:\/\/www.campinglesnobis.com\/en\/#\/schema\/logo\/image\/\",\"url\":\"https:\/\/www.campinglesnobis.com\/wp-content\/uploads\/2023\/02\/logo-paradis-nobis.webp\",\"contentUrl\":\"https:\/\/www.campinglesnobis.com\/wp-content\/uploads\/2023\/02\/logo-paradis-nobis.webp\",\"width\":200,\"height\":200,\"caption\":\"Camping les Nobis d'Anjou\"},\"image\":{\"@id\":\"https:\/\/www.campinglesnobis.com\/en\/#\/schema\/logo\/image\/\"}}]}<\/script>\n<!-- \/ Yoast SEO plugin. -->","yoast_head_json":{"title":"Camping Zoo Dou\u00e9 la Fontaine: accommodation and pool near Dou\u00e9 la Fontaine","description":"Looking to stay near the Zoo de Dou\u00e9 la Fontaine? Discover our campsite Les Nobis 4 stars near the zoo of Dou\u00e9 la Fontaine with its accommodation and its large swimming pool","robots":{"index":"index","follow":"follow","max-snippet":"max-snippet:-1","max-image-preview":"max-image-preview:large","max-video-preview":"max-video-preview:-1"},"canonical":"https:\/\/www.campinglesnobis.com\/en\/camping-zoo-doue-la-fontaine\/","og_locale":"en_US","og_type":"article","og_title":"Camping Zoo Dou\u00e9 la Fontaine: accommodation and pool near Dou\u00e9 la Fontaine","og_description":"Looking to stay near the Zoo de Dou\u00e9 la Fontaine? Discover our campsite Les Nobis 4 stars near the zoo of Dou\u00e9 la Fontaine with its accommodation and its large swimming pool","og_url":"https:\/\/www.campinglesnobis.com\/en\/camping-zoo-doue-la-fontaine\/","og_site_name":"Camping les Nobis d&#039;Anjou","article_modified_time":"2023-05-24T07:56:53+00:00","og_image":[{"width":1500,"height":700,"url":"https:\/\/www.campinglesnobis.com\/wp-content\/uploads\/2023\/05\/Espace-panthere-neiges-\u00a9-Bioparc-Kryzalid_resultat.webp","type":"image\/webp"}],"twitter_card":"summary_large_image","twitter_misc":{"Est. reading time":"4 minutes"},"schema":{"@context":"https:\/\/schema.org","@graph":[{"@type":"WebPage","@id":"https:\/\/www.campinglesnobis.com\/en\/camping-zoo-doue-la-fontaine\/","url":"https:\/\/www.campinglesnobis.com\/en\/camping-zoo-doue-la-fontaine\/","name":"Camping Zoo Dou\u00e9 la Fontaine: accommodation and pool near Dou\u00e9 la Fontaine","isPartOf":{"@id":"https:\/\/www.campinglesnobis.com\/en\/#website"},"primaryImageOfPage":{"@id":"https:\/\/www.campinglesnobis.com\/en\/camping-zoo-doue-la-fontaine\/#primaryimage"},"image":{"@id":"https:\/\/www.campinglesnobis.com\/en\/camping-zoo-doue-la-fontaine\/#primaryimage"},"thumbnailUrl":"https:\/\/www.campinglesnobis.com\/wp-content\/uploads\/2023\/05\/Espace-panthere-neiges-\u00a9-Bioparc-Kryzalid_resultat.webp","datePublished":"2023-05-23T14:41:24+00:00","dateModified":"2023-05-24T07:56:53+00:00","description":"Looking to stay near the Zoo de Dou\u00e9 la Fontaine? Discover our campsite Les Nobis 4 stars near the zoo of Dou\u00e9 la Fontaine with its accommodation and its large swimming pool","breadcrumb":{"@id":"https:\/\/www.campinglesnobis.com\/en\/camping-zoo-doue-la-fontaine\/#breadcrumb"},"inLanguage":"en-US","potentialAction":[{"@type":"ReadAction","target":["https:\/\/www.campinglesnobis.com\/en\/camping-zoo-doue-la-fontaine\/"]}]},{"@type":"ImageObject","inLanguage":"en-US","@id":"https:\/\/www.campinglesnobis.com\/en\/camping-zoo-doue-la-fontaine\/#primaryimage","url":"https:\/\/www.campinglesnobis.com\/wp-content\/uploads\/2023\/05\/Espace-panthere-neiges-\u00a9-Bioparc-Kryzalid_resultat.webp","contentUrl":"https:\/\/www.campinglesnobis.com\/wp-content\/uploads\/2023\/05\/Espace-panthere-neiges-\u00a9-Bioparc-Kryzalid_resultat.webp","width":1500,"height":700},{"@type":"BreadcrumbList","@id":"https:\/\/www.campinglesnobis.com\/en\/camping-zoo-doue-la-fontaine\/#breadcrumb","itemListElement":[{"@type":"ListItem","position":1,"name":"camping Saumur","item":"https:\/\/www.campinglesnobis.com\/en\/"},{"@type":"ListItem","position":2,"name":"Camping Zoo Dou\u00e9 la Fontaine"}]},{"@type":"WebSite","@id":"https:\/\/www.campinglesnobis.com\/en\/#website","url":"https:\/\/www.campinglesnobis.com\/en\/","name":"Camping les Nobis d'Anjou","description":"","publisher":{"@id":"https:\/\/www.campinglesnobis.com\/en\/#organization"},"alternateName":"Les Nobis d'Anjou","potentialAction":[{"@type":"SearchAction","target":{"@type":"EntryPoint","urlTemplate":"https:\/\/www.campinglesnobis.com\/en\/?s={search_term_string}"},"query-input":{"@type":"PropertyValueSpecification","valueRequired":true,"valueName":"search_term_string"}}],"inLanguage":"en-US"},{"@type":"Organization","@id":"https:\/\/www.campinglesnobis.com\/en\/#organization","name":"Camping les Nobis d'Anjou","url":"https:\/\/www.campinglesnobis.com\/en\/","logo":{"@type":"ImageObject","inLanguage":"en-US","@id":"https:\/\/www.campinglesnobis.com\/en\/#\/schema\/logo\/image\/","url":"https:\/\/www.campinglesnobis.com\/wp-content\/uploads\/2023\/02\/logo-paradis-nobis.webp","contentUrl":"https:\/\/www.campinglesnobis.com\/wp-content\/uploads\/2023\/02\/logo-paradis-nobis.webp","width":200,"height":200,"caption":"Camping les Nobis d'Anjou"},"image":{"@id":"https:\/\/www.campinglesnobis.com\/en\/#\/schema\/logo\/image\/"}}]}},"_links":{"self":[{"href":"https:\/\/www.campinglesnobis.com\/en\/wp-json\/wp\/v2\/pages\/12850","targetHints":{"allow":["GET"]}}],"collection":[{"href":"https:\/\/www.campinglesnobis.com\/en\/wp-json\/wp\/v2\/pages"}],"about":[{"href":"https:\/\/www.campinglesnobis.com\/en\/wp-json\/wp\/v2\/types\/page"}],"author":[{"embeddable":true,"href":"https:\/\/www.campinglesnobis.com\/en\/wp-json\/wp\/v2\/users\/1"}],"replies":[{"embeddable":true,"href":"https:\/\/www.campinglesnobis.com\/en\/wp-json\/wp\/v2\/comments?post=12850"}],"version-history":[{"count":3,"href":"https:\/\/www.campinglesnobis.com\/en\/wp-json\/wp\/v2\/pages\/12850\/revisions"}],"predecessor-version":[{"id":12853,"href":"https:\/\/www.campinglesnobis.com\/en\/wp-json\/wp\/v2\/pages\/12850\/revisions\/12853"}],"wp:featuredmedia":[{"embeddable":true,"href":"https:\/\/www.campinglesnobis.com\/en\/wp-json\/wp\/v2\/media\/12809"}],"wp:attachment":[{"href":"https:\/\/www.campinglesnobis.com\/en\/wp-json\/wp\/v2\/media?parent=12850"}],"wp:term":[{"taxonomy":"sujet","embeddable":true,"href":"https:\/\/www.campinglesnobis.com\/en\/wp-json\/wp\/v2\/sujet?post=12850"}],"curies":[{"name":"wp","href":"https:\/\/api.w.org\/{rel}","templated":true}]}}