{"id":11758,"date":"2023-05-02T11:00:30","date_gmt":"2023-05-02T09:00:30","guid":{"rendered":"https:\/\/www.campinglesnobis.com\/maine-et-loire\/"},"modified":"2023-05-30T09:33:22","modified_gmt":"2023-05-30T07:33:22","slug":"toerisme-maine-et-loire","status":"publish","type":"page","link":"https:\/\/www.campinglesnobis.com\/nl\/toerisme-maine-et-loire\/","title":{"rendered":"Maine et Loire"},"content":{"rendered":"<section id=\"ls-section-block_8a502b515901d704791797d35e456b32\" class=\"ls-section  page-chapeau has-p-b p-b-0\" >\r\n        <div class=\"container \">\r\n        \n\n<h1 class=\"ls__heading wp-block-heading has-text-align-center\">Ontdek onze camping in Maine et Loire<\/h1>\n\n\r\n    <\/div>\r\n<\/section>\n\n<section id=\"ls-section-block_7c34061cc9bdfd94910274d177bc418e\" class=\"ls-section  page-one\" >\r\n        <div class=\"container container--wide\">\r\n        \n\n<div class=\"wp-block-columns is-layout-flex wp-container-core-columns-is-layout-9d6595d7 wp-block-columns-is-layout-flex\">\n<div class=\"wp-block-column is-layout-flow wp-block-column-is-layout-flow\" style=\"flex-basis:70%\">\n<figure class=\"wp-block-image size-full animated fadeIn slow deco-chateau blanc right\"><img decoding=\"async\" width=\"1024\" height=\"683\" src=\"https:\/\/www.campinglesnobis.com\/wp-content\/uploads\/2023\/05\/Potager_Colbert-cLUG_creation-AnjouTourisme-1920px-1024x683-1.webp\" alt=\"De Colbert moestuin in Maine et Loire en zijn prachtige kasteel in de buurt van de camping\" class=\"wp-image-13050\" title=\"pagina-\u00e9\u00e9n\" srcset=\"https:\/\/www.campinglesnobis.com\/wp-content\/uploads\/2023\/05\/Potager_Colbert-cLUG_creation-AnjouTourisme-1920px-1024x683-1.webp 1024w, https:\/\/www.campinglesnobis.com\/wp-content\/uploads\/2023\/05\/Potager_Colbert-cLUG_creation-AnjouTourisme-1920px-1024x683-1-300x200.webp 300w, https:\/\/www.campinglesnobis.com\/wp-content\/uploads\/2023\/05\/Potager_Colbert-cLUG_creation-AnjouTourisme-1920px-1024x683-1-768x512.webp 768w\" sizes=\"(max-width: 1024px) 100vw, 1024px\" \/><figcaption class=\"wp-element-caption\">LUG_creation AnjouToerisme<\/figcaption><\/figure>\n<\/div>\n\n\n\n<div class=\"wp-block-column is-vertically-aligned-center is-layout-flow wp-block-column-is-layout-flow\" style=\"flex-basis:30%\">\n<p class=\"ls-paragraph\">Een departement met meerdere labels, <strong>Maine-et-Loire<\/strong> is <strong>rijk aan vele toeristische bezienswaardigheden<\/strong> en trekt aan voor zijn karaktervolle steden, kastelen, wijngaarden, troglodietenhabitats en beschermde natuurgebieden, vooral rond de Loire en zijn zijrivieren.<\/p>\n\n\n\n<p class=\"ls-paragraph\"><br><strong>De steden Angers<\/strong>, <strong>Cholet<\/strong> en <strong>Saumur<\/strong> bieden elk een <strong>rijk erfgoed<\/strong> om te ontdekken tijdens een stedentrip. Angers, een universiteitsstad, is ook <strong>een stad van kunst en geschiedenis<\/strong> gekenmerkt door de Plantagenet-dynastie. Het 13e-eeuwse kasteel, bolwerk van de hertogen van Anjou, herbergt de indrukwekkende ophanging van de Apocalyps, de grootste reeks middeleeuwse wandtapijten ter wereld. In het hart van paars-wit, na moeilijke uren tijdens de oorlogen van de Vend\u00e9e, zal de <strong>stad Cholet<\/strong> worden gekenmerkt door de traditie van het weven.  <\/p>\n\n\n\n<p class=\"ls-paragraph\">Het embleem van de rode zakdoek belichaamt zijn vergane glorie in de textielindustrie. In <a href=\"https:\/\/www.campinglesnobis.com\/nl\/\"><strong>Saumur<\/strong>, waar de 4-sterren camping is gevestigd,<\/a> gaat de wijncultuur hand in hand met de hippische cultuur. Beroemde stad van het <strong><a href=\"https:\/\/www.campinglesnobis.com\/nl\/het-zwarte-frame\/\">Cadre Noir<\/a><\/strong>, het heeft zijn identiteit gesmeed rond de Loire, zijn kelders en holbewoners, de militaire aanwezigheid, paarden en het onmisbare silhouet van zijn kasteel zichtbaar voor mijlen stroomopwaarts.<\/p>\n\n\n\n<p class=\"ls-paragraph\"><a href=\"https:\/\/www.anjou-tourisme.com\/fr\" target=\"_blank\" rel=\"noreferrer noopener\">www.anjou-tourisme.com<\/a><\/p>\n<\/div>\n<\/div>\n\n\r\n    <\/div>\r\n<\/section>\n\n<section id=\"ls-section-block_e9543ec58410d9ffd5b8ad8ab4802f37\" class=\"ls-section  page-two deco-gris has-p-b p-b-14\" >\r\n        <div class=\"container container--wide\">\r\n        \n\n<div class=\"wp-block-columns first is-layout-flex wp-container-core-columns-is-layout-9d6595d7 wp-block-columns-is-layout-flex\">\n<div class=\"wp-block-column is-vertically-aligned-center left is-layout-flow wp-block-column-is-layout-flow\">\n<h2 class=\"ls__heading wp-block-heading\">ERFGOED VAN MAINE ET LOIRE<\/h2>\n\n\n\n<p class=\"ls-paragraph\">Land van leisteen en tufsteen, <strong>Anjou<\/strong> biedt contrasterende landschappen, met veranderende helderheid. Afgezien van de grote steden Angers, Cholet en Saumur, is <strong>er een rijk architectonisch erfgoed<\/strong> te ontdekken in de dorpen en het platteland van Maine-et-Loire.  <\/p>\n\n\n\n<p class=\"ls-paragraph\"><strong>Het grondgebied van Angevin <\/strong>heeft meer dan <a href=\"https:\/\/www.campinglesnobis.com\/nl\/camping-kastelen-van-de-loire\/\">twintig kastelen<\/a> , waaronder de opmerkelijke van Brissac, Serrant, Montsoreau, Montreuil-Bellay, Br\u00e9z\u00e9, Plessis-Mac\u00e9 en Saumur. Sublieme religieuze gebouwen zijn ook te ontdekken in Maine-et-Loire: de koninklijke abdij van <strong>Fontevraud<\/strong>, de kerk van Notre-Dame de Cunault, de abdij van Asni\u00e8res, de kathedraal van Saint-Maurice in Angers, de <strong>collegiale kerk van Montreuil-Bellay of de kerk van Notre-Dame-des-Ardilliers<\/strong> in Saumur.<\/p>\n\n\n\n<p class=\"ls-paragraph addReadMore showlesscontent\"><br><strong>Het rijke Angevin erfgoed<\/strong> kan worden ontdekt dankzij verschillende circuits door de charmante dorpjes. Maine-et-Loire heeft twee &#8220;Mooiste dorpen van <strong>Frankrijk&#8221;,<\/strong> Montsoreau en Candes-Saint-Martin, evenals 14 dorpen met het <strong>label &#8220;Kleine stad van karakter&#8221;<\/strong> : onder hen, Le Thoureil, Montreuil-Bellay, Saint-Florent-le-Vieil, Turquant, of Coudray-Macouard.<\/p>\n<\/div>\n\n\n\n<div class=\"wp-block-column is-vertically-aligned-center right is-layout-flow wp-block-column-is-layout-flow\">\n<figure class=\"wp-block-image size-full animated fadeInRight delay-100ms slow\"><a href=\"https:\/\/www.campinglesnobis.com\/wp-content\/uploads\/2023\/05\/Galerie_David_d_Angers-cleblogcashpistache-AnjouTourisme-1920px_800_533.webp\"><img decoding=\"async\" width=\"800\" height=\"533\" src=\"https:\/\/www.campinglesnobis.com\/wp-content\/uploads\/2023\/05\/Galerie_David_d_Angers-cleblogcashpistache-AnjouTourisme-1920px_800_533.webp\" alt=\"Galerie David d Angers en museum te bezoeken in Maine et Loire in de buurt van de Nobis d'Anjou\" class=\"wp-image-10598\" srcset=\"https:\/\/www.campinglesnobis.com\/wp-content\/uploads\/2023\/05\/Galerie_David_d_Angers-cleblogcashpistache-AnjouTourisme-1920px_800_533.webp 800w, https:\/\/www.campinglesnobis.com\/wp-content\/uploads\/2023\/05\/Galerie_David_d_Angers-cleblogcashpistache-AnjouTourisme-1920px_800_533-300x200.webp 300w, https:\/\/www.campinglesnobis.com\/wp-content\/uploads\/2023\/05\/Galerie_David_d_Angers-cleblogcashpistache-AnjouTourisme-1920px_800_533-768x512.webp 768w\" sizes=\"(max-width: 800px) 100vw, 800px\" \/><\/a><figcaption class=\"wp-element-caption\">leblogcashpistache -AnjouTourisme<\/figcaption><\/figure>\n<\/div>\n<\/div>\n\n\n\n<div class=\"wp-block-columns second is-layout-flex wp-container-core-columns-is-layout-9d6595d7 wp-block-columns-is-layout-flex\">\n<div class=\"wp-block-column is-vertically-aligned-center left is-layout-flow wp-block-column-is-layout-flow\">\n<figure class=\"wp-block-image size-full animated fadeInLeft delay-200ms slow\"><a href=\"https:\/\/www.campinglesnobis.com\/wp-content\/uploads\/2023\/05\/Domaine_des_Varinelles-cChristophe_MARTIN-7118-AnjouTourisme-800px.jpg\"><img decoding=\"async\" width=\"800\" height=\"533\" src=\"https:\/\/www.campinglesnobis.com\/wp-content\/uploads\/2023\/05\/Domaine_des_Varinelles-cChristophe_MARTIN-7118-AnjouTourisme-800px.jpg\" alt=\"De kelder van het Domaine des Varinelles een uitzonderlijk bezoek aan Maine et Loire op minder dan 30 minuten van de camping Paradis Nobis d'Anjou\" class=\"wp-image-10603\" srcset=\"https:\/\/www.campinglesnobis.com\/wp-content\/uploads\/2023\/05\/Domaine_des_Varinelles-cChristophe_MARTIN-7118-AnjouTourisme-800px.jpg 800w, https:\/\/www.campinglesnobis.com\/wp-content\/uploads\/2023\/05\/Domaine_des_Varinelles-cChristophe_MARTIN-7118-AnjouTourisme-800px-300x200.jpg 300w, https:\/\/www.campinglesnobis.com\/wp-content\/uploads\/2023\/05\/Domaine_des_Varinelles-cChristophe_MARTIN-7118-AnjouTourisme-800px-768x512.jpg 768w\" sizes=\"(max-width: 800px) 100vw, 800px\" \/><\/a><figcaption class=\"wp-element-caption\">Christophe MARTIN AnjouToerisme  <\/figcaption><\/figure>\n<\/div>\n\n\n\n<div class=\"wp-block-column is-vertically-aligned-center right is-layout-flow wp-block-column-is-layout-flow\">\n<h2 class=\"ls__heading wp-block-heading\">TE BEZOEKEN IN MAINE ET LOIRE<\/h2>\n\n\n\n<p class=\"ls-paragraph\">In de Angevin-vlaktes en in de heuvels van Saumur heeft de zachte tufsteensteen de ontwikkeling van troglodietenhabitats bevorderd.  <\/p>\n\n\n\n<p class=\"ls-paragraph\">Tussen deze open dorpen in de rots en de kilometers galerijen gegraven voor de winning van steenblokken, is het een hele ondergrondse wereld die te ontdekken is in  <strong>Anjou<\/strong>  : in Rochem\u00e9nier wordt een heel dorp in de tufsteen bezocht; op  <strong>Sint-Hilaire<\/strong>, troglodieten huisvesten nu talloze sculpturen die de sites en monumenten van de regio vertegenwoordigen.<\/p>\n\n\n\n<p class=\"ls-paragraph\">In <strong>Turquant<\/strong>, <strong>Rou-Marson<\/strong>, <strong>Montsoreau<\/strong> of <strong>Gennes<\/strong> bieden troglodietenrestaurants u angevinspecialiteiten in het hart van de rots: op het menu, galipettes, fou\u00e9es en appels tap\u00e9es.<\/p>\n\n\n\n<p class=\"ls-paragraph addReadMore showlesscontent\">De oude tufsteengroeven werden over het algemeen geherinvesteerd voor de champignonteelt. Ze herbergen ook de kelders van de grote huizen van mousserende <strong>Loire-wijnen<\/strong> zoals <strong>Ackerman, Bouvet-Ladubay, Langlois-Ch\u00e2teau, Louis de Grenelle, Veuve Amiot, Robert &amp; Marcel of Gratien &amp; Meyer.<\/strong> <\/p>\n<\/div>\n<\/div>\n\n\n\n<figure class=\"wp-block-image size-full image-deco\"><img decoding=\"async\" width=\"200\" height=\"262\" src=\"https:\/\/www.campinglesnobis.com\/wp-content\/uploads\/2023\/03\/sac-a-dos-bckgroundicones.png\" alt=\"Rugzak Bckgroundicones\" class=\"wp-image-7928\"\/><\/figure>\n\n\r\n    <\/div>\r\n<\/section>\n\n<section id=\"ls-section-block_f3661b66987160081162b065b0baedae\" class=\"ls-section  page-parallax has-background-image has-parallax\" >\r\n    <div class=\"ls-section__background-image opacity-100\"><img decoding=\"async\" src=\"https:\/\/www.campinglesnobis.com\/wp-content\/uploads\/2023\/05\/Terra_Botanica-cSebastien_GAUDARD-AnjouTourisme-1920px_resultat-1.webp\" alt=\"Terra Botanica le parc familial a proximit\u00e9 des Nobis d'anjou pour d\u00e9couvrir la nature\"><\/div>    <div class=\"container \">\r\n        \n\n<p class=\"ls-paragraph\"><\/p>\n\n\r\n    <\/div>\r\n<\/section>\n\n<section id=\"ls-section-block_785b29b80b2ea87ab62c3a59dd773ac7\" class=\"ls-section  page-three\" >\r\n        <div class=\"container container--wide\">\r\n        \n\n<div class=\"wp-block-columns is-layout-flex wp-container-core-columns-is-layout-9d6595d7 wp-block-columns-is-layout-flex\">\n<div class=\"wp-block-column has-color-white-background-color has-background is-layout-flow wp-block-column-is-layout-flow\">\n<p class=\"ls-paragraph has-text-align-center\"><strong>Maine-et-Loire,<\/strong> een ideale bestemming tijdens uw <a href=\"https:\/\/www.campinglesnobis.com\/nl\/kamperen-val-de-loire\/\">campingvakantie in<\/a> de Loire-vallei voor liefhebbers van groen toerisme, onderscheidt zich door een uitzonderlijke omgeving, tussen de oevers en zanderige eilanden van de Loire, de schaduwrijke oevers van de Thouet en de heuvelachtige wijngaarden van de Layon. Anjou cultiveert ook een smaak voor bloei: van Terra Botanica tot de Japanse tuinen van Maul\u00e9vrier via de paden van de roos in Dou\u00e9-en-Anjou, <strong>de parken en tuinen van Maine-et-Loire getuigen van<\/strong> een eeuwenoude tuinbouwtraditie.<\/p>\n<\/div>\n<\/div>\n\n\r\n    <\/div>\r\n<\/section>\n\n<section id=\"ls-section-block_c4a8910a492647679fcbfd72db4767c6\" class=\"ls-section  page-maillage has-p-t p-t-14 has-p-b p-b-14\" >\r\n        <div class=\"container container--wide\">\r\n        \n\n<div id=\"ls-heading ls-titre-div-block_adb655e2608a91b9c166cbd031e2f7cd\" class=\"ls-titre-div aligncenter h2-like\" >\n    Ontdek het Pays de la Loire, de Loire-vallei en Montreuil-Bellay!<\/div>\n\n\n<div id=\"ls-maillage-block_0ed02aece612eea03df7c9e0a5676984\" class=\"ls-maillage cta-style-normal\" data-rows=\"3\">\r\n    <div class=\"wp-block-columns\"><div class=\"wp-block-column\">\n\n<a href=\"https:\/\/www.campinglesnobis.com\/nl\/toerisme-maine-et-loire\/\" target=\"\" rel=\"noopener\" class=\"ls-cta__link\">\n\n\t<div class=\"ls-cta__image\"><img decoding=\"async\" src=\"https:\/\/www.campinglesnobis.com\/wp-content\/uploads\/2023\/02\/Projet_20230527_0033-copie-768x323.webp\" alt=\"chalet des nobis d'anjou en pleine nature\"><\/div>\n\t<div class=\"ls-cta__title\">\n\t\tMaine et Loire\t<\/div>\n\n\t\n<\/a>\n<\/div><div class=\"wp-block-column\">\n\n<a href=\"https:\/\/www.campinglesnobis.com\/nl\/toerisme-pays-de-la-loire\/\" target=\"\" rel=\"noopener\" class=\"ls-cta__link\">\n\n\t<div class=\"ls-cta__image\"><img decoding=\"async\" src=\"https:\/\/www.campinglesnobis.com\/wp-content\/uploads\/2023\/03\/decouvrir-la-loire-depuis-le-camping-nobis-danjou.webp\" alt=\"decouvrir la loire depuis le camping nobis danjou\"><\/div>\n\t<div class=\"ls-cta__title\">\n\t\tPays de Loire\t<\/div>\n\n\t\n<\/a>\n<\/div><div class=\"wp-block-column\">\n\n<a href=\"https:\/\/www.campinglesnobis.com\/nl\/toerisme-montreuil-belay\/\" target=\"\" rel=\"noopener\" class=\"ls-cta__link\">\n\n\t<div class=\"ls-cta__image\"><img decoding=\"async\" src=\"https:\/\/www.campinglesnobis.com\/wp-content\/uploads\/2023\/04\/montreuil-bellay-chateaau-famille-ballade-fortifications_resultat-1-768x519.webp\" alt=\"montreuil bellay chateaau famille ballade fortifications resultat \"><\/div>\n\t<div class=\"ls-cta__title\">\n\t\tMontreuil-Bellay\t<\/div>\n\n\t\n<\/a>\n<\/div><\/div><\/div>\n\r\n    <\/div>\r\n<\/section>","protected":false},"excerpt":{"rendered":"","protected":false},"author":1,"featured_media":12961,"parent":0,"menu_order":0,"comment_status":"closed","ping_status":"closed","template":"","meta":{"_acf_changed":false,"inline_featured_image":false,"footnotes":""},"sujet":[],"class_list":["post-11758","page","type-page","status-publish","has-post-thumbnail","hentry"],"acf":[],"yoast_head":"<!-- This site is optimized with the Yoast SEO plugin v25.3 - https:\/\/yoast.com\/wordpress\/plugins\/seo\/ -->\n<title>Camping Maine et Loire: erfgoed en familiebezoeken in Maine et Loire<\/title>\n<meta name=\"robots\" content=\"index, follow, max-snippet:-1, max-image-preview:large, max-video-preview:-1\" \/>\n<link rel=\"canonical\" href=\"https:\/\/www.campinglesnobis.com\/nl\/toerisme-maine-et-loire\/\" \/>\n<meta property=\"og:locale\" content=\"nl_NL\" \/>\n<meta property=\"og:type\" content=\"article\" \/>\n<meta property=\"og:title\" content=\"Camping Maine et Loire: erfgoed en familiebezoeken in Maine et Loire\" \/>\n<meta property=\"og:url\" content=\"https:\/\/www.campinglesnobis.com\/nl\/toerisme-maine-et-loire\/\" \/>\n<meta property=\"og:site_name\" content=\"Camping les Nobis d&#039;Anjou\" \/>\n<meta property=\"article:modified_time\" content=\"2023-05-30T07:33:22+00:00\" \/>\n<meta property=\"og:image\" content=\"https:\/\/www.campinglesnobis.com\/wp-content\/uploads\/2023\/05\/Grez-Neuville-cSebastien_GAUDARD-AnjouTourisme-1920px_resultat_1.webp\" \/>\n\t<meta property=\"og:image:width\" content=\"1799\" \/>\n\t<meta property=\"og:image:height\" content=\"1200\" \/>\n\t<meta property=\"og:image:type\" content=\"image\/webp\" \/>\n<meta name=\"twitter:card\" content=\"summary_large_image\" \/>\n<meta name=\"twitter:label1\" content=\"Geschatte leestijd\" \/>\n\t<meta name=\"twitter:data1\" content=\"4 minuten\" \/>\n<script type=\"application\/ld+json\" class=\"yoast-schema-graph\">{\"@context\":\"https:\/\/schema.org\",\"@graph\":[{\"@type\":\"WebPage\",\"@id\":\"https:\/\/www.campinglesnobis.com\/nl\/toerisme-maine-et-loire\/\",\"url\":\"https:\/\/www.campinglesnobis.com\/nl\/toerisme-maine-et-loire\/\",\"name\":\"Camping Maine et Loire: erfgoed en familiebezoeken in Maine et Loire\",\"isPartOf\":{\"@id\":\"https:\/\/www.campinglesnobis.com\/nl\/#website\"},\"primaryImageOfPage\":{\"@id\":\"https:\/\/www.campinglesnobis.com\/nl\/toerisme-maine-et-loire\/#primaryimage\"},\"image\":{\"@id\":\"https:\/\/www.campinglesnobis.com\/nl\/toerisme-maine-et-loire\/#primaryimage\"},\"thumbnailUrl\":\"https:\/\/www.campinglesnobis.com\/wp-content\/uploads\/2023\/02\/Grez-Neuville-cSebastien_GAUDARD-AnjouTourisme-1920px_resultat-1.webp\",\"datePublished\":\"2023-05-02T09:00:30+00:00\",\"dateModified\":\"2023-05-30T07:33:22+00:00\",\"breadcrumb\":{\"@id\":\"https:\/\/www.campinglesnobis.com\/nl\/toerisme-maine-et-loire\/#breadcrumb\"},\"inLanguage\":\"nl-NL\",\"potentialAction\":[{\"@type\":\"ReadAction\",\"target\":[\"https:\/\/www.campinglesnobis.com\/nl\/toerisme-maine-et-loire\/\"]}]},{\"@type\":\"ImageObject\",\"inLanguage\":\"nl-NL\",\"@id\":\"https:\/\/www.campinglesnobis.com\/nl\/toerisme-maine-et-loire\/#primaryimage\",\"url\":\"https:\/\/www.campinglesnobis.com\/wp-content\/uploads\/2023\/02\/Grez-Neuville-cSebastien_GAUDARD-AnjouTourisme-1920px_resultat-1.webp\",\"contentUrl\":\"https:\/\/www.campinglesnobis.com\/wp-content\/uploads\/2023\/02\/Grez-Neuville-cSebastien_GAUDARD-AnjouTourisme-1920px_resultat-1.webp\",\"width\":1600,\"height\":1068,\"caption\":\"Grez Neuville le village sous un ciel rose de fin de journee, paysage magnifique pr\u00e8s du camping les nobis d'anjou\"},{\"@type\":\"BreadcrumbList\",\"@id\":\"https:\/\/www.campinglesnobis.com\/nl\/toerisme-maine-et-loire\/#breadcrumb\",\"itemListElement\":[{\"@type\":\"ListItem\",\"position\":1,\"name\":\"camping Saumur\",\"item\":\"https:\/\/www.campinglesnobis.com\/nl\/\"},{\"@type\":\"ListItem\",\"position\":2,\"name\":\"Maine et Loire\"}]},{\"@type\":\"WebSite\",\"@id\":\"https:\/\/www.campinglesnobis.com\/nl\/#website\",\"url\":\"https:\/\/www.campinglesnobis.com\/nl\/\",\"name\":\"Camping les Nobis d'Anjou\",\"description\":\"\",\"publisher\":{\"@id\":\"https:\/\/www.campinglesnobis.com\/nl\/#organization\"},\"alternateName\":\"Les Nobis d'Anjou\",\"potentialAction\":[{\"@type\":\"SearchAction\",\"target\":{\"@type\":\"EntryPoint\",\"urlTemplate\":\"https:\/\/www.campinglesnobis.com\/nl\/?s={search_term_string}\"},\"query-input\":{\"@type\":\"PropertyValueSpecification\",\"valueRequired\":true,\"valueName\":\"search_term_string\"}}],\"inLanguage\":\"nl-NL\"},{\"@type\":\"Organization\",\"@id\":\"https:\/\/www.campinglesnobis.com\/nl\/#organization\",\"name\":\"Camping les Nobis d'Anjou\",\"url\":\"https:\/\/www.campinglesnobis.com\/nl\/\",\"logo\":{\"@type\":\"ImageObject\",\"inLanguage\":\"nl-NL\",\"@id\":\"https:\/\/www.campinglesnobis.com\/nl\/#\/schema\/logo\/image\/\",\"url\":\"https:\/\/www.campinglesnobis.com\/wp-content\/uploads\/2023\/02\/logo-paradis-nobis.webp\",\"contentUrl\":\"https:\/\/www.campinglesnobis.com\/wp-content\/uploads\/2023\/02\/logo-paradis-nobis.webp\",\"width\":200,\"height\":200,\"caption\":\"Camping les Nobis d'Anjou\"},\"image\":{\"@id\":\"https:\/\/www.campinglesnobis.com\/nl\/#\/schema\/logo\/image\/\"}}]}<\/script>\n<!-- \/ Yoast SEO plugin. -->","yoast_head_json":{"title":"Camping Maine et Loire: erfgoed en familiebezoeken in Maine et Loire","robots":{"index":"index","follow":"follow","max-snippet":"max-snippet:-1","max-image-preview":"max-image-preview:large","max-video-preview":"max-video-preview:-1"},"canonical":"https:\/\/www.campinglesnobis.com\/nl\/toerisme-maine-et-loire\/","og_locale":"nl_NL","og_type":"article","og_title":"Camping Maine et Loire: erfgoed en familiebezoeken in Maine et Loire","og_url":"https:\/\/www.campinglesnobis.com\/nl\/toerisme-maine-et-loire\/","og_site_name":"Camping les Nobis d&#039;Anjou","article_modified_time":"2023-05-30T07:33:22+00:00","og_image":[{"width":1799,"height":1200,"url":"https:\/\/www.campinglesnobis.com\/wp-content\/uploads\/2023\/05\/Grez-Neuville-cSebastien_GAUDARD-AnjouTourisme-1920px_resultat_1.webp","type":"image\/webp"}],"twitter_card":"summary_large_image","twitter_misc":{"Geschatte leestijd":"4 minuten"},"schema":{"@context":"https:\/\/schema.org","@graph":[{"@type":"WebPage","@id":"https:\/\/www.campinglesnobis.com\/nl\/toerisme-maine-et-loire\/","url":"https:\/\/www.campinglesnobis.com\/nl\/toerisme-maine-et-loire\/","name":"Camping Maine et Loire: erfgoed en familiebezoeken in Maine et Loire","isPartOf":{"@id":"https:\/\/www.campinglesnobis.com\/nl\/#website"},"primaryImageOfPage":{"@id":"https:\/\/www.campinglesnobis.com\/nl\/toerisme-maine-et-loire\/#primaryimage"},"image":{"@id":"https:\/\/www.campinglesnobis.com\/nl\/toerisme-maine-et-loire\/#primaryimage"},"thumbnailUrl":"https:\/\/www.campinglesnobis.com\/wp-content\/uploads\/2023\/02\/Grez-Neuville-cSebastien_GAUDARD-AnjouTourisme-1920px_resultat-1.webp","datePublished":"2023-05-02T09:00:30+00:00","dateModified":"2023-05-30T07:33:22+00:00","breadcrumb":{"@id":"https:\/\/www.campinglesnobis.com\/nl\/toerisme-maine-et-loire\/#breadcrumb"},"inLanguage":"nl-NL","potentialAction":[{"@type":"ReadAction","target":["https:\/\/www.campinglesnobis.com\/nl\/toerisme-maine-et-loire\/"]}]},{"@type":"ImageObject","inLanguage":"nl-NL","@id":"https:\/\/www.campinglesnobis.com\/nl\/toerisme-maine-et-loire\/#primaryimage","url":"https:\/\/www.campinglesnobis.com\/wp-content\/uploads\/2023\/02\/Grez-Neuville-cSebastien_GAUDARD-AnjouTourisme-1920px_resultat-1.webp","contentUrl":"https:\/\/www.campinglesnobis.com\/wp-content\/uploads\/2023\/02\/Grez-Neuville-cSebastien_GAUDARD-AnjouTourisme-1920px_resultat-1.webp","width":1600,"height":1068,"caption":"Grez Neuville le village sous un ciel rose de fin de journee, paysage magnifique pr\u00e8s du camping les nobis d'anjou"},{"@type":"BreadcrumbList","@id":"https:\/\/www.campinglesnobis.com\/nl\/toerisme-maine-et-loire\/#breadcrumb","itemListElement":[{"@type":"ListItem","position":1,"name":"camping Saumur","item":"https:\/\/www.campinglesnobis.com\/nl\/"},{"@type":"ListItem","position":2,"name":"Maine et Loire"}]},{"@type":"WebSite","@id":"https:\/\/www.campinglesnobis.com\/nl\/#website","url":"https:\/\/www.campinglesnobis.com\/nl\/","name":"Camping les Nobis d'Anjou","description":"","publisher":{"@id":"https:\/\/www.campinglesnobis.com\/nl\/#organization"},"alternateName":"Les Nobis d'Anjou","potentialAction":[{"@type":"SearchAction","target":{"@type":"EntryPoint","urlTemplate":"https:\/\/www.campinglesnobis.com\/nl\/?s={search_term_string}"},"query-input":{"@type":"PropertyValueSpecification","valueRequired":true,"valueName":"search_term_string"}}],"inLanguage":"nl-NL"},{"@type":"Organization","@id":"https:\/\/www.campinglesnobis.com\/nl\/#organization","name":"Camping les Nobis d'Anjou","url":"https:\/\/www.campinglesnobis.com\/nl\/","logo":{"@type":"ImageObject","inLanguage":"nl-NL","@id":"https:\/\/www.campinglesnobis.com\/nl\/#\/schema\/logo\/image\/","url":"https:\/\/www.campinglesnobis.com\/wp-content\/uploads\/2023\/02\/logo-paradis-nobis.webp","contentUrl":"https:\/\/www.campinglesnobis.com\/wp-content\/uploads\/2023\/02\/logo-paradis-nobis.webp","width":200,"height":200,"caption":"Camping les Nobis d'Anjou"},"image":{"@id":"https:\/\/www.campinglesnobis.com\/nl\/#\/schema\/logo\/image\/"}}]}},"_links":{"self":[{"href":"https:\/\/www.campinglesnobis.com\/nl\/wp-json\/wp\/v2\/pages\/11758","targetHints":{"allow":["GET"]}}],"collection":[{"href":"https:\/\/www.campinglesnobis.com\/nl\/wp-json\/wp\/v2\/pages"}],"about":[{"href":"https:\/\/www.campinglesnobis.com\/nl\/wp-json\/wp\/v2\/types\/page"}],"author":[{"embeddable":true,"href":"https:\/\/www.campinglesnobis.com\/nl\/wp-json\/wp\/v2\/users\/1"}],"replies":[{"embeddable":true,"href":"https:\/\/www.campinglesnobis.com\/nl\/wp-json\/wp\/v2\/comments?post=11758"}],"version-history":[{"count":9,"href":"https:\/\/www.campinglesnobis.com\/nl\/wp-json\/wp\/v2\/pages\/11758\/revisions"}],"predecessor-version":[{"id":13055,"href":"https:\/\/www.campinglesnobis.com\/nl\/wp-json\/wp\/v2\/pages\/11758\/revisions\/13055"}],"wp:featuredmedia":[{"embeddable":true,"href":"https:\/\/www.campinglesnobis.com\/nl\/wp-json\/wp\/v2\/media\/12961"}],"wp:attachment":[{"href":"https:\/\/www.campinglesnobis.com\/nl\/wp-json\/wp\/v2\/media?parent=11758"}],"wp:term":[{"taxonomy":"sujet","embeddable":true,"href":"https:\/\/www.campinglesnobis.com\/nl\/wp-json\/wp\/v2\/sujet?post=11758"}],"curies":[{"name":"wp","href":"https:\/\/api.w.org\/{rel}","templated":true}]}}