{"id":11797,"date":"2023-02-20T11:51:36","date_gmt":"2023-02-20T10:51:36","guid":{"rendered":"https:\/\/www.campinglesnobis.com\/pays-de-loire\/"},"modified":"2023-05-30T10:47:58","modified_gmt":"2023-05-30T08:47:58","slug":"toerisme-pays-de-la-loire","status":"publish","type":"page","link":"https:\/\/www.campinglesnobis.com\/nl\/toerisme-pays-de-la-loire\/","title":{"rendered":"Pays de Loire"},"content":{"rendered":"<section id=\"ls-section-block_7ce327a477ce6cc0762acc5b21d51f31\" class=\"ls-section  page-chapeau has-p-b p-b-0\" >\r\n        <div class=\"container container--wide\">\r\n        \n\n<h1 class=\"ls__heading wp-block-heading has-text-align-center\">Camping Pays de la Loire 4 sterren<\/h1>\n\n\n\n<p class=\"ls-paragraph has-text-align-center\">Van de stranden van Loire-Atlantique en Vend\u00e9e tot de circuits van de 24 uur van Le Mans, door de wijngaarden van Anjou of de kanalen van de Marais Poitevin, het Pays de la Loire is een <strong>regio met vele gezichten<\/strong>. Van land tot oceaan, de landschappen zijn gevarieerd en de  <strong>Rijk natuurlijk erfgoed<\/strong>  : de regio omvat  <a href=\"https:\/\/www.campinglesnobis.com\/nl\/kamperen-val-de-loire\/\">de Loire-vallei<\/a>, geclassificeerd door UNESCO, het hoogste punt van de Mont des Avaloirs, de  <strong>Regionaal Natuurpark Bri\u00e8re<\/strong>  en zijn moerassen aan de  <strong>Behoud van biodiversiteit<\/strong>, de lagere valleien van Angevine, de Marais Poitevin ook wel &#8220;Venise Verte&#8221; genoemd en  <strong>Aiguillon Baai<\/strong>  aan de monding van de S\u00e8vre Niortaise, de Marais Breton en het meer van Grand-Lieu.<\/p>\n\n\r\n    <\/div>\r\n<\/section>\n\n<section id=\"ls-section-block_8a20911a8ab14f0ae4d664caff9de1db\" class=\"ls-section  page-one\" >\r\n        <div class=\"container container--wide\">\r\n        \n\n<div class=\"wp-block-columns is-layout-flex wp-container-core-columns-is-layout-9d6595d7 wp-block-columns-is-layout-flex\">\n<div class=\"wp-block-column is-layout-flow wp-block-column-is-layout-flow\" style=\"flex-basis:70%\">\n<figure class=\"wp-block-image size-full animated fadeIn slow deco-chateau blanc right\"><img decoding=\"async\" width=\"900\" height=\"600\" src=\"https:\/\/www.campinglesnobis.com\/wp-content\/uploads\/2023\/05\/le-chateaux-des-ducs-de-bretagn-au-pays-de-la-loire-1.webp\" alt=\"le chateaux des ducs de bretagn au pays de la loire\" class=\"wp-image-13170\" title=\"pagina-\u00e9\u00e9n\" srcset=\"https:\/\/www.campinglesnobis.com\/wp-content\/uploads\/2023\/05\/le-chateaux-des-ducs-de-bretagn-au-pays-de-la-loire-1.webp 900w, https:\/\/www.campinglesnobis.com\/wp-content\/uploads\/2023\/05\/le-chateaux-des-ducs-de-bretagn-au-pays-de-la-loire-1-300x200.webp 300w, https:\/\/www.campinglesnobis.com\/wp-content\/uploads\/2023\/05\/le-chateaux-des-ducs-de-bretagn-au-pays-de-la-loire-1-768x512.webp 768w\" sizes=\"(max-width: 900px) 100vw, 900px\" \/><\/figure>\n<\/div>\n\n\n\n<div class=\"wp-block-column is-vertically-aligned-center is-layout-flow wp-block-column-is-layout-flow\" style=\"flex-basis:30%\">\n<h2 class=\"ls__heading wp-block-heading\">Het rijke erfgoed van het Pays de la Loire<\/h2>\n\n\n\n<p class=\"ls-paragraph\">Tussen deze <strong>uitzonderlijke natuurgebieden<\/strong> hebben de grote steden van de regio allemaal een <strong>rijk architectonisch erfgoed<\/strong> en een opwindende geschiedenis. Nantes, hoofdstad van het Pays de la Loire, biedt bezoekers een dynamische en gedurfde ziel, tussen het kasteel van de <strong>hertogen van Bretagne<\/strong> en de middeleeuwse straten, de aangelegde eilanden aan de Erdre, de kunstwerken in de open lucht en de magische grote machines ge\u00efnspireerd op de wereld van Jules Verne.  <\/p>\n\n\n\n<p class=\"ls-paragraph\">Aan de monding van de Loire biedt Saint-Nazaire een andere sfeer, meer open voor de oceaan, maar zowel gericht op de toekomst als op het verleden, tussen de onderzee\u00ebrbasis, de scheepswerven, het museum van transatlantische schepen en de <strong>Airbus-werkplaatsen<\/strong>. In de Sarthe verrast Le Mans, beroemd om zijn circuits, ook met de schoonheid van zijn historische wijken.  <\/p>\n\n\n\n<p class=\"ls-paragraph addReadMore showlesscontent\">De stad Plantagenet, het historische hart van Le Mans, wordt gedomineerd door het sublieme silhouet van de kathedraal Saint-Julien. In het hart van Anjou werd de stad Angers gebouwd op de linkeroever van de Maine, rond de <strong>kathedraal Saint-Maurice en het kasteel<\/strong>.  <br><br>Middeleeuwse en renaissance-architectuur komen samen en mengen vakwerkhuizen en gebouwen met het typische contrast van de witheid van de tufsteen en het zwart van de leisteen. <a href=\"https:\/\/www.campinglesnobis.com\/blog\/visiter-angers-en-1-jour\/\">Bezoek Angers in 1 dag ons advies<\/a>.<\/p>\n<\/div>\n<\/div>\n\n\r\n    <\/div>\r\n<\/section>\n\n<section id=\"ls-section-block_5c6009a99d227b045707de9264a3b658\" class=\"ls-section  page-two deco-gris has-p-b p-b-14\" >\r\n        <div class=\"container container--wide\">\r\n        \n\n<div class=\"wp-block-columns second is-layout-flex wp-container-core-columns-is-layout-9d6595d7 wp-block-columns-is-layout-flex\">\n<div class=\"wp-block-column is-vertically-aligned-center right is-layout-flow wp-block-column-is-layout-flow\">\n<h2 class=\"ls__heading wp-block-heading\">Bezoek het Pays de la Loire met uw gezin<\/h2>\n\n\n\n<p class=\"ls-paragraph\"><a href=\"https:\/\/www.enpaysdelaloire.com\/\" target=\"_blank\" rel=\"noreferrer noopener\">Het Pays de la Loire<\/a> staat vol met <strong>historische en culturele bezienswaardigheden om met uw gezin te bezoeken<\/strong>. Een van de meest onmisbare exotische sites zijn de Blue Mine, in Segr\u00e9, die u de mogelijkheid biedt om 126 m onder de grond te duiken om het dagelijks leven van leisteenmijnwerkers te ontdekken, Escal&#8217;Atlantic in Saint-Nazaire, die de  <strong>Decor en sfeer van transatlantische voeringen<\/strong>, of Les Machines de l&#8217;\u00eele, in Nantes, met een galerij van machines, een ritje op een olifant van 12 meter, een carrousel van zeewerelden op 3 verdiepingen en het Heron Tree-project.  <\/p>\n\n\n\n<p class=\"ls-paragraph\">In Mayenne is <strong>het Palais-mus\u00e9e Robert Tatin<\/strong> een unieke plek, een &#8220;kunstomgeving&#8221; meesterwerk van na\u00efeve kunst. Fontevraud, de grootste abdij van Europa, is ook een must-see in de regio op enkele kilometers van Saumur.  <\/p>\n\n\n\n<p class=\"ls-paragraph addReadMore showlesscontent\">Vind ook in de buurt <a href=\"https:\/\/www.campinglesnobis.com\/nl\/\">Nobis d&#8217;Anjou<\/a> <strong>gerenommeerde themaparken<\/strong> : onder hen, de beroemde <a href=\"https:\/\/www.campinglesnobis.com\/nl\/campingvakantie-puy-du-fou\/\">Puy du Fou<\/a>, maar ook Terra Botanica aan de poorten van Angers, of het <strong>oosterse park van Maul\u00e9vrier, de grootste Japanse tuin van Europa<\/strong>.<\/p>\n<\/div>\n\n\n\n<div class=\"wp-block-column is-vertically-aligned-center left is-layout-flow wp-block-column-is-layout-flow\">\n<figure class=\"wp-block-image size-full animated fadeInLeft delay-200ms slow\"><a href=\"https:\/\/www.campinglesnobis.com\/wp-content\/uploads\/2023\/03\/visite-terra-botanica-en-famille.webp\"><img decoding=\"async\" width=\"900\" height=\"600\" src=\"https:\/\/www.campinglesnobis.com\/wp-content\/uploads\/2023\/03\/visite-terra-botanica-en-famille.webp\" alt=\"Terra Botanica familie tour\" class=\"wp-image-8617\" srcset=\"https:\/\/www.campinglesnobis.com\/wp-content\/uploads\/2023\/03\/visite-terra-botanica-en-famille.webp 900w, https:\/\/www.campinglesnobis.com\/wp-content\/uploads\/2023\/03\/visite-terra-botanica-en-famille-300x200.webp 300w, https:\/\/www.campinglesnobis.com\/wp-content\/uploads\/2023\/03\/visite-terra-botanica-en-famille-768x512.webp 768w\" sizes=\"(max-width: 900px) 100vw, 900px\" \/><\/a><figcaption class=\"wp-element-caption\">\u00a9Bertrand Bechard<\/figcaption><\/figure>\n<\/div>\n<\/div>\n\n\n\n<figure class=\"wp-block-image size-full image-deco\"><img decoding=\"async\" width=\"200\" height=\"110\" src=\"https:\/\/www.campinglesnobis.com\/wp-content\/uploads\/2023\/03\/Jumelle-locationicones.png\" alt=\"Verrekijker locatieicones\" class=\"wp-image-8052\"\/><\/figure>\n\n\r\n    <\/div>\r\n<\/section>\n\n<section id=\"ls-section-block_d3cf71f4a05ad267658e66f7c0088b23\" class=\"ls-section  page-parallax has-background-image has-parallax\" >\r\n    <div class=\"ls-section__background-image opacity-100\"><img decoding=\"async\" src=\"https:\/\/www.campinglesnobis.com\/wp-content\/uploads\/2023\/05\/decouvrir-la-gastronomie-des-pays-de-la-loire-1.webp\" alt=\"decouvrir la gastronomie des pays de la loire\"><\/div>    <div class=\"container \">\r\n        \n\n<p class=\"ls-paragraph\"><\/p>\n\n\r\n    <\/div>\r\n<\/section>\n\n<section id=\"ls-section-block_c0aa8697ba7d7a9f85881c48d8a1fe0e\" class=\"ls-section  page-three\" >\r\n        <div class=\"container container--wide\">\r\n        \n\n<div class=\"wp-block-columns is-layout-flex wp-container-core-columns-is-layout-9d6595d7 wp-block-columns-is-layout-flex\">\n<div class=\"wp-block-column has-color-white-background-color has-background is-layout-flow wp-block-column-is-layout-flow\">\n<h2 class=\"ls__heading wp-block-heading has-text-align-center\">Sport en gastronomie in Pays de la Loire<\/h2>\n\n\n\n<p class=\"ls-paragraph has-text-align-center\">Tussen wijngaarden en de kust is het Pays de la Loire ook <strong>rijk aan vele culinaire tradities<\/strong> om te ontdekken tijdens uw bezoeken. 40.000 hectare wijngaarden produceren gerenommeerde wijnen, van Saumur tot Muscadet en Gros-Plant, Cabernet d&#8217;Anjou en C\u00f4teaux-du-Layon. Een rondleiding door de regio laat u proeven van de vele gastronomische specialiteiten en <strong>vlaggenschipproducten van het terroir<\/strong> : rillettes uit Le Mans, mosselen uit bouchot, mogettes uit de Vend\u00e9e, aardappelen uit Noirmoutier, zandkoekjes uit Nantes, brioche vend\u00e9e, pommes tap\u00e9es, of fou\u00e9es of fouaces rabelaisiennes. Wat aperitieven betreft, zijn \u00e9pine en Cointreau ook lokale smaken. <\/p>\n\n\n\n<p class=\"ls-paragraph has-text-align-center\">Ten slotte organiseert het Pays de la Loire het hele jaar door <strong>sportieve en culturele evenementen van nationale of internationale faam<\/strong>. Naast de niet te missen Vend\u00e9e Globe en de 24 uur van Le Mans of de Internationale Jumping van Frankrijk in La Baule, heeft de regio ook verschillende theater- en filmfestivals in Angers (Festival d&#8217;Anjou, Accroche-C\u0153urs, Premier-Plan) en vele muziekfestivals, waaronder het beroemde Hellfest in Clisson, de Folle Journ\u00e9e in Nantes, het Europa Jazz Festival in de Sarthe,  het Poupet Festival in de Vend\u00e9e, of de Z&#8217;\u00e9clectiques in Chemill\u00e9 en Cholet.<\/p>\n<\/div>\n<\/div>\n\n\r\n    <\/div>\r\n<\/section>\n\n<section id=\"ls-section-block_77df850fb885a8078cfa40adf043d57a\" class=\"ls-section  page-maillage has-p-t p-t-14 has-p-b p-b-14\" >\r\n        <div class=\"container container--wide\">\r\n        \n\n<div id=\"ls-heading ls-titre-div-block_7c954aa22df3146fae7ae4deff55e33e\" class=\"ls-titre-div aligncenter h2-like\" >\n    Ontdek de Loire, de activiteiten in de buurt!<\/div>\n\n\n<div id=\"ls-maillage-block_2b5bacac3a76dc18a78b2a6e72512b73\" class=\"ls-maillage cta-style-normal\" data-rows=\"3\">\r\n    <div class=\"wp-block-columns\"><div class=\"wp-block-column\">\n\n<a href=\"https:\/\/www.campinglesnobis.com\/nl\/camping-kastelen-van-de-loire\/\" target=\"\" rel=\"noopener\" class=\"ls-cta__link\">\n\n\t<div class=\"ls-cta__image\"><img decoding=\"async\" src=\"https:\/\/www.campinglesnobis.com\/wp-content\/uploads\/2023\/03\/chateau-cheverny-cc-commons-768x576.webp\" alt=\"chateau cheverny cc commons\"><\/div>\n\t<div class=\"ls-cta__title\">\n\t\t<span>Ontdek de<\/span> <\/br> Kastelen van de Loire\t<\/div>\n\n\t\n<\/a>\n<\/div><div class=\"wp-block-column\">\n\n<a href=\"https:\/\/www.campinglesnobis.com\/nl\/biopark-zoo-doue-la-fontaine\/\" target=\"\" rel=\"noopener\" class=\"ls-cta__link\">\n\n\t<div class=\"ls-cta__image\"><img decoding=\"async\" src=\"https:\/\/www.campinglesnobis.com\/wp-content\/uploads\/2023\/03\/061701916492-web-tete-768x432.jpeg\" alt=\"les girafes du zoo de boiti\u00e9\n\"><\/div>\n\t<div class=\"ls-cta__title\">\n\t\t<span>Ontdek de<\/span> <\/br> Zoo de Dou\u00e9\t<\/div>\n\n\t\n<\/a>\n<\/div><div class=\"wp-block-column\">\n\n<a href=\"https:\/\/www.campinglesnobis.com\/nl\/campingvakantie-puy-du-fou\/\" target=\"\" rel=\"noopener\" class=\"ls-cta__link\">\n\n\t<div class=\"ls-cta__image\"><img decoding=\"async\" src=\"https:\/\/www.campinglesnobis.com\/wp-content\/uploads\/2023\/04\/puy-du-fou-2023-ebillet-non-date-grand-parc-768x581.jpg\" alt=\"puy du fou  ebillet non date grand parc\"><\/div>\n\t<div class=\"ls-cta__title\">\n\t\tDe Puy du Fou\t<\/div>\n\n\t\n<\/a>\n<\/div><\/div><\/div>\n\r\n    <\/div>\r\n<\/section>","protected":false},"excerpt":{"rendered":"","protected":false},"author":1,"featured_media":13148,"parent":0,"menu_order":0,"comment_status":"closed","ping_status":"closed","template":"","meta":{"_acf_changed":false,"inline_featured_image":false,"footnotes":""},"sujet":[],"class_list":["post-11797","page","type-page","status-publish","has-post-thumbnail","hentry"],"acf":[],"yoast_head":"<!-- This site is optimized with the Yoast SEO plugin v25.3 - https:\/\/yoast.com\/wordpress\/plugins\/seo\/ -->\n<title>Camping Pays de la Loire | Stacaravan en locatie in Pays de la Loire<\/title>\n<meta name=\"robots\" content=\"index, follow, max-snippet:-1, max-image-preview:large, max-video-preview:-1\" \/>\n<link rel=\"canonical\" href=\"https:\/\/www.campinglesnobis.com\/nl\/toerisme-pays-de-la-loire\/\" \/>\n<meta property=\"og:locale\" content=\"nl_NL\" \/>\n<meta property=\"og:type\" content=\"article\" \/>\n<meta property=\"og:title\" content=\"Camping Pays de la Loire | Stacaravan en locatie in Pays de la Loire\" \/>\n<meta property=\"og:url\" content=\"https:\/\/www.campinglesnobis.com\/nl\/toerisme-pays-de-la-loire\/\" \/>\n<meta property=\"og:site_name\" content=\"Camping les Nobis d&#039;Anjou\" \/>\n<meta property=\"article:modified_time\" content=\"2023-05-30T08:47:58+00:00\" \/>\n<meta property=\"og:image\" content=\"https:\/\/www.campinglesnobis.com\/wp-content\/uploads\/2023\/05\/camping-nobis-danjou-aux-pays-de-la-loire-1.webp\" \/>\n\t<meta property=\"og:image:width\" content=\"1920\" \/>\n\t<meta property=\"og:image:height\" content=\"634\" \/>\n\t<meta property=\"og:image:type\" content=\"image\/webp\" \/>\n<meta name=\"twitter:card\" content=\"summary_large_image\" \/>\n<meta name=\"twitter:label1\" content=\"Geschatte leestijd\" \/>\n\t<meta name=\"twitter:data1\" content=\"5 minuten\" \/>\n<script type=\"application\/ld+json\" class=\"yoast-schema-graph\">{\"@context\":\"https:\/\/schema.org\",\"@graph\":[{\"@type\":\"WebPage\",\"@id\":\"https:\/\/www.campinglesnobis.com\/nl\/toerisme-pays-de-la-loire\/\",\"url\":\"https:\/\/www.campinglesnobis.com\/nl\/toerisme-pays-de-la-loire\/\",\"name\":\"Camping Pays de la Loire | Stacaravan en locatie in Pays de la Loire\",\"isPartOf\":{\"@id\":\"https:\/\/www.campinglesnobis.com\/nl\/#website\"},\"primaryImageOfPage\":{\"@id\":\"https:\/\/www.campinglesnobis.com\/nl\/toerisme-pays-de-la-loire\/#primaryimage\"},\"image\":{\"@id\":\"https:\/\/www.campinglesnobis.com\/nl\/toerisme-pays-de-la-loire\/#primaryimage\"},\"thumbnailUrl\":\"https:\/\/www.campinglesnobis.com\/wp-content\/uploads\/2023\/05\/camping-nobis-danjou-aux-pays-de-la-loire-1.webp\",\"datePublished\":\"2023-02-20T10:51:36+00:00\",\"dateModified\":\"2023-05-30T08:47:58+00:00\",\"breadcrumb\":{\"@id\":\"https:\/\/www.campinglesnobis.com\/nl\/toerisme-pays-de-la-loire\/#breadcrumb\"},\"inLanguage\":\"nl-NL\",\"potentialAction\":[{\"@type\":\"ReadAction\",\"target\":[\"https:\/\/www.campinglesnobis.com\/nl\/toerisme-pays-de-la-loire\/\"]}]},{\"@type\":\"ImageObject\",\"inLanguage\":\"nl-NL\",\"@id\":\"https:\/\/www.campinglesnobis.com\/nl\/toerisme-pays-de-la-loire\/#primaryimage\",\"url\":\"https:\/\/www.campinglesnobis.com\/wp-content\/uploads\/2023\/05\/camping-nobis-danjou-aux-pays-de-la-loire-1.webp\",\"contentUrl\":\"https:\/\/www.campinglesnobis.com\/wp-content\/uploads\/2023\/05\/camping-nobis-danjou-aux-pays-de-la-loire-1.webp\",\"width\":1920,\"height\":634,\"caption\":\"camping nobis danjou aux pays de la loire (1)\"},{\"@type\":\"BreadcrumbList\",\"@id\":\"https:\/\/www.campinglesnobis.com\/nl\/toerisme-pays-de-la-loire\/#breadcrumb\",\"itemListElement\":[{\"@type\":\"ListItem\",\"position\":1,\"name\":\"camping Saumur\",\"item\":\"https:\/\/www.campinglesnobis.com\/nl\/\"},{\"@type\":\"ListItem\",\"position\":2,\"name\":\"Pays de la Loire\"}]},{\"@type\":\"WebSite\",\"@id\":\"https:\/\/www.campinglesnobis.com\/nl\/#website\",\"url\":\"https:\/\/www.campinglesnobis.com\/nl\/\",\"name\":\"Camping les Nobis d'Anjou\",\"description\":\"\",\"publisher\":{\"@id\":\"https:\/\/www.campinglesnobis.com\/nl\/#organization\"},\"alternateName\":\"Les Nobis d'Anjou\",\"potentialAction\":[{\"@type\":\"SearchAction\",\"target\":{\"@type\":\"EntryPoint\",\"urlTemplate\":\"https:\/\/www.campinglesnobis.com\/nl\/?s={search_term_string}\"},\"query-input\":{\"@type\":\"PropertyValueSpecification\",\"valueRequired\":true,\"valueName\":\"search_term_string\"}}],\"inLanguage\":\"nl-NL\"},{\"@type\":\"Organization\",\"@id\":\"https:\/\/www.campinglesnobis.com\/nl\/#organization\",\"name\":\"Camping les Nobis d'Anjou\",\"url\":\"https:\/\/www.campinglesnobis.com\/nl\/\",\"logo\":{\"@type\":\"ImageObject\",\"inLanguage\":\"nl-NL\",\"@id\":\"https:\/\/www.campinglesnobis.com\/nl\/#\/schema\/logo\/image\/\",\"url\":\"https:\/\/www.campinglesnobis.com\/wp-content\/uploads\/2023\/02\/logo-paradis-nobis.webp\",\"contentUrl\":\"https:\/\/www.campinglesnobis.com\/wp-content\/uploads\/2023\/02\/logo-paradis-nobis.webp\",\"width\":200,\"height\":200,\"caption\":\"Camping les Nobis d'Anjou\"},\"image\":{\"@id\":\"https:\/\/www.campinglesnobis.com\/nl\/#\/schema\/logo\/image\/\"}}]}<\/script>\n<!-- \/ Yoast SEO plugin. -->","yoast_head_json":{"title":"Camping Pays de la Loire | Stacaravan en locatie in Pays de la Loire","robots":{"index":"index","follow":"follow","max-snippet":"max-snippet:-1","max-image-preview":"max-image-preview:large","max-video-preview":"max-video-preview:-1"},"canonical":"https:\/\/www.campinglesnobis.com\/nl\/toerisme-pays-de-la-loire\/","og_locale":"nl_NL","og_type":"article","og_title":"Camping Pays de la Loire | Stacaravan en locatie in Pays de la Loire","og_url":"https:\/\/www.campinglesnobis.com\/nl\/toerisme-pays-de-la-loire\/","og_site_name":"Camping les Nobis d&#039;Anjou","article_modified_time":"2023-05-30T08:47:58+00:00","og_image":[{"width":1920,"height":634,"url":"https:\/\/www.campinglesnobis.com\/wp-content\/uploads\/2023\/05\/camping-nobis-danjou-aux-pays-de-la-loire-1.webp","type":"image\/webp"}],"twitter_card":"summary_large_image","twitter_misc":{"Geschatte leestijd":"5 minuten"},"schema":{"@context":"https:\/\/schema.org","@graph":[{"@type":"WebPage","@id":"https:\/\/www.campinglesnobis.com\/nl\/toerisme-pays-de-la-loire\/","url":"https:\/\/www.campinglesnobis.com\/nl\/toerisme-pays-de-la-loire\/","name":"Camping Pays de la Loire | Stacaravan en locatie in Pays de la Loire","isPartOf":{"@id":"https:\/\/www.campinglesnobis.com\/nl\/#website"},"primaryImageOfPage":{"@id":"https:\/\/www.campinglesnobis.com\/nl\/toerisme-pays-de-la-loire\/#primaryimage"},"image":{"@id":"https:\/\/www.campinglesnobis.com\/nl\/toerisme-pays-de-la-loire\/#primaryimage"},"thumbnailUrl":"https:\/\/www.campinglesnobis.com\/wp-content\/uploads\/2023\/05\/camping-nobis-danjou-aux-pays-de-la-loire-1.webp","datePublished":"2023-02-20T10:51:36+00:00","dateModified":"2023-05-30T08:47:58+00:00","breadcrumb":{"@id":"https:\/\/www.campinglesnobis.com\/nl\/toerisme-pays-de-la-loire\/#breadcrumb"},"inLanguage":"nl-NL","potentialAction":[{"@type":"ReadAction","target":["https:\/\/www.campinglesnobis.com\/nl\/toerisme-pays-de-la-loire\/"]}]},{"@type":"ImageObject","inLanguage":"nl-NL","@id":"https:\/\/www.campinglesnobis.com\/nl\/toerisme-pays-de-la-loire\/#primaryimage","url":"https:\/\/www.campinglesnobis.com\/wp-content\/uploads\/2023\/05\/camping-nobis-danjou-aux-pays-de-la-loire-1.webp","contentUrl":"https:\/\/www.campinglesnobis.com\/wp-content\/uploads\/2023\/05\/camping-nobis-danjou-aux-pays-de-la-loire-1.webp","width":1920,"height":634,"caption":"camping nobis danjou aux pays de la loire (1)"},{"@type":"BreadcrumbList","@id":"https:\/\/www.campinglesnobis.com\/nl\/toerisme-pays-de-la-loire\/#breadcrumb","itemListElement":[{"@type":"ListItem","position":1,"name":"camping Saumur","item":"https:\/\/www.campinglesnobis.com\/nl\/"},{"@type":"ListItem","position":2,"name":"Pays de la Loire"}]},{"@type":"WebSite","@id":"https:\/\/www.campinglesnobis.com\/nl\/#website","url":"https:\/\/www.campinglesnobis.com\/nl\/","name":"Camping les Nobis d'Anjou","description":"","publisher":{"@id":"https:\/\/www.campinglesnobis.com\/nl\/#organization"},"alternateName":"Les Nobis d'Anjou","potentialAction":[{"@type":"SearchAction","target":{"@type":"EntryPoint","urlTemplate":"https:\/\/www.campinglesnobis.com\/nl\/?s={search_term_string}"},"query-input":{"@type":"PropertyValueSpecification","valueRequired":true,"valueName":"search_term_string"}}],"inLanguage":"nl-NL"},{"@type":"Organization","@id":"https:\/\/www.campinglesnobis.com\/nl\/#organization","name":"Camping les Nobis d'Anjou","url":"https:\/\/www.campinglesnobis.com\/nl\/","logo":{"@type":"ImageObject","inLanguage":"nl-NL","@id":"https:\/\/www.campinglesnobis.com\/nl\/#\/schema\/logo\/image\/","url":"https:\/\/www.campinglesnobis.com\/wp-content\/uploads\/2023\/02\/logo-paradis-nobis.webp","contentUrl":"https:\/\/www.campinglesnobis.com\/wp-content\/uploads\/2023\/02\/logo-paradis-nobis.webp","width":200,"height":200,"caption":"Camping les Nobis d'Anjou"},"image":{"@id":"https:\/\/www.campinglesnobis.com\/nl\/#\/schema\/logo\/image\/"}}]}},"_links":{"self":[{"href":"https:\/\/www.campinglesnobis.com\/nl\/wp-json\/wp\/v2\/pages\/11797","targetHints":{"allow":["GET"]}}],"collection":[{"href":"https:\/\/www.campinglesnobis.com\/nl\/wp-json\/wp\/v2\/pages"}],"about":[{"href":"https:\/\/www.campinglesnobis.com\/nl\/wp-json\/wp\/v2\/types\/page"}],"author":[{"embeddable":true,"href":"https:\/\/www.campinglesnobis.com\/nl\/wp-json\/wp\/v2\/users\/1"}],"replies":[{"embeddable":true,"href":"https:\/\/www.campinglesnobis.com\/nl\/wp-json\/wp\/v2\/comments?post=11797"}],"version-history":[{"count":11,"href":"https:\/\/www.campinglesnobis.com\/nl\/wp-json\/wp\/v2\/pages\/11797\/revisions"}],"predecessor-version":[{"id":13209,"href":"https:\/\/www.campinglesnobis.com\/nl\/wp-json\/wp\/v2\/pages\/11797\/revisions\/13209"}],"wp:featuredmedia":[{"embeddable":true,"href":"https:\/\/www.campinglesnobis.com\/nl\/wp-json\/wp\/v2\/media\/13148"}],"wp:attachment":[{"href":"https:\/\/www.campinglesnobis.com\/nl\/wp-json\/wp\/v2\/media?parent=11797"}],"wp:term":[{"taxonomy":"sujet","embeddable":true,"href":"https:\/\/www.campinglesnobis.com\/nl\/wp-json\/wp\/v2\/sujet?post=11797"}],"curies":[{"name":"wp","href":"https:\/\/api.w.org\/{rel}","templated":true}]}}