{"id":11809,"date":"2023-04-27T13:38:02","date_gmt":"2023-04-27T11:38:02","guid":{"rendered":"https:\/\/www.campinglesnobis.com\/nabijgelegen\/"},"modified":"2025-04-30T11:24:56","modified_gmt":"2025-04-30T09:24:56","slug":"camping-nabij-activiteiten","status":"publish","type":"page","link":"https:\/\/www.campinglesnobis.com\/nl\/camping-nabij-activiteiten\/","title":{"rendered":"Nabijgelegen"},"content":{"rendered":"<section id=\"ls-section-block_4e42e61c727910971ade65707dfc7108\" class=\"ls-section  page-chapeau has-p-b p-b-0\" >\r\n        <div class=\"container \">\r\n        \n\n<h1 class=\"ls__heading wp-block-heading has-text-align-center\">Activiteiten tijdens uw vakantie in Pays de la Loire<\/h1>\n\n\r\n    <\/div>\r\n<\/section>\n\n<section id=\"ls-section-block_e409fdbf78a6a1a0eb7059e7384f0a6b\" class=\"ls-section  page-one\" >\r\n        <div class=\"container container--wide\">\r\n        \n\n<div class=\"wp-block-columns is-layout-flex wp-container-core-columns-is-layout-9d6595d7 wp-block-columns-is-layout-flex\">\n<div class=\"wp-block-column is-layout-flow wp-block-column-is-layout-flow\" style=\"flex-basis:70%\">\n<figure class=\"wp-block-image size-full animated fadeIn slow deco-chateau blanc right\"><img decoding=\"async\" width=\"800\" height=\"533\" src=\"https:\/\/www.campinglesnobis.com\/wp-content\/uploads\/2023\/04\/Chateau_de_Breze-cMathieu_GENON-6450-AnjouTourisme-1920px_resultat.webp\" alt=\"Chateau de Breze familie wandeling in Anjou\" class=\"wp-image-9536\" title=\"pagina-\u00e9\u00e9n\" srcset=\"https:\/\/www.campinglesnobis.com\/wp-content\/uploads\/2023\/04\/Chateau_de_Breze-cMathieu_GENON-6450-AnjouTourisme-1920px_resultat.webp 800w, https:\/\/www.campinglesnobis.com\/wp-content\/uploads\/2023\/04\/Chateau_de_Breze-cMathieu_GENON-6450-AnjouTourisme-1920px_resultat-300x200.webp 300w, https:\/\/www.campinglesnobis.com\/wp-content\/uploads\/2023\/04\/Chateau_de_Breze-cMathieu_GENON-6450-AnjouTourisme-1920px_resultat-768x512.webp 768w\" sizes=\"(max-width: 800px) 100vw, 800px\" \/><figcaption class=\"wp-element-caption\">c) Mathieu GENO<\/figcaption><\/figure>\n<\/div>\n\n\n\n<div class=\"wp-block-column is-vertically-aligned-center is-layout-flow wp-block-column-is-layout-flow\" style=\"flex-basis:30%\">\n<h2 class=\"ls__heading wp-block-heading\">De beste activiteiten om te doen tijdens uw vakantie in de Loire-vallei<\/h2>\n\n\n\n<p class=\"ls-paragraph\">Sportieve of culturele vakanties, ontspanning of familieverblijven&#8230; aan <strong>ieder zijn vakantiewensen<\/strong> ! Van maandag tot vrijdag biedt <a href=\"https:\/\/www.campinglesnobis.com\/nl\/\">de camping Saumur<\/a> recreatieve activiteiten en culturele bezoeken tegen de beste prijs om emoties en ontdekkingen te vullen!<\/p>\n\n\n\n<p class=\"ls-paragraph\">&#8221; <strong>Cultuur &amp; Erfgoed<\/strong> &#8221; vakantie: van Anjou naar Touraine via Poitou!<\/p>\n\n\n\n<p class=\"ls-paragraph\">Profiteer van uw vakantie in de buurt van Saumur om de <strong>lokale tradities en geschiedenis van de regio te ontdekken<\/strong> door middel van spannende toeristische circuits!<\/p>\n\n\n\n<p class=\"ls-paragraph\">Bezoek de <a href=\"https:\/\/www.campinglesnobis.com\/nl\/camping-kastelen-van-de-loire\/\">kastelen van de Loire-vallei,<\/a> op het kruispunt van de provincies Anjou en Touraine. <\/p>\n\n\n\n<p class=\"ls-paragraph\">Montreuil-Bellay, Br\u00e9z\u00e9, Saumur, Montsoreau, Montsabert, Gizeux, Langeais, Villandry, Azay-le-Rideau, Angers, Chenonceau, Brissac, <a href=\"https:\/\/www.campinglesnobis.com\/blog\/le-chateau-royal-damboise\/\">Amboise<\/a>, Chambord, Blois, Cheverny behoren tot de beroemdste, maar <strong>honderden kilometers te reizen en evenveel kastelen te ontdekken<\/strong> !<\/p>\n<\/div>\n<\/div>\n\n\r\n    <\/div>\r\n<\/section>\n\n<section id=\"ls-section-block_0db1351da363d3dfd36976558e060873\" class=\"ls-section  page-two deco-gris has-p-b p-b-14\" >\r\n        <div class=\"container container--wide\">\r\n        \n\n<div class=\"wp-block-columns first is-layout-flex wp-container-core-columns-is-layout-9d6595d7 wp-block-columns-is-layout-flex\">\n<div class=\"wp-block-column is-vertically-aligned-center left is-layout-flow wp-block-column-is-layout-flow\">\n<h2 class=\"ls__heading wp-block-heading\">DE TOERISTISCHE BEZIENSWAARDIGHEDEN ONTDEKKEN<\/h2>\n\n\n\n<p class=\"ls-paragraph\">Ontdek troglodietendorpen: unieke en originele sites in de driehoek Saumur \u2013 Dou\u00e9-la-Fontaine \u2013 Angers!<\/p>\n\n\n\n<p class=\"ls-paragraph\">Rochemenier, Smederijen, Turquant, Le puy-Notre-Dame, Ch\u00eanehutte-Tr\u00e8ves-Cunault, Dou\u00e9-la-fontaine, D\u00e9nez\u00e9-sous-dou\u00e9&#8230; Verbazingwekkende en mysterieuze sferen, monumentale holbewonerskelders, <strong>woningen<\/strong> die door de hand van de mens in de tufsteen zijn gegraven, zeer lange <strong>ondergrondse galerijen<\/strong>, <strong>gebeeldhouwde personages<\/strong>, <strong>champignonkelders en wijnkelders met proeverijen<\/strong> <strong><\/strong><\/p>\n<\/div>\n\n\n\n<div class=\"wp-block-column is-vertically-aligned-center right is-layout-flow wp-block-column-is-layout-flow\">\n<figure class=\"wp-block-image size-full animated fadeInRight delay-100ms slow\"><a href=\"https:\/\/www.campinglesnobis.com\/wp-content\/uploads\/2023\/04\/La_Mine_Bleue-cMathieu_GENON-6579-AnjouTourisme-1920px_resultat.webp\"><img decoding=\"async\" width=\"800\" height=\"533\" src=\"https:\/\/www.campinglesnobis.com\/wp-content\/uploads\/2023\/04\/La_Mine_Bleue-cMathieu_GENON-6579-AnjouTourisme-1920px_resultat.webp\" alt=\"Wandeling in de blauwe mijn, twee kinderen observeren een enorme grot Pays de la Loire\" class=\"wp-image-9547\" srcset=\"https:\/\/www.campinglesnobis.com\/wp-content\/uploads\/2023\/04\/La_Mine_Bleue-cMathieu_GENON-6579-AnjouTourisme-1920px_resultat.webp 800w, https:\/\/www.campinglesnobis.com\/wp-content\/uploads\/2023\/04\/La_Mine_Bleue-cMathieu_GENON-6579-AnjouTourisme-1920px_resultat-300x200.webp 300w, https:\/\/www.campinglesnobis.com\/wp-content\/uploads\/2023\/04\/La_Mine_Bleue-cMathieu_GENON-6579-AnjouTourisme-1920px_resultat-768x512.webp 768w\" sizes=\"(max-width: 800px) 100vw, 800px\" \/><\/a><figcaption class=\"wp-element-caption\">c) Mathieu GENON<\/figcaption><\/figure>\n<\/div>\n<\/div>\n\n\n\n<div class=\"wp-block-columns second is-layout-flex wp-container-core-columns-is-layout-9d6595d7 wp-block-columns-is-layout-flex\">\n<div class=\"wp-block-column is-vertically-aligned-center left is-layout-flow wp-block-column-is-layout-flow\">\n<figure class=\"wp-block-image size-full animated fadeInLeft delay-200ms slow\"><a href=\"https:\/\/www.campinglesnobis.com\/wp-content\/uploads\/2023\/04\/Chasseurs_de_Tornades_-_Plateforme_avec_visiteurs_resultat.webp\"><img decoding=\"async\" width=\"709\" height=\"600\" src=\"https:\/\/www.campinglesnobis.com\/wp-content\/uploads\/2023\/04\/Chasseurs_de_Tornades_-_Plateforme_avec_visiteurs_resultat.webp\" alt=\"Tornado Hunters Platform met bezoekersresultaten\" class=\"wp-image-9551\" srcset=\"https:\/\/www.campinglesnobis.com\/wp-content\/uploads\/2023\/04\/Chasseurs_de_Tornades_-_Plateforme_avec_visiteurs_resultat.webp 709w, https:\/\/www.campinglesnobis.com\/wp-content\/uploads\/2023\/04\/Chasseurs_de_Tornades_-_Plateforme_avec_visiteurs_resultat-300x254.webp 300w\" sizes=\"(max-width: 709px) 100vw, 709px\" \/><\/a><\/figure>\n<\/div>\n\n\n\n<div class=\"wp-block-column is-vertically-aligned-center right is-layout-flow wp-block-column-is-layout-flow\">\n<h2 class=\"ls__heading wp-block-heading\">DE 10 BESTE PRETPARKEN IN PAYS DE LA LOIRE<\/h2>\n\n\n\n<p class=\"ls-paragraph\">Tijdens uw <strong>toeristisch verblijf in het Pays de la Loire<\/strong> komt u onvermijdelijk langs de beroemde pretparken, of u nu met vrienden, koppels of familie bent.<br>We zetten hieronder de <strong>10 beste pretparken in het Pays de la Loire<\/strong> op een rij:<\/p>\n<\/div>\n<\/div>\n\n\n\n<figure class=\"wp-block-image size-full image-deco\"><img decoding=\"async\" width=\"375\" height=\"225\" src=\"https:\/\/www.campinglesnobis.com\/wp-content\/uploads\/2023\/03\/rose-des-ventsicones.png\" alt=\"Roos van de Ventsicones\" class=\"wp-image-8218\" srcset=\"https:\/\/www.campinglesnobis.com\/wp-content\/uploads\/2023\/03\/rose-des-ventsicones.png 375w, https:\/\/www.campinglesnobis.com\/wp-content\/uploads\/2023\/03\/rose-des-ventsicones-300x180.png 300w\" sizes=\"(max-width: 375px) 100vw, 375px\" \/><\/figure>\n\n\r\n    <\/div>\r\n<\/section>\n\n<section id=\"ls-section-block_8e6726dfdabe136d7bd648b8bb3dc1bf\" class=\"ls-section  page-parallax has-background-image has-parallax\" >\r\n    <div class=\"ls-section__background-image opacity-100\"><img decoding=\"async\" src=\"https:\/\/www.campinglesnobis.com\/wp-content\/uploads\/2023\/04\/Chateau_de_la_Tourlandry-cLes_Conteurs-1885-AnjouTourisme-1920px_resultat.webp\" alt=\"Chateau de la Tourlandry\"><\/div>    <div class=\"container \">\r\n        \n\n<p class=\"ls-paragraph\"><\/p>\n\n\r\n    <\/div>\r\n<\/section>\n\n<section id=\"ls-section-block_1bd3138b943701c7c704815cfacb71aa\" class=\"ls-section  page-three\" >\r\n        <div class=\"container container--wide\">\r\n        \n\n<div class=\"wp-block-columns is-layout-flex wp-container-core-columns-is-layout-9d6595d7 wp-block-columns-is-layout-flex\">\n<div class=\"wp-block-column has-color-white-background-color has-background is-layout-flow wp-block-column-is-layout-flow\">\n<h2 class=\"ls__heading wp-block-heading has-text-align-center\">SPORT- EN ONTSPANNINGSVAKANTIES<\/h2>\n\n\n\n<p class=\"ls-paragraph has-text-align-center\">Wil je sporten of weer in vorm komen! Ontdek vanaf de camping vele <strong>buitenactiviteiten<\/strong> en geniet van een uitzonderlijk <strong>natuurlijk erfgoed<\/strong> !\/co<\/p>\n\n\n\n<ul class=\"ls-list ls-list-undefined wp-block-list\">\n<li><strong>Watersport en waterspelen:<\/strong><br>Kampeerders kunnen leren <strong>zeilen<\/strong> met de P\u00f4le Nautique de Saumur, de Thouet-vallei ontdekken per <strong>kanokajak<\/strong> met de Montreuil-Bellay club (mogelijke podia in de Vieux-Moulin en Lenay), om nog maar te zwijgen van de Aqua Mundo van de Center Parcs, een uniek watercomplex in een tropische sfeer!<\/li>\n\n\n\n<li><strong>Paardrijden<\/strong><br><strong>Paardrijden en ponyrijden<\/strong> in Saumur met de manege Haras du Bois Marie. Ideaal voor een ervaring midden in de natuur en in alle veiligheid, begeleid door een door de staat gecertificeerde instructeur.<\/li>\n\n\n\n<li><strong>Wandelen<\/strong><br>Vanaf de camping neemt u het circuit &#8220;Montreuil-Bellay \u2013 Cizay-la-Madeleine&#8221; in het hart van het bos van Brossay (14 km). Als je genoeg tijd hebt, verken dan de andere gemarkeerde wandelpaden van de Loire-vallei in je eigen tempo en ontdek Saumur en zijn regio te voet of met de mountainbike.<\/li>\n\n\n\n<li><strong>Wandelen en fietsen<\/strong><br>Ontdek vanaf de camping Saumur en omgeving door <a href=\"https:\/\/www.campinglesnobis.com\/nl\/de-velo-francette\/\" target=\"_blank\" rel=\"noreferrer noopener\">La V\u00e9lo Francette<\/a> &amp; Le Thouet op de fiets te doorkruisen. <br>+ info over de fietsroutes rond de campinghtt<\/li>\n<\/ul>\n<\/div>\n<\/div>\n\n\r\n    <\/div>\r\n<\/section>\n\n<section id=\"ls-section-block_8cb4186e5b96a43927c29b6e908ce123\" class=\"ls-section  page-maillage has-p-t p-t-14 has-p-b p-b-14\" >\r\n        <div class=\"container container--wide\">\r\n        \n\n<div id=\"ls-heading ls-titre-div-block_90e58e2019bd318d4bc3b57ceae62574\" class=\"ls-titre-div aligncenter h2-like\" >\n    Ontdek de Puy du Fou, de futuroscope en de kastelen van de Loire!<\/div>\n\n\n<div id=\"ls-maillage-block_fa815daa3d32a879319f0691906db7a0\" class=\"ls-maillage cta-style-normal\" data-rows=\"3\">\r\n    <div class=\"wp-block-columns\"><div class=\"wp-block-column\">\n\n<a href=\"https:\/\/www.campinglesnobis.com\/nl\/camping-kastelen-van-de-loire\/\" target=\"\" rel=\"noopener\" class=\"ls-cta__link\">\n\n\t<div class=\"ls-cta__image\"><img decoding=\"async\" src=\"https:\/\/www.campinglesnobis.com\/wp-content\/uploads\/2023\/03\/chateau-cheverny-cc-commons-768x576.webp\" alt=\"chateau cheverny cc commons\"><\/div>\n\t<div class=\"ls-cta__title\">\n\t\t<span>Ontdek de<\/span> <\/br> Kastelen van de Loire\t<\/div>\n\n\t\n<\/a>\n<\/div><div class=\"wp-block-column\">\n\n<a href=\"https:\/\/www.campinglesnobis.com\/nl\/campingvakantie-puy-du-fou\/\" target=\"\" rel=\"noopener\" class=\"ls-cta__link\">\n\n\t<div class=\"ls-cta__image\"><img decoding=\"async\" src=\"https:\/\/www.campinglesnobis.com\/wp-content\/uploads\/2023\/04\/puy-du-fou-2023-ebillet-non-date-grand-parc-768x581.jpg\" alt=\"puy du fou  ebillet non date grand parc\"><\/div>\n\t<div class=\"ls-cta__title\">\n\t\tDe Puy du Fou\t<\/div>\n\n\t\n<\/a>\n<\/div><div class=\"wp-block-column\">\n\n<a href=\"https:\/\/www.campinglesnobis.com\/nl\/camping-futuroscoop\/\" target=\"\" rel=\"noopener\" class=\"ls-cta__link\">\n\n\t<div class=\"ls-cta__image\"><img decoding=\"async\" src=\"https:\/\/www.campinglesnobis.com\/wp-content\/uploads\/2023\/03\/futuroscope-geode.webp\" alt=\"futuroscope geode\"><\/div>\n\t<div class=\"ls-cta__title\">\n\t\t<span>Ontdek de<\/span> <\/br> Futuroscoop\t<\/div>\n\n\t\n<\/a>\n<\/div><\/div><\/div>\n\r\n    <\/div>\r\n<\/section>","protected":false},"excerpt":{"rendered":"","protected":false},"author":1,"featured_media":9569,"parent":0,"menu_order":0,"comment_status":"closed","ping_status":"closed","template":"","meta":{"_acf_changed":false,"inline_featured_image":false,"footnotes":""},"sujet":[],"class_list":["post-11809","page","type-page","status-publish","has-post-thumbnail","hentry"],"acf":[],"yoast_head":"<!-- This site is optimized with the Yoast SEO plugin v25.3 - https:\/\/yoast.com\/wordpress\/plugins\/seo\/ -->\n<title>Activiteiten Pays de la Loire: vrijetijdsbesteding, culturele bezoeken<\/title>\n<meta name=\"description\" content=\"Alle activiteiten in pays de la Loire: ontdek voor uw verblijf op de camping alle mogelijke activiteiten rond de camping in de buurt van Saumur.\" \/>\n<meta name=\"robots\" content=\"index, follow, max-snippet:-1, max-image-preview:large, max-video-preview:-1\" \/>\n<link rel=\"canonical\" href=\"https:\/\/www.campinglesnobis.com\/nl\/camping-nabij-activiteiten\/\" \/>\n<meta property=\"og:locale\" content=\"nl_NL\" \/>\n<meta property=\"og:type\" content=\"article\" \/>\n<meta property=\"og:title\" content=\"Activiteiten Pays de la Loire: vrijetijdsbesteding, culturele bezoeken\" \/>\n<meta property=\"og:description\" content=\"Alle activiteiten in pays de la Loire: ontdek voor uw verblijf op de camping alle mogelijke activiteiten rond de camping in de buurt van Saumur.\" \/>\n<meta property=\"og:url\" content=\"https:\/\/www.campinglesnobis.com\/nl\/camping-nabij-activiteiten\/\" \/>\n<meta property=\"og:site_name\" content=\"Camping les Nobis d&#039;Anjou\" \/>\n<meta property=\"article:modified_time\" content=\"2025-04-30T09:24:56+00:00\" \/>\n<meta property=\"og:image\" content=\"https:\/\/www.campinglesnobis.com\/wp-content\/uploads\/2023\/04\/Cale_de_la_Savatte_a_Angers-cSebastien_GAUDARD-AnjouTourisme-1920px_resultat.webp\" \/>\n\t<meta property=\"og:image:width\" content=\"1800\" \/>\n\t<meta property=\"og:image:height\" content=\"1200\" \/>\n\t<meta property=\"og:image:type\" content=\"image\/webp\" \/>\n<meta name=\"twitter:card\" content=\"summary_large_image\" \/>\n<meta name=\"twitter:label1\" content=\"Geschatte leestijd\" \/>\n\t<meta name=\"twitter:data1\" content=\"4 minuten\" \/>\n<script type=\"application\/ld+json\" class=\"yoast-schema-graph\">{\"@context\":\"https:\/\/schema.org\",\"@graph\":[{\"@type\":\"WebPage\",\"@id\":\"https:\/\/www.campinglesnobis.com\/nl\/camping-nabij-activiteiten\/\",\"url\":\"https:\/\/www.campinglesnobis.com\/nl\/camping-nabij-activiteiten\/\",\"name\":\"Activiteiten Pays de la Loire: vrijetijdsbesteding, culturele bezoeken\",\"isPartOf\":{\"@id\":\"https:\/\/www.campinglesnobis.com\/nl\/#website\"},\"primaryImageOfPage\":{\"@id\":\"https:\/\/www.campinglesnobis.com\/nl\/camping-nabij-activiteiten\/#primaryimage\"},\"image\":{\"@id\":\"https:\/\/www.campinglesnobis.com\/nl\/camping-nabij-activiteiten\/#primaryimage\"},\"thumbnailUrl\":\"https:\/\/www.campinglesnobis.com\/wp-content\/uploads\/2023\/04\/Cale_de_la_Savatte_a_Angers-cSebastien_GAUDARD-AnjouTourisme-1920px_resultat.webp\",\"datePublished\":\"2023-04-27T11:38:02+00:00\",\"dateModified\":\"2025-04-30T09:24:56+00:00\",\"description\":\"Alle activiteiten in pays de la Loire: ontdek voor uw verblijf op de camping alle mogelijke activiteiten rond de camping in de buurt van Saumur.\",\"breadcrumb\":{\"@id\":\"https:\/\/www.campinglesnobis.com\/nl\/camping-nabij-activiteiten\/#breadcrumb\"},\"inLanguage\":\"nl-NL\",\"potentialAction\":[{\"@type\":\"ReadAction\",\"target\":[\"https:\/\/www.campinglesnobis.com\/nl\/camping-nabij-activiteiten\/\"]}]},{\"@type\":\"ImageObject\",\"inLanguage\":\"nl-NL\",\"@id\":\"https:\/\/www.campinglesnobis.com\/nl\/camping-nabij-activiteiten\/#primaryimage\",\"url\":\"https:\/\/www.campinglesnobis.com\/wp-content\/uploads\/2023\/04\/Cale_de_la_Savatte_a_Angers-cSebastien_GAUDARD-AnjouTourisme-1920px_resultat.webp\",\"contentUrl\":\"https:\/\/www.campinglesnobis.com\/wp-content\/uploads\/2023\/04\/Cale_de_la_Savatte_a_Angers-cSebastien_GAUDARD-AnjouTourisme-1920px_resultat.webp\",\"width\":1800,\"height\":1200,\"caption\":\"Sebastien GAUDARD AnjouTourisme\"},{\"@type\":\"BreadcrumbList\",\"@id\":\"https:\/\/www.campinglesnobis.com\/nl\/camping-nabij-activiteiten\/#breadcrumb\",\"itemListElement\":[{\"@type\":\"ListItem\",\"position\":1,\"name\":\"camping Saumur\",\"item\":\"https:\/\/www.campinglesnobis.com\/nl\/\"},{\"@type\":\"ListItem\",\"position\":2,\"name\":\"Toeristische activiteiten Pays de la Loire\"}]},{\"@type\":\"WebSite\",\"@id\":\"https:\/\/www.campinglesnobis.com\/nl\/#website\",\"url\":\"https:\/\/www.campinglesnobis.com\/nl\/\",\"name\":\"Camping les Nobis d'Anjou\",\"description\":\"\",\"publisher\":{\"@id\":\"https:\/\/www.campinglesnobis.com\/nl\/#organization\"},\"alternateName\":\"Les Nobis d'Anjou\",\"potentialAction\":[{\"@type\":\"SearchAction\",\"target\":{\"@type\":\"EntryPoint\",\"urlTemplate\":\"https:\/\/www.campinglesnobis.com\/nl\/?s={search_term_string}\"},\"query-input\":{\"@type\":\"PropertyValueSpecification\",\"valueRequired\":true,\"valueName\":\"search_term_string\"}}],\"inLanguage\":\"nl-NL\"},{\"@type\":\"Organization\",\"@id\":\"https:\/\/www.campinglesnobis.com\/nl\/#organization\",\"name\":\"Camping les Nobis d'Anjou\",\"url\":\"https:\/\/www.campinglesnobis.com\/nl\/\",\"logo\":{\"@type\":\"ImageObject\",\"inLanguage\":\"nl-NL\",\"@id\":\"https:\/\/www.campinglesnobis.com\/nl\/#\/schema\/logo\/image\/\",\"url\":\"https:\/\/www.campinglesnobis.com\/wp-content\/uploads\/2023\/02\/logo-paradis-nobis.webp\",\"contentUrl\":\"https:\/\/www.campinglesnobis.com\/wp-content\/uploads\/2023\/02\/logo-paradis-nobis.webp\",\"width\":200,\"height\":200,\"caption\":\"Camping les Nobis d'Anjou\"},\"image\":{\"@id\":\"https:\/\/www.campinglesnobis.com\/nl\/#\/schema\/logo\/image\/\"}}]}<\/script>\n<!-- \/ Yoast SEO plugin. -->","yoast_head_json":{"title":"Activiteiten Pays de la Loire: vrijetijdsbesteding, culturele bezoeken","description":"Alle activiteiten in pays de la Loire: ontdek voor uw verblijf op de camping alle mogelijke activiteiten rond de camping in de buurt van Saumur.","robots":{"index":"index","follow":"follow","max-snippet":"max-snippet:-1","max-image-preview":"max-image-preview:large","max-video-preview":"max-video-preview:-1"},"canonical":"https:\/\/www.campinglesnobis.com\/nl\/camping-nabij-activiteiten\/","og_locale":"nl_NL","og_type":"article","og_title":"Activiteiten Pays de la Loire: vrijetijdsbesteding, culturele bezoeken","og_description":"Alle activiteiten in pays de la Loire: ontdek voor uw verblijf op de camping alle mogelijke activiteiten rond de camping in de buurt van Saumur.","og_url":"https:\/\/www.campinglesnobis.com\/nl\/camping-nabij-activiteiten\/","og_site_name":"Camping les Nobis d&#039;Anjou","article_modified_time":"2025-04-30T09:24:56+00:00","og_image":[{"width":1800,"height":1200,"url":"https:\/\/www.campinglesnobis.com\/wp-content\/uploads\/2023\/04\/Cale_de_la_Savatte_a_Angers-cSebastien_GAUDARD-AnjouTourisme-1920px_resultat.webp","type":"image\/webp"}],"twitter_card":"summary_large_image","twitter_misc":{"Geschatte leestijd":"4 minuten"},"schema":{"@context":"https:\/\/schema.org","@graph":[{"@type":"WebPage","@id":"https:\/\/www.campinglesnobis.com\/nl\/camping-nabij-activiteiten\/","url":"https:\/\/www.campinglesnobis.com\/nl\/camping-nabij-activiteiten\/","name":"Activiteiten Pays de la Loire: vrijetijdsbesteding, culturele bezoeken","isPartOf":{"@id":"https:\/\/www.campinglesnobis.com\/nl\/#website"},"primaryImageOfPage":{"@id":"https:\/\/www.campinglesnobis.com\/nl\/camping-nabij-activiteiten\/#primaryimage"},"image":{"@id":"https:\/\/www.campinglesnobis.com\/nl\/camping-nabij-activiteiten\/#primaryimage"},"thumbnailUrl":"https:\/\/www.campinglesnobis.com\/wp-content\/uploads\/2023\/04\/Cale_de_la_Savatte_a_Angers-cSebastien_GAUDARD-AnjouTourisme-1920px_resultat.webp","datePublished":"2023-04-27T11:38:02+00:00","dateModified":"2025-04-30T09:24:56+00:00","description":"Alle activiteiten in pays de la Loire: ontdek voor uw verblijf op de camping alle mogelijke activiteiten rond de camping in de buurt van Saumur.","breadcrumb":{"@id":"https:\/\/www.campinglesnobis.com\/nl\/camping-nabij-activiteiten\/#breadcrumb"},"inLanguage":"nl-NL","potentialAction":[{"@type":"ReadAction","target":["https:\/\/www.campinglesnobis.com\/nl\/camping-nabij-activiteiten\/"]}]},{"@type":"ImageObject","inLanguage":"nl-NL","@id":"https:\/\/www.campinglesnobis.com\/nl\/camping-nabij-activiteiten\/#primaryimage","url":"https:\/\/www.campinglesnobis.com\/wp-content\/uploads\/2023\/04\/Cale_de_la_Savatte_a_Angers-cSebastien_GAUDARD-AnjouTourisme-1920px_resultat.webp","contentUrl":"https:\/\/www.campinglesnobis.com\/wp-content\/uploads\/2023\/04\/Cale_de_la_Savatte_a_Angers-cSebastien_GAUDARD-AnjouTourisme-1920px_resultat.webp","width":1800,"height":1200,"caption":"Sebastien GAUDARD AnjouTourisme"},{"@type":"BreadcrumbList","@id":"https:\/\/www.campinglesnobis.com\/nl\/camping-nabij-activiteiten\/#breadcrumb","itemListElement":[{"@type":"ListItem","position":1,"name":"camping Saumur","item":"https:\/\/www.campinglesnobis.com\/nl\/"},{"@type":"ListItem","position":2,"name":"Toeristische activiteiten Pays de la Loire"}]},{"@type":"WebSite","@id":"https:\/\/www.campinglesnobis.com\/nl\/#website","url":"https:\/\/www.campinglesnobis.com\/nl\/","name":"Camping les Nobis d'Anjou","description":"","publisher":{"@id":"https:\/\/www.campinglesnobis.com\/nl\/#organization"},"alternateName":"Les Nobis d'Anjou","potentialAction":[{"@type":"SearchAction","target":{"@type":"EntryPoint","urlTemplate":"https:\/\/www.campinglesnobis.com\/nl\/?s={search_term_string}"},"query-input":{"@type":"PropertyValueSpecification","valueRequired":true,"valueName":"search_term_string"}}],"inLanguage":"nl-NL"},{"@type":"Organization","@id":"https:\/\/www.campinglesnobis.com\/nl\/#organization","name":"Camping les Nobis d'Anjou","url":"https:\/\/www.campinglesnobis.com\/nl\/","logo":{"@type":"ImageObject","inLanguage":"nl-NL","@id":"https:\/\/www.campinglesnobis.com\/nl\/#\/schema\/logo\/image\/","url":"https:\/\/www.campinglesnobis.com\/wp-content\/uploads\/2023\/02\/logo-paradis-nobis.webp","contentUrl":"https:\/\/www.campinglesnobis.com\/wp-content\/uploads\/2023\/02\/logo-paradis-nobis.webp","width":200,"height":200,"caption":"Camping les Nobis d'Anjou"},"image":{"@id":"https:\/\/www.campinglesnobis.com\/nl\/#\/schema\/logo\/image\/"}}]}},"_links":{"self":[{"href":"https:\/\/www.campinglesnobis.com\/nl\/wp-json\/wp\/v2\/pages\/11809","targetHints":{"allow":["GET"]}}],"collection":[{"href":"https:\/\/www.campinglesnobis.com\/nl\/wp-json\/wp\/v2\/pages"}],"about":[{"href":"https:\/\/www.campinglesnobis.com\/nl\/wp-json\/wp\/v2\/types\/page"}],"author":[{"embeddable":true,"href":"https:\/\/www.campinglesnobis.com\/nl\/wp-json\/wp\/v2\/users\/1"}],"replies":[{"embeddable":true,"href":"https:\/\/www.campinglesnobis.com\/nl\/wp-json\/wp\/v2\/comments?post=11809"}],"version-history":[{"count":10,"href":"https:\/\/www.campinglesnobis.com\/nl\/wp-json\/wp\/v2\/pages\/11809\/revisions"}],"predecessor-version":[{"id":15693,"href":"https:\/\/www.campinglesnobis.com\/nl\/wp-json\/wp\/v2\/pages\/11809\/revisions\/15693"}],"wp:featuredmedia":[{"embeddable":true,"href":"https:\/\/www.campinglesnobis.com\/nl\/wp-json\/wp\/v2\/media\/9569"}],"wp:attachment":[{"href":"https:\/\/www.campinglesnobis.com\/nl\/wp-json\/wp\/v2\/media?parent=11809"}],"wp:term":[{"taxonomy":"sujet","embeddable":true,"href":"https:\/\/www.campinglesnobis.com\/nl\/wp-json\/wp\/v2\/sujet?post=11809"}],"curies":[{"name":"wp","href":"https:\/\/api.w.org\/{rel}","templated":true}]}}