{"id":11810,"date":"2023-02-20T12:03:00","date_gmt":"2023-02-20T11:03:00","guid":{"rendered":"https:\/\/www.campinglesnobis.com\/puy-du-fou\/"},"modified":"2023-05-30T09:48:43","modified_gmt":"2023-05-30T07:48:43","slug":"campingvakantie-puy-du-fou","status":"publish","type":"page","link":"https:\/\/www.campinglesnobis.com\/nl\/campingvakantie-puy-du-fou\/","title":{"rendered":"Puy du Fou"},"content":{"rendered":"<section id=\"ls-section-block_b968c6ecd42c49f4ad2b1e3ada52cb59\" class=\"ls-section  page-chapeau has-p-b p-b-0\" >\r\n        <div class=\"container \">\r\n        \n\n<h1 class=\"ls__heading wp-block-heading has-text-align-center\">Uw campingvakantie op 1 uur van Puy du Fou<\/h1>\n\n\r\n    <\/div>\r\n<\/section>\n\n<section id=\"ls-section-block_29703b1ae0a5040789efab1a3abb3381\" class=\"ls-section  page-one\" >\r\n        <div class=\"container container--wide\">\r\n        \n\n<div class=\"wp-block-columns is-layout-flex wp-container-core-columns-is-layout-9d6595d7 wp-block-columns-is-layout-flex\">\n<div class=\"wp-block-column is-layout-flow wp-block-column-is-layout-flow\" style=\"flex-basis:70%\">\n<figure class=\"wp-block-image size-large animated fadeIn slow deco-chateau blanc right\"><a href=\"https:\/\/www.campinglesnobis.com\/wp-content\/uploads\/2023\/04\/signe_triomphe_51_SAUDRAN-scaled_1800_1200_1800_1200.webp\"><img decoding=\"async\" width=\"1024\" height=\"683\" src=\"https:\/\/www.campinglesnobis.com\/wp-content\/uploads\/2023\/04\/signe_triomphe_51_SAUDRAN-scaled_1800_1200_1800_1200-1024x683.webp\" alt=\"teken triumph 51 SAUDRAN geschaald 1800 1200 1800 1200\" class=\"wp-image-10325\" title=\"pagina-\u00e9\u00e9n\" srcset=\"https:\/\/www.campinglesnobis.com\/wp-content\/uploads\/2023\/04\/signe_triomphe_51_SAUDRAN-scaled_1800_1200_1800_1200-1024x683.webp 1024w, https:\/\/www.campinglesnobis.com\/wp-content\/uploads\/2023\/04\/signe_triomphe_51_SAUDRAN-scaled_1800_1200_1800_1200-300x200.webp 300w, https:\/\/www.campinglesnobis.com\/wp-content\/uploads\/2023\/04\/signe_triomphe_51_SAUDRAN-scaled_1800_1200_1800_1200-768x512.webp 768w, https:\/\/www.campinglesnobis.com\/wp-content\/uploads\/2023\/04\/signe_triomphe_51_SAUDRAN-scaled_1800_1200_1800_1200-1536x1024.webp 1536w, https:\/\/www.campinglesnobis.com\/wp-content\/uploads\/2023\/04\/signe_triomphe_51_SAUDRAN-scaled_1800_1200_1800_1200.webp 1800w\" sizes=\"(max-width: 1024px) 100vw, 1024px\" \/><\/a><\/figure>\n<\/div>\n\n\n\n<div class=\"wp-block-column is-vertically-aligned-center is-layout-flow wp-block-column-is-layout-flow\" style=\"flex-basis:30%\">\n<h2 class=\"ls__heading wp-block-heading\">Het park Puy du Fou: verkozen tot het beste park ter wereld<\/h2>\n\n\n\n<p class=\"ls-paragraph\"><strong>Ideaal gelegen in Montreuil-Bellay<\/strong>, onze camping ligt op een uur en een kwartier van het beroemde <a href=\"https:\/\/www.puydufou.com\/france\/fr\" target=\"_blank\" rel=\"noreferrer noopener\">park Puy du Fou<\/a>. Twee routes, via Cholet of via Maul\u00e9on, geven u toegang tot Les Epesses, de gemeente Vend\u00e9e waar het themapark is gevestigd.  <a href=\"https:\/\/www.campinglesnobis.com\/nl\/\">De camping Nobis d&#8217;anjou<\/a> in Montreuil-Bellay ligt in het <strong>zuidoosten van de Maine-et-Loire,<\/strong> op het kruispunt van Touraine, Anjou en Poitou, op een <strong>bevoorrechte locatie in de buurt van belangrijke toeristische plaatsen.<\/strong> De Saumurois wordt vaak gekozen als een pied-\u00e0-terre door toeristen die de Puy du Fou willen bezoeken: het rijke erfgoed, het aantal kastelen en het belang van de paardensportcultuur stellen hen in staat om <strong>verblijven rond historische thema&#8217;s<\/strong> te maken.<\/p>\n<\/div>\n<\/div>\n\n\r\n    <\/div>\r\n<\/section>\n\n<section id=\"ls-section-block_69a818ba4b18e451524d4a7be3242f32\" class=\"ls-section  page-two deco-gris has-p-b p-b-14\" >\r\n        <div class=\"container container--wide\">\r\n        \n\n<div class=\"wp-block-columns first is-layout-flex wp-container-core-columns-is-layout-9d6595d7 wp-block-columns-is-layout-flex\">\n<div class=\"wp-block-column is-vertically-aligned-center left is-layout-flow wp-block-column-is-layout-flow\">\n<h2 class=\"ls__heading wp-block-heading\">Mis de 6 must-see shows op Puy du Fou niet<\/h2>\n\n\n\n<p class=\"ls-paragraph\">Om de Puy du Fou te ontdekken, ligt Camping Paradis les Nobis op slechts 1 uur rijden.<\/p>\n\n\n\n<p class=\"ls-paragraph\">In de buurt van Le Puy vindt u bijvoorbeeld in Anjou een aantal bezoeken, spelletjes voor kinderen en animaties rond de  <strong>Middeleeuwse knowhow en tradities<\/strong>  : de middeleeuwse feesten van Brain sur Allonnes, Turquant of Saint Sylvain d&#8217;Anjou, het toernooi van de Orde van Sint-Michiel in het Ch\u00e2teau du Plessis-Bourr\u00e9, of de middeleeuwse markt van Ponts-de-C\u00e9. Montreuil-Bellay werd ook georganiseerd ter gelegenheid van de <strong>Middeleeuwen<\/strong>. Een paar kilometer verderop brengen steekspelen op een van de twee locaties het kasteel van <a href=\"https:\/\/www.campinglesnobis.com\/nl\/kasteel-van-breze\/\">Br\u00e9z\u00e9 en het kasteel van<\/a> Rivau samen.  <\/p>\n\n\n\n<p class=\"ls-paragraph\">De camping rond Puy du Fou, met zijn verhuur van stacaravans en spelletjes voor kinderen, is daarom een  <strong>Ideale bestemming om jezelf onder te dompelen in de sfeer van historische re-enactments<\/strong>  ! Bezoek ook Les Herbiers of Chantonnay bij Puy du Fou in de Vend\u00e9e maar ook Les Sables d&#8217;Olonne in het hart van de Vend\u00e9e!<\/p>\n\n\n\n<p class=\"ls-paragraph addReadMore showlesscontent\">Begin aan een onvergetelijke reis terug in de tijd door te kamperen in de buurt van Puy du Fou in de Vend\u00e9e. Het recreatiecentrum Vend\u00e9e biedt <strong>een veelheid aan grandioze shows<\/strong> , zoals de bal van spookvogels of vuurorgels en epische avonturen <strong>om te ontdekken met familie of vrienden<\/strong>.<\/p>\n<\/div>\n\n\n\n<div class=\"wp-block-column is-vertically-aligned-center right is-layout-flow wp-block-column-is-layout-flow\">\n<figure class=\"wp-block-gallery has-nested-images columns-2 is-cropped wp-block-gallery-1 is-layout-flex wp-block-gallery-is-layout-flex\">\n<figure class=\"wp-block-image size-large\"><a href=\"https:\/\/www.campinglesnobis.com\/wp-content\/uploads\/2023\/04\/Puy-du-Fou-Les-Vikings_1803_1200_resultat.webp\"><img decoding=\"async\" width=\"800\" height=\"532\" data-id=\"10330\" src=\"https:\/\/www.campinglesnobis.com\/wp-content\/uploads\/2023\/04\/Puy-du-Fou-Les-Vikings_1803_1200_resultat.webp\" alt=\"Puy du Fou De Vikingen 1803 1200 resultaat\" class=\"wp-image-10330\" srcset=\"https:\/\/www.campinglesnobis.com\/wp-content\/uploads\/2023\/04\/Puy-du-Fou-Les-Vikings_1803_1200_resultat.webp 800w, https:\/\/www.campinglesnobis.com\/wp-content\/uploads\/2023\/04\/Puy-du-Fou-Les-Vikings_1803_1200_resultat-300x200.webp 300w, https:\/\/www.campinglesnobis.com\/wp-content\/uploads\/2023\/04\/Puy-du-Fou-Les-Vikings_1803_1200_resultat-768x511.webp 768w\" sizes=\"(max-width: 800px) 100vw, 800px\" \/><\/a><\/figure>\n\n\n\n<figure class=\"wp-block-image size-large\"><a href=\"https:\/\/www.campinglesnobis.com\/wp-content\/uploads\/2023\/04\/Raveleijn-Lisa-scaled_1804_1200_resultat.webp\"><img decoding=\"async\" width=\"800\" height=\"532\" data-id=\"10333\" src=\"https:\/\/www.campinglesnobis.com\/wp-content\/uploads\/2023\/04\/Raveleijn-Lisa-scaled_1804_1200_resultat.webp\" alt=\"Raveleijn Lisa schaalde 1804 1200 resultaat\" class=\"wp-image-10333\" srcset=\"https:\/\/www.campinglesnobis.com\/wp-content\/uploads\/2023\/04\/Raveleijn-Lisa-scaled_1804_1200_resultat.webp 800w, https:\/\/www.campinglesnobis.com\/wp-content\/uploads\/2023\/04\/Raveleijn-Lisa-scaled_1804_1200_resultat-300x200.webp 300w, https:\/\/www.campinglesnobis.com\/wp-content\/uploads\/2023\/04\/Raveleijn-Lisa-scaled_1804_1200_resultat-768x511.webp 768w\" sizes=\"(max-width: 800px) 100vw, 800px\" \/><\/a><\/figure>\n\n\n\n<figure class=\"wp-block-image size-large\"><a href=\"https:\/\/www.campinglesnobis.com\/wp-content\/uploads\/2023\/04\/puydufou-10_1813_1200_resultat.webp\"><img decoding=\"async\" width=\"800\" height=\"530\" data-id=\"10336\" src=\"https:\/\/www.campinglesnobis.com\/wp-content\/uploads\/2023\/04\/puydufou-10_1813_1200_resultat.webp\" alt=\"Puydufou 10 1813 1200 Resultaten\" class=\"wp-image-10336\" srcset=\"https:\/\/www.campinglesnobis.com\/wp-content\/uploads\/2023\/04\/puydufou-10_1813_1200_resultat.webp 800w, https:\/\/www.campinglesnobis.com\/wp-content\/uploads\/2023\/04\/puydufou-10_1813_1200_resultat-300x199.webp 300w, https:\/\/www.campinglesnobis.com\/wp-content\/uploads\/2023\/04\/puydufou-10_1813_1200_resultat-768x509.webp 768w\" sizes=\"(max-width: 800px) 100vw, 800px\" \/><\/a><\/figure>\n<\/figure>\n<\/div>\n<\/div>\n\n\n\n<div class=\"wp-block-columns second is-layout-flex wp-container-core-columns-is-layout-9d6595d7 wp-block-columns-is-layout-flex\">\n<div class=\"wp-block-column is-vertically-aligned-center left is-layout-flow wp-block-column-is-layout-flow\">\n<figure class=\"wp-block-image size-large animated fadeInLeft delay-200ms slow\"><a href=\"https:\/\/www.campinglesnobis.com\/wp-content\/uploads\/2023\/05\/puy-du-fou-2023-ebillet-non-date-grand-parc.webp\"><img decoding=\"async\" width=\"1024\" height=\"775\" src=\"https:\/\/www.campinglesnobis.com\/wp-content\/uploads\/2023\/05\/puy-du-fou-2023-ebillet-non-date-grand-parc-1024x775.webp\" alt=\"puy du fou 2023 ebillet non date grand parc\" class=\"wp-image-13084\" srcset=\"https:\/\/www.campinglesnobis.com\/wp-content\/uploads\/2023\/05\/puy-du-fou-2023-ebillet-non-date-grand-parc-1024x775.webp 1024w, https:\/\/www.campinglesnobis.com\/wp-content\/uploads\/2023\/05\/puy-du-fou-2023-ebillet-non-date-grand-parc-300x227.webp 300w, https:\/\/www.campinglesnobis.com\/wp-content\/uploads\/2023\/05\/puy-du-fou-2023-ebillet-non-date-grand-parc-768x581.webp 768w, https:\/\/www.campinglesnobis.com\/wp-content\/uploads\/2023\/05\/puy-du-fou-2023-ebillet-non-date-grand-parc.webp 1134w\" sizes=\"(max-width: 1024px) 100vw, 1024px\" \/><\/a><\/figure>\n\n\n<div class=\"wp-block-image image-deco\">\n<figure class=\"alignleft size-full\"><img decoding=\"async\" width=\"200\" height=\"110\" src=\"https:\/\/www.campinglesnobis.com\/wp-content\/uploads\/2023\/03\/Jumelle-locationicones.png\" alt=\"Verrekijker locatieicones\" class=\"wp-image-8052\"\/><\/figure>\n<\/div><\/div>\n\n\n\n<div class=\"wp-block-column is-vertically-aligned-center right is-layout-flow wp-block-column-is-layout-flow\">\n<h2 class=\"ls__heading wp-block-heading\">Het park Puy du Fou: dienstregelingen &amp; prijzen<\/h2>\n\n\n\n<p class=\"ls-paragraph\">In 2018 biedt het recreatiecentrum u een <strong>marine-epos<\/strong> in de voetsporen van La P\u00e9rousse, schip uit 1785, en neemt u mee naar Alaska via Kaap Hoorn en Vanikoro vanuit Brest. Je zult ook in staat zijn om nieuwe originele creaties te ontdekken die je naar Verdun in 1916 brengen in het hart van een briefuitwisseling tussen een soldaat en zijn geliefde.<\/p>\n\n\n\n<p class=\"ls-paragraph\">Met familie of vrienden, in juli en augustus of in het laagseizoen, kom en beleef de ervaring op onze camping in de buurt van Puy du Fou in de Pays de la Loire.<\/p>\n\n\n\n<p class=\"ls-paragraph\"><strong>Les Orgues de Feu<\/strong> : een nachtelijke show in het Grand Parc die je meeneemt op een magische en prachtige reis.<\/p>\n\n\n\n<p class=\"ls-paragraph\"><strong>Het teken van triomf<\/strong> : laat je op de tribunes van het Gallo-Romeinse stadion meeslepen door een supercharged sfeer.<\/p>\n\n\n\n<p class=\"ls-paragraph addReadMore showlesscontent\"><strong>La Cin\u00e9sc\u00e9nie<\/strong> : 2000 acteurs op een podium van 23 hectare die van deze gerenommeerde en onmisbare show de grootste nachtshow ter wereld maken.<br><br><strong>De Vikingen<\/strong> : In een stortvloed aan special effects vallen de Vikingen het Fort van het Jaar One Mil aan te midden van gigantische vlammen.<br><br><strong>De Ridders van de Ronde Tafel<\/strong> : dompel jezelf onder in de fantastische wereld van de Arthurlegende van Puy du Fou.<br><br><strong>De middeleeuwse stad<\/strong> : u ontdekt alle rijkdommen van de middeleeuwen en de verloren knowhow van ambachtslieden.<br><br>Andere shows wachten ook op u, zoals de <strong>spookvogelbal<\/strong>, niet te missen in juli en augustus tijdens uw campingvakantie in de buurt van Le Puy in het Pays de la Loire.<br><br>Groene vakantiegangers die verblijven op Nobis d&#8217;Anjou, een camping in de buurt van Puy du Fou, zonder voertuig, kunnen ook gemakkelijk een dag doorbrengen in het beroemde park, <strong>uitgeroepen tot beste pretpark ter wereld<\/strong> : op het station Montreuil-Bellay brengt een regionale trein u in 35 minuten naar Bressuire. Vanuit Bressuire brengt een bus u naar Maul\u00e9on, in de buurt van Puy du Fou in de Vend\u00e9e, op slechts 18 kilometer afstand. Met een taxi bereikt u het park in minder dan 20 minuten.<\/p>\n<\/div>\n<\/div>\n\n\r\n    <\/div>\r\n<\/section>\n\n<section id=\"ls-section-block_3e3284f52e082f34ec92453840590095\" class=\"ls-section  page-maillage has-p-t p-t-14 has-p-b p-b-14\" >\r\n        <div class=\"container container--wide\">\r\n        \n\n<div id=\"ls-heading ls-titre-div-block_789fe9ef29c5ce44c6bae7146747f47d\" class=\"ls-titre-div aligncenter h2-like\" >\n    Ontdek de Loire, onze activiteiten en onze verhuur!<\/div>\n\n\n<div id=\"ls-maillage-block_e75576a5eda25e2f06ce60abf85da294\" class=\"ls-maillage cta-style-normal\" data-rows=\"3\">\r\n    <div class=\"wp-block-columns\"><div class=\"wp-block-column\">\n\n<a href=\"https:\/\/www.campinglesnobis.com\/nl\/camping-kastelen-van-de-loire\/\" target=\"\" rel=\"noopener\" class=\"ls-cta__link\">\n\n\t<div class=\"ls-cta__image\"><img decoding=\"async\" src=\"https:\/\/www.campinglesnobis.com\/wp-content\/uploads\/2023\/03\/chateau-cheverny-cc-commons-768x576.webp\" alt=\"chateau cheverny cc commons\"><\/div>\n\t<div class=\"ls-cta__title\">\n\t\t<span>Ontdek de<\/span> <\/br> Kastelen van de Loire\t<\/div>\n\n\t\n<\/a>\n<\/div><div class=\"wp-block-column\">\n\n<a href=\"https:\/\/www.campinglesnobis.com\/nl\/animatie-camping-saumur\/\" target=\"\" rel=\"noopener\" class=\"ls-cta__link\">\n\n\t<div class=\"ls-cta__image\"><img decoding=\"async\" src=\"https:\/\/www.campinglesnobis.com\/wp-content\/uploads\/2023\/02\/animations_640_366.webp\" alt=\"ballons qui s'envolent dans le ciel\"><\/div>\n\t<div class=\"ls-cta__title\">\n\t\tLes Animaties\t<\/div>\n\n\t\n<\/a>\n<\/div><div class=\"wp-block-column\">\n\n<a href=\"https:\/\/www.campinglesnobis.com\/nl\/locatie-mobilhome-saumur\/\" target=\"\" rel=\"noopener\" class=\"ls-cta__link\">\n\n\t<div class=\"ls-cta__image\"><img decoding=\"async\" src=\"https:\/\/www.campinglesnobis.com\/wp-content\/uploads\/2023\/03\/Camping_Les_Nobis-cClo_et_Clem-AnjouTourisme-1920px-768x768.webp\" alt=\"Camping Les Nobis cClo et Clem AnjouTourisme px\"><\/div>\n\t<div class=\"ls-cta__title\">\n\t\t<span>Ontdekken<\/span> <\/br> Onze huuraccommodaties\t<\/div>\n\n\t\n<\/a>\n<\/div><\/div><\/div>\n\r\n    <\/div>\r\n<\/section>","protected":false},"excerpt":{"rendered":"","protected":false},"author":1,"featured_media":13136,"parent":0,"menu_order":0,"comment_status":"closed","ping_status":"closed","template":"","meta":{"_acf_changed":false,"inline_featured_image":false,"footnotes":""},"sujet":[],"class_list":["post-11810","page","type-page","status-publish","has-post-thumbnail","hentry"],"acf":[],"yoast_head":"<!-- This site is optimized with the Yoast SEO plugin v25.3 - https:\/\/yoast.com\/wordpress\/plugins\/seo\/ -->\n<title>Camping Puy du Fou | Camping en verhuur van stacaravans op 1 uur van Puy du Fou<\/title>\n<meta name=\"description\" content=\"Kies voor een goedkope kampeervakantie in de buurt van Puy du Fou, themapark een van de beste parken in Frankrijk voor uw familievakantie\" \/>\n<meta name=\"robots\" content=\"index, follow, max-snippet:-1, max-image-preview:large, max-video-preview:-1\" \/>\n<link rel=\"canonical\" href=\"https:\/\/www.campinglesnobis.com\/nl\/campingvakantie-puy-du-fou\/\" \/>\n<meta property=\"og:locale\" content=\"nl_NL\" \/>\n<meta property=\"og:type\" content=\"article\" \/>\n<meta property=\"og:title\" content=\"Camping Puy du Fou | Camping en verhuur van stacaravans op 1 uur van Puy du Fou\" \/>\n<meta property=\"og:description\" content=\"Kies voor een goedkope kampeervakantie in de buurt van Puy du Fou, themapark een van de beste parken in Frankrijk voor uw familievakantie\" \/>\n<meta property=\"og:url\" content=\"https:\/\/www.campinglesnobis.com\/nl\/campingvakantie-puy-du-fou\/\" \/>\n<meta property=\"og:site_name\" content=\"Camping les Nobis d&#039;Anjou\" \/>\n<meta property=\"article:modified_time\" content=\"2023-05-30T07:48:43+00:00\" \/>\n<meta property=\"og:image\" content=\"https:\/\/www.campinglesnobis.com\/wp-content\/uploads\/2023\/04\/puy-du-fou-proche-camping-chausseliere_1920_587.webp\" \/>\n\t<meta property=\"og:image:width\" content=\"1920\" \/>\n\t<meta property=\"og:image:height\" content=\"587\" \/>\n\t<meta property=\"og:image:type\" content=\"image\/webp\" \/>\n<meta name=\"twitter:card\" content=\"summary_large_image\" \/>\n<meta name=\"twitter:label1\" content=\"Geschatte leestijd\" \/>\n\t<meta name=\"twitter:data1\" content=\"5 minuten\" \/>\n<script type=\"application\/ld+json\" class=\"yoast-schema-graph\">{\"@context\":\"https:\/\/schema.org\",\"@graph\":[{\"@type\":\"WebPage\",\"@id\":\"https:\/\/www.campinglesnobis.com\/nl\/campingvakantie-puy-du-fou\/\",\"url\":\"https:\/\/www.campinglesnobis.com\/nl\/campingvakantie-puy-du-fou\/\",\"name\":\"Camping Puy du Fou | Camping en verhuur van stacaravans op 1 uur van Puy du Fou\",\"isPartOf\":{\"@id\":\"https:\/\/www.campinglesnobis.com\/nl\/#website\"},\"primaryImageOfPage\":{\"@id\":\"https:\/\/www.campinglesnobis.com\/nl\/campingvakantie-puy-du-fou\/#primaryimage\"},\"image\":{\"@id\":\"https:\/\/www.campinglesnobis.com\/nl\/campingvakantie-puy-du-fou\/#primaryimage\"},\"thumbnailUrl\":\"https:\/\/www.campinglesnobis.com\/wp-content\/uploads\/2023\/05\/puy-du-fou-proche-camping-chausseliere_1920_587-1.webp\",\"datePublished\":\"2023-02-20T11:03:00+00:00\",\"dateModified\":\"2023-05-30T07:48:43+00:00\",\"description\":\"Kies voor een goedkope kampeervakantie in de buurt van Puy du Fou, themapark een van de beste parken in Frankrijk voor uw familievakantie\",\"breadcrumb\":{\"@id\":\"https:\/\/www.campinglesnobis.com\/nl\/campingvakantie-puy-du-fou\/#breadcrumb\"},\"inLanguage\":\"nl-NL\",\"potentialAction\":[{\"@type\":\"ReadAction\",\"target\":[\"https:\/\/www.campinglesnobis.com\/nl\/campingvakantie-puy-du-fou\/\"]}]},{\"@type\":\"ImageObject\",\"inLanguage\":\"nl-NL\",\"@id\":\"https:\/\/www.campinglesnobis.com\/nl\/campingvakantie-puy-du-fou\/#primaryimage\",\"url\":\"https:\/\/www.campinglesnobis.com\/wp-content\/uploads\/2023\/05\/puy-du-fou-proche-camping-chausseliere_1920_587-1.webp\",\"contentUrl\":\"https:\/\/www.campinglesnobis.com\/wp-content\/uploads\/2023\/05\/puy-du-fou-proche-camping-chausseliere_1920_587-1.webp\",\"width\":1920,\"height\":587,\"caption\":\"puy du fou proche camping nobis\"},{\"@type\":\"BreadcrumbList\",\"@id\":\"https:\/\/www.campinglesnobis.com\/nl\/campingvakantie-puy-du-fou\/#breadcrumb\",\"itemListElement\":[{\"@type\":\"ListItem\",\"position\":1,\"name\":\"camping Saumur\",\"item\":\"https:\/\/www.campinglesnobis.com\/nl\/\"},{\"@type\":\"ListItem\",\"position\":2,\"name\":\"camping rond Puy du Fou\"}]},{\"@type\":\"WebSite\",\"@id\":\"https:\/\/www.campinglesnobis.com\/nl\/#website\",\"url\":\"https:\/\/www.campinglesnobis.com\/nl\/\",\"name\":\"Camping les Nobis d'Anjou\",\"description\":\"\",\"publisher\":{\"@id\":\"https:\/\/www.campinglesnobis.com\/nl\/#organization\"},\"alternateName\":\"Les Nobis d'Anjou\",\"potentialAction\":[{\"@type\":\"SearchAction\",\"target\":{\"@type\":\"EntryPoint\",\"urlTemplate\":\"https:\/\/www.campinglesnobis.com\/nl\/?s={search_term_string}\"},\"query-input\":{\"@type\":\"PropertyValueSpecification\",\"valueRequired\":true,\"valueName\":\"search_term_string\"}}],\"inLanguage\":\"nl-NL\"},{\"@type\":\"Organization\",\"@id\":\"https:\/\/www.campinglesnobis.com\/nl\/#organization\",\"name\":\"Camping les Nobis d'Anjou\",\"url\":\"https:\/\/www.campinglesnobis.com\/nl\/\",\"logo\":{\"@type\":\"ImageObject\",\"inLanguage\":\"nl-NL\",\"@id\":\"https:\/\/www.campinglesnobis.com\/nl\/#\/schema\/logo\/image\/\",\"url\":\"https:\/\/www.campinglesnobis.com\/wp-content\/uploads\/2023\/02\/logo-paradis-nobis.webp\",\"contentUrl\":\"https:\/\/www.campinglesnobis.com\/wp-content\/uploads\/2023\/02\/logo-paradis-nobis.webp\",\"width\":200,\"height\":200,\"caption\":\"Camping les Nobis d'Anjou\"},\"image\":{\"@id\":\"https:\/\/www.campinglesnobis.com\/nl\/#\/schema\/logo\/image\/\"}}]}<\/script>\n<!-- \/ Yoast SEO plugin. -->","yoast_head_json":{"title":"Camping Puy du Fou | Camping en verhuur van stacaravans op 1 uur van Puy du Fou","description":"Kies voor een goedkope kampeervakantie in de buurt van Puy du Fou, themapark een van de beste parken in Frankrijk voor uw familievakantie","robots":{"index":"index","follow":"follow","max-snippet":"max-snippet:-1","max-image-preview":"max-image-preview:large","max-video-preview":"max-video-preview:-1"},"canonical":"https:\/\/www.campinglesnobis.com\/nl\/campingvakantie-puy-du-fou\/","og_locale":"nl_NL","og_type":"article","og_title":"Camping Puy du Fou | Camping en verhuur van stacaravans op 1 uur van Puy du Fou","og_description":"Kies voor een goedkope kampeervakantie in de buurt van Puy du Fou, themapark een van de beste parken in Frankrijk voor uw familievakantie","og_url":"https:\/\/www.campinglesnobis.com\/nl\/campingvakantie-puy-du-fou\/","og_site_name":"Camping les Nobis d&#039;Anjou","article_modified_time":"2023-05-30T07:48:43+00:00","og_image":[{"width":1920,"height":587,"url":"https:\/\/www.campinglesnobis.com\/wp-content\/uploads\/2023\/04\/puy-du-fou-proche-camping-chausseliere_1920_587.webp","type":"image\/webp"}],"twitter_card":"summary_large_image","twitter_misc":{"Geschatte leestijd":"5 minuten"},"schema":{"@context":"https:\/\/schema.org","@graph":[{"@type":"WebPage","@id":"https:\/\/www.campinglesnobis.com\/nl\/campingvakantie-puy-du-fou\/","url":"https:\/\/www.campinglesnobis.com\/nl\/campingvakantie-puy-du-fou\/","name":"Camping Puy du Fou | Camping en verhuur van stacaravans op 1 uur van Puy du Fou","isPartOf":{"@id":"https:\/\/www.campinglesnobis.com\/nl\/#website"},"primaryImageOfPage":{"@id":"https:\/\/www.campinglesnobis.com\/nl\/campingvakantie-puy-du-fou\/#primaryimage"},"image":{"@id":"https:\/\/www.campinglesnobis.com\/nl\/campingvakantie-puy-du-fou\/#primaryimage"},"thumbnailUrl":"https:\/\/www.campinglesnobis.com\/wp-content\/uploads\/2023\/05\/puy-du-fou-proche-camping-chausseliere_1920_587-1.webp","datePublished":"2023-02-20T11:03:00+00:00","dateModified":"2023-05-30T07:48:43+00:00","description":"Kies voor een goedkope kampeervakantie in de buurt van Puy du Fou, themapark een van de beste parken in Frankrijk voor uw familievakantie","breadcrumb":{"@id":"https:\/\/www.campinglesnobis.com\/nl\/campingvakantie-puy-du-fou\/#breadcrumb"},"inLanguage":"nl-NL","potentialAction":[{"@type":"ReadAction","target":["https:\/\/www.campinglesnobis.com\/nl\/campingvakantie-puy-du-fou\/"]}]},{"@type":"ImageObject","inLanguage":"nl-NL","@id":"https:\/\/www.campinglesnobis.com\/nl\/campingvakantie-puy-du-fou\/#primaryimage","url":"https:\/\/www.campinglesnobis.com\/wp-content\/uploads\/2023\/05\/puy-du-fou-proche-camping-chausseliere_1920_587-1.webp","contentUrl":"https:\/\/www.campinglesnobis.com\/wp-content\/uploads\/2023\/05\/puy-du-fou-proche-camping-chausseliere_1920_587-1.webp","width":1920,"height":587,"caption":"puy du fou proche camping nobis"},{"@type":"BreadcrumbList","@id":"https:\/\/www.campinglesnobis.com\/nl\/campingvakantie-puy-du-fou\/#breadcrumb","itemListElement":[{"@type":"ListItem","position":1,"name":"camping Saumur","item":"https:\/\/www.campinglesnobis.com\/nl\/"},{"@type":"ListItem","position":2,"name":"camping rond Puy du Fou"}]},{"@type":"WebSite","@id":"https:\/\/www.campinglesnobis.com\/nl\/#website","url":"https:\/\/www.campinglesnobis.com\/nl\/","name":"Camping les Nobis d'Anjou","description":"","publisher":{"@id":"https:\/\/www.campinglesnobis.com\/nl\/#organization"},"alternateName":"Les Nobis d'Anjou","potentialAction":[{"@type":"SearchAction","target":{"@type":"EntryPoint","urlTemplate":"https:\/\/www.campinglesnobis.com\/nl\/?s={search_term_string}"},"query-input":{"@type":"PropertyValueSpecification","valueRequired":true,"valueName":"search_term_string"}}],"inLanguage":"nl-NL"},{"@type":"Organization","@id":"https:\/\/www.campinglesnobis.com\/nl\/#organization","name":"Camping les Nobis d'Anjou","url":"https:\/\/www.campinglesnobis.com\/nl\/","logo":{"@type":"ImageObject","inLanguage":"nl-NL","@id":"https:\/\/www.campinglesnobis.com\/nl\/#\/schema\/logo\/image\/","url":"https:\/\/www.campinglesnobis.com\/wp-content\/uploads\/2023\/02\/logo-paradis-nobis.webp","contentUrl":"https:\/\/www.campinglesnobis.com\/wp-content\/uploads\/2023\/02\/logo-paradis-nobis.webp","width":200,"height":200,"caption":"Camping les Nobis d'Anjou"},"image":{"@id":"https:\/\/www.campinglesnobis.com\/nl\/#\/schema\/logo\/image\/"}}]}},"_links":{"self":[{"href":"https:\/\/www.campinglesnobis.com\/nl\/wp-json\/wp\/v2\/pages\/11810","targetHints":{"allow":["GET"]}}],"collection":[{"href":"https:\/\/www.campinglesnobis.com\/nl\/wp-json\/wp\/v2\/pages"}],"about":[{"href":"https:\/\/www.campinglesnobis.com\/nl\/wp-json\/wp\/v2\/types\/page"}],"author":[{"embeddable":true,"href":"https:\/\/www.campinglesnobis.com\/nl\/wp-json\/wp\/v2\/users\/1"}],"replies":[{"embeddable":true,"href":"https:\/\/www.campinglesnobis.com\/nl\/wp-json\/wp\/v2\/comments?post=11810"}],"version-history":[{"count":5,"href":"https:\/\/www.campinglesnobis.com\/nl\/wp-json\/wp\/v2\/pages\/11810\/revisions"}],"predecessor-version":[{"id":13088,"href":"https:\/\/www.campinglesnobis.com\/nl\/wp-json\/wp\/v2\/pages\/11810\/revisions\/13088"}],"wp:featuredmedia":[{"embeddable":true,"href":"https:\/\/www.campinglesnobis.com\/nl\/wp-json\/wp\/v2\/media\/13136"}],"wp:attachment":[{"href":"https:\/\/www.campinglesnobis.com\/nl\/wp-json\/wp\/v2\/media?parent=11810"}],"wp:term":[{"taxonomy":"sujet","embeddable":true,"href":"https:\/\/www.campinglesnobis.com\/nl\/wp-json\/wp\/v2\/sujet?post=11810"}],"curies":[{"name":"wp","href":"https:\/\/api.w.org\/{rel}","templated":true}]}}