{"id":11822,"date":"2023-02-27T09:01:26","date_gmt":"2023-02-27T08:01:26","guid":{"rendered":"https:\/\/www.campinglesnobis.com\/center-parcs\/"},"modified":"2023-05-30T11:14:00","modified_gmt":"2023-05-30T09:14:00","slug":"kamperen-centers-parcs","status":"publish","type":"page","link":"https:\/\/www.campinglesnobis.com\/nl\/kamperen-centers-parcs\/","title":{"rendered":"Center Parcs"},"content":{"rendered":"<section id=\"ls-section-block_0c602c4eb7a22db9ae3c48c3c3fdbf7e\" class=\"ls-section  page-chapeau has-p-b p-b-0\" >\r\n        <div class=\"container \">\r\n        \n\n<h1 class=\"ls__heading wp-block-heading has-text-align-center\">Verblijf bij Center Parcs le Bois aux Daims in Morton<\/h1>\n\n\n\n<div class=\"wp-block-columns is-layout-flex wp-container-core-columns-is-layout-9d6595d7 wp-block-columns-is-layout-flex\">\n<div class=\"wp-block-column is-layout-flow wp-block-column-is-layout-flow\">\n<p class=\"ls-paragraph has-text-align-center\"><strong>HALVE DAG:<\/strong> van 17u tot 20u45 of van 16u tot 19u45<\/p>\n\n\n\n<ul class=\"ls-list wp-block-list\">\n<li>Volwassene (+8 jaar): informeer bij center parc<\/li>\n\n\n\n<li>Kind (4 t\/m 7 jaar): informeer bij center parc<\/li>\n\n\n\n<li>3 jaar en jonger: <strong>GRATIS<\/strong><\/li>\n<\/ul>\n<\/div>\n\n\n\n<div class=\"wp-block-column is-layout-flow wp-block-column-is-layout-flow\">\n<p class=\"ls-paragraph has-text-align-center\"><strong>VOLLEDIGE DAG: <\/strong>van 10u tot 23u<\/p>\n\n\n\n<ul class=\"ls-list wp-block-list\">\n<li>Volwassene (+8 jaar): informeer bij center parc<\/li>\n\n\n\n<li>Kinderen (4 tot 7 jaar): neem contact op met Center Parc voor meer informatie<\/li>\n\n\n\n<li>3 jaar en jonger: <strong>GRATIS<\/strong><\/li>\n<\/ul>\n<\/div>\n<\/div>\n\n\r\n    <\/div>\r\n<\/section>\n\n<section id=\"ls-section-block_857b8d41f862e93a366e13052903a97e\" class=\"ls-section  page-one\" >\r\n        <div class=\"container container--wide\">\r\n        \n\n<div class=\"wp-block-columns is-layout-flex wp-container-core-columns-is-layout-9d6595d7 wp-block-columns-is-layout-flex\">\n<div class=\"wp-block-column is-layout-flow wp-block-column-is-layout-flow\" style=\"flex-basis:70%\">\n<figure class=\"wp-block-image size-full animated fadeIn slow deco-piscine blanc right\"><a href=\"https:\/\/www.campinglesnobis.com\/wp-content\/uploads\/2023\/05\/KV039789-1-1024x683-1.webp\"><img decoding=\"async\" width=\"1024\" height=\"683\" src=\"https:\/\/www.campinglesnobis.com\/wp-content\/uploads\/2023\/05\/KV039789-1-1024x683-1.webp\" alt=\"gens qui font du snorekling dans le center parks bois au daims \u00e0 c\u00f4t\u00e9 du camping\" class=\"wp-image-13283\" title=\"pagina-\u00e9\u00e9n\" srcset=\"https:\/\/www.campinglesnobis.com\/wp-content\/uploads\/2023\/05\/KV039789-1-1024x683-1.webp 1024w, https:\/\/www.campinglesnobis.com\/wp-content\/uploads\/2023\/05\/KV039789-1-1024x683-1-300x200.webp 300w, https:\/\/www.campinglesnobis.com\/wp-content\/uploads\/2023\/05\/KV039789-1-1024x683-1-768x512.webp 768w\" sizes=\"(max-width: 1024px) 100vw, 1024px\" \/><\/a><\/figure>\n<\/div>\n\n\n\n<div class=\"wp-block-column is-vertically-aligned-center is-layout-flow wp-block-column-is-layout-flow\" style=\"flex-basis:30%\">\n<h2 class=\"ls__heading wp-block-heading\">ARRANGEMENTEN EN TARIEVEN VAN CENTER PARCS LE BOIS AUX DAIMS<\/h2>\n\n\n\n<p class=\"ls-paragraph\"><strong>De goede deal: Verblijf op Camping Paradis les Nobis d&#8217;Anjou en koop dagkaarten voor Center Parcs.<\/strong> Voor een dag in de Center Parcs tegen een lagere prijs, kom en verblijf op de Nobis d&#8217;Anjou camping en geniet van een moment in de aqua Mundo van het waterpark met buitenzwembad. <\/p>\n<\/div>\n<\/div>\n\n\r\n    <\/div>\r\n<\/section>\n\n<section id=\"ls-section-block_c7058ebba728e54de04a1ef98e161c97\" class=\"ls-section  page-two deco-gris has-p-b p-b-14\" >\r\n        <div class=\"container container--wide\">\r\n        \n\n<div class=\"wp-block-columns first is-layout-flex wp-container-core-columns-is-layout-9d6595d7 wp-block-columns-is-layout-flex\">\n<div class=\"wp-block-column is-vertically-aligned-center left is-layout-flow wp-block-column-is-layout-flow\">\n<h2 class=\"ls__heading wp-block-heading\">VAKANTIE IN DE BUURT VAN HET CENTER PARCS LE BOIS AUX DAIMS<\/h2>\n\n\n\n<p class=\"ls-paragraph\"><strong>Op 20 minuten van Camping Paradis les Nobis d&#8217;Anjou<\/strong> in Montreuil-Bellay is het <strong>Center Parc des Bois aux Daims<\/strong> een goed idee voor een dagje uit <strong>de<\/strong> natuur. U vindt er een buitengewoon <strong>scala aan activiteiten<\/strong> in een oase van natuur en rust.  <\/p>\n\n\n\n<p class=\"ls-paragraph\">Het waterpark Morton in de buurt van Montreuil-Bellay is <strong>een paradijs voor waterrecreatie<\/strong> en biedt <strong>aquagym, aquajump, aquabike en aquatraining sportsessies<\/strong>. Er worden ook babyzwemmerssessies georganiseerd voor jonge ouders en hun jonge kinderen. Kinderen en volwassenen kunnen ook profiteren van waterreddingsinitiaties en zwemsessies. Voor plezier en ontspanning heeft de camping uitzonderlijke waterfaciliteiten<strong> :<\/strong><\/p>\n\n\n\n<ul class=\"ls-list wp-block-list\">\n<li>Een bekken dat een wilde rivier reconstitueert<\/li>\n\n\n\n<li>een waterklimmuur<\/li>\n\n\n\n<li>Een dubbele waterboom<\/li>\n\n\n\n<li>Een aquaspeed-camping, familieglijbanen<\/li>\n\n\n\n<li>Cenote Pool: een duikbad dat de biotoop van Lake Malawi nabootst<\/li>\n<\/ul>\n<\/div>\n\n\n\n<div class=\"wp-block-column is-vertically-aligned-center right is-layout-flow wp-block-column-is-layout-flow\">\n<figure class=\"wp-block-gallery has-nested-images columns-2 is-cropped wp-block-gallery-1 is-layout-flex wp-block-gallery-is-layout-flex\">\n<figure class=\"wp-block-image size-large\"><a href=\"https:\/\/www.campinglesnobis.com\/wp-content\/uploads\/2023\/04\/918183487.jpg\"><img decoding=\"async\" width=\"790\" height=\"530\" data-id=\"9852\" src=\"https:\/\/www.campinglesnobis.com\/wp-content\/uploads\/2023\/04\/918183487.jpg\" alt=\"918183487\" class=\"wp-image-9852\" srcset=\"https:\/\/www.campinglesnobis.com\/wp-content\/uploads\/2023\/04\/918183487.jpg 790w, https:\/\/www.campinglesnobis.com\/wp-content\/uploads\/2023\/04\/918183487-300x201.jpg 300w, https:\/\/www.campinglesnobis.com\/wp-content\/uploads\/2023\/04\/918183487-768x515.jpg 768w\" sizes=\"(max-width: 790px) 100vw, 790px\" \/><\/a><\/figure>\n\n\n\n<figure class=\"wp-block-image size-large\"><a href=\"https:\/\/www.campinglesnobis.com\/wp-content\/uploads\/2023\/04\/center-parc-bois-daims.webp\"><img decoding=\"async\" width=\"1024\" height=\"446\" data-id=\"9864\" src=\"https:\/\/www.campinglesnobis.com\/wp-content\/uploads\/2023\/04\/center-parc-bois-daims-1024x446.webp\" alt=\"Centrum Parc Bois Daims\" class=\"wp-image-9864\" srcset=\"https:\/\/www.campinglesnobis.com\/wp-content\/uploads\/2023\/04\/center-parc-bois-daims-1024x446.webp 1024w, https:\/\/www.campinglesnobis.com\/wp-content\/uploads\/2023\/04\/center-parc-bois-daims-300x131.webp 300w, https:\/\/www.campinglesnobis.com\/wp-content\/uploads\/2023\/04\/center-parc-bois-daims-768x335.webp 768w, https:\/\/www.campinglesnobis.com\/wp-content\/uploads\/2023\/04\/center-parc-bois-daims-1536x669.webp 1536w, https:\/\/www.campinglesnobis.com\/wp-content\/uploads\/2023\/04\/center-parc-bois-daims.webp 1903w\" sizes=\"(max-width: 1024px) 100vw, 1024px\" \/><\/a><\/figure>\n\n\n\n<figure class=\"wp-block-image size-large\"><a href=\"https:\/\/www.campinglesnobis.com\/wp-content\/uploads\/2023\/04\/1323943147.jpg\"><img decoding=\"async\" width=\"790\" height=\"530\" data-id=\"9853\" src=\"https:\/\/www.campinglesnobis.com\/wp-content\/uploads\/2023\/04\/1323943147.jpg\" alt=\"1323943147\" class=\"wp-image-9853\" srcset=\"https:\/\/www.campinglesnobis.com\/wp-content\/uploads\/2023\/04\/1323943147.jpg 790w, https:\/\/www.campinglesnobis.com\/wp-content\/uploads\/2023\/04\/1323943147-300x201.jpg 300w, https:\/\/www.campinglesnobis.com\/wp-content\/uploads\/2023\/04\/1323943147-768x515.jpg 768w\" sizes=\"(max-width: 790px) 100vw, 790px\" \/><\/a><\/figure>\n<\/figure>\n<\/div>\n<\/div>\n\n\n\n<div class=\"wp-block-columns second is-layout-flex wp-container-core-columns-is-layout-9d6595d7 wp-block-columns-is-layout-flex\">\n<div class=\"wp-block-column is-vertically-aligned-center left is-layout-flow wp-block-column-is-layout-flow\">\n<figure class=\"wp-block-image size-large animated fadeInLeft delay-200ms slow\"><a href=\"https:\/\/www.campinglesnobis.com\/wp-content\/uploads\/2023\/04\/Nobis_camping_Anjou_1067_800.webp\"><img decoding=\"async\" width=\"1024\" height=\"768\" src=\"https:\/\/www.campinglesnobis.com\/wp-content\/uploads\/2023\/04\/Nobis_camping_Anjou_1067_800-1024x768.webp\" alt=\"De huisjes van de camping Les Nobis d'Anjou in de buurt van het centrum Parken Les Dains\" class=\"wp-image-9877\" srcset=\"https:\/\/www.campinglesnobis.com\/wp-content\/uploads\/2023\/04\/Nobis_camping_Anjou_1067_800-1024x768.webp 1024w, https:\/\/www.campinglesnobis.com\/wp-content\/uploads\/2023\/04\/Nobis_camping_Anjou_1067_800-300x225.webp 300w, https:\/\/www.campinglesnobis.com\/wp-content\/uploads\/2023\/04\/Nobis_camping_Anjou_1067_800-768x576.webp 768w, https:\/\/www.campinglesnobis.com\/wp-content\/uploads\/2023\/04\/Nobis_camping_Anjou_1067_800.webp 1067w\" sizes=\"(max-width: 1024px) 100vw, 1024px\" \/><\/a><\/figure>\n<\/div>\n\n\n\n<div class=\"wp-block-column is-vertically-aligned-center right is-layout-flow wp-block-column-is-layout-flow\">\n<h2 class=\"ls__heading wp-block-heading\">VERHUUR VAN VAKANTIEHUISJES OP 20 MINUTEN VAN HET WATERPARK<\/h2>\n\n\n\n<p class=\"ls-paragraph\">Geniet van uw dag in het waterpark Center Parcs en boek een comfortabel huisje, op slechts een paar kilometer afstand. Door een <strong>stacaravan<\/strong> of <strong>huisje<\/strong> in de buurt te huren, bent u ideaal gelegen om een onvergetelijk verblijf door te brengen met vrienden of familie, <strong>dicht bij het Center Parcs Bois aux Daims<\/strong>. Uw kinderen zullen blij zijn om ten volle te kunnen genieten van de attracties van het waterpark en om eindelijk <strong>onvergetelijke momenten<\/strong> door te kunnen brengen in het gezelschap van hun ouders in hun <strong>comfortabele en volledig uitgeruste huisje<\/strong>.  <\/p>\n\n\n\n<p class=\"ls-paragraph addReadMore showlesscontent\">Wat is er beter dan een huisje in de buurt van Center Parcs, met een high-end ontwerp en lay-out, na een dag doorgebracht met het ontdekken van het entertainment en de infrastructuur van het park? Het huren van een huisje stelt u in staat om samen te komen als een gezin. U zult begrijpen, laat u verleiden door de verhuur van een huisje Center Parcs Bois aux Daims met uw gezin!<\/p>\n<\/div>\n<\/div>\n\n\n\n<figure class=\"wp-block-image size-full image-deco\"><img decoding=\"async\" width=\"300\" height=\"232\" src=\"https:\/\/www.campinglesnobis.com\/wp-content\/uploads\/2023\/03\/hamac.png\" alt=\"Hangmat icoon\" class=\"wp-image-7949\"\/><\/figure>\n\n\r\n    <\/div>\r\n<\/section>\n\n<section id=\"ls-section-block_4f7c61bbe1b7040ee2acf2fc0042f34a\" class=\"ls-section  page-parallax has-parallax\" >\r\n        <div class=\"container container--full\">\r\n        \n\n<iframe src=\"https:\/\/www.google.com\/maps\/embed?pb=!1m28!1m12!1m3!1d43451.19402040458!2d-0.12274449856820831!3d47.10495888596838!2m3!1f0!2f0!3f0!3m2!1i1024!2i768!4f13.1!4m13!3e6!4m5!1s0x48078d55d94cedb9%3A0xe3d3bdb42656e5e2!2sCamping%20Paradis%20Les%20Nobis%20d'Anjou%20%7C%20Camping%20Saumur%2C%20Rue%20Georges%20Girouy%2C%2049260%20Montreuil-Bellay!3m2!1d47.132138!2d-0.159165!4m5!1s0x47fd61f460da97e7%3A0x3cf1d7225968800e!2sCENTER%20PARC%20LE%20BOIS%20AUX%20DAIMS!3m2!1d47.092779799999995!2d0.0008726999999999999!5e0!3m2!1sfr!2sfr!4v1682607012172!5m2!1sfr!2sfr\" width=\"100%\" height=\"600\" style=\"border:0;\" allowfullscreen=\"yes\" loading=\"lazy\" referrerpolicy=\"no-referrer-when-downgrade\"><\/iframe>\n\n\r\n    <\/div>\r\n<\/section>\n\n<section id=\"ls-section-block_157520a43b50e71cdf2f73656db59d9a\" class=\"ls-section  page-three\" >\r\n        <div class=\"container container--wide\">\r\n        \n\n<div class=\"wp-block-columns is-layout-flex wp-container-core-columns-is-layout-9d6595d7 wp-block-columns-is-layout-flex\">\n<div class=\"wp-block-column has-color-white-background-color has-background is-layout-flow wp-block-column-is-layout-flow\">\n<h2 class=\"ls__heading wp-block-heading has-text-align-center\">ADRES EN ROUTEBESCHRIJVING CENTER PARC LE BOIS AUX DAIMS ?<\/h2>\n\n\n\n<ul class=\"ls-list wp-block-list\">\n<li><strong>20 minuten rijden<\/strong> via de D347<\/li>\n\n\n\n<li><strong>Geschatte duur:<\/strong> 20 min zonder verkeer<\/li>\n<\/ul>\n\n\n\n<p class=\"ls-paragraph has-text-align-center\"><strong>Reisplan<\/strong><\/p>\n\n\n\n<ul class=\"ls-list wp-block-list\">\n<li>Neem <strong>rue des Chenevraux<\/strong> en <strong>Route de Thouars<\/strong>\/D360 richting D347: 3 min (1,2 km)<\/li>\n\n\n\n<li>Volg de <strong>D347 richting D19<\/strong> bij Saint-L\u00e9ger-de-Montbrillais: 8 min (10,4 km)<\/li>\n\n\n\n<li>Ga verder op <strong>de D19<\/strong> richting uw bestemming: 10 min (7,3 km)<\/li>\n\n\n\n<li>U bent aangekomen bij <strong>Center Parcs \u2013 Domaine du Bois aux Daims, route des Trois Moutiers, 86120 Morton<\/strong><\/li>\n<\/ul>\n\n\n\n<ul class=\"ls-list wp-block-list\">\n<li>Vanuit Cholet, richting Loudun op de d759 dan verder richting de drie moutiers, aangekomen bij het dorp volg je de borden center parcs<\/li>\n\n\n\n<li>Vanaf Bouchard Island, richting Saumur op de D760 en dan richting de drie moutiers, bij de uitgang van dit dorp ziet u de borden Center Parcs richting Montreuil Bellay<\/li>\n<\/ul>\n\n\n\n<p class=\"ls-paragraph has-text-align-center\">Bezoek de <a href=\"https:\/\/www.centerparcs.fr\/fr-fr\/france\/fp_BD_vacances-domaine-le-bois-aux-daims\" target=\"_blank\" rel=\"noreferrer noopener\">offici\u00eble website<\/a> van Center Parc Bois aux Daims.<\/p>\n<\/div>\n<\/div>\n\n\r\n    <\/div>\r\n<\/section>\n\n<section id=\"ls-section-block_ac663d2d905899f0ea98884856fdbd77\" class=\"ls-section  page-maillage has-p-t p-t-14 has-p-b p-b-14\" >\r\n        <div class=\"container container--wide\">\r\n        \n\n<div id=\"ls-heading ls-titre-div-block_be53bc03883c57e5174472feb2ae3b0a\" class=\"ls-titre-div aligncenter h2-like\" >\n    Ontdek de Puy du Fou, de Futuroscope en de Zoo de Dou\u00e9.<\/div>\n\n\n<div id=\"ls-maillage-block_405cc98010e8e8e926d3281169a8e7bb\" class=\"ls-maillage cta-style-normal\" data-rows=\"3\">\r\n    <div class=\"wp-block-columns\"><div class=\"wp-block-column\">\n\n<a href=\"https:\/\/www.campinglesnobis.com\/nl\/biopark-zoo-doue-la-fontaine\/\" target=\"\" rel=\"noopener\" class=\"ls-cta__link\">\n\n\t<div class=\"ls-cta__image\"><img decoding=\"async\" src=\"https:\/\/www.campinglesnobis.com\/wp-content\/uploads\/2023\/03\/061701916492-web-tete-768x432.jpeg\" alt=\"les girafes du zoo de boiti\u00e9\n\"><\/div>\n\t<div class=\"ls-cta__title\">\n\t\t<span>Ontdek de<\/span> <\/br> Zoo de Dou\u00e9\t<\/div>\n\n\t\n<\/a>\n<\/div><div class=\"wp-block-column\">\n\n<a href=\"https:\/\/www.campinglesnobis.com\/nl\/campingvakantie-puy-du-fou\/\" target=\"\" rel=\"noopener\" class=\"ls-cta__link\">\n\n\t<div class=\"ls-cta__image\"><img decoding=\"async\" src=\"https:\/\/www.campinglesnobis.com\/wp-content\/uploads\/2023\/04\/puy-du-fou-2023-ebillet-non-date-grand-parc-768x581.jpg\" alt=\"puy du fou  ebillet non date grand parc\"><\/div>\n\t<div class=\"ls-cta__title\">\n\t\tDe Puy du Fou\t<\/div>\n\n\t\n<\/a>\n<\/div><div class=\"wp-block-column\">\n\n<a href=\"https:\/\/www.campinglesnobis.com\/nl\/camping-futuroscoop\/\" target=\"\" rel=\"noopener\" class=\"ls-cta__link\">\n\n\t<div class=\"ls-cta__image\"><img decoding=\"async\" src=\"https:\/\/www.campinglesnobis.com\/wp-content\/uploads\/2023\/03\/futuroscope-geode.webp\" alt=\"futuroscope geode\"><\/div>\n\t<div class=\"ls-cta__title\">\n\t\t<span>Ontdek de<\/span> <\/br> Futuroscoop\t<\/div>\n\n\t\n<\/a>\n<\/div><\/div><\/div>\n\r\n    <\/div>\r\n<\/section>","protected":false},"excerpt":{"rendered":"","protected":false},"author":1,"featured_media":9842,"parent":0,"menu_order":0,"comment_status":"closed","ping_status":"closed","template":"","meta":{"_acf_changed":false,"inline_featured_image":false,"footnotes":""},"sujet":[],"class_list":["post-11822","page","type-page","status-publish","has-post-thumbnail","hentry"],"acf":[],"yoast_head":"<!-- This site is optimized with the Yoast SEO plugin v25.3 - https:\/\/yoast.com\/wordpress\/plugins\/seo\/ -->\n<title>Center Parc Bois aux Daims : cottage verblijf in Center parc de Morton<\/title>\n<meta name=\"description\" content=\"Center Parc Bois aux Daims: ontdek de formules, prijzen, data en openingsuren. Ontdek ook onze huisjes en stacaravans in de buurt van het park.\" \/>\n<meta name=\"robots\" content=\"index, follow, max-snippet:-1, max-image-preview:large, max-video-preview:-1\" \/>\n<link rel=\"canonical\" href=\"https:\/\/www.campinglesnobis.com\/nl\/kamperen-centers-parcs\/\" \/>\n<meta property=\"og:locale\" content=\"nl_NL\" \/>\n<meta property=\"og:type\" content=\"article\" \/>\n<meta property=\"og:title\" content=\"Center Parc Bois aux Daims : cottage verblijf in Center parc de Morton\" \/>\n<meta property=\"og:description\" content=\"Center Parc Bois aux Daims: ontdek de formules, prijzen, data en openingsuren. Ontdek ook onze huisjes en stacaravans in de buurt van het park.\" \/>\n<meta property=\"og:url\" content=\"https:\/\/www.campinglesnobis.com\/nl\/kamperen-centers-parcs\/\" \/>\n<meta property=\"og:site_name\" content=\"Camping les Nobis d&#039;Anjou\" \/>\n<meta property=\"article:modified_time\" content=\"2023-05-30T09:14:00+00:00\" \/>\n<meta property=\"og:image\" content=\"https:\/\/www.campinglesnobis.com\/wp-content\/uploads\/2023\/04\/aquamundo-center-parc-bois-aux-daims.jpg\" \/>\n\t<meta property=\"og:image:width\" content=\"1500\" \/>\n\t<meta property=\"og:image:height\" content=\"867\" \/>\n\t<meta property=\"og:image:type\" content=\"image\/jpeg\" \/>\n<meta name=\"twitter:card\" content=\"summary_large_image\" \/>\n<meta name=\"twitter:label1\" content=\"Geschatte leestijd\" \/>\n\t<meta name=\"twitter:data1\" content=\"5 minuten\" \/>\n<script type=\"application\/ld+json\" class=\"yoast-schema-graph\">{\"@context\":\"https:\/\/schema.org\",\"@graph\":[{\"@type\":\"WebPage\",\"@id\":\"https:\/\/www.campinglesnobis.com\/nl\/kamperen-centers-parcs\/\",\"url\":\"https:\/\/www.campinglesnobis.com\/nl\/kamperen-centers-parcs\/\",\"name\":\"Center Parc Bois aux Daims : cottage verblijf in Center parc de Morton\",\"isPartOf\":{\"@id\":\"https:\/\/www.campinglesnobis.com\/nl\/#website\"},\"primaryImageOfPage\":{\"@id\":\"https:\/\/www.campinglesnobis.com\/nl\/kamperen-centers-parcs\/#primaryimage\"},\"image\":{\"@id\":\"https:\/\/www.campinglesnobis.com\/nl\/kamperen-centers-parcs\/#primaryimage\"},\"thumbnailUrl\":\"https:\/\/www.campinglesnobis.com\/wp-content\/uploads\/2023\/04\/aquamundo-center-parc-bois-aux-daims.jpg\",\"datePublished\":\"2023-02-27T08:01:26+00:00\",\"dateModified\":\"2023-05-30T09:14:00+00:00\",\"description\":\"Center Parc Bois aux Daims: ontdek de formules, prijzen, data en openingsuren. Ontdek ook onze huisjes en stacaravans in de buurt van het park.\",\"breadcrumb\":{\"@id\":\"https:\/\/www.campinglesnobis.com\/nl\/kamperen-centers-parcs\/#breadcrumb\"},\"inLanguage\":\"nl-NL\",\"potentialAction\":[{\"@type\":\"ReadAction\",\"target\":[\"https:\/\/www.campinglesnobis.com\/nl\/kamperen-centers-parcs\/\"]}]},{\"@type\":\"ImageObject\",\"inLanguage\":\"nl-NL\",\"@id\":\"https:\/\/www.campinglesnobis.com\/nl\/kamperen-centers-parcs\/#primaryimage\",\"url\":\"https:\/\/www.campinglesnobis.com\/wp-content\/uploads\/2023\/04\/aquamundo-center-parc-bois-aux-daims.jpg\",\"contentUrl\":\"https:\/\/www.campinglesnobis.com\/wp-content\/uploads\/2023\/04\/aquamundo-center-parc-bois-aux-daims.jpg\",\"width\":1500,\"height\":867,\"caption\":\"aquamundo center parc bois aux daims\"},{\"@type\":\"BreadcrumbList\",\"@id\":\"https:\/\/www.campinglesnobis.com\/nl\/kamperen-centers-parcs\/#breadcrumb\",\"itemListElement\":[{\"@type\":\"ListItem\",\"position\":1,\"name\":\"camping Saumur\",\"item\":\"https:\/\/www.campinglesnobis.com\/nl\/\"},{\"@type\":\"ListItem\",\"position\":2,\"name\":\"Dag in Center Parcs Bois aux Daims\"}]},{\"@type\":\"WebSite\",\"@id\":\"https:\/\/www.campinglesnobis.com\/nl\/#website\",\"url\":\"https:\/\/www.campinglesnobis.com\/nl\/\",\"name\":\"Camping les Nobis d'Anjou\",\"description\":\"\",\"publisher\":{\"@id\":\"https:\/\/www.campinglesnobis.com\/nl\/#organization\"},\"alternateName\":\"Les Nobis d'Anjou\",\"potentialAction\":[{\"@type\":\"SearchAction\",\"target\":{\"@type\":\"EntryPoint\",\"urlTemplate\":\"https:\/\/www.campinglesnobis.com\/nl\/?s={search_term_string}\"},\"query-input\":{\"@type\":\"PropertyValueSpecification\",\"valueRequired\":true,\"valueName\":\"search_term_string\"}}],\"inLanguage\":\"nl-NL\"},{\"@type\":\"Organization\",\"@id\":\"https:\/\/www.campinglesnobis.com\/nl\/#organization\",\"name\":\"Camping les Nobis d'Anjou\",\"url\":\"https:\/\/www.campinglesnobis.com\/nl\/\",\"logo\":{\"@type\":\"ImageObject\",\"inLanguage\":\"nl-NL\",\"@id\":\"https:\/\/www.campinglesnobis.com\/nl\/#\/schema\/logo\/image\/\",\"url\":\"https:\/\/www.campinglesnobis.com\/wp-content\/uploads\/2023\/02\/logo-paradis-nobis.webp\",\"contentUrl\":\"https:\/\/www.campinglesnobis.com\/wp-content\/uploads\/2023\/02\/logo-paradis-nobis.webp\",\"width\":200,\"height\":200,\"caption\":\"Camping les Nobis d'Anjou\"},\"image\":{\"@id\":\"https:\/\/www.campinglesnobis.com\/nl\/#\/schema\/logo\/image\/\"}}]}<\/script>\n<!-- \/ Yoast SEO plugin. -->","yoast_head_json":{"title":"Center Parc Bois aux Daims : cottage verblijf in Center parc de Morton","description":"Center Parc Bois aux Daims: ontdek de formules, prijzen, data en openingsuren. Ontdek ook onze huisjes en stacaravans in de buurt van het park.","robots":{"index":"index","follow":"follow","max-snippet":"max-snippet:-1","max-image-preview":"max-image-preview:large","max-video-preview":"max-video-preview:-1"},"canonical":"https:\/\/www.campinglesnobis.com\/nl\/kamperen-centers-parcs\/","og_locale":"nl_NL","og_type":"article","og_title":"Center Parc Bois aux Daims : cottage verblijf in Center parc de Morton","og_description":"Center Parc Bois aux Daims: ontdek de formules, prijzen, data en openingsuren. Ontdek ook onze huisjes en stacaravans in de buurt van het park.","og_url":"https:\/\/www.campinglesnobis.com\/nl\/kamperen-centers-parcs\/","og_site_name":"Camping les Nobis d&#039;Anjou","article_modified_time":"2023-05-30T09:14:00+00:00","og_image":[{"width":1500,"height":867,"url":"https:\/\/www.campinglesnobis.com\/wp-content\/uploads\/2023\/04\/aquamundo-center-parc-bois-aux-daims.jpg","type":"image\/jpeg"}],"twitter_card":"summary_large_image","twitter_misc":{"Geschatte leestijd":"5 minuten"},"schema":{"@context":"https:\/\/schema.org","@graph":[{"@type":"WebPage","@id":"https:\/\/www.campinglesnobis.com\/nl\/kamperen-centers-parcs\/","url":"https:\/\/www.campinglesnobis.com\/nl\/kamperen-centers-parcs\/","name":"Center Parc Bois aux Daims : cottage verblijf in Center parc de Morton","isPartOf":{"@id":"https:\/\/www.campinglesnobis.com\/nl\/#website"},"primaryImageOfPage":{"@id":"https:\/\/www.campinglesnobis.com\/nl\/kamperen-centers-parcs\/#primaryimage"},"image":{"@id":"https:\/\/www.campinglesnobis.com\/nl\/kamperen-centers-parcs\/#primaryimage"},"thumbnailUrl":"https:\/\/www.campinglesnobis.com\/wp-content\/uploads\/2023\/04\/aquamundo-center-parc-bois-aux-daims.jpg","datePublished":"2023-02-27T08:01:26+00:00","dateModified":"2023-05-30T09:14:00+00:00","description":"Center Parc Bois aux Daims: ontdek de formules, prijzen, data en openingsuren. Ontdek ook onze huisjes en stacaravans in de buurt van het park.","breadcrumb":{"@id":"https:\/\/www.campinglesnobis.com\/nl\/kamperen-centers-parcs\/#breadcrumb"},"inLanguage":"nl-NL","potentialAction":[{"@type":"ReadAction","target":["https:\/\/www.campinglesnobis.com\/nl\/kamperen-centers-parcs\/"]}]},{"@type":"ImageObject","inLanguage":"nl-NL","@id":"https:\/\/www.campinglesnobis.com\/nl\/kamperen-centers-parcs\/#primaryimage","url":"https:\/\/www.campinglesnobis.com\/wp-content\/uploads\/2023\/04\/aquamundo-center-parc-bois-aux-daims.jpg","contentUrl":"https:\/\/www.campinglesnobis.com\/wp-content\/uploads\/2023\/04\/aquamundo-center-parc-bois-aux-daims.jpg","width":1500,"height":867,"caption":"aquamundo center parc bois aux daims"},{"@type":"BreadcrumbList","@id":"https:\/\/www.campinglesnobis.com\/nl\/kamperen-centers-parcs\/#breadcrumb","itemListElement":[{"@type":"ListItem","position":1,"name":"camping Saumur","item":"https:\/\/www.campinglesnobis.com\/nl\/"},{"@type":"ListItem","position":2,"name":"Dag in Center Parcs Bois aux Daims"}]},{"@type":"WebSite","@id":"https:\/\/www.campinglesnobis.com\/nl\/#website","url":"https:\/\/www.campinglesnobis.com\/nl\/","name":"Camping les Nobis d'Anjou","description":"","publisher":{"@id":"https:\/\/www.campinglesnobis.com\/nl\/#organization"},"alternateName":"Les Nobis d'Anjou","potentialAction":[{"@type":"SearchAction","target":{"@type":"EntryPoint","urlTemplate":"https:\/\/www.campinglesnobis.com\/nl\/?s={search_term_string}"},"query-input":{"@type":"PropertyValueSpecification","valueRequired":true,"valueName":"search_term_string"}}],"inLanguage":"nl-NL"},{"@type":"Organization","@id":"https:\/\/www.campinglesnobis.com\/nl\/#organization","name":"Camping les Nobis d'Anjou","url":"https:\/\/www.campinglesnobis.com\/nl\/","logo":{"@type":"ImageObject","inLanguage":"nl-NL","@id":"https:\/\/www.campinglesnobis.com\/nl\/#\/schema\/logo\/image\/","url":"https:\/\/www.campinglesnobis.com\/wp-content\/uploads\/2023\/02\/logo-paradis-nobis.webp","contentUrl":"https:\/\/www.campinglesnobis.com\/wp-content\/uploads\/2023\/02\/logo-paradis-nobis.webp","width":200,"height":200,"caption":"Camping les Nobis d'Anjou"},"image":{"@id":"https:\/\/www.campinglesnobis.com\/nl\/#\/schema\/logo\/image\/"}}]}},"_links":{"self":[{"href":"https:\/\/www.campinglesnobis.com\/nl\/wp-json\/wp\/v2\/pages\/11822","targetHints":{"allow":["GET"]}}],"collection":[{"href":"https:\/\/www.campinglesnobis.com\/nl\/wp-json\/wp\/v2\/pages"}],"about":[{"href":"https:\/\/www.campinglesnobis.com\/nl\/wp-json\/wp\/v2\/types\/page"}],"author":[{"embeddable":true,"href":"https:\/\/www.campinglesnobis.com\/nl\/wp-json\/wp\/v2\/users\/1"}],"replies":[{"embeddable":true,"href":"https:\/\/www.campinglesnobis.com\/nl\/wp-json\/wp\/v2\/comments?post=11822"}],"version-history":[{"count":5,"href":"https:\/\/www.campinglesnobis.com\/nl\/wp-json\/wp\/v2\/pages\/11822\/revisions"}],"predecessor-version":[{"id":13286,"href":"https:\/\/www.campinglesnobis.com\/nl\/wp-json\/wp\/v2\/pages\/11822\/revisions\/13286"}],"wp:featuredmedia":[{"embeddable":true,"href":"https:\/\/www.campinglesnobis.com\/nl\/wp-json\/wp\/v2\/media\/9842"}],"wp:attachment":[{"href":"https:\/\/www.campinglesnobis.com\/nl\/wp-json\/wp\/v2\/media?parent=11822"}],"wp:term":[{"taxonomy":"sujet","embeddable":true,"href":"https:\/\/www.campinglesnobis.com\/nl\/wp-json\/wp\/v2\/sujet?post=11822"}],"curies":[{"name":"wp","href":"https:\/\/api.w.org\/{rel}","templated":true}]}}