{"id":11837,"date":"2023-02-27T09:02:17","date_gmt":"2023-02-27T08:02:17","guid":{"rendered":"https:\/\/www.campinglesnobis.com\/troglodietendorpen\/"},"modified":"2024-07-02T10:35:34","modified_gmt":"2024-07-02T08:35:34","slug":"troglodietendorpen","status":"publish","type":"page","link":"https:\/\/www.campinglesnobis.com\/nl\/troglodietendorpen\/","title":{"rendered":"Troglodietendorpen"},"content":{"rendered":"<section id=\"ls-section-block_41bbbd523075a106937adb5bd6910627\" class=\"ls-section  page-chapeau has-p-b p-b-0\" >\r\n        <div class=\"container \">\r\n        \n\n<h1 class=\"ls__heading wp-block-heading has-text-align-center\">DE TROGLODIETENDORPEN ROND SAUMUR<\/h1>\n\n\r\n    <\/div>\r\n<\/section>\n\n<section id=\"ls-section-block_09c80ad3dbb2fc0079175c6f2d602f63\" class=\"ls-section  page-one page-one-bis\" >\r\n        <div class=\"container container--wide\">\r\n        \n\n<div class=\"wp-block-columns is-layout-flex wp-container-core-columns-is-layout-9d6595d7 wp-block-columns-is-layout-flex\">\n<div class=\"wp-block-column is-layout-flow wp-block-column-is-layout-flow\" style=\"flex-basis:70%\">\n<figure class=\"wp-block-image size-full animated fadeIn slow blanc right\"><img decoding=\"async\" width=\"800\" height=\"533\" src=\"https:\/\/www.campinglesnobis.com\/wp-content\/uploads\/2023\/04\/Le_Mystere_des_Faluns-cMathieu_GENON-6622-AnjouTourisme_resultat-1.webp\" alt=\"familiecursus in de buurt van Saumur vanaf campingparadijs Nobis anjou\" class=\"wp-image-10080\" title=\"pagina-\u00e9\u00e9n\" srcset=\"https:\/\/www.campinglesnobis.com\/wp-content\/uploads\/2023\/04\/Le_Mystere_des_Faluns-cMathieu_GENON-6622-AnjouTourisme_resultat-1.webp 800w, https:\/\/www.campinglesnobis.com\/wp-content\/uploads\/2023\/04\/Le_Mystere_des_Faluns-cMathieu_GENON-6622-AnjouTourisme_resultat-1-300x200.webp 300w, https:\/\/www.campinglesnobis.com\/wp-content\/uploads\/2023\/04\/Le_Mystere_des_Faluns-cMathieu_GENON-6622-AnjouTourisme_resultat-1-768x512.webp 768w\" sizes=\"(max-width: 800px) 100vw, 800px\" \/><\/figure>\n<\/div>\n\n\n\n<div class=\"wp-block-column is-vertically-aligned-center is-layout-flow wp-block-column-is-layout-flow\" style=\"flex-basis:30%\">\n<p class=\"ls-paragraph\">De zachte tufsteen begunstigde in <strong>Anjou<\/strong> de troglodietenhabitats. De regio heeft veel ondergrondse sites om te bezoeken: ondergrondse <strong>vesting van Br\u00e9z\u00e9<\/strong>, <strong>kelders en winningsgalerijen<\/strong>, maar ook <strong>boerderijen<\/strong> en zelfs <strong>hele dorpen gegraven in de rots<\/strong>.<\/p>\n\n\n\n<p class=\"ls-paragraph\"><strong>Het dorpsmuseum van Rochemenier<\/strong>, op 20 kilometer van Camping Paradis les Nobis, bestaat uit een troglodietencomplex bestaande uit boerderijen, een gemeenschappelijke ruimte en een kapel. Je ontdekt het dagelijks leven van de bewoners aan de hand van een gedocumenteerde ondergrondse route, objecten en antiek meubilair. Augmented reality-animaties, virtuele rondleidingen door troglodieten van over de hele wereld en geprojecteerde schaduweffecten moderniseren de site. Het dorp Rochemenier is ook de thuisbasis van een artistieke installatie over het thema van de troglodietenhabitat: <strong>de troglosfeer<\/strong>.<\/p>\n\n\n\n<p class=\"ls-paragraph addReadMore showlesscontent\">In D\u00e9nez\u00e9-sous-Dou\u00e9 zijn ook de troglodietenhuizen van de Forges open voor bezoekers. We ontdekken, via een vrije cursus van ongeveer een uur, het dagelijks leven van de boeren van de 197e eeuw. Dit troglodietencomplex ligt <strong>op minder dan 20 km van uw camping<\/strong>.<br><a href=\"https:\/\/www.ot-saumur.fr\/nl\/les-troglodytes\/\" target=\"_blank\" rel=\"noreferrer noopener\">Troglodytes<\/a><\/p>\n<\/div>\n<\/div>\n\n\r\n    <\/div>\r\n<\/section>\n\n<section id=\"ls-section-block_b4a54d3d43108828f9badfa32d13d981\" class=\"ls-section  page-two deco-gris has-p-b p-b-14\" >\r\n        <div class=\"container container--wide\">\r\n        \n\n<div class=\"wp-block-columns first is-layout-flex wp-container-core-columns-is-layout-9d6595d7 wp-block-columns-is-layout-flex\">\n<div class=\"wp-block-column is-vertically-aligned-center left is-layout-flow wp-block-column-is-layout-flow\">\n<h2 class=\"ls__heading wp-block-heading\">2 TROGLODIETEN SITES DIE U NIET MAG MISSEN!<\/h2>\n\n\n\n<p class=\"ls-paragraph\">11 km van Montreuil-Bellay, in Dou\u00e9-en-Anjou, is de troglodieten- en sarcofaagsite geclassificeerd als <strong>een historisch monument<\/strong> : deze ongewone plek, de voormalige sarcofagengroeve, is zeer compleet en ideaal om de vele toepassingen van troglodieten in Anjou gedurende 1500 jaar te ontdekken. Nog steeds in Dou\u00e9-en-Anjou, op een paar kilometer van de camping Nobis, kunt u in Troglos de la Sabli\u00e8re meer te weten komen over de exploitatie van falun en de roeping van toevlucht van de ondergrondse van de regio. Er is ook een grotwoning en een tentoonstelling van fossielen.<\/p>\n\n\n\n<p class=\"ls-paragraph addReadMore showlesscontent\"><strong>De Goupilli\u00e8res vallei<\/strong> ligt iets verder van Montreuil-Bellay: gelegen in Azay-le-Rideau op 1 uur rijden, kan het bijvoorbeeld na het kasteel bezocht worden. Het terrein van 2 hectare is ideaal voor een historische en landelijke familiewandeling. Je kunt vrij lopen tussen holbewonersboerderijen, stallen, waterputten, broodovens en silo&#8217;s die in de rots zijn gegraven. Een leuke cursus voor kinderen stelt hen in staat om de plaats in hun eigen tempo te bezoeken. De site omvat ook een middeleeuwse moestuin en boerderijdieren.<\/p>\n<\/div>\n\n\n\n<div class=\"wp-block-column is-vertically-aligned-center right is-layout-flow wp-block-column-is-layout-flow\">\n<figure class=\"wp-block-image size-large animated fadeInRight delay-100ms slow\"><a href=\"https:\/\/www.campinglesnobis.com\/wp-content\/uploads\/2023\/04\/IMG_6876bis-1600x1200_resultat.webp\"><img decoding=\"async\" width=\"1024\" height=\"683\" src=\"https:\/\/www.campinglesnobis.com\/wp-content\/uploads\/2023\/04\/IMG_6876bis-1600x1200_resultat-1024x683.webp\" alt=\"troglodiet habitat overblijfsel familiebezoek in de buurt van Saumur van campingparadijs Nobis anjou\" class=\"wp-image-10084\" srcset=\"https:\/\/www.campinglesnobis.com\/wp-content\/uploads\/2023\/04\/IMG_6876bis-1600x1200_resultat-1024x683.webp 1024w, https:\/\/www.campinglesnobis.com\/wp-content\/uploads\/2023\/04\/IMG_6876bis-1600x1200_resultat-300x200.webp 300w, https:\/\/www.campinglesnobis.com\/wp-content\/uploads\/2023\/04\/IMG_6876bis-1600x1200_resultat-768x512.webp 768w, https:\/\/www.campinglesnobis.com\/wp-content\/uploads\/2023\/04\/IMG_6876bis-1600x1200_resultat.webp 1441w\" sizes=\"(max-width: 1024px) 100vw, 1024px\" \/><\/a><\/figure>\n<\/div>\n<\/div>\n\n\n\n<div class=\"wp-block-columns second is-layout-flex wp-container-core-columns-is-layout-9d6595d7 wp-block-columns-is-layout-flex\">\n<div class=\"wp-block-column is-vertically-aligned-center left is-layout-flow wp-block-column-is-layout-flow\">\n<figure class=\"wp-block-image size-full animated fadeInLeft delay-200ms slow\"><a href=\"https:\/\/www.campinglesnobis.com\/wp-content\/uploads\/2023\/04\/Le_Mystere_des_Faluns-cMathieu_GENON-6623-AnjouTourisme_resultat-1.webp\"><img decoding=\"async\" width=\"800\" height=\"533\" src=\"https:\/\/www.campinglesnobis.com\/wp-content\/uploads\/2023\/04\/Le_Mystere_des_Faluns-cMathieu_GENON-6623-AnjouTourisme_resultat-1.webp\" alt=\"troglodietenkelder met projectie van video's op de muren bij Saumur van campingparadijs Nobis anjou\" class=\"wp-image-10090\" srcset=\"https:\/\/www.campinglesnobis.com\/wp-content\/uploads\/2023\/04\/Le_Mystere_des_Faluns-cMathieu_GENON-6623-AnjouTourisme_resultat-1.webp 800w, https:\/\/www.campinglesnobis.com\/wp-content\/uploads\/2023\/04\/Le_Mystere_des_Faluns-cMathieu_GENON-6623-AnjouTourisme_resultat-1-300x200.webp 300w, https:\/\/www.campinglesnobis.com\/wp-content\/uploads\/2023\/04\/Le_Mystere_des_Faluns-cMathieu_GENON-6623-AnjouTourisme_resultat-1-768x512.webp 768w\" sizes=\"(max-width: 800px) 100vw, 800px\" \/><\/a><\/figure>\n<\/div>\n\n\n\n<div class=\"wp-block-column is-vertically-aligned-center right is-layout-flow wp-block-column-is-layout-flow\">\n<h2 class=\"ls__heading wp-block-heading\">EEN ORIGINELE ONDERGRONDSE TROGLODIETENSITE<\/h2>\n\n\n\n<p class=\"ls-paragraph\"><strong>Pierre et Lumi\u00e8re<\/strong> is oorspronkelijk ondergronds gelegen in Saint-Hilaire-Saint-Florent, <strong>op 20 kilometer van Montreuil-Bellay<\/strong>. Park van miniaturen genesteld in de rots, Pierre-et-Lumi\u00e8re herbergt de sculpturen van twintig sites in de regio, dorpen of monumenten. Een eerbetoon aan de bouwer, de site wordt magisch gemaakt door een artistieke verlichting van de werken.<\/p>\n\n\n\n<p class=\"ls-paragraph addReadMore showlesscontent\">Troglodieten zijn een van de gezichten van Anjou en de Loire-vallei. Sommige van deze ongewone plaatsen zijn de thuisbasis van restaurants die de proeverij van lokale culinaire specialiteiten aanbieden: dicht bij uw  <strong>Camping Paradis Les Nobis<\/strong>, ontdek bijvoorbeeld de troglos van appels tap\u00e9es in Turquant, de kelders van Marson waar u fou\u00e9es kunt proeven, of Les Cath\u00e9drales de la Saulaie, een etablissement in een voormalige falun-steengroeve in Dou\u00e9-en-Anjou.<\/p>\n<\/div>\n<\/div>\n\n\n\n<figure class=\"wp-block-image size-full image-deco\"><img decoding=\"async\" width=\"200\" height=\"262\" src=\"https:\/\/www.campinglesnobis.com\/wp-content\/uploads\/2023\/03\/sac-a-dos-bckgroundicones.png\" alt=\"Rugzak Bckgroundicones\" class=\"wp-image-7928\"\/><\/figure>\n\n\n\n<p class=\"ls-paragraph has-text-align-center has-small-font-size\"><em>Fotocredits: Mathieu G\u00c9NON voor AnjouTourisme<\/em><\/p>\n\n\r\n    <\/div>\r\n<\/section>\n\n<section id=\"ls-section-block_996057ccd29e1619fdcca0ae3b70ee62\" class=\"ls-section  page-parallax has-background-image has-parallax\" >\r\n    <div class=\"ls-section__background-image opacity-100\"><img decoding=\"async\" src=\"https:\/\/www.campinglesnobis.com\/wp-content\/uploads\/2023\/04\/troglodytes-49-007_resultat-1.webp\" alt=\"cave troglodyte amenag\u00e9e proche de Saumur de du camping paradis Nobis anjou\"><\/div>    <div class=\"container \">\r\n        \n\n<p class=\"ls-paragraph\"><\/p>\n\n\r\n    <\/div>\r\n<\/section>\n\n<section id=\"ls-section-block_cb113590d5469d094119306ba89fb055\" class=\"ls-section  page-three\" >\r\n        <div class=\"container container--wide\">\r\n        \n\n<div class=\"wp-block-columns is-layout-flex wp-container-core-columns-is-layout-9d6595d7 wp-block-columns-is-layout-flex\">\n<div class=\"wp-block-column has-color-white-background-color has-background is-layout-flow wp-block-column-is-layout-flow\">\n<h2 class=\"ls__heading wp-block-heading has-text-align-center\">DE TROGLODIETENDORPEN VAN DE LOIRE-VALLEI<\/h2>\n\n\n\n<p class=\"ls-paragraph has-text-align-center\">Ontdek tijdens <a href=\"https:\/\/www.campinglesnobis.com\/nl\/\">uw verblijf op de camping in Saumur<\/a> de <strong>troglodietendorpen van de<\/strong> <a href=\"https:\/\/www.campinglesnobis.com\/nl\/kamperen-val-de-loire\/\">Loire-vallei<\/a>. Duizend kilometer aan ondergrondse galerijen maken Saumur de grootste troglodietenconcentratie van Frankrijk.<\/p>\n\n\n\n<p class=\"ls-paragraph has-text-align-center\">Een van de meest indrukwekkende zijn:<\/p>\n\n\n\n<p class=\"ls-paragraph has-text-align-center\"><strong>Het paddenstoelenmuseum<\/strong> in Saint-Hilaire-Saint-Florent laat je de ongelooflijke wereld van wilde en gekweekte paddenstoelen ontdekken.<br>Maar ook het kasteel van <strong>Br\u00e9z\u00e9<\/strong> : een kasteel onder een kasteel op 16 km van de camping, de troglodietensite DOU\u00c9-LA-FONTAINE op 12 km van uw vakantieoord, het meest complete en het meest ongewone, de site van de troglodietenkelders van Perri\u00e8res &#8230;<\/p>\n\n\n\n<p class=\"ls-paragraph has-text-align-center\">Als u op zoek bent naar een vakantiehuis in de buurt van de troglodietendorpen van het land Saumur, neem dan contact op met de camping *** <strong>* Les Nobis<\/strong> op <strong>02 41 52 33 66<\/strong> om de beschikbaarheid te kennen.<\/p>\n\n\n\n<figure class=\"wp-block-embed aligncenter is-type-video is-provider-youtube wp-block-embed-youtube wp-embed-aspect-16-9 wp-has-aspect-ratio\"><div class=\"wp-block-embed__wrapper\">\n<iframe title=\"Troglodytes et sarcophages - VERSION COMPL\u00c8TE\" width=\"500\" height=\"281\" src=\"https:\/\/www.youtube.com\/embed\/nMSEJMl9fyY?feature=oembed\" frameborder=\"0\" allow=\"accelerometer; autoplay; clipboard-write; encrypted-media; gyroscope; picture-in-picture; web-share\" referrerpolicy=\"strict-origin-when-cross-origin\" allowfullscreen><\/iframe>\n<\/div><\/figure>\n<\/div>\n<\/div>\n\n\r\n    <\/div>\r\n<\/section>\n\n<section id=\"ls-section-block_66d82db3dd773b8a80b63f50eed457c2\" class=\"ls-section  page-maillage has-p-t p-t-14 has-p-b p-b-14\" >\r\n        <div class=\"container container--wide\">\r\n        \n\n<div id=\"ls-heading ls-titre-div-block_50e1e8db23d0c465566bb200616d4e50\" class=\"ls-titre-div aligncenter h2-like\" >\n    Ontdek de Francette-fiets, de dierentuin van Dou\u00e9 en de kastelen van de Loire<\/div>\n\n\n<div id=\"ls-maillage-block_5c88e2440ba5c6af52c368e953ecceff\" class=\"ls-maillage cta-style-normal\" data-rows=\"3\">\r\n    <div class=\"wp-block-columns\"><div class=\"wp-block-column\">\n\n<a href=\"https:\/\/www.campinglesnobis.com\/nl\/de-velo-francette\/\" target=\"\" rel=\"noopener\" class=\"ls-cta__link\">\n\n\t<div class=\"ls-cta__image\"><img decoding=\"async\" src=\"https:\/\/www.campinglesnobis.com\/wp-content\/uploads\/2023\/03\/Velo_bords_de_Loire-cClo_et_Clem-AnjouTourisme-1920px_800_533-768x512.webp\" alt=\"Velo bords de Loire\"><\/div>\n\t<div class=\"ls-cta__title\">\n\t\t<span>Ontdekken<\/span> <\/br> Fiets Francette\t<\/div>\n\n\t\n<\/a>\n<\/div><div class=\"wp-block-column\">\n\n<a href=\"https:\/\/www.campinglesnobis.com\/nl\/camping-kastelen-van-de-loire\/\" target=\"\" rel=\"noopener\" class=\"ls-cta__link\">\n\n\t<div class=\"ls-cta__image\"><img decoding=\"async\" src=\"https:\/\/www.campinglesnobis.com\/wp-content\/uploads\/2023\/03\/chateau-cheverny-cc-commons-768x576.webp\" alt=\"chateau cheverny cc commons\"><\/div>\n\t<div class=\"ls-cta__title\">\n\t\t<span>Ontdek de<\/span> <\/br> Kastelen van de Loire\t<\/div>\n\n\t\n<\/a>\n<\/div><div class=\"wp-block-column\">\n\n<a href=\"https:\/\/www.campinglesnobis.com\/nl\/biopark-zoo-doue-la-fontaine\/\" target=\"\" rel=\"noopener\" class=\"ls-cta__link\">\n\n\t<div class=\"ls-cta__image\"><img decoding=\"async\" src=\"https:\/\/www.campinglesnobis.com\/wp-content\/uploads\/2023\/03\/061701916492-web-tete-768x432.jpeg\" alt=\"les girafes du zoo de boiti\u00e9\n\"><\/div>\n\t<div class=\"ls-cta__title\">\n\t\t<span>Ontdek de<\/span> <\/br> Zoo de Dou\u00e9\t<\/div>\n\n\t\n<\/a>\n<\/div><\/div><\/div>\n\r\n    <\/div>\r\n<\/section>","protected":false},"excerpt":{"rendered":"","protected":false},"author":1,"featured_media":13270,"parent":0,"menu_order":0,"comment_status":"closed","ping_status":"closed","template":"","meta":{"_acf_changed":false,"inline_featured_image":false,"footnotes":""},"sujet":[],"class_list":["post-11837","page","type-page","status-publish","has-post-thumbnail","hentry"],"acf":[],"yoast_head":"<!-- This site is optimized with the Yoast SEO plugin v25.3 - https:\/\/yoast.com\/wordpress\/plugins\/seo\/ -->\n<title>Troglodietendorpen in de buurt van Saumur - Must-see troglodietensites<\/title>\n<meta name=\"robots\" content=\"index, follow, max-snippet:-1, max-image-preview:large, max-video-preview:-1\" \/>\n<link rel=\"canonical\" href=\"https:\/\/www.campinglesnobis.com\/nl\/troglodietendorpen\/\" \/>\n<meta property=\"og:locale\" content=\"nl_NL\" \/>\n<meta property=\"og:type\" content=\"article\" \/>\n<meta property=\"og:title\" content=\"Troglodietendorpen in de buurt van Saumur - Must-see troglodietensites\" \/>\n<meta property=\"og:url\" content=\"https:\/\/www.campinglesnobis.com\/nl\/troglodietendorpen\/\" \/>\n<meta property=\"og:site_name\" content=\"Camping les Nobis d&#039;Anjou\" \/>\n<meta property=\"article:modified_time\" content=\"2024-07-02T08:35:34+00:00\" \/>\n<meta property=\"og:image\" content=\"https:\/\/www.campinglesnobis.com\/wp-content\/uploads\/2023\/05\/Le_Mystere_des_Faluns-cMathieu_GENON-6624-AnjouTourisme_resultat-1.webp\" \/>\n\t<meta property=\"og:image:width\" content=\"1800\" \/>\n\t<meta property=\"og:image:height\" content=\"1200\" \/>\n\t<meta property=\"og:image:type\" content=\"image\/webp\" \/>\n<meta name=\"twitter:card\" content=\"summary_large_image\" \/>\n<meta name=\"twitter:label1\" content=\"Geschatte leestijd\" \/>\n\t<meta name=\"twitter:data1\" content=\"5 minuten\" \/>\n<script type=\"application\/ld+json\" class=\"yoast-schema-graph\">{\"@context\":\"https:\/\/schema.org\",\"@graph\":[{\"@type\":\"WebPage\",\"@id\":\"https:\/\/www.campinglesnobis.com\/nl\/troglodietendorpen\/\",\"url\":\"https:\/\/www.campinglesnobis.com\/nl\/troglodietendorpen\/\",\"name\":\"Troglodietendorpen in de buurt van Saumur - Must-see troglodietensites\",\"isPartOf\":{\"@id\":\"https:\/\/www.campinglesnobis.com\/nl\/#website\"},\"primaryImageOfPage\":{\"@id\":\"https:\/\/www.campinglesnobis.com\/nl\/troglodietendorpen\/#primaryimage\"},\"image\":{\"@id\":\"https:\/\/www.campinglesnobis.com\/nl\/troglodietendorpen\/#primaryimage\"},\"thumbnailUrl\":\"https:\/\/www.campinglesnobis.com\/wp-content\/uploads\/2023\/05\/Le_Mystere_des_Faluns-cMathieu_GENON-6624-AnjouTourisme_resultat-1.webp\",\"datePublished\":\"2023-02-27T08:02:17+00:00\",\"dateModified\":\"2024-07-02T08:35:34+00:00\",\"breadcrumb\":{\"@id\":\"https:\/\/www.campinglesnobis.com\/nl\/troglodietendorpen\/#breadcrumb\"},\"inLanguage\":\"nl-NL\",\"potentialAction\":[{\"@type\":\"ReadAction\",\"target\":[\"https:\/\/www.campinglesnobis.com\/nl\/troglodietendorpen\/\"]}]},{\"@type\":\"ImageObject\",\"inLanguage\":\"nl-NL\",\"@id\":\"https:\/\/www.campinglesnobis.com\/nl\/troglodietendorpen\/#primaryimage\",\"url\":\"https:\/\/www.campinglesnobis.com\/wp-content\/uploads\/2023\/05\/Le_Mystere_des_Faluns-cMathieu_GENON-6624-AnjouTourisme_resultat-1.webp\",\"contentUrl\":\"https:\/\/www.campinglesnobis.com\/wp-content\/uploads\/2023\/05\/Le_Mystere_des_Faluns-cMathieu_GENON-6624-AnjouTourisme_resultat-1.webp\",\"width\":1800,\"height\":1200,\"caption\":\"cave les mysteres de fallun en anjou\"},{\"@type\":\"BreadcrumbList\",\"@id\":\"https:\/\/www.campinglesnobis.com\/nl\/troglodietendorpen\/#breadcrumb\",\"itemListElement\":[{\"@type\":\"ListItem\",\"position\":1,\"name\":\"camping Saumur\",\"item\":\"https:\/\/www.campinglesnobis.com\/nl\/\"},{\"@type\":\"ListItem\",\"position\":2,\"name\":\"Grotdorpen\"}]},{\"@type\":\"WebSite\",\"@id\":\"https:\/\/www.campinglesnobis.com\/nl\/#website\",\"url\":\"https:\/\/www.campinglesnobis.com\/nl\/\",\"name\":\"Camping les Nobis d'Anjou\",\"description\":\"\",\"publisher\":{\"@id\":\"https:\/\/www.campinglesnobis.com\/nl\/#organization\"},\"alternateName\":\"Les Nobis d'Anjou\",\"potentialAction\":[{\"@type\":\"SearchAction\",\"target\":{\"@type\":\"EntryPoint\",\"urlTemplate\":\"https:\/\/www.campinglesnobis.com\/nl\/?s={search_term_string}\"},\"query-input\":{\"@type\":\"PropertyValueSpecification\",\"valueRequired\":true,\"valueName\":\"search_term_string\"}}],\"inLanguage\":\"nl-NL\"},{\"@type\":\"Organization\",\"@id\":\"https:\/\/www.campinglesnobis.com\/nl\/#organization\",\"name\":\"Camping les Nobis d'Anjou\",\"url\":\"https:\/\/www.campinglesnobis.com\/nl\/\",\"logo\":{\"@type\":\"ImageObject\",\"inLanguage\":\"nl-NL\",\"@id\":\"https:\/\/www.campinglesnobis.com\/nl\/#\/schema\/logo\/image\/\",\"url\":\"https:\/\/www.campinglesnobis.com\/wp-content\/uploads\/2023\/02\/logo-paradis-nobis.webp\",\"contentUrl\":\"https:\/\/www.campinglesnobis.com\/wp-content\/uploads\/2023\/02\/logo-paradis-nobis.webp\",\"width\":200,\"height\":200,\"caption\":\"Camping les Nobis d'Anjou\"},\"image\":{\"@id\":\"https:\/\/www.campinglesnobis.com\/nl\/#\/schema\/logo\/image\/\"}}]}<\/script>\n<!-- \/ Yoast SEO plugin. -->","yoast_head_json":{"title":"Troglodietendorpen in de buurt van Saumur - Must-see troglodietensites","robots":{"index":"index","follow":"follow","max-snippet":"max-snippet:-1","max-image-preview":"max-image-preview:large","max-video-preview":"max-video-preview:-1"},"canonical":"https:\/\/www.campinglesnobis.com\/nl\/troglodietendorpen\/","og_locale":"nl_NL","og_type":"article","og_title":"Troglodietendorpen in de buurt van Saumur - Must-see troglodietensites","og_url":"https:\/\/www.campinglesnobis.com\/nl\/troglodietendorpen\/","og_site_name":"Camping les Nobis d&#039;Anjou","article_modified_time":"2024-07-02T08:35:34+00:00","og_image":[{"width":1800,"height":1200,"url":"https:\/\/www.campinglesnobis.com\/wp-content\/uploads\/2023\/05\/Le_Mystere_des_Faluns-cMathieu_GENON-6624-AnjouTourisme_resultat-1.webp","type":"image\/webp"}],"twitter_card":"summary_large_image","twitter_misc":{"Geschatte leestijd":"5 minuten"},"schema":{"@context":"https:\/\/schema.org","@graph":[{"@type":"WebPage","@id":"https:\/\/www.campinglesnobis.com\/nl\/troglodietendorpen\/","url":"https:\/\/www.campinglesnobis.com\/nl\/troglodietendorpen\/","name":"Troglodietendorpen in de buurt van Saumur - Must-see troglodietensites","isPartOf":{"@id":"https:\/\/www.campinglesnobis.com\/nl\/#website"},"primaryImageOfPage":{"@id":"https:\/\/www.campinglesnobis.com\/nl\/troglodietendorpen\/#primaryimage"},"image":{"@id":"https:\/\/www.campinglesnobis.com\/nl\/troglodietendorpen\/#primaryimage"},"thumbnailUrl":"https:\/\/www.campinglesnobis.com\/wp-content\/uploads\/2023\/05\/Le_Mystere_des_Faluns-cMathieu_GENON-6624-AnjouTourisme_resultat-1.webp","datePublished":"2023-02-27T08:02:17+00:00","dateModified":"2024-07-02T08:35:34+00:00","breadcrumb":{"@id":"https:\/\/www.campinglesnobis.com\/nl\/troglodietendorpen\/#breadcrumb"},"inLanguage":"nl-NL","potentialAction":[{"@type":"ReadAction","target":["https:\/\/www.campinglesnobis.com\/nl\/troglodietendorpen\/"]}]},{"@type":"ImageObject","inLanguage":"nl-NL","@id":"https:\/\/www.campinglesnobis.com\/nl\/troglodietendorpen\/#primaryimage","url":"https:\/\/www.campinglesnobis.com\/wp-content\/uploads\/2023\/05\/Le_Mystere_des_Faluns-cMathieu_GENON-6624-AnjouTourisme_resultat-1.webp","contentUrl":"https:\/\/www.campinglesnobis.com\/wp-content\/uploads\/2023\/05\/Le_Mystere_des_Faluns-cMathieu_GENON-6624-AnjouTourisme_resultat-1.webp","width":1800,"height":1200,"caption":"cave les mysteres de fallun en anjou"},{"@type":"BreadcrumbList","@id":"https:\/\/www.campinglesnobis.com\/nl\/troglodietendorpen\/#breadcrumb","itemListElement":[{"@type":"ListItem","position":1,"name":"camping Saumur","item":"https:\/\/www.campinglesnobis.com\/nl\/"},{"@type":"ListItem","position":2,"name":"Grotdorpen"}]},{"@type":"WebSite","@id":"https:\/\/www.campinglesnobis.com\/nl\/#website","url":"https:\/\/www.campinglesnobis.com\/nl\/","name":"Camping les Nobis d'Anjou","description":"","publisher":{"@id":"https:\/\/www.campinglesnobis.com\/nl\/#organization"},"alternateName":"Les Nobis d'Anjou","potentialAction":[{"@type":"SearchAction","target":{"@type":"EntryPoint","urlTemplate":"https:\/\/www.campinglesnobis.com\/nl\/?s={search_term_string}"},"query-input":{"@type":"PropertyValueSpecification","valueRequired":true,"valueName":"search_term_string"}}],"inLanguage":"nl-NL"},{"@type":"Organization","@id":"https:\/\/www.campinglesnobis.com\/nl\/#organization","name":"Camping les Nobis d'Anjou","url":"https:\/\/www.campinglesnobis.com\/nl\/","logo":{"@type":"ImageObject","inLanguage":"nl-NL","@id":"https:\/\/www.campinglesnobis.com\/nl\/#\/schema\/logo\/image\/","url":"https:\/\/www.campinglesnobis.com\/wp-content\/uploads\/2023\/02\/logo-paradis-nobis.webp","contentUrl":"https:\/\/www.campinglesnobis.com\/wp-content\/uploads\/2023\/02\/logo-paradis-nobis.webp","width":200,"height":200,"caption":"Camping les Nobis d'Anjou"},"image":{"@id":"https:\/\/www.campinglesnobis.com\/nl\/#\/schema\/logo\/image\/"}}]}},"_links":{"self":[{"href":"https:\/\/www.campinglesnobis.com\/nl\/wp-json\/wp\/v2\/pages\/11837","targetHints":{"allow":["GET"]}}],"collection":[{"href":"https:\/\/www.campinglesnobis.com\/nl\/wp-json\/wp\/v2\/pages"}],"about":[{"href":"https:\/\/www.campinglesnobis.com\/nl\/wp-json\/wp\/v2\/types\/page"}],"author":[{"embeddable":true,"href":"https:\/\/www.campinglesnobis.com\/nl\/wp-json\/wp\/v2\/users\/1"}],"replies":[{"embeddable":true,"href":"https:\/\/www.campinglesnobis.com\/nl\/wp-json\/wp\/v2\/comments?post=11837"}],"version-history":[{"count":6,"href":"https:\/\/www.campinglesnobis.com\/nl\/wp-json\/wp\/v2\/pages\/11837\/revisions"}],"predecessor-version":[{"id":14551,"href":"https:\/\/www.campinglesnobis.com\/nl\/wp-json\/wp\/v2\/pages\/11837\/revisions\/14551"}],"wp:featuredmedia":[{"embeddable":true,"href":"https:\/\/www.campinglesnobis.com\/nl\/wp-json\/wp\/v2\/media\/13270"}],"wp:attachment":[{"href":"https:\/\/www.campinglesnobis.com\/nl\/wp-json\/wp\/v2\/media?parent=11837"}],"wp:term":[{"taxonomy":"sujet","embeddable":true,"href":"https:\/\/www.campinglesnobis.com\/nl\/wp-json\/wp\/v2\/sujet?post=11837"}],"curies":[{"name":"wp","href":"https:\/\/api.w.org\/{rel}","templated":true}]}}