{"id":11870,"date":"2023-02-20T11:46:47","date_gmt":"2023-02-20T10:46:47","guid":{"rendered":"https:\/\/www.campinglesnobis.com\/paren\/"},"modified":"2023-05-30T09:40:53","modified_gmt":"2023-05-30T07:40:53","slug":"camping-paren-saumur","status":"publish","type":"page","link":"https:\/\/www.campinglesnobis.com\/nl\/camping-paren-saumur\/","title":{"rendered":"Paren"},"content":{"rendered":"<section id=\"ls-section-block_1db715aed10d7be21c4614b59e254a97\" class=\"ls-section  page-chapeau has-p-b p-b-0\" >\r\n        <div class=\"container \">\r\n        \n\n<h1 class=\"ls__heading wp-block-heading has-text-align-center\">Betaalbare luxe huurwoningen voor een romantisch verblijf in de Loire-vallei<\/h1>\n\n\r\n    <\/div>\r\n<\/section>\n\n<section id=\"ls-section-block_aec6743fe8374c431e93aa41823c8e0c\" class=\"ls-section  page-one page-one-bis\" >\r\n        <div class=\"container container--wide\">\r\n        \n\n<div class=\"wp-block-columns is-layout-flex wp-container-core-columns-is-layout-9d6595d7 wp-block-columns-is-layout-flex\">\n<div class=\"wp-block-column is-layout-flow wp-block-column-is-layout-flow\" style=\"flex-basis:70%\">\n<figure class=\"wp-block-image size-large\"><a href=\"https:\/\/www.campinglesnobis.com\/wp-content\/uploads\/2023\/03\/voyagez-en-couple-au-camping-nobis-danjou.jpg\"><img decoding=\"async\" width=\"1024\" height=\"683\" src=\"https:\/\/www.campinglesnobis.com\/wp-content\/uploads\/2023\/03\/voyagez-en-couple-au-camping-nobis-danjou-1024x683.jpg\" alt=\"Reis met z'n twee\u00ebn naar camping Nobis Danjou\" class=\"wp-image-8374\" srcset=\"https:\/\/www.campinglesnobis.com\/wp-content\/uploads\/2023\/03\/voyagez-en-couple-au-camping-nobis-danjou-1024x683.jpg 1024w, https:\/\/www.campinglesnobis.com\/wp-content\/uploads\/2023\/03\/voyagez-en-couple-au-camping-nobis-danjou-300x200.jpg 300w, https:\/\/www.campinglesnobis.com\/wp-content\/uploads\/2023\/03\/voyagez-en-couple-au-camping-nobis-danjou-768x512.jpg 768w, https:\/\/www.campinglesnobis.com\/wp-content\/uploads\/2023\/03\/voyagez-en-couple-au-camping-nobis-danjou.jpg 1200w\" sizes=\"(max-width: 1024px) 100vw, 1024px\" \/><\/a><\/figure>\n<\/div>\n\n\n\n<div class=\"wp-block-column is-vertically-aligned-top is-layout-flow wp-block-column-is-layout-flow\" style=\"flex-basis:30%\">\n<p class=\"ls-paragraph\">Droomt u ervan om de<strong> kastelen van de Loire met z&#8217;n twee\u00ebn te bezoeken<\/strong> en te verblijven in een prestigieuze accommodatie met ingerichte keuken tegen de <a href=\"https:\/\/www.campinglesnobis.com\/nl\/camping-saumur-goedkope\/\">beste prijs<\/a> ? De <a href=\"https:\/\/www.campinglesnobis.com\/nl\/\">4-sterren paradijselijke camping Les Nobis d&#8217;Anjou in de buurt van Saumur<\/a> biedt speciale aanbiedingen voor een goedkoop verblijf voor twee in Maine-et-Loire.<\/p>\n\n\n\n<p class=\"ls-paragraph\">Wij bieden <strong>u een week verhuur in onze stacaravan Comfort<\/strong> (1 slaapkamer, 20m2) <strong>tegen de beste prijs!<\/strong> Zo kunt u genieten van de luxe en het comfort van <a href=\"https:\/\/www.campinglesnobis.com\/nl\/locatie-mobilhome-saumur\/\">een stacaravan<\/a> zonder overstuur te raken van uw portemonnee. Wilt u wat meer ruimte en toch uw vakantiebudget onder controle houden?<\/p>\n\n\n\n<p class=\"ls-paragraph addReadMore showlesscontent\">Kies voor de <strong>Confort stacaravan met 2 slaapkamers met overdekt terras<\/strong> en tv, die u nu kunt boeken!.<\/p>\n\n\n<div class=\"wp-block-image image-deco\">\n<figure class=\"alignright size-full\"><img decoding=\"async\" width=\"210\" height=\"200\" src=\"https:\/\/www.campinglesnobis.com\/wp-content\/uploads\/2023\/03\/Calque-7icones.png\" alt=\"7icon laag\" class=\"wp-image-7913\"\/><\/figure>\n<\/div><\/div>\n<\/div>\n\n\r\n    <\/div>\r\n<\/section>\n\n<section id=\"ls-section-block_65d17644e755cc217676628288318aea\" class=\"ls-section  page-two deco-gris has-p-b p-b-14\" >\r\n        <div class=\"container container--wide\">\r\n        \n\n<div class=\"wp-block-columns first is-layout-flex wp-container-core-columns-is-layout-9d6595d7 wp-block-columns-is-layout-flex\">\n<div class=\"wp-block-column is-vertically-aligned-center left is-layout-flow wp-block-column-is-layout-flow\">\n<h2 class=\"ls__heading wp-block-heading\">Een idyllische omgeving en premium diensten als duo<\/h2>\n\n\n\n<p class=\"ls-paragraph\">Op camping Les Nobis d&#8217;Anjou gaan onze diensten veel verder dan het eenvoudige verhuuraanbod. Voor de duur van uw<strong> verblijf als koppel in de Loire-vallei<\/strong>, heeft u gratis toegang tot het waterpark. U kunt samen ontspannen in het <a href=\"https:\/\/www.campinglesnobis.com\/nl\/camping-zwembad-saumur\/\">verwarmde binnenzwembad<\/a> na uw bezoeken, ontbijten op uw eigen terras of aan de bar, die elke dag geopend is. Het terras van de bar, gelegen in de buurt <strong>van de<\/strong> zwembaden, is ideaal voor een drankje overdag of in het donker.<\/p>\n\n\n\n<p class=\"ls-paragraph addReadMore showlesscontent\"><strong><a href=\"https:\/\/www.campinglesnobis.com\/nl\/hapjesbar-montreuil-bellay\/\">Ons restaurant<\/a> verwelkomt u ook voor lunch en diner<\/strong> om te genieten van specialiteiten uit de regio. Gelegen in een uitzonderlijke natuurlijke omgeving, in de buurt van <a href=\"https:\/\/www.campinglesnobis.com\/nl\/camping-rivieroever\/\">de rivier en winkels<\/a> , is ons etablissement ook bevorderlijk om hand in hand in vrede te wandelen om intieme momenten te delen door opnieuw contact te maken met de natuur.<\/p>\n<\/div>\n\n\n\n<div class=\"wp-block-column right is-layout-flow wp-block-column-is-layout-flow\">\n<figure class=\"wp-block-gallery has-nested-images columns-2 is-cropped wp-block-gallery-1 is-layout-flex wp-block-gallery-is-layout-flex\">\n<figure class=\"wp-block-image size-large\"><a href=\"https:\/\/www.campinglesnobis.com\/wp-content\/uploads\/2023\/03\/sejour-en-couple-camping-avec-piscine.webp\"><img decoding=\"async\" width=\"1024\" height=\"683\" data-id=\"8383\" src=\"https:\/\/www.campinglesnobis.com\/wp-content\/uploads\/2023\/03\/sejour-en-couple-camping-avec-piscine-1024x683.webp\" alt=\"Verblijf met z'n twee\u00ebn camping met zwembad\" class=\"wp-image-8383\" srcset=\"https:\/\/www.campinglesnobis.com\/wp-content\/uploads\/2023\/03\/sejour-en-couple-camping-avec-piscine-1024x683.webp 1024w, https:\/\/www.campinglesnobis.com\/wp-content\/uploads\/2023\/03\/sejour-en-couple-camping-avec-piscine-300x200.webp 300w, https:\/\/www.campinglesnobis.com\/wp-content\/uploads\/2023\/03\/sejour-en-couple-camping-avec-piscine-768x512.webp 768w, https:\/\/www.campinglesnobis.com\/wp-content\/uploads\/2023\/03\/sejour-en-couple-camping-avec-piscine.webp 1200w\" sizes=\"(max-width: 1024px) 100vw, 1024px\" \/><\/a><\/figure>\n<\/figure>\n<\/div>\n<\/div>\n\n\r\n    <\/div>\r\n<\/section>\n\n<section id=\"ls-section-block_59bcef5a7baa877a77e50a072a75139f\" class=\"ls-section  page-parallax has-background-image has-parallax\" >\r\n    <div class=\"ls-section__background-image opacity-100\"><img decoding=\"async\" src=\"https:\/\/www.campinglesnobis.com\/wp-content\/uploads\/2023\/05\/Abbaye_Royale_de_Fontevraud-cChristophe_MARTIN-6967-AnjouTourisme-1920px-copie-1.webp\" alt=\"Abbaye Royale de Fontevraud cChristophe MARTIN 6967 AnjouTourisme 1920px copie\"><\/div>    <div class=\"container \">\r\n        \n\n<p class=\"ls-paragraph\"><\/p>\n\n\r\n    <\/div>\r\n<\/section>\n\n<section id=\"ls-section-block_50371b757ebc25a2177861a4e726e6d0\" class=\"ls-section  page-three\" >\r\n        <div class=\"container container--wide\">\r\n        \n\n<div class=\"wp-block-columns is-layout-flex wp-container-core-columns-is-layout-9d6595d7 wp-block-columns-is-layout-flex\">\n<div class=\"wp-block-column has-color-white-background-color has-background is-layout-flow wp-block-column-is-layout-flow\">\n<h2 class=\"ls__heading wp-block-heading has-text-align-center\">Sightseeing voor twee<\/h2>\n\n\n\n<p class=\"ls-paragraph has-text-align-center\">Camping Les Nobis d&#8217;Anjou ligt op een <strong>bevoorrechte geografische locatie<\/strong>. Op minder dan 30 minuten met de auto kunt u verschillende kastelen van de Loire bezoeken (Saumur, Br\u00e9z\u00e9, Chinon, Uss\u00e9, Azay-le-Rideau, Langeais), de prachtige abdij van Fontevraud en andere opmerkelijke monumenten die geschiedenisliefhebbers en <strong>liefhebbers van lokaal erfgoed<\/strong> <strong>fascineren<\/strong>. De Loire-vallei is ook beroemd om zijn wijngaarden. Tijdens uw <strong>verblijf in de buurt<\/strong> van Saumur kunt u bezoeken aan kastelen en kelders combineren om de beroemde wijnen van de regio te proeven, zoals Cabernet d&#8217;Anjou, Saumur Champigny en Coteaux-du-Layon.<\/p>\n\n\n\n<p class=\"ls-paragraph has-text-align-center\">Profiteer van de uitzonderlijke ligging van de camping Saumur om de toeristische activiteiten in de omgeving te ontdekken:<\/p>\n\n\n\n<ul class=\"ls-list wp-block-list\">\n<li>De <a href=\"https:\/\/www.campinglesnobis.com\/nl\/campingvakantie-puy-du-fou\/\">Puy du Fou<\/a><\/li>\n\n\n\n<li>De <a href=\"https:\/\/www.campinglesnobis.com\/nl\/camping-futuroscoop\/\">Futuroscope<\/a><\/li>\n\n\n\n<li>De <a href=\"https:\/\/www.campinglesnobis.com\/nl\/biopark-zoo-doue-la-fontaine\/\">dierentuin van Dou\u00e9<\/a><\/li>\n\n\n\n<li><a href=\"https:\/\/www.campinglesnobis.com\/nl\/kamperen-centers-parcs\/\">Centrum Parc Bois aux Daims<\/a><\/li>\n\n\n\n<li>De <a href=\"https:\/\/www.campinglesnobis.com\/nl\/de-velo-francette\/\">V\u00e9lo Francette<\/a><\/li>\n\n\n\n<li>Het <a href=\"https:\/\/www.campinglesnobis.com\/nl\/het-zwarte-frame\/\">zwarte frame<\/a><\/li>\n\n\n\n<li><a href=\"https:\/\/www.campinglesnobis.com\/nl\/troglodietendorpen\/\">Troglodietendorpen<\/a><\/li>\n\n\n\n<li>De <a href=\"https:\/\/www.campinglesnobis.com\/nl\/camping-kastelen-van-de-loire\/\">kastelen van de Loire<\/a><\/li>\n\n\n\n<li>De <a href=\"https:\/\/www.campinglesnobis.com\/nl\/koninklijke-abdij-fontevraud\/\">abdij van Fontevraud<\/a><\/li>\n<\/ul>\n<\/div>\n<\/div>\n\n\r\n    <\/div>\r\n<\/section>\n\n<section id=\"ls-section-block_20e14562f51721367432930b20491bda\" class=\"ls-section  page-maillage has-p-t p-t-14 has-p-b p-b-14\" >\r\n        <div class=\"container container--wide\">\r\n        \n\n<div id=\"ls-heading ls-titre-div-block_66d3ba7e2cf4636dd3660f4b1a6eb6de\" class=\"ls-titre-div aligncenter h2-like\" >\n    Ontdek onze huuraccommodaties voor een verblijf met familie of vrienden!<\/div>\n\n\n<div id=\"ls-maillage-block_d0bd627075bbec8082b961616f3f9a94\" class=\"ls-maillage cta-style-normal\" data-rows=\"3\">\r\n    <div class=\"wp-block-columns\"><div class=\"wp-block-column\">\n\n<a href=\"https:\/\/www.campinglesnobis.com\/nl\/locatie-mobilhome-saumur\/\" target=\"\" rel=\"noopener\" class=\"ls-cta__link\">\n\n\t<div class=\"ls-cta__image\"><img decoding=\"async\" src=\"https:\/\/www.campinglesnobis.com\/wp-content\/uploads\/2023\/03\/Camping_Les_Nobis-cClo_et_Clem-AnjouTourisme-1920px-768x768.webp\" alt=\"Camping Les Nobis cClo et Clem AnjouTourisme px\"><\/div>\n\t<div class=\"ls-cta__title\">\n\t\t<span>Ontdekken<\/span> <\/br> Onze huuraccommodaties\t<\/div>\n\n\t\n<\/a>\n<\/div><div class=\"wp-block-column\">\n\n<a href=\"https:\/\/www.campinglesnobis.com\/nl\/familiecamping-saumur\/\" target=\"\" rel=\"noopener\" class=\"ls-cta__link\">\n\n\t<div class=\"ls-cta__image\"><img decoding=\"async\" src=\"https:\/\/www.campinglesnobis.com\/wp-content\/uploads\/2023\/03\/en-famille-3.jpg\" alt=\"famille heureuse qui joue dans l'herbe\"><\/div>\n\t<div class=\"ls-cta__title\">\n\t\tGezinnen  \t<\/div>\n\n\t\n<\/a>\n<\/div><div class=\"wp-block-column\">\n\n<a href=\"https:\/\/www.campinglesnobis.com\/nl\/ontvangst-groepen\/\" target=\"\" rel=\"noopener\" class=\"ls-cta__link\">\n\n\t<div class=\"ls-cta__image\"><img decoding=\"async\" src=\"https:\/\/www.campinglesnobis.com\/wp-content\/uploads\/2023\/03\/Services-des-nobis-danjou-7-768x512.webp\" alt=\"Services des nobis danjou \"><\/div>\n\t<div class=\"ls-cta__title\">\n\t\tMet vrienden\t<\/div>\n\n\t\n<\/a>\n<\/div><\/div><\/div>\n\r\n    <\/div>\r\n<\/section>","protected":false},"excerpt":{"rendered":"","protected":false},"author":1,"featured_media":13100,"parent":0,"menu_order":0,"comment_status":"closed","ping_status":"closed","template":"","meta":{"_acf_changed":false,"inline_featured_image":false,"footnotes":""},"sujet":[],"class_list":["post-11870","page","type-page","status-publish","has-post-thumbnail","hentry"],"acf":[],"yoast_head":"<!-- This site is optimized with the Yoast SEO plugin v25.3 - https:\/\/yoast.com\/wordpress\/plugins\/seo\/ -->\n<title>Camping voor koppels: romantisch verblijf in Pays de la Loire<\/title>\n<meta name=\"description\" content=\"Camping voor koppels in de buurt van Saumur: ontdek onze ideale camping voor gastvrije koppels op vakantie in Maine et Loire\" \/>\n<meta name=\"robots\" content=\"index, follow, max-snippet:-1, max-image-preview:large, max-video-preview:-1\" \/>\n<link rel=\"canonical\" href=\"https:\/\/www.campinglesnobis.com\/nl\/camping-paren-saumur\/\" \/>\n<meta property=\"og:locale\" content=\"nl_NL\" \/>\n<meta property=\"og:type\" content=\"article\" \/>\n<meta property=\"og:title\" content=\"Camping voor koppels: romantisch verblijf in Pays de la Loire\" \/>\n<meta property=\"og:description\" content=\"Camping voor koppels in de buurt van Saumur: ontdek onze ideale camping voor gastvrije koppels op vakantie in Maine et Loire\" \/>\n<meta property=\"og:url\" content=\"https:\/\/www.campinglesnobis.com\/nl\/camping-paren-saumur\/\" \/>\n<meta property=\"og:site_name\" content=\"Camping les Nobis d&#039;Anjou\" \/>\n<meta property=\"article:modified_time\" content=\"2023-05-30T07:40:53+00:00\" \/>\n<meta property=\"og:image\" content=\"https:\/\/www.campinglesnobis.com\/wp-content\/uploads\/2023\/03\/week-end-couple-camping-maine-et-loire.webp\" \/>\n\t<meta property=\"og:image:width\" content=\"1920\" \/>\n\t<meta property=\"og:image:height\" content=\"583\" \/>\n\t<meta property=\"og:image:type\" content=\"image\/webp\" \/>\n<meta name=\"twitter:card\" content=\"summary_large_image\" \/>\n<meta name=\"twitter:label1\" content=\"Geschatte leestijd\" \/>\n\t<meta name=\"twitter:data1\" content=\"3 minuten\" \/>\n<script type=\"application\/ld+json\" class=\"yoast-schema-graph\">{\"@context\":\"https:\/\/schema.org\",\"@graph\":[{\"@type\":\"WebPage\",\"@id\":\"https:\/\/www.campinglesnobis.com\/nl\/camping-paren-saumur\/\",\"url\":\"https:\/\/www.campinglesnobis.com\/nl\/camping-paren-saumur\/\",\"name\":\"Camping voor koppels: romantisch verblijf in Pays de la Loire\",\"isPartOf\":{\"@id\":\"https:\/\/www.campinglesnobis.com\/nl\/#website\"},\"primaryImageOfPage\":{\"@id\":\"https:\/\/www.campinglesnobis.com\/nl\/camping-paren-saumur\/#primaryimage\"},\"image\":{\"@id\":\"https:\/\/www.campinglesnobis.com\/nl\/camping-paren-saumur\/#primaryimage\"},\"thumbnailUrl\":\"https:\/\/www.campinglesnobis.com\/wp-content\/uploads\/2023\/05\/week-end-couple-camping-maine-et-loire-1.webp\",\"datePublished\":\"2023-02-20T10:46:47+00:00\",\"dateModified\":\"2023-05-30T07:40:53+00:00\",\"description\":\"Camping voor koppels in de buurt van Saumur: ontdek onze ideale camping voor gastvrije koppels op vakantie in Maine et Loire\",\"breadcrumb\":{\"@id\":\"https:\/\/www.campinglesnobis.com\/nl\/camping-paren-saumur\/#breadcrumb\"},\"inLanguage\":\"nl-NL\",\"potentialAction\":[{\"@type\":\"ReadAction\",\"target\":[\"https:\/\/www.campinglesnobis.com\/nl\/camping-paren-saumur\/\"]}]},{\"@type\":\"ImageObject\",\"inLanguage\":\"nl-NL\",\"@id\":\"https:\/\/www.campinglesnobis.com\/nl\/camping-paren-saumur\/#primaryimage\",\"url\":\"https:\/\/www.campinglesnobis.com\/wp-content\/uploads\/2023\/05\/week-end-couple-camping-maine-et-loire-1.webp\",\"contentUrl\":\"https:\/\/www.campinglesnobis.com\/wp-content\/uploads\/2023\/05\/week-end-couple-camping-maine-et-loire-1.webp\",\"width\":1920,\"height\":583,\"caption\":\"week end couple camping maine et loire\"},{\"@type\":\"BreadcrumbList\",\"@id\":\"https:\/\/www.campinglesnobis.com\/nl\/camping-paren-saumur\/#breadcrumb\",\"itemListElement\":[{\"@type\":\"ListItem\",\"position\":1,\"name\":\"camping Saumur\",\"item\":\"https:\/\/www.campinglesnobis.com\/nl\/\"},{\"@type\":\"ListItem\",\"position\":2,\"name\":\"Camping Saumur voor koppels\"}]},{\"@type\":\"WebSite\",\"@id\":\"https:\/\/www.campinglesnobis.com\/nl\/#website\",\"url\":\"https:\/\/www.campinglesnobis.com\/nl\/\",\"name\":\"Camping les Nobis d'Anjou\",\"description\":\"\",\"publisher\":{\"@id\":\"https:\/\/www.campinglesnobis.com\/nl\/#organization\"},\"alternateName\":\"Les Nobis d'Anjou\",\"potentialAction\":[{\"@type\":\"SearchAction\",\"target\":{\"@type\":\"EntryPoint\",\"urlTemplate\":\"https:\/\/www.campinglesnobis.com\/nl\/?s={search_term_string}\"},\"query-input\":{\"@type\":\"PropertyValueSpecification\",\"valueRequired\":true,\"valueName\":\"search_term_string\"}}],\"inLanguage\":\"nl-NL\"},{\"@type\":\"Organization\",\"@id\":\"https:\/\/www.campinglesnobis.com\/nl\/#organization\",\"name\":\"Camping les Nobis d'Anjou\",\"url\":\"https:\/\/www.campinglesnobis.com\/nl\/\",\"logo\":{\"@type\":\"ImageObject\",\"inLanguage\":\"nl-NL\",\"@id\":\"https:\/\/www.campinglesnobis.com\/nl\/#\/schema\/logo\/image\/\",\"url\":\"https:\/\/www.campinglesnobis.com\/wp-content\/uploads\/2023\/02\/logo-paradis-nobis.webp\",\"contentUrl\":\"https:\/\/www.campinglesnobis.com\/wp-content\/uploads\/2023\/02\/logo-paradis-nobis.webp\",\"width\":200,\"height\":200,\"caption\":\"Camping les Nobis d'Anjou\"},\"image\":{\"@id\":\"https:\/\/www.campinglesnobis.com\/nl\/#\/schema\/logo\/image\/\"}}]}<\/script>\n<!-- \/ Yoast SEO plugin. -->","yoast_head_json":{"title":"Camping voor koppels: romantisch verblijf in Pays de la Loire","description":"Camping voor koppels in de buurt van Saumur: ontdek onze ideale camping voor gastvrije koppels op vakantie in Maine et Loire","robots":{"index":"index","follow":"follow","max-snippet":"max-snippet:-1","max-image-preview":"max-image-preview:large","max-video-preview":"max-video-preview:-1"},"canonical":"https:\/\/www.campinglesnobis.com\/nl\/camping-paren-saumur\/","og_locale":"nl_NL","og_type":"article","og_title":"Camping voor koppels: romantisch verblijf in Pays de la Loire","og_description":"Camping voor koppels in de buurt van Saumur: ontdek onze ideale camping voor gastvrije koppels op vakantie in Maine et Loire","og_url":"https:\/\/www.campinglesnobis.com\/nl\/camping-paren-saumur\/","og_site_name":"Camping les Nobis d&#039;Anjou","article_modified_time":"2023-05-30T07:40:53+00:00","og_image":[{"width":1920,"height":583,"url":"https:\/\/www.campinglesnobis.com\/wp-content\/uploads\/2023\/03\/week-end-couple-camping-maine-et-loire.webp","type":"image\/webp"}],"twitter_card":"summary_large_image","twitter_misc":{"Geschatte leestijd":"3 minuten"},"schema":{"@context":"https:\/\/schema.org","@graph":[{"@type":"WebPage","@id":"https:\/\/www.campinglesnobis.com\/nl\/camping-paren-saumur\/","url":"https:\/\/www.campinglesnobis.com\/nl\/camping-paren-saumur\/","name":"Camping voor koppels: romantisch verblijf in Pays de la Loire","isPartOf":{"@id":"https:\/\/www.campinglesnobis.com\/nl\/#website"},"primaryImageOfPage":{"@id":"https:\/\/www.campinglesnobis.com\/nl\/camping-paren-saumur\/#primaryimage"},"image":{"@id":"https:\/\/www.campinglesnobis.com\/nl\/camping-paren-saumur\/#primaryimage"},"thumbnailUrl":"https:\/\/www.campinglesnobis.com\/wp-content\/uploads\/2023\/05\/week-end-couple-camping-maine-et-loire-1.webp","datePublished":"2023-02-20T10:46:47+00:00","dateModified":"2023-05-30T07:40:53+00:00","description":"Camping voor koppels in de buurt van Saumur: ontdek onze ideale camping voor gastvrije koppels op vakantie in Maine et Loire","breadcrumb":{"@id":"https:\/\/www.campinglesnobis.com\/nl\/camping-paren-saumur\/#breadcrumb"},"inLanguage":"nl-NL","potentialAction":[{"@type":"ReadAction","target":["https:\/\/www.campinglesnobis.com\/nl\/camping-paren-saumur\/"]}]},{"@type":"ImageObject","inLanguage":"nl-NL","@id":"https:\/\/www.campinglesnobis.com\/nl\/camping-paren-saumur\/#primaryimage","url":"https:\/\/www.campinglesnobis.com\/wp-content\/uploads\/2023\/05\/week-end-couple-camping-maine-et-loire-1.webp","contentUrl":"https:\/\/www.campinglesnobis.com\/wp-content\/uploads\/2023\/05\/week-end-couple-camping-maine-et-loire-1.webp","width":1920,"height":583,"caption":"week end couple camping maine et loire"},{"@type":"BreadcrumbList","@id":"https:\/\/www.campinglesnobis.com\/nl\/camping-paren-saumur\/#breadcrumb","itemListElement":[{"@type":"ListItem","position":1,"name":"camping Saumur","item":"https:\/\/www.campinglesnobis.com\/nl\/"},{"@type":"ListItem","position":2,"name":"Camping Saumur voor koppels"}]},{"@type":"WebSite","@id":"https:\/\/www.campinglesnobis.com\/nl\/#website","url":"https:\/\/www.campinglesnobis.com\/nl\/","name":"Camping les Nobis d'Anjou","description":"","publisher":{"@id":"https:\/\/www.campinglesnobis.com\/nl\/#organization"},"alternateName":"Les Nobis d'Anjou","potentialAction":[{"@type":"SearchAction","target":{"@type":"EntryPoint","urlTemplate":"https:\/\/www.campinglesnobis.com\/nl\/?s={search_term_string}"},"query-input":{"@type":"PropertyValueSpecification","valueRequired":true,"valueName":"search_term_string"}}],"inLanguage":"nl-NL"},{"@type":"Organization","@id":"https:\/\/www.campinglesnobis.com\/nl\/#organization","name":"Camping les Nobis d'Anjou","url":"https:\/\/www.campinglesnobis.com\/nl\/","logo":{"@type":"ImageObject","inLanguage":"nl-NL","@id":"https:\/\/www.campinglesnobis.com\/nl\/#\/schema\/logo\/image\/","url":"https:\/\/www.campinglesnobis.com\/wp-content\/uploads\/2023\/02\/logo-paradis-nobis.webp","contentUrl":"https:\/\/www.campinglesnobis.com\/wp-content\/uploads\/2023\/02\/logo-paradis-nobis.webp","width":200,"height":200,"caption":"Camping les Nobis d'Anjou"},"image":{"@id":"https:\/\/www.campinglesnobis.com\/nl\/#\/schema\/logo\/image\/"}}]}},"_links":{"self":[{"href":"https:\/\/www.campinglesnobis.com\/nl\/wp-json\/wp\/v2\/pages\/11870","targetHints":{"allow":["GET"]}}],"collection":[{"href":"https:\/\/www.campinglesnobis.com\/nl\/wp-json\/wp\/v2\/pages"}],"about":[{"href":"https:\/\/www.campinglesnobis.com\/nl\/wp-json\/wp\/v2\/types\/page"}],"author":[{"embeddable":true,"href":"https:\/\/www.campinglesnobis.com\/nl\/wp-json\/wp\/v2\/users\/1"}],"replies":[{"embeddable":true,"href":"https:\/\/www.campinglesnobis.com\/nl\/wp-json\/wp\/v2\/comments?post=11870"}],"version-history":[{"count":10,"href":"https:\/\/www.campinglesnobis.com\/nl\/wp-json\/wp\/v2\/pages\/11870\/revisions"}],"predecessor-version":[{"id":13076,"href":"https:\/\/www.campinglesnobis.com\/nl\/wp-json\/wp\/v2\/pages\/11870\/revisions\/13076"}],"wp:featuredmedia":[{"embeddable":true,"href":"https:\/\/www.campinglesnobis.com\/nl\/wp-json\/wp\/v2\/media\/13100"}],"wp:attachment":[{"href":"https:\/\/www.campinglesnobis.com\/nl\/wp-json\/wp\/v2\/media?parent=11870"}],"wp:term":[{"taxonomy":"sujet","embeddable":true,"href":"https:\/\/www.campinglesnobis.com\/nl\/wp-json\/wp\/v2\/sujet?post=11870"}],"curies":[{"name":"wp","href":"https:\/\/api.w.org\/{rel}","templated":true}]}}