{"id":11890,"date":"2023-02-20T11:47:46","date_gmt":"2023-02-20T10:47:46","guid":{"rendered":"https:\/\/www.campinglesnobis.com\/hengelsport\/"},"modified":"2024-12-19T09:23:12","modified_gmt":"2024-12-19T08:23:12","slug":"camping-vissen-maine-et-loire","status":"publish","type":"page","link":"https:\/\/www.campinglesnobis.com\/nl\/camping-vissen-maine-et-loire\/","title":{"rendered":"Hengelsport"},"content":{"rendered":"<section id=\"ls-section-block_39af148318261e07874be053a01f79ca\" class=\"ls-section  page-chapeau has-p-b p-b-0\" >\r\n        <div class=\"container \">\r\n        \n\n<h1 class=\"ls__heading wp-block-heading has-text-align-center\">Uw vakantie in Saumur op een camping met priv\u00e9 visstekken<\/h1>\n\n\r\n    <\/div>\r\n<\/section>\n\n<section id=\"ls-section-block_c9860dfd44e9f14f9968df90607dc66d\" class=\"ls-section  page-one page-one-bis\" >\r\n        <div class=\"container container--wide\">\r\n        \n\n<div class=\"wp-block-columns is-layout-flex wp-container-core-columns-is-layout-9d6595d7 wp-block-columns-is-layout-flex\">\n<div class=\"wp-block-column is-layout-flow wp-block-column-is-layout-flow\" style=\"flex-basis:70%\">\n<figure class=\"wp-block-image size-large\"><a href=\"https:\/\/www.campinglesnobis.com\/wp-content\/uploads\/2023\/05\/peche-dans-la-riviere-du-thouet.webp\"><img decoding=\"async\" width=\"1024\" height=\"683\" src=\"https:\/\/www.campinglesnobis.com\/wp-content\/uploads\/2023\/05\/peche-dans-la-riviere-du-thouet-1024x683.webp\" alt=\"peche dans la riviere du thouet\" class=\"wp-image-13031\" srcset=\"https:\/\/www.campinglesnobis.com\/wp-content\/uploads\/2023\/05\/peche-dans-la-riviere-du-thouet-1024x683.webp 1024w, https:\/\/www.campinglesnobis.com\/wp-content\/uploads\/2023\/05\/peche-dans-la-riviere-du-thouet-300x200.webp 300w, https:\/\/www.campinglesnobis.com\/wp-content\/uploads\/2023\/05\/peche-dans-la-riviere-du-thouet-768x512.webp 768w, https:\/\/www.campinglesnobis.com\/wp-content\/uploads\/2023\/05\/peche-dans-la-riviere-du-thouet.webp 1200w\" sizes=\"(max-width: 1024px) 100vw, 1024px\" \/><\/a><\/figure>\n<\/div>\n\n\n\n<div class=\"wp-block-column is-vertically-aligned-top is-layout-flow wp-block-column-is-layout-flow\" style=\"flex-basis:30%\">\n<p class=\"ls-paragraph\">Wat dacht je van een verblijf in de buitenlucht met de voeten in het water met het hele gezin? Onze camping ligt direct aan het water in een groene omgeving en biedt comfortabele <a href=\"https:\/\/www.campinglesnobis.com\/nl\/locatie-mobilhome-saumur\/\">stacaravans<\/a>, chalets en <a href=\"https:\/\/www.campinglesnobis.com\/nl\/locaties-tente-saumur\/\">staanplaatsen in Frankrijk<\/a>.<\/p>\n\n\n\n<p class=\"ls-paragraph\">Camping Les Nobis d&#8217;Anjou is een ideale bestemming in Saumur om te genieten van <strong>de geneugten van het riviervissen<\/strong> . De camping ligt namelijk op slechts 5 meter van de Thouet, een <strong>rivier vol vis<\/strong> in de regio Loire-Anjou-Touraine.  <\/p>\n\n\n\n<p class=\"ls-paragraph\">Amateur- of ervaren vissers kunnen alle vistechnieken oefenen tijdens hun <a href=\"https:\/\/www.campinglesnobis.com\/nl\/\">kampeervakantie in de buurt van Saumur in de Loire<\/a> !<\/p>\n\n\n<div class=\"wp-block-image image-deco\">\n<figure class=\"alignright size-full\"><img decoding=\"async\" width=\"350\" height=\"150\" src=\"https:\/\/www.campinglesnobis.com\/wp-content\/uploads\/2023\/03\/torcheicones-1.png\" alt=\"Fakkel 1 Zoekertjes\" class=\"wp-image-8223\" srcset=\"https:\/\/www.campinglesnobis.com\/wp-content\/uploads\/2023\/03\/torcheicones-1.png 350w, https:\/\/www.campinglesnobis.com\/wp-content\/uploads\/2023\/03\/torcheicones-1-300x129.png 300w\" sizes=\"(max-width: 350px) 100vw, 350px\" \/><\/figure>\n<\/div><\/div>\n<\/div>\n\n\r\n    <\/div>\r\n<\/section>\n\n<section id=\"ls-section-block_13de0e518c92b2f3138b80ab5536e907\" class=\"ls-section  page-two deco-gris has-p-b p-b-14\" >\r\n        <div class=\"container container--wide\">\r\n        \n\n<div class=\"wp-block-columns first is-layout-flex wp-container-core-columns-is-layout-9d6595d7 wp-block-columns-is-layout-flex\">\n<div class=\"wp-block-column is-vertically-aligned-center left is-layout-flow wp-block-column-is-layout-flow\">\n<h2 class=\"ls__heading wp-block-heading\">Een vakantie in het teken van vissen<\/h2>\n\n\n\n<p class=\"ls-paragraph\"><strong>De ideale camping om te vissen tijdens uw vakantie!<\/strong><\/p>\n\n\n\n<p class=\"ls-paragraph\">De camping heeft <strong>directe toegang tot de oevers van de Thouet<\/strong>. Dus, na het passeren van de poort (veiligheid voor kinderen), kunnen <strong>kampeerders-vissers<\/strong> hun visreis beginnen en aan het einde van hun lijn prachtige<strong> zwarte baars, snoek, karper, snoekbaars en anderen en witte vis haken<\/strong> &#8230;<\/p>\n\n\n\n<p class=\"ls-paragraph\">Vistechnieken beoefend in de Thouet rivier:<\/p>\n\n\n\n<p class=\"ls-paragraph\">Vanaf onze <a href=\"https:\/\/www.campinglesnobis.com\/nl\/camping-rivieroever\/\">camping aan het water<\/a> kunt u vissen in de rivier. Er gaat niets boven een telescopische hengel om over langere of kortere afstanden te vissen.<\/p>\n<\/div>\n\n\n\n<div class=\"wp-block-column is-vertically-aligned-center right is-layout-flow wp-block-column-is-layout-flow\">\n<figure class=\"wp-block-gallery has-nested-images columns-2 is-cropped wp-block-gallery-1 is-layout-flex wp-block-gallery-is-layout-flex\">\n<figure class=\"wp-block-image size-full animated fadeInRight delay-100ms slow\"><a href=\"https:\/\/www.campinglesnobis.com\/wp-content\/uploads\/2023\/03\/riviere-pour-pecher-amateurs-ou-pro.webp\"><img decoding=\"async\" width=\"900\" height=\"600\" data-id=\"8498\" src=\"https:\/\/www.campinglesnobis.com\/wp-content\/uploads\/2023\/03\/riviere-pour-pecher-amateurs-ou-pro.webp\" alt=\"Rivier voor amateur- of profvissen\" class=\"wp-image-8498\" srcset=\"https:\/\/www.campinglesnobis.com\/wp-content\/uploads\/2023\/03\/riviere-pour-pecher-amateurs-ou-pro.webp 900w, https:\/\/www.campinglesnobis.com\/wp-content\/uploads\/2023\/03\/riviere-pour-pecher-amateurs-ou-pro-300x200.webp 300w, https:\/\/www.campinglesnobis.com\/wp-content\/uploads\/2023\/03\/riviere-pour-pecher-amateurs-ou-pro-768x512.webp 768w\" sizes=\"(max-width: 900px) 100vw, 900px\" \/><\/a><\/figure>\n<\/figure>\n<\/div>\n<\/div>\n\n\n\n<div class=\"wp-block-columns second is-layout-flex wp-container-core-columns-is-layout-9d6595d7 wp-block-columns-is-layout-flex\">\n<div class=\"wp-block-column is-vertically-aligned-center left is-layout-flow wp-block-column-is-layout-flow\">\n<figure class=\"wp-block-gallery aligncenter has-nested-images columns-2 is-cropped wp-block-gallery-2 is-layout-flex wp-block-gallery-is-layout-flex\">\n<figure class=\"wp-block-image size-large animated fadeInLeft delay-200ms slow\"><a href=\"https:\/\/www.campinglesnobis.com\/wp-content\/uploads\/2023\/03\/riviere-peche-du-bar.webp\"><img decoding=\"async\" width=\"1024\" height=\"683\" data-id=\"8493\" src=\"https:\/\/www.campinglesnobis.com\/wp-content\/uploads\/2023\/03\/riviere-peche-du-bar-1024x683.webp\" alt=\"Riviervissen snoek\" class=\"wp-image-8493\" srcset=\"https:\/\/www.campinglesnobis.com\/wp-content\/uploads\/2023\/03\/riviere-peche-du-bar-1024x683.webp 1024w, https:\/\/www.campinglesnobis.com\/wp-content\/uploads\/2023\/03\/riviere-peche-du-bar-300x200.webp 300w, https:\/\/www.campinglesnobis.com\/wp-content\/uploads\/2023\/03\/riviere-peche-du-bar-768x512.webp 768w, https:\/\/www.campinglesnobis.com\/wp-content\/uploads\/2023\/03\/riviere-peche-du-bar.webp 1200w\" sizes=\"(max-width: 1024px) 100vw, 1024px\" \/><\/a><\/figure>\n<\/figure>\n<\/div>\n\n\n\n<div class=\"wp-block-column is-vertically-aligned-center right is-layout-flow wp-block-column-is-layout-flow\">\n<h2 class=\"ls__heading wp-block-heading\">Informatie over vissen in de rivier Le Thouet<\/h2>\n\n\n\n<p class=\"ls-paragraph\">De Thouet is een rivier in de Franse regio <strong>Pays<\/strong> <strong>de<\/strong> <strong>la<\/strong> <strong>Loire<\/strong>.<strong><\/strong><\/p>\n\n\n\n<p class=\"ls-paragraph\">Deze rivier stelt u in staat om alle soorten vissen te beoefenen en blijft een plek die gewild is bij liefhebbers.<\/p>\n\n\n\n<p class=\"ls-paragraph\">Welke vis kan worden gevangen in de Thouet-rivier? :<\/p>\n<\/div>\n<\/div>\n\n\r\n    <\/div>\r\n<\/section>\n\n<section id=\"ls-section-block_66f6030a7c7c0a3f144b141b08da3f5c\" class=\"ls-section  page-parallax has-background-image has-parallax\" >\r\n    <div class=\"ls-section__background-image opacity-100\"><img decoding=\"async\" src=\"https:\/\/www.campinglesnobis.com\/wp-content\/uploads\/2023\/05\/pecheurs-en-riviere-camping-nobis-d-anjou-1.webp\" alt=\"pecheurs en riviere camping nobis d anjou\"><\/div>    <div class=\"container \">\r\n        \n\n<p class=\"ls-paragraph\"><\/p>\n\n\r\n    <\/div>\r\n<\/section>\n\n<section id=\"ls-section-block_caf409d5bf13e74660c18f7bc5f2809b\" class=\"ls-section  page-three\" >\r\n        <div class=\"container container--wide\">\r\n        \n\n<div class=\"wp-block-columns is-layout-flex wp-container-core-columns-is-layout-9d6595d7 wp-block-columns-is-layout-flex\">\n<div class=\"wp-block-column has-color-white-background-color has-background is-layout-flow wp-block-column-is-layout-flow\">\n<h2 class=\"ls__heading wp-block-heading has-text-align-center\">Toegankelijk vissen in de rivier van de camping<\/h2>\n\n\n\n<p class=\"ls-paragraph has-text-align-center\"><strong>Diensten aangeboden door Camping Les Nobis d&#8217;anjou voor een verblijf gewijd aan vissen.<\/strong><\/p>\n\n\n\n<p class=\"ls-paragraph has-text-align-center\"><strong>Type publiek dat is toegestaan om te vissen op onze camping<\/strong><\/p>\n\n\n\n<p class=\"ls-paragraph has-text-align-center\">Vissen toegankelijk voor iedereen<\/p>\n\n\n\n<p class=\"ls-paragraph has-text-align-center\">Jeugd \/ Volwassenen \/ Families \/ Groepen<br><strong>Belangrijk<\/strong> : je moet in het bezit zijn van je visvergunning! (anders dagpas: 10 \u20ac) te koop in de stad.<\/p>\n<\/div>\n<\/div>\n\n\r\n    <\/div>\r\n<\/section>\n\n<section id=\"ls-section-block_8ad4023aaa38fff7b61fbb8536bc12ff\" class=\"ls-section  page-maillage has-p-t p-t-14 has-p-b p-b-14\" >\r\n        <div class=\"container container--wide\">\r\n        \n\n<div id=\"ls-heading ls-titre-div-block_916701cdf6b8f4b847145d1d56d22ad7\" class=\"ls-titre-div aligncenter h2-like\" >\n    Ontdek andere wateractiviteiten:<\/div>\n\n\n<div id=\"ls-maillage-block_013fc18e46a958e3dad0b22789170040\" class=\"ls-maillage cta-style-normal\" data-rows=\"3\">\r\n    <div class=\"wp-block-columns\"><div class=\"wp-block-column\">\n\n<a href=\"https:\/\/www.campinglesnobis.com\/nl\/kamperen-centers-parcs\/\" target=\"\" rel=\"noopener\" class=\"ls-cta__link\">\n\n\t<div class=\"ls-cta__image\"><img decoding=\"async\" src=\"https:\/\/www.campinglesnobis.com\/wp-content\/uploads\/2023\/04\/AAA_112672_169-768x339.webp\" alt=\"Moment detente sous l'eau au center parks \u00e0 c\u00f4t\u00e9 des nobis d'anjou\"><\/div>\n\t<div class=\"ls-cta__title\">\n\t\t<span>Ontdek de<\/span> <\/br> Center Parcs\t<\/div>\n\n\t\n<\/a>\n<\/div><div class=\"wp-block-column\">\n\n<a href=\"https:\/\/www.campinglesnobis.com\/nl\/camping-zwembad-saumur\/\" target=\"\" rel=\"noopener\" class=\"ls-cta__link\">\n\n\t<div class=\"ls-cta__image\"><img decoding=\"async\" src=\"https:\/\/www.campinglesnobis.com\/wp-content\/uploads\/2023\/03\/famille-masque-plongee-dans-une-piscine-768x512.webp\" alt=\"famille masque plongee dans une piscine\"><\/div>\n\t<div class=\"ls-cta__title\">\n\t\tHet zwembad\t<\/div>\n\n\t\n<\/a>\n<\/div><div class=\"wp-block-column\">\n\n<a href=\"https:\/\/www.campinglesnobis.com\/nl\/camping-rivieroever\/\" target=\"\" rel=\"noopener\" class=\"ls-cta__link\">\n\n\t<div class=\"ls-cta__image\"><img decoding=\"async\" src=\"https:\/\/www.campinglesnobis.com\/wp-content\/uploads\/2023\/06\/Projet_20230527_0027_resultat-768x512.webp\" alt=\"la rivi\u00e8re depuis les berges du camping les nobis d'anujou\"><\/div>\n\t<div class=\"ls-cta__title\">\n\t\tRiverside\t<\/div>\n\n\t\n<\/a>\n<\/div><\/div><\/div>\n\r\n    <\/div>\r\n<\/section>","protected":false},"excerpt":{"rendered":"","protected":false},"author":1,"featured_media":13151,"parent":0,"menu_order":0,"comment_status":"closed","ping_status":"closed","template":"","meta":{"_acf_changed":false,"inline_featured_image":false,"footnotes":""},"sujet":[],"class_list":["post-11890","page","type-page","status-publish","has-post-thumbnail","hentry"],"acf":[],"yoast_head":"<!-- This site is optimized with the Yoast SEO plugin v25.3 - https:\/\/yoast.com\/wordpress\/plugins\/seo\/ -->\n<title>Kamperen vissen in Frankrijk \u2013 Vissen in de prachtige natuur<\/title>\n<meta name=\"description\" content=\"Geniet van vissen op camping Nobis in Anjou in de Loire, Frankrijk. Beleef ontspanning en avontuur aan het water in een schilderachtige omgeving.\" \/>\n<meta name=\"robots\" content=\"index, follow, max-snippet:-1, max-image-preview:large, max-video-preview:-1\" \/>\n<link rel=\"canonical\" href=\"https:\/\/www.campinglesnobis.com\/nl\/camping-vissen-maine-et-loire\/\" \/>\n<meta property=\"og:locale\" content=\"nl_NL\" \/>\n<meta property=\"og:type\" content=\"article\" \/>\n<meta property=\"og:title\" content=\"Kamperen vissen in Frankrijk \u2013 Vissen in de prachtige natuur\" \/>\n<meta property=\"og:description\" content=\"Geniet van vissen op camping Nobis in Anjou in de Loire, Frankrijk. Beleef ontspanning en avontuur aan het water in een schilderachtige omgeving.\" \/>\n<meta property=\"og:url\" content=\"https:\/\/www.campinglesnobis.com\/nl\/camping-vissen-maine-et-loire\/\" \/>\n<meta property=\"og:site_name\" content=\"Camping les Nobis d&#039;Anjou\" \/>\n<meta property=\"article:modified_time\" content=\"2024-12-19T08:23:12+00:00\" \/>\n<meta property=\"og:image\" content=\"https:\/\/www.campinglesnobis.com\/wp-content\/uploads\/2023\/05\/peche-en-riviere-pour-toute-la-famille-1.webp\" \/>\n\t<meta property=\"og:image:width\" content=\"1920\" \/>\n\t<meta property=\"og:image:height\" content=\"634\" \/>\n\t<meta property=\"og:image:type\" content=\"image\/webp\" \/>\n<meta name=\"twitter:card\" content=\"summary_large_image\" \/>\n<meta name=\"twitter:label1\" content=\"Geschatte leestijd\" \/>\n\t<meta name=\"twitter:data1\" content=\"3 minuten\" \/>\n<script type=\"application\/ld+json\" class=\"yoast-schema-graph\">{\"@context\":\"https:\/\/schema.org\",\"@graph\":[{\"@type\":\"WebPage\",\"@id\":\"https:\/\/www.campinglesnobis.com\/nl\/camping-vissen-maine-et-loire\/\",\"url\":\"https:\/\/www.campinglesnobis.com\/nl\/camping-vissen-maine-et-loire\/\",\"name\":\"Kamperen vissen in Frankrijk \u2013 Vissen in de prachtige natuur\",\"isPartOf\":{\"@id\":\"https:\/\/www.campinglesnobis.com\/nl\/#website\"},\"primaryImageOfPage\":{\"@id\":\"https:\/\/www.campinglesnobis.com\/nl\/camping-vissen-maine-et-loire\/#primaryimage\"},\"image\":{\"@id\":\"https:\/\/www.campinglesnobis.com\/nl\/camping-vissen-maine-et-loire\/#primaryimage\"},\"thumbnailUrl\":\"https:\/\/www.campinglesnobis.com\/wp-content\/uploads\/2023\/05\/peche-en-riviere-pour-toute-la-famille-1.webp\",\"datePublished\":\"2023-02-20T10:47:46+00:00\",\"dateModified\":\"2024-12-19T08:23:12+00:00\",\"description\":\"Geniet van vissen op camping Nobis in Anjou in de Loire, Frankrijk. Beleef ontspanning en avontuur aan het water in een schilderachtige omgeving.\",\"breadcrumb\":{\"@id\":\"https:\/\/www.campinglesnobis.com\/nl\/camping-vissen-maine-et-loire\/#breadcrumb\"},\"inLanguage\":\"nl-NL\",\"potentialAction\":[{\"@type\":\"ReadAction\",\"target\":[\"https:\/\/www.campinglesnobis.com\/nl\/camping-vissen-maine-et-loire\/\"]}]},{\"@type\":\"ImageObject\",\"inLanguage\":\"nl-NL\",\"@id\":\"https:\/\/www.campinglesnobis.com\/nl\/camping-vissen-maine-et-loire\/#primaryimage\",\"url\":\"https:\/\/www.campinglesnobis.com\/wp-content\/uploads\/2023\/05\/peche-en-riviere-pour-toute-la-famille-1.webp\",\"contentUrl\":\"https:\/\/www.campinglesnobis.com\/wp-content\/uploads\/2023\/05\/peche-en-riviere-pour-toute-la-famille-1.webp\",\"width\":1920,\"height\":634,\"caption\":\"peche en riviere pour toute la famille\"},{\"@type\":\"BreadcrumbList\",\"@id\":\"https:\/\/www.campinglesnobis.com\/nl\/camping-vissen-maine-et-loire\/#breadcrumb\",\"itemListElement\":[{\"@type\":\"ListItem\",\"position\":1,\"name\":\"camping Saumur\",\"item\":\"https:\/\/www.campinglesnobis.com\/nl\/\"},{\"@type\":\"ListItem\",\"position\":2,\"name\":\"Camping voor vissers Loire\"}]},{\"@type\":\"WebSite\",\"@id\":\"https:\/\/www.campinglesnobis.com\/nl\/#website\",\"url\":\"https:\/\/www.campinglesnobis.com\/nl\/\",\"name\":\"Camping les Nobis d'Anjou\",\"description\":\"\",\"publisher\":{\"@id\":\"https:\/\/www.campinglesnobis.com\/nl\/#organization\"},\"alternateName\":\"Les Nobis d'Anjou\",\"potentialAction\":[{\"@type\":\"SearchAction\",\"target\":{\"@type\":\"EntryPoint\",\"urlTemplate\":\"https:\/\/www.campinglesnobis.com\/nl\/?s={search_term_string}\"},\"query-input\":{\"@type\":\"PropertyValueSpecification\",\"valueRequired\":true,\"valueName\":\"search_term_string\"}}],\"inLanguage\":\"nl-NL\"},{\"@type\":\"Organization\",\"@id\":\"https:\/\/www.campinglesnobis.com\/nl\/#organization\",\"name\":\"Camping les Nobis d'Anjou\",\"url\":\"https:\/\/www.campinglesnobis.com\/nl\/\",\"logo\":{\"@type\":\"ImageObject\",\"inLanguage\":\"nl-NL\",\"@id\":\"https:\/\/www.campinglesnobis.com\/nl\/#\/schema\/logo\/image\/\",\"url\":\"https:\/\/www.campinglesnobis.com\/wp-content\/uploads\/2023\/02\/logo-paradis-nobis.webp\",\"contentUrl\":\"https:\/\/www.campinglesnobis.com\/wp-content\/uploads\/2023\/02\/logo-paradis-nobis.webp\",\"width\":200,\"height\":200,\"caption\":\"Camping les Nobis d'Anjou\"},\"image\":{\"@id\":\"https:\/\/www.campinglesnobis.com\/nl\/#\/schema\/logo\/image\/\"}}]}<\/script>\n<!-- \/ Yoast SEO plugin. -->","yoast_head_json":{"title":"Kamperen vissen in Frankrijk \u2013 Vissen in de prachtige natuur","description":"Geniet van vissen op camping Nobis in Anjou in de Loire, Frankrijk. Beleef ontspanning en avontuur aan het water in een schilderachtige omgeving.","robots":{"index":"index","follow":"follow","max-snippet":"max-snippet:-1","max-image-preview":"max-image-preview:large","max-video-preview":"max-video-preview:-1"},"canonical":"https:\/\/www.campinglesnobis.com\/nl\/camping-vissen-maine-et-loire\/","og_locale":"nl_NL","og_type":"article","og_title":"Kamperen vissen in Frankrijk \u2013 Vissen in de prachtige natuur","og_description":"Geniet van vissen op camping Nobis in Anjou in de Loire, Frankrijk. Beleef ontspanning en avontuur aan het water in een schilderachtige omgeving.","og_url":"https:\/\/www.campinglesnobis.com\/nl\/camping-vissen-maine-et-loire\/","og_site_name":"Camping les Nobis d&#039;Anjou","article_modified_time":"2024-12-19T08:23:12+00:00","og_image":[{"width":1920,"height":634,"url":"https:\/\/www.campinglesnobis.com\/wp-content\/uploads\/2023\/05\/peche-en-riviere-pour-toute-la-famille-1.webp","type":"image\/webp"}],"twitter_card":"summary_large_image","twitter_misc":{"Geschatte leestijd":"3 minuten"},"schema":{"@context":"https:\/\/schema.org","@graph":[{"@type":"WebPage","@id":"https:\/\/www.campinglesnobis.com\/nl\/camping-vissen-maine-et-loire\/","url":"https:\/\/www.campinglesnobis.com\/nl\/camping-vissen-maine-et-loire\/","name":"Kamperen vissen in Frankrijk \u2013 Vissen in de prachtige natuur","isPartOf":{"@id":"https:\/\/www.campinglesnobis.com\/nl\/#website"},"primaryImageOfPage":{"@id":"https:\/\/www.campinglesnobis.com\/nl\/camping-vissen-maine-et-loire\/#primaryimage"},"image":{"@id":"https:\/\/www.campinglesnobis.com\/nl\/camping-vissen-maine-et-loire\/#primaryimage"},"thumbnailUrl":"https:\/\/www.campinglesnobis.com\/wp-content\/uploads\/2023\/05\/peche-en-riviere-pour-toute-la-famille-1.webp","datePublished":"2023-02-20T10:47:46+00:00","dateModified":"2024-12-19T08:23:12+00:00","description":"Geniet van vissen op camping Nobis in Anjou in de Loire, Frankrijk. Beleef ontspanning en avontuur aan het water in een schilderachtige omgeving.","breadcrumb":{"@id":"https:\/\/www.campinglesnobis.com\/nl\/camping-vissen-maine-et-loire\/#breadcrumb"},"inLanguage":"nl-NL","potentialAction":[{"@type":"ReadAction","target":["https:\/\/www.campinglesnobis.com\/nl\/camping-vissen-maine-et-loire\/"]}]},{"@type":"ImageObject","inLanguage":"nl-NL","@id":"https:\/\/www.campinglesnobis.com\/nl\/camping-vissen-maine-et-loire\/#primaryimage","url":"https:\/\/www.campinglesnobis.com\/wp-content\/uploads\/2023\/05\/peche-en-riviere-pour-toute-la-famille-1.webp","contentUrl":"https:\/\/www.campinglesnobis.com\/wp-content\/uploads\/2023\/05\/peche-en-riviere-pour-toute-la-famille-1.webp","width":1920,"height":634,"caption":"peche en riviere pour toute la famille"},{"@type":"BreadcrumbList","@id":"https:\/\/www.campinglesnobis.com\/nl\/camping-vissen-maine-et-loire\/#breadcrumb","itemListElement":[{"@type":"ListItem","position":1,"name":"camping Saumur","item":"https:\/\/www.campinglesnobis.com\/nl\/"},{"@type":"ListItem","position":2,"name":"Camping voor vissers Loire"}]},{"@type":"WebSite","@id":"https:\/\/www.campinglesnobis.com\/nl\/#website","url":"https:\/\/www.campinglesnobis.com\/nl\/","name":"Camping les Nobis d'Anjou","description":"","publisher":{"@id":"https:\/\/www.campinglesnobis.com\/nl\/#organization"},"alternateName":"Les Nobis d'Anjou","potentialAction":[{"@type":"SearchAction","target":{"@type":"EntryPoint","urlTemplate":"https:\/\/www.campinglesnobis.com\/nl\/?s={search_term_string}"},"query-input":{"@type":"PropertyValueSpecification","valueRequired":true,"valueName":"search_term_string"}}],"inLanguage":"nl-NL"},{"@type":"Organization","@id":"https:\/\/www.campinglesnobis.com\/nl\/#organization","name":"Camping les Nobis d'Anjou","url":"https:\/\/www.campinglesnobis.com\/nl\/","logo":{"@type":"ImageObject","inLanguage":"nl-NL","@id":"https:\/\/www.campinglesnobis.com\/nl\/#\/schema\/logo\/image\/","url":"https:\/\/www.campinglesnobis.com\/wp-content\/uploads\/2023\/02\/logo-paradis-nobis.webp","contentUrl":"https:\/\/www.campinglesnobis.com\/wp-content\/uploads\/2023\/02\/logo-paradis-nobis.webp","width":200,"height":200,"caption":"Camping les Nobis d'Anjou"},"image":{"@id":"https:\/\/www.campinglesnobis.com\/nl\/#\/schema\/logo\/image\/"}}]}},"_links":{"self":[{"href":"https:\/\/www.campinglesnobis.com\/nl\/wp-json\/wp\/v2\/pages\/11890","targetHints":{"allow":["GET"]}}],"collection":[{"href":"https:\/\/www.campinglesnobis.com\/nl\/wp-json\/wp\/v2\/pages"}],"about":[{"href":"https:\/\/www.campinglesnobis.com\/nl\/wp-json\/wp\/v2\/types\/page"}],"author":[{"embeddable":true,"href":"https:\/\/www.campinglesnobis.com\/nl\/wp-json\/wp\/v2\/users\/1"}],"replies":[{"embeddable":true,"href":"https:\/\/www.campinglesnobis.com\/nl\/wp-json\/wp\/v2\/comments?post=11890"}],"version-history":[{"count":12,"href":"https:\/\/www.campinglesnobis.com\/nl\/wp-json\/wp\/v2\/pages\/11890\/revisions"}],"predecessor-version":[{"id":15384,"href":"https:\/\/www.campinglesnobis.com\/nl\/wp-json\/wp\/v2\/pages\/11890\/revisions\/15384"}],"wp:featuredmedia":[{"embeddable":true,"href":"https:\/\/www.campinglesnobis.com\/nl\/wp-json\/wp\/v2\/media\/13151"}],"wp:attachment":[{"href":"https:\/\/www.campinglesnobis.com\/nl\/wp-json\/wp\/v2\/media?parent=11890"}],"wp:term":[{"taxonomy":"sujet","embeddable":true,"href":"https:\/\/www.campinglesnobis.com\/nl\/wp-json\/wp\/v2\/sujet?post=11890"}],"curies":[{"name":"wp","href":"https:\/\/api.w.org\/{rel}","templated":true}]}}