{"id":12848,"date":"2023-05-23T16:41:24","date_gmt":"2023-05-23T14:41:24","guid":{"rendered":"https:\/\/www.campinglesnobis.com\/camping-zoo-doue-la-fontaine\/"},"modified":"2023-05-24T09:52:36","modified_gmt":"2023-05-24T07:52:36","slug":"camping-zoo-doue-la-fontaine","status":"publish","type":"page","link":"https:\/\/www.campinglesnobis.com\/nl\/camping-zoo-doue-la-fontaine\/","title":{"rendered":"Camping Dierentuin van Doue la fontaine"},"content":{"rendered":"<section id=\"ls-section-block_b061fda71dee4ff16470ba373cd00b0c\" class=\"ls-section  page-chapeau has-p-b p-b-0\" >\r\n        <div class=\"container \">\r\n        \n\n<h1 class=\"ls__heading wp-block-heading has-text-align-center\">Verblijf op een camping in de buurt van Dou\u00e9 la Fontaine Zoo <\/h1>\n\n\r\n    <\/div>\r\n<\/section><section id=\"ls-section-block_35ecf6ec9bd5f8ebc28afb36171524ed\" class=\"ls-section  page-one\" >\r\n        <div class=\"container container--wide\">\r\n        \n\n<div class=\"wp-block-columns is-layout-flex wp-container-core-columns-is-layout-9d6595d7 wp-block-columns-is-layout-flex\">\n<div class=\"wp-block-column is-layout-flow wp-block-column-is-layout-flow\" style=\"flex-basis:70%\">\n<figure class=\"wp-block-image size-large animated fadeIn slow deco-eco blanc right\"><img decoding=\"async\" src=\"https:\/\/www.campinglesnobis.com\/wp-content\/uploads\/2023\/05\/11-Grande-voliere-&#xA9;-Bioparc-P.-Chabot_resultat-1024x683.webp\" alt=\"troep roze flamingo's in de grote voli&#xE8;re van de dierentuin van doue la fontaine bij nobis d'anjou\" class=\"wp-image-12801\" title=\"pagina-&#xE9;&#xE9;n\"\/><\/figure>\n<\/div>\n\n\n\n<div class=\"wp-block-column is-vertically-aligned-center is-layout-flow wp-block-column-is-layout-flow\" style=\"flex-basis:30%\">\n<p class=\"ls-paragraph\">Als u op zoek bent naar <strong>een 4-sterren camping in het Loiredal<\/strong>, zoek dan niet verder dan onze <a href=\"https:\/\/www.campinglesnobis.com\/nl\/kamperen-val-de-loire\/\">camping in het Loiredal.<\/a> Gelegen aan de oever van de rivier biedt deze camping een prachtig uitzicht en tal van activiteiten om u te vermaken. Of u nu op zoek bent naar ontspanning of verkenning, <strong>kamperen in Zoo de Dou\u00e9 la Fontaine<\/strong> is de perfecte plek voor uw volgende kampeertrip!<\/p>\n<\/div>\n<\/div>\n\n\r\n    <\/div>\r\n<\/section><section id=\"ls-section-block_fb66f2d093f0ea51ea042537e431fce2\" class=\"ls-section  page-two deco-gris has-p-b p-b-14\" >\r\n        <div class=\"container container--wide\">\r\n        \n\n<div class=\"wp-block-columns first is-layout-flex wp-container-core-columns-is-layout-9d6595d7 wp-block-columns-is-layout-flex\">\n<div class=\"wp-block-column is-vertically-aligned-center left is-layout-flow wp-block-column-is-layout-flow\">\n<h2 class=\"ls__heading wp-block-heading\">Geniet van een camping in de buurt van de dierentuin van Dou\u00e9 la Fontaine<\/h2>\n\n\n\n<p class=\"ls-paragraph\">De <strong>camping, gelegen nabij de<\/strong> <a href=\"https:\/\/www.campinglesnobis.com\/nl\/biopark-zoo-doue-la-fontaine\/\"><strong>dierentuin van Dou\u00e9 la Fontaine<\/strong><\/a>, biedt kampeerders vele voordelen. De dierentuin is een ideale plek om te leren over dieren en hun ecologie, en biedt ook de mogelijkheid om zeldzame en <strong>exotische dieren van dichtbij te zien.<\/strong> Het is het thuis van een grote verscheidenheid aan dieren, waaronder leeuwen, tijgers, giraffen, neushoorns en olifanten. In het <strong>Biopark<\/strong> zijn ook kangoeroes, flamingo&#8217;s en gorilla&#8217;s te zien, waardoor het een favoriete speelplaats voor kinderen is. <\/p>\n\n\n\n<p class=\"ls-paragraph\">Naast de <strong>dierententoonstellingen<\/strong> zijn er een aantal <strong>educatieve programma&#8217;s,<\/strong> perfect voor kampeerders van alle leeftijden. Deze programma&#8217;s omvatten rondleidingen, workshops en presentaties waarmee bezoekers meer te weten kunnen komen over de ecologie en het gedrag van verschillende dieren. Alle informatie is te vinden op de website: <a href=\"https:\/\/www.bioparc-zoo.fr\/\" target=\"_blank\" rel=\"noreferrer noopener\">https:\/\/www.bioparc-zoo.fr\/<\/a>  <\/p>\n\n\n\n<p class=\"ls-paragraph\">Het is een geweldige plek om even uit de campingroutine te stappen en iets nieuws te ontdekken.<\/p>\n<\/div>\n\n\n\n<div class=\"wp-block-column is-vertically-aligned-center right is-layout-flow wp-block-column-is-layout-flow\">\n<figure class=\"wp-block-image size-large animated fadeInRight delay-100ms slow\"><a href=\"https:\/\/www.campinglesnobis.com\/wp-content\/uploads\/2023\/05\/Bioparc-cChristophe_MARTIN-6907-AnjouTourisme_resultat.webp\"><img decoding=\"async\" width=\"1024\" height=\"683\" src=\"https:\/\/www.campinglesnobis.com\/wp-content\/uploads\/2023\/05\/Bioparc-cChristophe_MARTIN-6907-AnjouTourisme_resultat-1024x683.webp\" alt=\"kind en moeder wisselen het voeren van een giraffe uit in de dierentuin van doue bij nobis d'anjou\" class=\"wp-image-12813\" srcset=\"https:\/\/www.campinglesnobis.com\/wp-content\/uploads\/2023\/05\/Bioparc-cChristophe_MARTIN-6907-AnjouTourisme_resultat-1024x683.webp 1024w, https:\/\/www.campinglesnobis.com\/wp-content\/uploads\/2023\/05\/Bioparc-cChristophe_MARTIN-6907-AnjouTourisme_resultat-300x200.webp 300w, https:\/\/www.campinglesnobis.com\/wp-content\/uploads\/2023\/05\/Bioparc-cChristophe_MARTIN-6907-AnjouTourisme_resultat-768x512.webp 768w, https:\/\/www.campinglesnobis.com\/wp-content\/uploads\/2023\/05\/Bioparc-cChristophe_MARTIN-6907-AnjouTourisme_resultat-1536x1024.webp 1536w, https:\/\/www.campinglesnobis.com\/wp-content\/uploads\/2023\/05\/Bioparc-cChristophe_MARTIN-6907-AnjouTourisme_resultat.webp 1800w\" sizes=\"(max-width: 1024px) 100vw, 1024px\" \/><\/a><\/figure>\n<\/div>\n<\/div>\n\n\n\n<div class=\"wp-block-columns second is-layout-flex wp-container-core-columns-is-layout-9d6595d7 wp-block-columns-is-layout-flex\">\n<div class=\"wp-block-column is-vertically-aligned-center left is-layout-flow wp-block-column-is-layout-flow\">\n<figure class=\"wp-block-image size-large animated fadeInLeft delay-200ms slow\"><a href=\"https:\/\/www.campinglesnobis.com\/wp-content\/uploads\/2023\/05\/bioparc-parc-zoologique-hutte-observation_resultat.webp\"><img decoding=\"async\" width=\"1024\" height=\"683\" src=\"https:\/\/www.campinglesnobis.com\/wp-content\/uploads\/2023\/05\/bioparc-parc-zoologique-hutte-observation_resultat-1024x683.webp\" alt=\"biopark zo&#xF6;logisch park hut observatie resultaat\" class=\"wp-image-12818\" srcset=\"https:\/\/www.campinglesnobis.com\/wp-content\/uploads\/2023\/05\/bioparc-parc-zoologique-hutte-observation_resultat-1024x683.webp 1024w, https:\/\/www.campinglesnobis.com\/wp-content\/uploads\/2023\/05\/bioparc-parc-zoologique-hutte-observation_resultat-300x200.webp 300w, https:\/\/www.campinglesnobis.com\/wp-content\/uploads\/2023\/05\/bioparc-parc-zoologique-hutte-observation_resultat-768x512.webp 768w, https:\/\/www.campinglesnobis.com\/wp-content\/uploads\/2023\/05\/bioparc-parc-zoologique-hutte-observation_resultat-1536x1024.webp 1536w, https:\/\/www.campinglesnobis.com\/wp-content\/uploads\/2023\/05\/bioparc-parc-zoologique-hutte-observation_resultat.webp 1800w\" sizes=\"(max-width: 1024px) 100vw, 1024px\" \/><\/a><\/figure>\n<\/div>\n\n\n\n<div class=\"wp-block-column is-vertically-aligned-center right is-layout-flow wp-block-column-is-layout-flow\">\n<h2 class=\"ls__heading wp-block-heading\">Kies de staanplaats of stacaravan die bij uw behoeften past<\/h2>\n\n\n\n<p class=\"ls-paragraph\">Op onze <strong>camping in Dou\u00e9 la Fontaine<\/strong> kunt u kiezen tussen het <a href=\"https:\/\/www.campinglesnobis.com\/nl\/locatie-mobilhome-saumur\/\"><strong>huren van een stacaravan<\/strong><\/a> of een <strong>staanplaats<\/strong>, <a href=\"https:\/\/www.campinglesnobis.com\/nl\/locaties-tente-saumur\/\"><strong>afhankelijk<\/strong><\/a> van <strong>het<\/strong> aantal personen, nachten of kamers die u nodig heeft.<\/p>\n\n\n\n<p class=\"ls-paragraph\">De stacaravans en bungalows zijn beschikbaar in 3 reeksen: premium, comfort en grand comfort en bieden plaats aan 2 tot 7 personen. Deze <strong>zorgvuldig geselecteerde kampeeraccommodatie<\/strong>s bieden comfort, moderniteit en functionaliteit. <\/p>\n\n\n\n<p class=\"ls-paragraph addReadMore showlesscontent\">Of u nu reist met uw gezin met jonge kinderen, als koppel of met vrienden, wij hebben de perfecte huuraccommodatie voor uw groep. Onze accommodaties zijn uitgerust met 1 tot 3 slaapkamers, een mooie woonkamer met wifi en een volledig uitgeruste keuken, en niet te vergeten het terras waar u kunt ontspannen na het verkennen van alles wat het Bioparc van Dou\u00e9 la Fontaine te bieden heeft!<br\/><br\/>Wie liever <strong>klassiek kampeert<\/strong>, kan een van de 69 beschikbare <strong>plaatsen<\/strong> reserveren en zijn tent, caravan, bestelwagen of camper opzetten! Aan de <strong>rivieroever<\/strong> zijn de ruimtes goed afgebakend in een natuurlijke omgeving.<\/p>\n<\/div>\n<\/div>\n\n\n\n<figure class=\"wp-block-image size-full image-deco\"><img decoding=\"async\" width=\"200\" height=\"110\" src=\"https:\/\/www.campinglesnobis.com\/wp-content\/uploads\/2023\/03\/Jumelle-locationicones.png\" alt=\"Verrekijker locatieicones\" class=\"wp-image-8052\"\/><\/figure>\n\n\r\n    <\/div>\r\n<\/section><section id=\"ls-section-block_275a95226892ab2618618fc2018e259e\" class=\"ls-section  page-parallax has-background-image has-parallax\" >\r\n    <div class=\"ls-section__background-image opacity-100\"><img decoding=\"async\" src=\"https:\/\/www.campinglesnobis.com\/wp-content\/uploads\/2023\/05\/10-Ours-a-lunettes-\u00a9-Bioparc-S.Gaudard.webp\" alt=\"\"><\/div>    <div class=\"container \">\r\n        \n\n<p class=\"ls-paragraph\"><\/p>\n\n\r\n    <\/div>\r\n<\/section><section id=\"ls-section-block_95aab280c376189504e4aecb61c79ad9\" class=\"ls-section  page-three\" >\r\n        <div class=\"container container--wide\">\r\n        \n\n<div class=\"wp-block-columns is-layout-flex wp-container-core-columns-is-layout-9d6595d7 wp-block-columns-is-layout-flex\">\n<div class=\"wp-block-column has-color-white-background-color has-background is-layout-flow wp-block-column-is-layout-flow\">\n<h2 class=\"ls__heading wp-block-heading has-text-align-center\">Afkoelen in het zwembad van de camping of bij de rivier<\/h2>\n\n\n\n<p class=\"ls-paragraph has-text-align-center\">Er is veel te doen op onze camping bij de <strong>dierentuin van Dou\u00e9 la Fontaine!<\/strong> Naast de diensten en voorzieningen met sterrenstatus biedt de camping verschillende recreatiegebieden om u uit te leven of te ontspannen met uw gezin. <\/p>\n\n\n\n<p class=\"ls-paragraph has-text-align-center addReadMore showlesscontent\">Er is een verwarmd <a href=\"https:\/\/www.campinglesnobis.com\/nl\/camping-zwembad-saumur\/\"><strong>en overdekt zwembad<\/strong><\/a>, waar u bij elk weertype kunt zwemmen. Il y a \u00e9galement de nombreuses chaises longues pour se d\u00e9tendre au bord de la piscine, et un bar de piscine pour prendre des rafra\u00eechissements. Voor de <strong>kleintjes is er een ondiep<\/strong> peuterbad waar ze veilig kunnen spelen. Wat uw leeftijd of zwemvaardigheid ook is, in het zwembad <strong>van camping Dou\u00e9 la Fontaine Zoo komt iedereen aan zijn trekken<\/strong>!<br\/><br\/>Camping Les Nobis biedt vele activiteiten aan in de buurt van de rivier. U kunt vissen, zwemmen, kano\u00ebn en nog veel meer om van het frisse water te genieten. Als u liever bij de rivier ontspant, <a href=\"https:\/\/www.campinglesnobis.com\/nl\/camping-rivieroever\/\"><strong>is er ook een ligweide<\/strong><\/a> waar u kunt zonnen en genieten van de vredige omgeving.<\/p>\n<\/div>\n<\/div>\n\n\r\n    <\/div>\r\n<\/section><section id=\"ls-section-block_35ecf6ec9bd5f8ebc28afb36171524ed\" class=\"ls-section  page-one\" >\r\n        <div class=\"container container--wide\">\r\n        \n\n<div class=\"wp-block-columns is-layout-flex wp-container-core-columns-is-layout-9d6595d7 wp-block-columns-is-layout-flex\">\n<div class=\"wp-block-column is-layout-flow wp-block-column-is-layout-flow\" style=\"flex-basis:70%\">\n<figure class=\"wp-block-image size-large animated fadeIn slow blanc right\"><img decoding=\"async\" src=\"https:\/\/www.campinglesnobis.com\/wp-content\/uploads\/2023\/05\/Saimiri-&#xA9;-Bioparc-P.-Chabot_resultat-1024x683.webp\" alt=\"kleine aap in het biopark van doue la fontaine\" class=\"wp-image-12796\" title=\"pagina-&#xE9;&#xE9;n\"\/><\/figure>\n<\/div>\n\n\n\n<div class=\"wp-block-column is-vertically-aligned-center is-layout-flow wp-block-column-is-layout-flow\" style=\"flex-basis:30%\">\n<h2 class=\"ls__heading wp-block-heading\">Bezoek aan de stad Dou\u00e9 la Fontaine en omgeving<\/h2>\n\n\n\n<p class=\"ls-paragraph\">De <a href=\"https:\/\/www.doue-en-anjou.fr\/\" target=\"_blank\" rel=\"noreferrer noopener\"><strong>stad Dou\u00e9 la Fontaine<\/strong><\/a> ligt in het Loiredal en herbergt de beroemde dierentuin. De gemeente staat ook bekend om zijn prachtige <strong>rozentuinen<\/strong> en het <strong>kasteel van Dou\u00e9<\/strong> dat aan de rivier ligt. De wandeling kan met de fiets worden gedaan, u kunt gemakkelijk het marktplein en het centrum bereiken. <\/p>\n\n\n\n<p class=\"ls-paragraph\">Als u op zoek bent naar een vakantie waar u kunt ontspannen en genieten van het landschap, is Dou\u00e9 de la Fontaine zeker een bezoek waard. Voor accommodatie <strong>is de camping bij Dou\u00e9 de la Fontaine<\/strong>, <a href=\"https:\/\/www.campinglesnobis.com\/nl\/\">Les Nobis in Saumur<\/a> de ideale keuze. <br\/><br\/>Met dit verblijf kunt u de omgeving en het Pays de la Loire ontdekken, mis Saumur, Le Layon en meer niet!<\/p>\n<\/div>\n<\/div>\n\n\r\n    <\/div>\r\n<\/section><section id=\"ls-section-block_7eb0c453dbecd683cb22175551600ed5\" class=\"ls-section  page-maillage has-p-t p-t-14 has-p-b p-b-14\" >\r\n        <div class=\"container container--wide\">\r\n        \n\n<div id=\"ls-heading ls-titre-div-block_e4cdfc3f72042e9a86d59401a0e505d4\" class=\"ls-titre-div aligncenter h2-like\" >\n    Ontdek Saumur, Montreuil-Bellay en het Pays de la Loire!<\/div>\n\n\n<div id=\"ls-maillage-block_f754cbcfbd4a3dec047eb083bc299f02\" class=\"ls-maillage cta-style-normal\" data-rows=\"3\">\r\n    <div class=\"wp-block-columns\"><div class=\"wp-block-column\">\n\n<a href=\"https:\/\/www.campinglesnobis.com\/nl\/toerism-saumur\/\" target=\"\" rel=\"noopener\" class=\"ls-cta__link\">\n\n\t<div class=\"ls-cta__image\"><img decoding=\"async\" src=\"https:\/\/www.campinglesnobis.com\/wp-content\/uploads\/2023\/03\/balade-dans-la-ville-de-saumur-768x512.webp\" alt=\"balade dans la ville de saumur\"><\/div>\n\t<div class=\"ls-cta__title\">\n\t\t<span>Ontdekken<\/span> <\/br> Saumur\t<\/div>\n\n\t\n<\/a>\n<\/div><div class=\"wp-block-column\">\n\n<a href=\"https:\/\/www.campinglesnobis.com\/nl\/toerisme-pays-de-la-loire\/\" target=\"\" rel=\"noopener\" class=\"ls-cta__link\">\n\n\t<div class=\"ls-cta__image\"><img decoding=\"async\" src=\"https:\/\/www.campinglesnobis.com\/wp-content\/uploads\/2023\/03\/decouvrir-la-loire-depuis-le-camping-nobis-danjou.webp\" alt=\"decouvrir la loire depuis le camping nobis danjou\"><\/div>\n\t<div class=\"ls-cta__title\">\n\t\tPays de Loire\t<\/div>\n\n\t\n<\/a>\n<\/div><div class=\"wp-block-column\">\n\n<a href=\"https:\/\/www.campinglesnobis.com\/nl\/toerisme-montreuil-belay\/\" target=\"\" rel=\"noopener\" class=\"ls-cta__link\">\n\n\t<div class=\"ls-cta__image\"><img decoding=\"async\" src=\"https:\/\/www.campinglesnobis.com\/wp-content\/uploads\/2023\/04\/montreuil-bellay-chateaau-famille-ballade-fortifications_resultat-1-768x519.webp\" alt=\"montreuil bellay chateaau famille ballade fortifications resultat \"><\/div>\n\t<div class=\"ls-cta__title\">\n\t\tMontreuil-Bellay\t<\/div>\n\n\t\n<\/a>\n<\/div><\/div><\/div>\n\r\n    <\/div>\r\n<\/section>","protected":false},"excerpt":{"rendered":"","protected":false},"author":1,"featured_media":12808,"parent":0,"menu_order":0,"comment_status":"closed","ping_status":"closed","template":"","meta":{"_acf_changed":false,"inline_featured_image":false,"footnotes":""},"sujet":[],"class_list":["post-12848","page","type-page","status-publish","has-post-thumbnail","hentry"],"acf":[],"yoast_head":"<!-- This site is optimized with the Yoast SEO plugin v25.3 - https:\/\/yoast.com\/wordpress\/plugins\/seo\/ -->\n<title>Camping Zoo Dou\u00e9 la Fontaine : accommodatie en zwembad bij Dou\u00e9 la Fontaine<\/title>\n<meta name=\"description\" content=\"Ben je op zoek naar een verblijf in de buurt van Dou\u00e9 la Fontaine Zoo? Ontdek onze 4-sterren camping Les Nobis bij de dierentuin van Dou\u00e9 la Fontaine met zijn accommodaties en grote zwembad.\" \/>\n<meta name=\"robots\" content=\"index, follow, max-snippet:-1, max-image-preview:large, max-video-preview:-1\" \/>\n<link rel=\"canonical\" href=\"https:\/\/www.campinglesnobis.com\/nl\/camping-zoo-doue-la-fontaine\/\" \/>\n<meta property=\"og:locale\" content=\"nl_NL\" \/>\n<meta property=\"og:type\" content=\"article\" \/>\n<meta property=\"og:title\" content=\"Camping Zoo Dou\u00e9 la Fontaine : accommodatie en zwembad bij Dou\u00e9 la Fontaine\" \/>\n<meta property=\"og:description\" content=\"Ben je op zoek naar een verblijf in de buurt van Dou\u00e9 la Fontaine Zoo? Ontdek onze 4-sterren camping Les Nobis bij de dierentuin van Dou\u00e9 la Fontaine met zijn accommodaties en grote zwembad.\" \/>\n<meta property=\"og:url\" content=\"https:\/\/www.campinglesnobis.com\/nl\/camping-zoo-doue-la-fontaine\/\" \/>\n<meta property=\"og:site_name\" content=\"Camping les Nobis d&#039;Anjou\" \/>\n<meta property=\"article:modified_time\" content=\"2023-05-24T07:52:36+00:00\" \/>\n<meta property=\"og:image\" content=\"https:\/\/www.campinglesnobis.com\/wp-content\/uploads\/2023\/05\/Espace-panthere-neiges-\u00a9-Bioparc-Kryzalid_resultat.webp\" \/>\n\t<meta property=\"og:image:width\" content=\"1500\" \/>\n\t<meta property=\"og:image:height\" content=\"700\" \/>\n\t<meta property=\"og:image:type\" content=\"image\/webp\" \/>\n<meta name=\"twitter:card\" content=\"summary_large_image\" \/>\n<meta name=\"twitter:label1\" content=\"Geschatte leestijd\" \/>\n\t<meta name=\"twitter:data1\" content=\"4 minuten\" \/>\n<script type=\"application\/ld+json\" class=\"yoast-schema-graph\">{\"@context\":\"https:\/\/schema.org\",\"@graph\":[{\"@type\":\"WebPage\",\"@id\":\"https:\/\/www.campinglesnobis.com\/nl\/camping-zoo-doue-la-fontaine\/\",\"url\":\"https:\/\/www.campinglesnobis.com\/nl\/camping-zoo-doue-la-fontaine\/\",\"name\":\"Camping Zoo Dou\u00e9 la Fontaine : accommodatie en zwembad bij Dou\u00e9 la Fontaine\",\"isPartOf\":{\"@id\":\"https:\/\/www.campinglesnobis.com\/nl\/#website\"},\"primaryImageOfPage\":{\"@id\":\"https:\/\/www.campinglesnobis.com\/nl\/camping-zoo-doue-la-fontaine\/#primaryimage\"},\"image\":{\"@id\":\"https:\/\/www.campinglesnobis.com\/nl\/camping-zoo-doue-la-fontaine\/#primaryimage\"},\"thumbnailUrl\":\"https:\/\/www.campinglesnobis.com\/wp-content\/uploads\/2023\/05\/Espace-panthere-neiges-\u00a9-Bioparc-Kryzalid_resultat.webp\",\"datePublished\":\"2023-05-23T14:41:24+00:00\",\"dateModified\":\"2023-05-24T07:52:36+00:00\",\"description\":\"Ben je op zoek naar een verblijf in de buurt van Dou\u00e9 la Fontaine Zoo? Ontdek onze 4-sterren camping Les Nobis bij de dierentuin van Dou\u00e9 la Fontaine met zijn accommodaties en grote zwembad.\",\"breadcrumb\":{\"@id\":\"https:\/\/www.campinglesnobis.com\/nl\/camping-zoo-doue-la-fontaine\/#breadcrumb\"},\"inLanguage\":\"nl-NL\",\"potentialAction\":[{\"@type\":\"ReadAction\",\"target\":[\"https:\/\/www.campinglesnobis.com\/nl\/camping-zoo-doue-la-fontaine\/\"]}]},{\"@type\":\"ImageObject\",\"inLanguage\":\"nl-NL\",\"@id\":\"https:\/\/www.campinglesnobis.com\/nl\/camping-zoo-doue-la-fontaine\/#primaryimage\",\"url\":\"https:\/\/www.campinglesnobis.com\/wp-content\/uploads\/2023\/05\/Espace-panthere-neiges-\u00a9-Bioparc-Kryzalid_resultat.webp\",\"contentUrl\":\"https:\/\/www.campinglesnobis.com\/wp-content\/uploads\/2023\/05\/Espace-panthere-neiges-\u00a9-Bioparc-Kryzalid_resultat.webp\",\"width\":1500,\"height\":700},{\"@type\":\"BreadcrumbList\",\"@id\":\"https:\/\/www.campinglesnobis.com\/nl\/camping-zoo-doue-la-fontaine\/#breadcrumb\",\"itemListElement\":[{\"@type\":\"ListItem\",\"position\":1,\"name\":\"camping Saumur\",\"item\":\"https:\/\/www.campinglesnobis.com\/nl\/\"},{\"@type\":\"ListItem\",\"position\":2,\"name\":\"Camping Dou\u00e9 la Fontaine\"}]},{\"@type\":\"WebSite\",\"@id\":\"https:\/\/www.campinglesnobis.com\/nl\/#website\",\"url\":\"https:\/\/www.campinglesnobis.com\/nl\/\",\"name\":\"Camping les Nobis d'Anjou\",\"description\":\"\",\"publisher\":{\"@id\":\"https:\/\/www.campinglesnobis.com\/nl\/#organization\"},\"alternateName\":\"Les Nobis d'Anjou\",\"potentialAction\":[{\"@type\":\"SearchAction\",\"target\":{\"@type\":\"EntryPoint\",\"urlTemplate\":\"https:\/\/www.campinglesnobis.com\/nl\/?s={search_term_string}\"},\"query-input\":{\"@type\":\"PropertyValueSpecification\",\"valueRequired\":true,\"valueName\":\"search_term_string\"}}],\"inLanguage\":\"nl-NL\"},{\"@type\":\"Organization\",\"@id\":\"https:\/\/www.campinglesnobis.com\/nl\/#organization\",\"name\":\"Camping les Nobis d'Anjou\",\"url\":\"https:\/\/www.campinglesnobis.com\/nl\/\",\"logo\":{\"@type\":\"ImageObject\",\"inLanguage\":\"nl-NL\",\"@id\":\"https:\/\/www.campinglesnobis.com\/nl\/#\/schema\/logo\/image\/\",\"url\":\"https:\/\/www.campinglesnobis.com\/wp-content\/uploads\/2023\/02\/logo-paradis-nobis.webp\",\"contentUrl\":\"https:\/\/www.campinglesnobis.com\/wp-content\/uploads\/2023\/02\/logo-paradis-nobis.webp\",\"width\":200,\"height\":200,\"caption\":\"Camping les Nobis d'Anjou\"},\"image\":{\"@id\":\"https:\/\/www.campinglesnobis.com\/nl\/#\/schema\/logo\/image\/\"}}]}<\/script>\n<!-- \/ Yoast SEO plugin. -->","yoast_head_json":{"title":"Camping Zoo Dou\u00e9 la Fontaine : accommodatie en zwembad bij Dou\u00e9 la Fontaine","description":"Ben je op zoek naar een verblijf in de buurt van Dou\u00e9 la Fontaine Zoo? Ontdek onze 4-sterren camping Les Nobis bij de dierentuin van Dou\u00e9 la Fontaine met zijn accommodaties en grote zwembad.","robots":{"index":"index","follow":"follow","max-snippet":"max-snippet:-1","max-image-preview":"max-image-preview:large","max-video-preview":"max-video-preview:-1"},"canonical":"https:\/\/www.campinglesnobis.com\/nl\/camping-zoo-doue-la-fontaine\/","og_locale":"nl_NL","og_type":"article","og_title":"Camping Zoo Dou\u00e9 la Fontaine : accommodatie en zwembad bij Dou\u00e9 la Fontaine","og_description":"Ben je op zoek naar een verblijf in de buurt van Dou\u00e9 la Fontaine Zoo? Ontdek onze 4-sterren camping Les Nobis bij de dierentuin van Dou\u00e9 la Fontaine met zijn accommodaties en grote zwembad.","og_url":"https:\/\/www.campinglesnobis.com\/nl\/camping-zoo-doue-la-fontaine\/","og_site_name":"Camping les Nobis d&#039;Anjou","article_modified_time":"2023-05-24T07:52:36+00:00","og_image":[{"width":1500,"height":700,"url":"https:\/\/www.campinglesnobis.com\/wp-content\/uploads\/2023\/05\/Espace-panthere-neiges-\u00a9-Bioparc-Kryzalid_resultat.webp","type":"image\/webp"}],"twitter_card":"summary_large_image","twitter_misc":{"Geschatte leestijd":"4 minuten"},"schema":{"@context":"https:\/\/schema.org","@graph":[{"@type":"WebPage","@id":"https:\/\/www.campinglesnobis.com\/nl\/camping-zoo-doue-la-fontaine\/","url":"https:\/\/www.campinglesnobis.com\/nl\/camping-zoo-doue-la-fontaine\/","name":"Camping Zoo Dou\u00e9 la Fontaine : accommodatie en zwembad bij Dou\u00e9 la Fontaine","isPartOf":{"@id":"https:\/\/www.campinglesnobis.com\/nl\/#website"},"primaryImageOfPage":{"@id":"https:\/\/www.campinglesnobis.com\/nl\/camping-zoo-doue-la-fontaine\/#primaryimage"},"image":{"@id":"https:\/\/www.campinglesnobis.com\/nl\/camping-zoo-doue-la-fontaine\/#primaryimage"},"thumbnailUrl":"https:\/\/www.campinglesnobis.com\/wp-content\/uploads\/2023\/05\/Espace-panthere-neiges-\u00a9-Bioparc-Kryzalid_resultat.webp","datePublished":"2023-05-23T14:41:24+00:00","dateModified":"2023-05-24T07:52:36+00:00","description":"Ben je op zoek naar een verblijf in de buurt van Dou\u00e9 la Fontaine Zoo? Ontdek onze 4-sterren camping Les Nobis bij de dierentuin van Dou\u00e9 la Fontaine met zijn accommodaties en grote zwembad.","breadcrumb":{"@id":"https:\/\/www.campinglesnobis.com\/nl\/camping-zoo-doue-la-fontaine\/#breadcrumb"},"inLanguage":"nl-NL","potentialAction":[{"@type":"ReadAction","target":["https:\/\/www.campinglesnobis.com\/nl\/camping-zoo-doue-la-fontaine\/"]}]},{"@type":"ImageObject","inLanguage":"nl-NL","@id":"https:\/\/www.campinglesnobis.com\/nl\/camping-zoo-doue-la-fontaine\/#primaryimage","url":"https:\/\/www.campinglesnobis.com\/wp-content\/uploads\/2023\/05\/Espace-panthere-neiges-\u00a9-Bioparc-Kryzalid_resultat.webp","contentUrl":"https:\/\/www.campinglesnobis.com\/wp-content\/uploads\/2023\/05\/Espace-panthere-neiges-\u00a9-Bioparc-Kryzalid_resultat.webp","width":1500,"height":700},{"@type":"BreadcrumbList","@id":"https:\/\/www.campinglesnobis.com\/nl\/camping-zoo-doue-la-fontaine\/#breadcrumb","itemListElement":[{"@type":"ListItem","position":1,"name":"camping Saumur","item":"https:\/\/www.campinglesnobis.com\/nl\/"},{"@type":"ListItem","position":2,"name":"Camping Dou\u00e9 la Fontaine"}]},{"@type":"WebSite","@id":"https:\/\/www.campinglesnobis.com\/nl\/#website","url":"https:\/\/www.campinglesnobis.com\/nl\/","name":"Camping les Nobis d'Anjou","description":"","publisher":{"@id":"https:\/\/www.campinglesnobis.com\/nl\/#organization"},"alternateName":"Les Nobis d'Anjou","potentialAction":[{"@type":"SearchAction","target":{"@type":"EntryPoint","urlTemplate":"https:\/\/www.campinglesnobis.com\/nl\/?s={search_term_string}"},"query-input":{"@type":"PropertyValueSpecification","valueRequired":true,"valueName":"search_term_string"}}],"inLanguage":"nl-NL"},{"@type":"Organization","@id":"https:\/\/www.campinglesnobis.com\/nl\/#organization","name":"Camping les Nobis d'Anjou","url":"https:\/\/www.campinglesnobis.com\/nl\/","logo":{"@type":"ImageObject","inLanguage":"nl-NL","@id":"https:\/\/www.campinglesnobis.com\/nl\/#\/schema\/logo\/image\/","url":"https:\/\/www.campinglesnobis.com\/wp-content\/uploads\/2023\/02\/logo-paradis-nobis.webp","contentUrl":"https:\/\/www.campinglesnobis.com\/wp-content\/uploads\/2023\/02\/logo-paradis-nobis.webp","width":200,"height":200,"caption":"Camping les Nobis d'Anjou"},"image":{"@id":"https:\/\/www.campinglesnobis.com\/nl\/#\/schema\/logo\/image\/"}}]}},"_links":{"self":[{"href":"https:\/\/www.campinglesnobis.com\/nl\/wp-json\/wp\/v2\/pages\/12848","targetHints":{"allow":["GET"]}}],"collection":[{"href":"https:\/\/www.campinglesnobis.com\/nl\/wp-json\/wp\/v2\/pages"}],"about":[{"href":"https:\/\/www.campinglesnobis.com\/nl\/wp-json\/wp\/v2\/types\/page"}],"author":[{"embeddable":true,"href":"https:\/\/www.campinglesnobis.com\/nl\/wp-json\/wp\/v2\/users\/1"}],"replies":[{"embeddable":true,"href":"https:\/\/www.campinglesnobis.com\/nl\/wp-json\/wp\/v2\/comments?post=12848"}],"version-history":[{"count":1,"href":"https:\/\/www.campinglesnobis.com\/nl\/wp-json\/wp\/v2\/pages\/12848\/revisions"}],"predecessor-version":[{"id":12849,"href":"https:\/\/www.campinglesnobis.com\/nl\/wp-json\/wp\/v2\/pages\/12848\/revisions\/12849"}],"wp:featuredmedia":[{"embeddable":true,"href":"https:\/\/www.campinglesnobis.com\/nl\/wp-json\/wp\/v2\/media\/12808"}],"wp:attachment":[{"href":"https:\/\/www.campinglesnobis.com\/nl\/wp-json\/wp\/v2\/media?parent=12848"}],"wp:term":[{"taxonomy":"sujet","embeddable":true,"href":"https:\/\/www.campinglesnobis.com\/nl\/wp-json\/wp\/v2\/sujet?post=12848"}],"curies":[{"name":"wp","href":"https:\/\/api.w.org\/{rel}","templated":true}]}}