{"id":15432,"date":"2025-01-13T08:31:08","date_gmt":"2025-01-13T07:31:08","guid":{"rendered":"https:\/\/www.campinglesnobis.com\/camping-thouars\/"},"modified":"2025-01-13T11:41:56","modified_gmt":"2025-01-13T10:41:56","slug":"camping-thouars","status":"publish","type":"page","link":"https:\/\/www.campinglesnobis.com\/nl\/camping-thouars\/","title":{"rendered":"Camping Thouars"},"content":{"rendered":"<section id=\"ls-section-block_58e0501521b2c78077a69eb87632d04f\" class=\"ls-section  page-chapeau has-p-b p-b-0\" >\r\n        <div class=\"container \">\r\n        \n\n<h1 class=\"ls__heading wp-block-heading has-text-align-center\">Camping in de buurt van Thouars: tussen middeleeuws erfgoed en ongerepte natuur<\/h1>\n\n\n\n<p class=\"ls-paragraph has-text-align-center\">Ontdek onze <strong>camping in de buurt van Thouars<\/strong>, de ideale plek om een onvergetelijk verblijf in Frankrijk door te brengen, <strong>in het hart van de Loire <\/strong>en op een steenworp afstand van de <strong>Deux-S\u00e8vres<\/strong>. Perfect gelegen voor een vakantie tussen goed bewaard gebleven middeleeuws erfgoed en ongerepte natuur, biedt onze camping Les Nobis d&#8217;Anjou u kwaliteitsfaciliteiten voor een geslaagd verblijf. <\/p>\n\n\r\n    <\/div>\r\n<\/section>\n\n<section id=\"ls-section-block_7c7238041121fceb7a009211b2c94d9a\" class=\"ls-section  page-one\" >\r\n        <div class=\"container container--wide\">\r\n        \n\n<div class=\"wp-block-columns is-layout-flex wp-container-core-columns-is-layout-9d6595d7 wp-block-columns-is-layout-flex\">\n<div class=\"wp-block-column is-layout-flow wp-block-column-is-layout-flow\" style=\"flex-basis:50%\">\n<figure class=\"wp-block-image size-full animated fadeIn slow riviere-deco blanc right\"><a href=\"https:\/\/www.campinglesnobis.com\/wp-content\/uploads\/2023\/06\/Projet_20230527_0039_resultat-copie.webp\"><img decoding=\"async\" width=\"1683\" height=\"1122\" src=\"https:\/\/www.campinglesnobis.com\/wp-content\/uploads\/2023\/06\/Projet_20230527_0039_resultat-copie.webp\" alt=\"De stacaravans van camping Les Nobis d'Anjou\" class=\"wp-image-13765\" style=\"object-fit:cover\" title=\"pagina-\u00e9\u00e9n\" srcset=\"https:\/\/www.campinglesnobis.com\/wp-content\/uploads\/2023\/06\/Projet_20230527_0039_resultat-copie.webp 1683w, https:\/\/www.campinglesnobis.com\/wp-content\/uploads\/2023\/06\/Projet_20230527_0039_resultat-copie-300x200.webp 300w, https:\/\/www.campinglesnobis.com\/wp-content\/uploads\/2023\/06\/Projet_20230527_0039_resultat-copie-1024x683.webp 1024w, https:\/\/www.campinglesnobis.com\/wp-content\/uploads\/2023\/06\/Projet_20230527_0039_resultat-copie-768x512.webp 768w, https:\/\/www.campinglesnobis.com\/wp-content\/uploads\/2023\/06\/Projet_20230527_0039_resultat-copie-1536x1024.webp 1536w\" sizes=\"(max-width: 1683px) 100vw, 1683px\" \/><\/a><\/figure>\n<\/div>\n\n\n\n<div class=\"wp-block-column is-vertically-aligned-center is-layout-flow wp-block-column-is-layout-flow\" style=\"flex-basis:50%\">\n<h2 class=\"ls__heading wp-block-heading\">Onze huuraccommodaties voor een kampeervakantie in de buurt van Thouars<\/h2>\n\n\n\n<p class=\"ls-paragraph\">Onze<strong> accommodatie<\/strong> biedt al het nodige comfort, of u nu met familie met kinderen, met z&#8217;n twee\u00ebn of met vrienden aan de oevers van de Loire bent. Kies uit ons aanbod van comfortabele <strong>stacaravans <\/strong>, onze <strong>huisjes op palen <\/strong>met een adembenemend uitzicht op de rivier, onze <strong>sterrenbungalows<\/strong> of onze traditionele staanplaatsen om een vakantie zo dicht mogelijk bij de natuur door te brengen. <\/p>\n\n\n\n<p class=\"ls-paragraph\">Voor een geslaagde<a href=\"https:\/\/www.campinglesnobis.com\/nl\/\"> kampeervakantie in de buurt van Saumur<\/a> biedt onze<strong> camping in de buurt van de stad Thouars volledig uitgeruste stacaravans<\/strong> te huur om u een rustig verblijf te garanderen. Gelegen in <strong>het hart van de Pays de la Loire<\/strong>, vindt u een scala aan sterrenaccommodaties die zijn aangepast aan alle budgetten, groepen van alle groottes en de gewenste diensten. Elke staanplaats <a href=\"https:\/\/www.campinglesnobis.com\/nl\/camping-saumur-goedkope\/\">van onze goedkope camping in Pays de la Loire<\/a> heeft een priv\u00e9gedeelte met een overdekt terras en tuinmeubelen, ideaal om <strong>te genieten van de natuur <\/strong>tijdens uw verblijf aan de oevers van de Loire.  <\/p>\n\n\n\n<p class=\"ls-paragraph\">Naast<a href=\"https:\/\/www.campinglesnobis.com\/nl\/locatie-mobilhome-saumur\/\"> het huren van een stacaravan<\/a>, biedt onze<strong> camping in de buurt van Thouars<\/strong> de verhuur van <strong>55 plaatsen <\/strong>in een natuurlijke en groene omgeving aan de oevers van de Loire voor liefhebbers van <strong>traditioneel kamperen.<\/strong> Of u nu uw tent opzet, uw caravan, uw bestelwagen of uw camper parkeert, onze sterrencamping garandeert u staanplaatsen in harmonie met de natuur. Voor optimaal comfort tijdens uw verblijf kiest u voor de huur van een <strong>premium staanplaats<\/strong>, inclusief een priv\u00e9schuur met een volledig uitgeruste keuken (koelkast, magnetron), een tafel met 6 stoelen, een parasol en een gasbarbecue, perfect voor een gezellige vakantie. <\/p>\n<\/div>\n<\/div>\n\n\r\n    <\/div>\r\n<\/section>\n\n<section id=\"ls-section-block_5b402c7cdf8d8a1518a1769fe3120f45\" class=\"ls-section  page-two deco-gris has-p-b p-b-14\" >\r\n        <div class=\"container container--wide\">\r\n        \n\n<div class=\"wp-block-columns first is-layout-flex wp-container-core-columns-is-layout-9d6595d7 wp-block-columns-is-layout-flex\">\n<div class=\"wp-block-column is-vertically-aligned-center left is-layout-flow wp-block-column-is-layout-flow\">\n<h2 class=\"ls__heading wp-block-heading\">Zwembad en ontspanningsactiviteiten op onze camping in de buurt van Thouars<\/h2>\n\n\n\n<p class=\"ls-paragraph\">Geniet tijdens uw verblijf van de vrijetijdsactiviteiten die verband houden met <strong>wateractiviteiten<\/strong> ! Het waterpark met zwembad op onze<strong> camping in de buurt van de stad Thouars <\/strong>beslaat bijna <strong>300 m\u00b2<\/strong>. Het zwembad is verwarmd tot een minimumtemperatuur van<strong> 26\u00b0C<\/strong> en biedt u aangename zwemmomenten, ongeacht het weer. In de zomer en als het weer het toelaat, is het zwembad onoverdekt om de zon binnen te laten dankzij het <strong>uitschuifbare dak<\/strong>.  <\/p>\n\n\n\n<p class=\"ls-paragraph\">Onze sterrencamping biedt ook een<strong> whirlpool die<\/strong> plaats biedt aan maximaal 30 personen, verwarmd tot 31\u00b0C. De allerkleinsten kunnen zich in alle veiligheid vermaken in het<strong> overloopzwembad<\/strong> van ons waterpark, ideaal voor gezinsactiviteiten met kinderen waar ontspanning, vrije tijd en plezier de boventoon voeren! <\/p>\n<\/div>\n\n\n\n<div class=\"wp-block-column is-vertically-aligned-center right is-layout-flow wp-block-column-is-layout-flow\">\n<figure class=\"wp-block-image size-full animated fadeInRight delay-100ms slow\"><a href=\"https:\/\/www.campinglesnobis.com\/wp-content\/uploads\/2023\/06\/Projet_20230527_0050_resultat.webp\"><img decoding=\"async\" width=\"1024\" height=\"683\" src=\"https:\/\/www.campinglesnobis.com\/wp-content\/uploads\/2023\/06\/Projet_20230527_0050_resultat.webp\" alt=\"Waterpark van Angers\" class=\"wp-image-13522\" srcset=\"https:\/\/www.campinglesnobis.com\/wp-content\/uploads\/2023\/06\/Projet_20230527_0050_resultat.webp 1024w, https:\/\/www.campinglesnobis.com\/wp-content\/uploads\/2023\/06\/Projet_20230527_0050_resultat-300x200.webp 300w, https:\/\/www.campinglesnobis.com\/wp-content\/uploads\/2023\/06\/Projet_20230527_0050_resultat-768x512.webp 768w\" sizes=\"(max-width: 1024px) 100vw, 1024px\" \/><\/a><\/figure>\n<\/div>\n<\/div>\n\n\n\n<div class=\"wp-block-columns second is-layout-flex wp-container-core-columns-is-layout-9d6595d7 wp-block-columns-is-layout-flex\">\n<div class=\"wp-block-column is-vertically-aligned-center left is-layout-flow wp-block-column-is-layout-flow\">\n<figure class=\"wp-block-image size-full animated fadeInLeft delay-200ms slow\"><a href=\"https:\/\/www.campinglesnobis.com\/wp-content\/uploads\/2023\/03\/paysage-riviere-camping-Saumur_1280_960.webp\"><img decoding=\"async\" width=\"1280\" height=\"960\" src=\"https:\/\/www.campinglesnobis.com\/wp-content\/uploads\/2023\/03\/paysage-riviere-camping-Saumur_1280_960.webp\" alt=\"rivier landschap camping Saumur\" class=\"wp-image-7483\" srcset=\"https:\/\/www.campinglesnobis.com\/wp-content\/uploads\/2023\/03\/paysage-riviere-camping-Saumur_1280_960.webp 1280w, https:\/\/www.campinglesnobis.com\/wp-content\/uploads\/2023\/03\/paysage-riviere-camping-Saumur_1280_960-300x225.webp 300w, https:\/\/www.campinglesnobis.com\/wp-content\/uploads\/2023\/03\/paysage-riviere-camping-Saumur_1280_960-1024x768.webp 1024w, https:\/\/www.campinglesnobis.com\/wp-content\/uploads\/2023\/03\/paysage-riviere-camping-Saumur_1280_960-768x576.webp 768w\" sizes=\"(max-width: 1280px) 100vw, 1280px\" \/><\/a><figcaption class=\"wp-element-caption\">c)De verhalenvertellers &#8211; AnjouTourisme<\/figcaption><\/figure>\n<\/div>\n\n\n\n<div class=\"wp-block-column is-vertically-aligned-center right is-layout-flow wp-block-column-is-layout-flow\">\n<h2 class=\"ls__heading wp-block-heading\">Camping in de buurt van Thouars: op een steenworp afstand van het erfgoed van de Deux-S\u00e8vres<\/h2>\n\n\n\n<p class=\"ls-paragraph\">Dankzij de ideale ligging is onze<a href=\"https:\/\/www.campinglesnobis.com\/nl\/camping-rivieroever\/\"> camping aan de oevers van de Loire<\/a> het perfecte vertrekpunt om <strong>het rijke erfgoed van het nabijgelegen Deux-S\u00e8vres te ontdekken <\/strong>. Ontdek de schatten van deze regio en dompel u onder in de geschiedenis door uitzonderlijke locaties te bezoeken. Van de stad<strong> Thouars<\/strong> tot de stad <strong>Niort<\/strong>, profiteer van uw verblijf om<strong> kastelen <\/strong>te verkennen zoals het<strong> Ch\u00e2teau des Ducs de La Tr\u00e9mo\u00eflle<\/strong> of het <strong>Ch\u00e2teau d&#8217;Oiron, <\/strong>prachtige<strong> historische monumenten<\/strong>, terwijl u zich onderdompelt in de omringende natuur. De <strong>Deux-S\u00e8vres<\/strong> zit vol met activiteiten voor elk wat wils!   <\/p>\n\n\n\n<p class=\"ls-paragraph\">Begin met het ontdekken van de betoverende landschappen van het <strong>Marais Poitevin<\/strong>, bijgenaamd het &#8220;<strong>Groene Veneti\u00eb<\/strong>&#8220;, door een boottocht te maken door de kronkelende grachten. Liefhebbers van buitenactiviteiten zullen ook blij zijn met de vele mogelijkheden om te <strong>wandelen en te wandelen<\/strong> in het hart van gevarieerde landschappen. <\/p>\n\n\n\n<p class=\"ls-paragraph\">Overweeg dan <strong>om de lokale wijngaarden<\/strong> te verkennen, zoals die van<strong> Anjou<\/strong>, en geniet van <strong>regionale specialiteiten <\/strong>zoals<strong> mogettes<\/strong>, <strong>\u00c9chir\u00e9-boter <\/strong>of <strong>Parthenaise-vlees<\/strong>, emblematische producten van de regio Deux-S\u00e8vres.<\/p>\n\n\n\n<p class=\"ls-paragraph\">Eindelijk<strong> <\/strong>het departement herbergt opmerkelijke<strong> historische bezienswaardigheden <\/strong>die het hele gezin zullen verbazen, zoals de <strong>zilvermijnen van de Frankische koningen in Melle<\/strong>. Overweeg tijdens uw verblijf op de camping in de buurt van Thouars ook een bezoek te brengen aan het <strong>Tumulus de Bougon-museum<\/strong> om fascinerende prehistorische overblijfselen te ontdekken. Mis het <strong>Ch\u00e2teau de Javarzay<\/strong> in Chef-Boutonne niet, een waar juweel van de Renaissance.  <\/p>\n\n\n\n<p class=\"ls-paragraph\">En als finishing touch, voor vakantiegangers die een onvergetelijke ervaring willen beleven, begint u aan een<strong> traditionele boottocht in de Marais Poitevin<\/strong> en laat u verleiden door de schoonheid en sereniteit van dit bewaard gebleven landschap.<\/p>\n\n\n\n<p class=\"ls-paragraph\">Kom en beleef een uitzonderlijk uitje tussen <strong>middeleeuws erfgoed <\/strong>en <strong>ongerepte natuur <\/strong>in Frankrijk, op onze <a href=\"https:\/\/www.campinglesnobis.com\/nl\/camping-chinon\/\">camping in de buurt van Chinon<\/a> en laat u betoveren door de rijkdom van de<strong> Pays de la Loire <\/strong>en <strong>de Deux-S\u00e8vres <\/strong>alleen, met z&#8217;n twee\u00ebn, met vrienden of met familie met kinderen!<\/p>\n<\/div>\n<\/div>\n\n\n\n<figure class=\"wp-block-image size-full image-deco\"><img decoding=\"async\" width=\"200\" height=\"262\" src=\"https:\/\/www.campinglesnobis.com\/wp-content\/uploads\/2023\/03\/sac-a-dos-bckgroundicones.png\" alt=\"Bckgroundicones rugzak\" class=\"wp-image-7928\"\/><\/figure>\n\n\r\n    <\/div>\r\n<\/section>\n\n<section id=\"ls-section-block_3e15e4c1894e1ced3717e9eb7a07f1fc\" class=\"ls-section  page-maillage has-p-t p-t-14 has-p-b p-b-14\" >\r\n        <div class=\"container container--wide\">\r\n        \n\n<div id=\"ls-heading ls-titre-div-block_fe88198c4d624f23c2a41e98df220d5b\" class=\"ls-titre-div aligncenter h2-like\" >\n    Ontdek ook onze verhuur, voor gezinnen of voor koppels!<\/div>\n\n\n<div id=\"ls-maillage-block_9b23e2e777e306311779f80b6d66aa66\" class=\"ls-maillage cta-style-normal\" data-rows=\"3\">\r\n    <div class=\"wp-block-columns\"><div class=\"wp-block-column\">\n\n<a href=\"https:\/\/www.campinglesnobis.com\/nl\/locatie-mobilhome-saumur\/\" target=\"\" rel=\"noopener\" class=\"ls-cta__link\">\n\n\t<div class=\"ls-cta__image\"><img decoding=\"async\" src=\"https:\/\/www.campinglesnobis.com\/wp-content\/uploads\/2023\/03\/Camping_Les_Nobis-cClo_et_Clem-AnjouTourisme-1920px-768x768.webp\" alt=\"Camping Les Nobis cClo et Clem AnjouTourisme px\"><\/div>\n\t<div class=\"ls-cta__title\">\n\t\t<span>Ontdekken<\/span> <\/br> Onze huuraccommodaties\t<\/div>\n\n\t\n<\/a>\n<\/div><div class=\"wp-block-column\">\n\n<a href=\"https:\/\/www.campinglesnobis.com\/nl\/camping-paren-saumur\/\" target=\"\" rel=\"noopener\" class=\"ls-cta__link\">\n\n\t<div class=\"ls-cta__image\"><img decoding=\"async\" src=\"https:\/\/www.campinglesnobis.com\/wp-content\/uploads\/2023\/03\/vacances-en-couple-sur-fond-de-coucher-de-soleil-au-nobis-danjou-768x512.webp\" alt=\"vacances en couple sur fond de coucher de soleil au nobis danjou\"><\/div>\n\t<div class=\"ls-cta__title\">\n\t\tMet z&#8217;n twee\u00ebn\t<\/div>\n\n\t\n<\/a>\n<\/div><div class=\"wp-block-column\">\n\n<a href=\"https:\/\/www.campinglesnobis.com\/nl\/familiecamping-saumur\/\" target=\"\" rel=\"noopener\" class=\"ls-cta__link\">\n\n\t<div class=\"ls-cta__image\"><img decoding=\"async\" src=\"https:\/\/www.campinglesnobis.com\/wp-content\/uploads\/2023\/03\/en-famille-3.jpg\" alt=\"famille heureuse qui joue dans l'herbe\"><\/div>\n\t<div class=\"ls-cta__title\">\n\t\tGezinnen  \t<\/div>\n\n\t\n<\/a>\n<\/div><\/div><\/div>\n\r\n    <\/div>\r\n<\/section>","protected":false},"excerpt":{"rendered":"","protected":false},"author":2,"featured_media":0,"parent":0,"menu_order":0,"comment_status":"closed","ping_status":"closed","template":"","meta":{"_acf_changed":false,"inline_featured_image":false,"footnotes":""},"sujet":[],"class_list":["post-15432","page","type-page","status-publish","hentry"],"acf":[],"yoast_head":"<!-- This site is optimized with the Yoast SEO plugin v25.3 - https:\/\/yoast.com\/wordpress\/plugins\/seo\/ -->\n<title>Camping nabij Thouars in Frankrijk | 4-sterren Les Nobis d&#039;Anjou<\/title>\n<meta name=\"description\" content=\"Geniet van een verwarmd binnenzwembad, animatie en een uitzonderlijke omgeving aan de voet van het Ch\u00e2teau de Montreuil-Bellay. Camping Les Nobis d&#039;Anjou op 18 km van Thouars.\" \/>\n<meta name=\"robots\" content=\"index, follow, max-snippet:-1, max-image-preview:large, max-video-preview:-1\" \/>\n<link rel=\"canonical\" href=\"https:\/\/www.campinglesnobis.com\/nl\/camping-thouars\/\" \/>\n<meta property=\"og:locale\" content=\"nl_NL\" \/>\n<meta property=\"og:type\" content=\"article\" \/>\n<meta property=\"og:title\" content=\"Camping nabij Thouars in Frankrijk | 4-sterren Les Nobis d&#039;Anjou\" \/>\n<meta property=\"og:description\" content=\"Geniet van een verwarmd binnenzwembad, animatie en een uitzonderlijke omgeving aan de voet van het Ch\u00e2teau de Montreuil-Bellay. Camping Les Nobis d&#039;Anjou op 18 km van Thouars.\" \/>\n<meta property=\"og:url\" content=\"https:\/\/www.campinglesnobis.com\/nl\/camping-thouars\/\" \/>\n<meta property=\"og:site_name\" content=\"Camping les Nobis d&#039;Anjou\" \/>\n<meta property=\"article:modified_time\" content=\"2025-01-13T10:41:56+00:00\" \/>\n<meta property=\"og:image\" content=\"https:\/\/www.campinglesnobis.com\/wp-content\/uploads\/2023\/06\/Projet_20230527_0039_resultat-copie.webp\" \/>\n\t<meta property=\"og:image:width\" content=\"1683\" \/>\n\t<meta property=\"og:image:height\" content=\"1122\" \/>\n\t<meta property=\"og:image:type\" content=\"image\/webp\" \/>\n<meta name=\"twitter:card\" content=\"summary_large_image\" \/>\n<meta name=\"twitter:label1\" content=\"Geschatte leestijd\" \/>\n\t<meta name=\"twitter:data1\" content=\"5 minuten\" \/>\n<script type=\"application\/ld+json\" class=\"yoast-schema-graph\">{\"@context\":\"https:\/\/schema.org\",\"@graph\":[{\"@type\":\"WebPage\",\"@id\":\"https:\/\/www.campinglesnobis.com\/nl\/camping-thouars\/\",\"url\":\"https:\/\/www.campinglesnobis.com\/nl\/camping-thouars\/\",\"name\":\"Camping nabij Thouars in Frankrijk | 4-sterren Les Nobis d'Anjou\",\"isPartOf\":{\"@id\":\"https:\/\/www.campinglesnobis.com\/nl\/#website\"},\"primaryImageOfPage\":{\"@id\":\"https:\/\/www.campinglesnobis.com\/nl\/camping-thouars\/#primaryimage\"},\"image\":{\"@id\":\"https:\/\/www.campinglesnobis.com\/nl\/camping-thouars\/#primaryimage\"},\"thumbnailUrl\":\"https:\/\/www.campinglesnobis.com\/wp-content\/uploads\/2023\/06\/Projet_20230527_0039_resultat-copie.webp\",\"datePublished\":\"2025-01-13T07:31:08+00:00\",\"dateModified\":\"2025-01-13T10:41:56+00:00\",\"description\":\"Geniet van een verwarmd binnenzwembad, animatie en een uitzonderlijke omgeving aan de voet van het Ch\u00e2teau de Montreuil-Bellay. Camping Les Nobis d'Anjou op 18 km van Thouars.\",\"breadcrumb\":{\"@id\":\"https:\/\/www.campinglesnobis.com\/nl\/camping-thouars\/#breadcrumb\"},\"inLanguage\":\"nl-NL\",\"potentialAction\":[{\"@type\":\"ReadAction\",\"target\":[\"https:\/\/www.campinglesnobis.com\/nl\/camping-thouars\/\"]}]},{\"@type\":\"ImageObject\",\"inLanguage\":\"nl-NL\",\"@id\":\"https:\/\/www.campinglesnobis.com\/nl\/camping-thouars\/#primaryimage\",\"url\":\"https:\/\/www.campinglesnobis.com\/wp-content\/uploads\/2023\/06\/Projet_20230527_0039_resultat-copie.webp\",\"contentUrl\":\"https:\/\/www.campinglesnobis.com\/wp-content\/uploads\/2023\/06\/Projet_20230527_0039_resultat-copie.webp\"},{\"@type\":\"BreadcrumbList\",\"@id\":\"https:\/\/www.campinglesnobis.com\/nl\/camping-thouars\/#breadcrumb\",\"itemListElement\":[{\"@type\":\"ListItem\",\"position\":1,\"name\":\"camping Saumur\",\"item\":\"https:\/\/www.campinglesnobis.com\/nl\/\"},{\"@type\":\"ListItem\",\"position\":2,\"name\":\"Camping nabij Thouars in Frankrijk\"}]},{\"@type\":\"WebSite\",\"@id\":\"https:\/\/www.campinglesnobis.com\/nl\/#website\",\"url\":\"https:\/\/www.campinglesnobis.com\/nl\/\",\"name\":\"Camping les Nobis d'Anjou\",\"description\":\"\",\"publisher\":{\"@id\":\"https:\/\/www.campinglesnobis.com\/nl\/#organization\"},\"alternateName\":\"Les Nobis d'Anjou\",\"potentialAction\":[{\"@type\":\"SearchAction\",\"target\":{\"@type\":\"EntryPoint\",\"urlTemplate\":\"https:\/\/www.campinglesnobis.com\/nl\/?s={search_term_string}\"},\"query-input\":{\"@type\":\"PropertyValueSpecification\",\"valueRequired\":true,\"valueName\":\"search_term_string\"}}],\"inLanguage\":\"nl-NL\"},{\"@type\":\"Organization\",\"@id\":\"https:\/\/www.campinglesnobis.com\/nl\/#organization\",\"name\":\"Camping les Nobis d'Anjou\",\"url\":\"https:\/\/www.campinglesnobis.com\/nl\/\",\"logo\":{\"@type\":\"ImageObject\",\"inLanguage\":\"nl-NL\",\"@id\":\"https:\/\/www.campinglesnobis.com\/nl\/#\/schema\/logo\/image\/\",\"url\":\"https:\/\/www.campinglesnobis.com\/wp-content\/uploads\/2023\/02\/logo-paradis-nobis.webp\",\"contentUrl\":\"https:\/\/www.campinglesnobis.com\/wp-content\/uploads\/2023\/02\/logo-paradis-nobis.webp\",\"width\":200,\"height\":200,\"caption\":\"Camping les Nobis d'Anjou\"},\"image\":{\"@id\":\"https:\/\/www.campinglesnobis.com\/nl\/#\/schema\/logo\/image\/\"}}]}<\/script>\n<!-- \/ Yoast SEO plugin. -->","yoast_head_json":{"title":"Camping nabij Thouars in Frankrijk | 4-sterren Les Nobis d'Anjou","description":"Geniet van een verwarmd binnenzwembad, animatie en een uitzonderlijke omgeving aan de voet van het Ch\u00e2teau de Montreuil-Bellay. Camping Les Nobis d'Anjou op 18 km van Thouars.","robots":{"index":"index","follow":"follow","max-snippet":"max-snippet:-1","max-image-preview":"max-image-preview:large","max-video-preview":"max-video-preview:-1"},"canonical":"https:\/\/www.campinglesnobis.com\/nl\/camping-thouars\/","og_locale":"nl_NL","og_type":"article","og_title":"Camping nabij Thouars in Frankrijk | 4-sterren Les Nobis d'Anjou","og_description":"Geniet van een verwarmd binnenzwembad, animatie en een uitzonderlijke omgeving aan de voet van het Ch\u00e2teau de Montreuil-Bellay. Camping Les Nobis d'Anjou op 18 km van Thouars.","og_url":"https:\/\/www.campinglesnobis.com\/nl\/camping-thouars\/","og_site_name":"Camping les Nobis d&#039;Anjou","article_modified_time":"2025-01-13T10:41:56+00:00","og_image":[{"width":1683,"height":1122,"url":"https:\/\/www.campinglesnobis.com\/wp-content\/uploads\/2023\/06\/Projet_20230527_0039_resultat-copie.webp","type":"image\/webp"}],"twitter_card":"summary_large_image","twitter_misc":{"Geschatte leestijd":"5 minuten"},"schema":{"@context":"https:\/\/schema.org","@graph":[{"@type":"WebPage","@id":"https:\/\/www.campinglesnobis.com\/nl\/camping-thouars\/","url":"https:\/\/www.campinglesnobis.com\/nl\/camping-thouars\/","name":"Camping nabij Thouars in Frankrijk | 4-sterren Les Nobis d'Anjou","isPartOf":{"@id":"https:\/\/www.campinglesnobis.com\/nl\/#website"},"primaryImageOfPage":{"@id":"https:\/\/www.campinglesnobis.com\/nl\/camping-thouars\/#primaryimage"},"image":{"@id":"https:\/\/www.campinglesnobis.com\/nl\/camping-thouars\/#primaryimage"},"thumbnailUrl":"https:\/\/www.campinglesnobis.com\/wp-content\/uploads\/2023\/06\/Projet_20230527_0039_resultat-copie.webp","datePublished":"2025-01-13T07:31:08+00:00","dateModified":"2025-01-13T10:41:56+00:00","description":"Geniet van een verwarmd binnenzwembad, animatie en een uitzonderlijke omgeving aan de voet van het Ch\u00e2teau de Montreuil-Bellay. Camping Les Nobis d'Anjou op 18 km van Thouars.","breadcrumb":{"@id":"https:\/\/www.campinglesnobis.com\/nl\/camping-thouars\/#breadcrumb"},"inLanguage":"nl-NL","potentialAction":[{"@type":"ReadAction","target":["https:\/\/www.campinglesnobis.com\/nl\/camping-thouars\/"]}]},{"@type":"ImageObject","inLanguage":"nl-NL","@id":"https:\/\/www.campinglesnobis.com\/nl\/camping-thouars\/#primaryimage","url":"https:\/\/www.campinglesnobis.com\/wp-content\/uploads\/2023\/06\/Projet_20230527_0039_resultat-copie.webp","contentUrl":"https:\/\/www.campinglesnobis.com\/wp-content\/uploads\/2023\/06\/Projet_20230527_0039_resultat-copie.webp"},{"@type":"BreadcrumbList","@id":"https:\/\/www.campinglesnobis.com\/nl\/camping-thouars\/#breadcrumb","itemListElement":[{"@type":"ListItem","position":1,"name":"camping Saumur","item":"https:\/\/www.campinglesnobis.com\/nl\/"},{"@type":"ListItem","position":2,"name":"Camping nabij Thouars in Frankrijk"}]},{"@type":"WebSite","@id":"https:\/\/www.campinglesnobis.com\/nl\/#website","url":"https:\/\/www.campinglesnobis.com\/nl\/","name":"Camping les Nobis d'Anjou","description":"","publisher":{"@id":"https:\/\/www.campinglesnobis.com\/nl\/#organization"},"alternateName":"Les Nobis d'Anjou","potentialAction":[{"@type":"SearchAction","target":{"@type":"EntryPoint","urlTemplate":"https:\/\/www.campinglesnobis.com\/nl\/?s={search_term_string}"},"query-input":{"@type":"PropertyValueSpecification","valueRequired":true,"valueName":"search_term_string"}}],"inLanguage":"nl-NL"},{"@type":"Organization","@id":"https:\/\/www.campinglesnobis.com\/nl\/#organization","name":"Camping les Nobis d'Anjou","url":"https:\/\/www.campinglesnobis.com\/nl\/","logo":{"@type":"ImageObject","inLanguage":"nl-NL","@id":"https:\/\/www.campinglesnobis.com\/nl\/#\/schema\/logo\/image\/","url":"https:\/\/www.campinglesnobis.com\/wp-content\/uploads\/2023\/02\/logo-paradis-nobis.webp","contentUrl":"https:\/\/www.campinglesnobis.com\/wp-content\/uploads\/2023\/02\/logo-paradis-nobis.webp","width":200,"height":200,"caption":"Camping les Nobis d'Anjou"},"image":{"@id":"https:\/\/www.campinglesnobis.com\/nl\/#\/schema\/logo\/image\/"}}]}},"_links":{"self":[{"href":"https:\/\/www.campinglesnobis.com\/nl\/wp-json\/wp\/v2\/pages\/15432","targetHints":{"allow":["GET"]}}],"collection":[{"href":"https:\/\/www.campinglesnobis.com\/nl\/wp-json\/wp\/v2\/pages"}],"about":[{"href":"https:\/\/www.campinglesnobis.com\/nl\/wp-json\/wp\/v2\/types\/page"}],"author":[{"embeddable":true,"href":"https:\/\/www.campinglesnobis.com\/nl\/wp-json\/wp\/v2\/users\/2"}],"replies":[{"embeddable":true,"href":"https:\/\/www.campinglesnobis.com\/nl\/wp-json\/wp\/v2\/comments?post=15432"}],"version-history":[{"count":4,"href":"https:\/\/www.campinglesnobis.com\/nl\/wp-json\/wp\/v2\/pages\/15432\/revisions"}],"predecessor-version":[{"id":15436,"href":"https:\/\/www.campinglesnobis.com\/nl\/wp-json\/wp\/v2\/pages\/15432\/revisions\/15436"}],"wp:attachment":[{"href":"https:\/\/www.campinglesnobis.com\/nl\/wp-json\/wp\/v2\/media?parent=15432"}],"wp:term":[{"taxonomy":"sujet","embeddable":true,"href":"https:\/\/www.campinglesnobis.com\/nl\/wp-json\/wp\/v2\/sujet?post=15432"}],"curies":[{"name":"wp","href":"https:\/\/api.w.org\/{rel}","templated":true}]}}